{"id":2376,"date":"2024-04-09T22:38:16","date_gmt":"2024-04-09T20:38:16","guid":{"rendered":"https:\/\/tendosolingen.de\/product\/szklany-pilnik-do-paznokci-solingen-14-cm-dwustronny-profesjonalny\/"},"modified":"2026-01-10T02:27:05","modified_gmt":"2026-01-10T01:27:05","slug":"szklany-pilnik-do-paznokci-140-mm-dwustronny-profesjonalny","status":"publish","type":"product","link":"https:\/\/tendosolingen.de\/pl\/produkt\/szklany-pilnik-do-paznokci-140-mm-dwustronny-profesjonalny\/","title":{"rendered":"Szklany pilnik do paznokci 140 mm dwustronny profesjonalny"},"content":{"rendered":"<p>Profesjonalny <span style=\"text-decoration: underline;\">pilnik do paznokci dwustronny<\/span> marki Tendo Solingen o d\u0142ugo\u015bci ca\u0142kowitej 14 cm i grubo\u015bci 3 mm. Narz\u0119dzie dedykowane do naturalnych i \u0142amliwych paznokci o\u00a0gradacji drobnoziarnistej (uniwersalne zastosowanie w salonach kosmetycznych i warunkach domowych).<\/p>\n<p><em>Pilniczek do paznokci<\/em> kryszta\u0142owy zosta\u0142 wykonany z jednej cz\u0119\u015bci szk\u0142a. To sprawia, \u017ce jest bardziej trwa\u0142y od swoich ta\u0144szych odpowiednik\u00f3w. Do produkcji zosta\u0142a u\u017cyta specjalna technologia piaskowania szk\u0142a. Wycinanie laserowe szk\u0142a gwarantuje, \u017ce kraw\u0119dzie s\u0105 dobrze wyg\u0142adzone i nie rozdwajaj\u0105 paznokcia. Praca tym narz\u0119dziem jest przyjemna i skuteczna.\u00a0Specjalna struktura pilnika pozwala na uzyskanie po\u017c\u0105danego kszta\u0142tu paznokci. Mo\u017ce on by\u0107 dezynfekowany oraz czyszczony z u\u017cyciem myd\u0142a. Dobrze wyprofilowany trzonek umo\u017cliwia swobodne operowanie w trakcie zabiegu pi\u0142owania paznokci.<\/p>\n<p>&nbsp;<\/p>\n<h2><span style=\"font-size: 10pt;\">Szklany pilnik do paznokci Solingen<\/span><\/h2>\n<p>&nbsp;<\/p>\n<ul>\n<li style=\"list-style-type: none;\">\n<ul>\n<li>typ <em>pilnik\u00a0szklany<\/em>, drobnoziarnisty<\/li>\n<\/ul>\n<\/li>\n<\/ul>\n<ul>\n<li style=\"list-style-type: none;\">\n<ul>\n<li>parametry 140 mm i 3 mm grubo\u015bci<\/li>\n<\/ul>\n<\/li>\n<\/ul>\n<ul>\n<li style=\"list-style-type: none;\">\n<ul>\n<li>certyfikowany<\/li>\n<\/ul>\n<\/li>\n<\/ul>\n<ul>\n<li style=\"list-style-type: none;\">\n<ul>\n<li>z gwarancj\u0105 producenta<\/li>\n<\/ul>\n<\/li>\n<\/ul>\n<p>&nbsp;<\/p>\n<h2><span style=\"font-size: 10pt;\">Zalety pilniczka do paznokci Solingen<\/span><\/h2>\n<p>&nbsp;<\/p>\n<ul>\n<li style=\"list-style-type: none;\">\n<ul>\n<li>uniwersalny,\u00a0dedykowany do naturalnych i \u0142amliwych paznokci<\/li>\n<\/ul>\n<\/li>\n<\/ul>\n<ul>\n<li style=\"list-style-type: none;\">\n<ul>\n<li>lekki i wygodny w u\u017cyciu<\/li>\n<\/ul>\n<\/li>\n<\/ul>\n<ul>\n<li style=\"list-style-type: none;\">\n<ul>\n<li>zapewnia wysok\u0105 trwa\u0142o\u015b\u0107<\/li>\n<\/ul>\n<\/li>\n<\/ul>\n<ul>\n<li style=\"list-style-type: none;\">\n<ul>\n<li>prosty w czyszczeniu<\/li>\n<\/ul>\n<\/li>\n<\/ul>\n<p>&nbsp;<\/p>\n<p>Narz\u0119dzie do u\u017cytkowania zgodnie z przeznaczeniem. Posiada mi\u0119dzynarodowe certyfikaty ISO 9001 ISO 13485. Kupuj\u0105c produkty w sklepie medycznym masz gwarancj\u0119 bezpiecze\u0144stwa i satysfakcji z produktu albo zwrot pieni\u0119dzy. Nasze produkty s\u0105 sprawdzane pod k\u0105tem jako\u015bci przez ekspert\u00f3w. Pilnik do paznokci to niezb\u0119dne narz\u0119dzie w codziennych zabiegach manicure i pedicure.<\/p>\n","protected":false},"excerpt":{"rendered":"<p>Profesjonalny, dwustronny pilnik kryszta\u0142owy marki Tendo Solingen o d\u0142ugo\u015bci 14 cm i grubo\u015bci 3 mm, wykonany z jednego kawa\u0142ka piaskowanego szk\u0142a wycinanego laserowo, przeznaczony do naturalnych i \u0142amliwych paznokci, zapewnia precyzyjne nadawanie kszta\u0142tu bez rozdwajania p\u0142ytki, komfortow\u0105 prac\u0119 dzi\u0119ki ergonomicznemu trzonkowi oraz mo\u017cliwo\u015b\u0107 dezynfekcji i \u0142atwego czyszczenia zar\u00f3wno w salonach kosmetycznych, jak i w domu.<\/p>\n","protected":false},"featured_media":887,"comment_status":"closed","ping_status":"closed","template":"","meta":[],"product_brand":[],"product_cat":[49],"product_tag":[],"class_list":{"0":"post-2376","1":"product","2":"type-product","3":"status-publish","4":"has-post-thumbnail","6":"product_cat-pilniki-do-paznokci-pl","8":"first","9":"instock","10":"purchasable","11":"product-type-simple"},"_links":{"self":[{"href":"https:\/\/tendosolingen.de\/pl\/wp-json\/wp\/v2\/product\/2376","targetHints":{"allow":["GET"]}}],"collection":[{"href":"https:\/\/tendosolingen.de\/pl\/wp-json\/wp\/v2\/product"}],"about":[{"href":"https:\/\/tendosolingen.de\/pl\/wp-json\/wp\/v2\/types\/product"}],"replies":[{"embeddable":true,"href":"https:\/\/tendosolingen.de\/pl\/wp-json\/wp\/v2\/comments?post=2376"}],"wp:featuredmedia":[{"embeddable":true,"href":"https:\/\/tendosolingen.de\/pl\/wp-json\/wp\/v2\/media\/887"}],"wp:attachment":[{"href":"https:\/\/tendosolingen.de\/pl\/wp-json\/wp\/v2\/media?parent=2376"}],"wp:term":[{"taxonomy":"product_brand","embeddable":true,"href":"https:\/\/tendosolingen.de\/pl\/wp-json\/wp\/v2\/product_brand?post=2376"},{"taxonomy":"product_cat","embeddable":true,"href":"https:\/\/tendosolingen.de\/pl\/wp-json\/wp\/v2\/product_cat?post=2376"},{"taxonomy":"product_tag","embeddable":true,"href":"https:\/\/tendosolingen.de\/pl\/wp-json\/wp\/v2\/product_tag?post=2376"}],"curies":[{"name":"wp","href":"https:\/\/api.w.org\/{rel}","templated":true}]}}