{"id":2374,"date":"2024-04-09T22:38:16","date_gmt":"2024-04-09T20:38:16","guid":{"rendered":"https:\/\/tendosolingen.de\/product\/nozyczki-do-obcinania-twardych-paznokci-solingen-rodzaj-produktu-standard-sq\/"},"modified":"2025-11-06T15:40:15","modified_gmt":"2025-11-06T14:40:15","slug":"nozyczki-do-obcinania-twardych-paznokci-solingen-rodzaj-produktu-standard-sq","status":"publish","type":"product","link":"https:\/\/tendosolingen.de\/pl\/produkt\/nozyczki-do-obcinania-twardych-paznokci-solingen-rodzaj-produktu-standard-sq\/","title":{"rendered":"No\u017cyczki do obcinania twardych paznokci Solingen  Rodzaj produktu: Standard (SQ)"},"content":{"rendered":"<p style=\"text-align: left;\"><span style=\"font-family: arial, helvetica, sans-serif; font-size: 10pt;\">No\u017cyczki z stali chirurgicznej (medycznej) wykorzystywane przez zak\u0142ady kosmetyczne do obcinania paznokci. No\u017cyczki do paznokci profesjonalne posiadaj\u0105 szerokie ko\u0144c\u00f3wki nadaj\u0105ce si\u0119 do precyzyjnego wycinania wrastaj\u0105cych i zrogowacia\u0142ych paznokci. No\u017cyczki do obcinania paznokci nale\u017cy stosowa\u0107 miejscowo. R\u0119cznie szlifowane posiadaj\u0105 mocne ostrza pozwalaj\u0105ce obcina\u0107 twarde, wrastaj\u0105ce i zrogowacia\u0142e paznokcie. No\u017cyczki chirurgiczne ze stali nierdzewnej z przeznaczeniem do wielokrotnej sterylizacji w autoklawie w temperaturze 134\u030a.<\/span><\/p>\n<p><\/br><\/p>\n<h2 style=\"text-align: left;\"><span style=\"font-family: arial, helvetica, sans-serif; font-size: 10pt;\">Ma\u0142e, ostre no\u017cyczki do paznokci \u2013 charakterystyka produktu<\/span><\/h2>\n<p><\/br><\/p>\n<ul style=\"text-align: left;\"><\/br><\/p>\n<li><span style=\"font-family: arial, helvetica, sans-serif; font-size: 10pt;\">d\u0142ugo\u015b\u0107 ca\u0142kowita &#8211; 90 mm\u00a0<\/span><\/li>\n<p><\/br><\/p>\n<li><span style=\"font-family: arial, helvetica, sans-serif; font-size: 10pt;\">szeroko\u015b\u0107 k\u00f3\u0142ek &#8211; 18 mm<\/span><\/li>\n<p><\/br><\/p>\n<li><span style=\"font-family: arial, helvetica, sans-serif; font-size: 10pt;\">r\u0119cznie szlifowane<\/span><\/li>\n<p><\/br><\/p>\n<li><span style=\"font-family: arial, helvetica, sans-serif; font-size: 10pt;\">matowa stal antyrefleksyjna<\/span><\/li>\n<p><\/br><\/p>\n<li><span style=\"font-family: arial, helvetica, sans-serif; font-size: 10pt;\">wykonanie z stali medycznej<\/span><\/li>\n<p><\/br><\/p>\n<li><span style=\"font-family: arial, helvetica, sans-serif; font-size: 10pt;\">posiada certyfikaty CE<\/span><\/li>\n<p><\/br><\/p>\n<li><span style=\"font-family: arial, helvetica, sans-serif; font-size: 10pt;\">roczna gwarancja producenta<\/span><\/li>\n<p><\/br><\/ul>\n<p><\/br><\/p>\n<h2 style=\"text-align: left;\"><span style=\"font-family: arial, helvetica, sans-serif; font-size: 10pt;\">Korzy\u015bci z u\u017cywania no\u017cyczek do paznokci Solingen<\/span><\/h2>\n<p><\/br><\/p>\n<ul style=\"text-align: left;\"><\/br><\/p>\n<li><span style=\"font-family: arial, helvetica, sans-serif; font-size: 10pt;\">przeznaczone do obcinania twardych wrastaj\u0105cych i zrogowacia\u0142ych paznokci<\/span><\/li>\n<p><\/br><\/p>\n<li><span style=\"font-family: arial, helvetica, sans-serif; font-size: 10pt;\">pozostawi\u0105 kraw\u0119dzie paznokci g\u0142adkie, bez odprysk\u00f3w czy uszkodze\u0144 paznokcia<\/span><\/li>\n<p><\/br><\/p>\n<li><span style=\"font-family: arial, helvetica, sans-serif; font-size: 10pt;\">ergonomiczne\u00a0wyprofilowane do kszta\u0142tu d\u0142oni\u00a0pozwala na wygodny i \u0142atwy chwyt no\u017cyczek<\/span><\/li>\n<p><\/br><\/p>\n<li><span style=\"font-family: arial, helvetica, sans-serif; font-size: 10pt;\">precyzyjne i bezpieczne podczas zabieg\u00f3w kosmetycznych<\/span><\/li>\n<p><\/br><\/p>\n<li><span style=\"font-family: arial, helvetica, sans-serif; font-size: 10pt;\">gwarancja najwy\u017cszej jako\u015b\u0107 wykonania<\/span><\/li>\n<p><\/br><\/p>\n<li><span style=\"font-family: arial, helvetica, sans-serif; font-size: 10pt;\">podlegaj\u0105 wielokrotnej sterylizacji<\/span><\/li>\n<p><\/br><\/p>\n<li><span style=\"font-family: arial, helvetica, sans-serif; font-size: 10pt;\">d\u0142ugotrwa\u0142a \u017cywotno\u015b\u0107<\/span><\/li>\n<p><\/br><\/ul>\n<p><\/br><\/p>\n<p style=\"text-align: left;\"><span style=\"font-family: arial, helvetica, sans-serif; font-size: 10pt;\">Nabywaj\u0105c narz\u0119dzia w naszym sklepie masz gwarancj\u0119 wysokiej wytrzyma\u0142o\u015bci, bezpiecze\u0144stwa w trakcie u\u017cytkowania oraz wygody i komfortu pracy. Kompleksowy asortyment w naszym sklepie obejmuje produkty niezb\u0119dne do codziennego profesjonalnego manicure. Produkty posiadaj\u0105 mi\u0119dzynarodowy certyfikat CE a podczas proces\u00f3w produkcyjnych stosowane s\u0105 efektywne systemy zarz\u0105dzania jako\u015bci\u0105 i kontroli wewn\u0119trznej: ISO 9001\/ ISO 13485.<\/span><\/p>\n","protected":false},"excerpt":{"rendered":"<p style=\"text-align: left;\"><span style=\"font-family: arial, helvetica, sans-serif; font-size: 10pt;\">No\u017cyczki z stali chirurgicznej (medycznej) wykorzystywane przez zak\u0142ady kosmetyczne do obcinania paznokci. No\u017cyczki do paznokci profesjonalne posiadaj\u0105 szerokie ko\u0144c\u00f3wki nadaj\u0105ce si\u0119 do precyzyjnego wycinania wrastaj\u0105cych i zrogowacia\u0142ych paznokci. No\u017cyczki do obcinania paznokci nale\u017cy stosowa\u0107 miejscowo. R\u0119cznie szlifowane posiadaj\u0105 mocne ostrza pozwalaj\u0105ce obcina\u0107 twarde, wrastaj\u0105ce i zrogowacia\u0142e paznokcie. No\u017cyczki chirurgiczne ze stali nierdzewnej z przeznaczeniem do wielokrotnej sterylizacji w autoklawie w temperaturze 134\u030a.<\/span><\/p>\n<p><\/br><\/p>\n<h2 style=\"text-align: left;\"><span style=\"font-family: arial, helvetica, sans-serif; font-size: 10pt;\">Ma\u0142e, ostre no\u017cyczki do paznokci \u2013 charakterystyka produktu<\/span><\/h2>\n<p><\/br><\/p>\n<ul style=\"text-align: left;\"><\/br><\/p>\n<li><span style=\"font-family: arial, helvetica, sans-serif; font-size: 10pt;\">d\u0142ugo\u015b\u0107 ca\u0142kowita &#8211; 90 mm\u00a0<\/span><\/li>\n<p><\/br><\/p>\n<li><span style=\"font-family: arial, helvetica, sans-serif; font-size: 10pt;\">szeroko\u015b\u0107 k\u00f3\u0142ek &#8211; 18 mm<\/span><\/li>\n<p><\/br><\/p>\n<li><span style=\"font-family: arial, helvetica, sans-serif; font-size: 10pt;\">r\u0119cznie szlifowane<\/span><\/li>\n<p><\/br><\/p>\n<li><span style=\"font-family: arial, helvetica, sans-serif; font-size: 10pt;\">matowa stal antyrefleksyjna<\/span><\/li>\n<p><\/br><\/p>\n<li><span style=\"font-family: arial, helvetica, sans-serif; font-size: 10pt;\">wykonanie z stali medycznej<\/span><\/li>\n<p><\/br><\/p>\n<li><span style=\"font-family: arial, helvetica, sans-serif; font-size: 10pt;\">posiada certyfikaty CE<\/span><\/li>\n<p><\/br><\/p>\n<li><span style=\"font-family: arial, helvetica, sans-serif; font-size: 10pt;\">roczna gwarancja producenta<\/span><\/li>\n<p><\/br><\/ul>\n<p><\/br><\/p>\n<h2 style=\"text-align: left;\"><span style=\"font-family: arial, helvetica, sans-serif; font-size: 10pt;\">Korzy\u015bci z u\u017cywania no\u017cyczek do paznokci Solingen<\/span><\/h2>\n<p><\/br><\/p>\n<ul style=\"text-align: left;\"><\/br><\/p>\n<li><span style=\"font-family: arial, helvetica, sans-serif; font-size: 10pt;\">przeznaczone do obcinania twardych wrastaj\u0105cych i zrogowacia\u0142ych paznokci<\/span><\/li>\n<p><\/br><\/p>\n<li><span style=\"font-family: arial, helvetica, sans-serif; font-size: 10pt;\">pozostawi\u0105 kraw\u0119dzie paznokci g\u0142adkie, bez odprysk\u00f3w czy uszkodze\u0144 paznokcia<\/span><\/li>\n<p><\/br><\/p>\n<li><span style=\"font-family: arial, helvetica, sans-serif; font-size: 10pt;\">ergonomiczne\u00a0wyprofilowane do kszta\u0142tu d\u0142oni\u00a0pozwala na wygodny i \u0142atwy chwyt no\u017cyczek<\/span><\/li>\n<p><\/br><\/p>\n<li><span style=\"font-family: arial, helvetica, sans-serif; font-size: 10pt;\">precyzyjne i bezpieczne podczas zabieg\u00f3w kosmetycznych<\/span><\/li>\n<p><\/br><\/p>\n<li><span style=\"font-family: arial, helvetica, sans-serif; font-size: 10pt;\">gwarancja najwy\u017cszej jako\u015b\u0107 wykonania<\/span><\/li>\n<p><\/br><\/p>\n<li><span style=\"font-family: arial, helvetica, sans-serif; font-size: 10pt;\">podlegaj\u0105 wielokrotnej sterylizacji<\/span><\/li>\n<p><\/br><\/p>\n<li><span style=\"font-family: arial, helvetica, sans-serif; font-size: 10pt;\">d\u0142ugotrwa\u0142a \u017cywotno\u015b\u0107<\/span><\/li>\n<p><\/br><\/ul>\n<p><\/br><\/p>\n<p style=\"text-align: left;\"><span style=\"font-family: arial, helvetica, sans-serif; font-size: 10pt;\">Nabywaj\u0105c narz\u0119dzia w naszym sklepie masz gwarancj\u0119 wysokiej wytrzyma\u0142o\u015bci, bezpiecze\u0144stwa w trakcie u\u017cytkowania oraz wygody i komfortu pracy. Kompleksowy asortyment w naszym sklepie obejmuje produkty niezb\u0119dne do codziennego profesjonalnego manicure. Produkty posiadaj\u0105 mi\u0119dzynarodowy certyfikat CE a podczas proces\u00f3w produkcyjnych stosowane s\u0105 efektywne systemy zarz\u0105dzania jako\u015bci\u0105 i kontroli wewn\u0119trznej: ISO 9001\/ ISO 13485.<\/span><\/p>\n","protected":false},"featured_media":879,"comment_status":"closed","ping_status":"open","template":"","meta":[],"product_brand":[],"product_cat":[48],"product_tag":[],"class_list":{"0":"post-2374","1":"product","2":"type-product","3":"status-publish","4":"has-post-thumbnail","6":"product_cat-nozyczki-do-skorek-i-paznokci-pl","8":"first","9":"instock","10":"product-type-simple"},"_links":{"self":[{"href":"https:\/\/tendosolingen.de\/pl\/wp-json\/wp\/v2\/product\/2374","targetHints":{"allow":["GET"]}}],"collection":[{"href":"https:\/\/tendosolingen.de\/pl\/wp-json\/wp\/v2\/product"}],"about":[{"href":"https:\/\/tendosolingen.de\/pl\/wp-json\/wp\/v2\/types\/product"}],"replies":[{"embeddable":true,"href":"https:\/\/tendosolingen.de\/pl\/wp-json\/wp\/v2\/comments?post=2374"}],"wp:featuredmedia":[{"embeddable":true,"href":"https:\/\/tendosolingen.de\/pl\/wp-json\/wp\/v2\/media\/879"}],"wp:attachment":[{"href":"https:\/\/tendosolingen.de\/pl\/wp-json\/wp\/v2\/media?parent=2374"}],"wp:term":[{"taxonomy":"product_brand","embeddable":true,"href":"https:\/\/tendosolingen.de\/pl\/wp-json\/wp\/v2\/product_brand?post=2374"},{"taxonomy":"product_cat","embeddable":true,"href":"https:\/\/tendosolingen.de\/pl\/wp-json\/wp\/v2\/product_cat?post=2374"},{"taxonomy":"product_tag","embeddable":true,"href":"https:\/\/tendosolingen.de\/pl\/wp-json\/wp\/v2\/product_tag?post=2374"}],"curies":[{"name":"wp","href":"https:\/\/api.w.org\/{rel}","templated":true}]}}