{"id":2372,"date":"2024-04-09T22:38:16","date_gmt":"2024-04-09T20:38:16","guid":{"rendered":"https:\/\/tendosolingen.de\/product\/peseta-kosmetyczna-solingen-prosta-rodzaj-produktu-standard-sq\/"},"modified":"2025-11-06T15:40:15","modified_gmt":"2025-11-06T14:40:15","slug":"peseta-kosmetyczna-solingen-prosta-rodzaj-produktu-standard-sq","status":"publish","type":"product","link":"https:\/\/tendosolingen.de\/pl\/produkt\/peseta-kosmetyczna-solingen-prosta-rodzaj-produktu-standard-sq\/","title":{"rendered":"P\u0119seta kosmetyczna Solingen prosta Rodzaj produktu: Standard (SQ)"},"content":{"rendered":"<p style=\"text-align:justify;\"><span style=\"font-family:arial, helvetica, sans-serif;font-size:10pt;\">Profesjonalna p\u0119seta kosmetyczna Solingen prosta nale\u017cy do grana profesjonalnych narz\u0119dzi kosmetycznych. Stosowana podczas zabieg\u00f3w kosmetycznych do regulacji brwi oraz chwyta i usuwa nawet najmniejsze w\u0142osk\u00f3w. P\u0119seta do rz\u0119s wykonana z wysokiej jako\u015bci stali chirurgicznej co gwarantuje jej d\u0142ug\u0105 \u017cywotno\u015b\u0107 i odporno\u015b\u0107 na korozj\u0119. Dzi\u0119ki odpowiedniej jako\u015bci stali podlega wielokrotnej sterylizacji w autoklawie w temperaturze 134\u030a. Dodatkowo jest wykorzystywana przez dermatolog\u00f3w w zak\u0142adach kosmetycznych oraz plac\u00f3wkach medycznych do usuwania r\u00f3\u017cnego rodzaju opi\u0142k\u00f3w, cia\u0142 obcych oraz w\u0142osk\u00f3w.<\/span><\/p>\n<p><\/br><\/p>\n<h2 style=\"text-align:justify;\"><span style=\"font-family:arial, helvetica, sans-serif;font-size:10pt;\">Najlepsza p\u0119seta kosmetyczna do rz\u0119s \u2013 parametry narz\u0119dzia<\/span><\/h2>\n<p><\/br><\/p>\n<ul style=\"text-align:justify;\">\n<li><span style=\"font-family:arial, helvetica, sans-serif;font-size:10pt;\">d\u0142ugo\u015b\u0107 \u2013 90 mm (+\/- 1 mm)<\/span><\/li>\n<p><\/br><\/p>\n<li><span style=\"font-family:arial, helvetica, sans-serif;font-size:10pt;\">stal medyczna<\/span><\/li>\n<p><\/br><\/p>\n<li><span style=\"font-family:arial, helvetica, sans-serif;font-size:10pt;\">wykonana r\u0119cznie<\/span><\/li>\n<p><\/br><\/p>\n<li><span style=\"font-family:arial, helvetica, sans-serif;font-size:10pt;\">matowa stal antyrefleksyjna<\/span><\/li>\n<p><\/br><\/p>\n<li><span style=\"font-family:arial, helvetica, sans-serif;font-size:10pt;\">roczna gwarancja producenta<\/span><\/li>\n<p><\/br><\/ul>\n<h2 style=\"text-align:justify;\"><span style=\"font-family:arial, helvetica, sans-serif;font-size:10pt;\">Zalety korzystania z p\u0119sety Solingen prostej<\/span><\/h2>\n<p><\/br><\/p>\n<ul style=\"text-align:justify;\">\n<li><span style=\"font-family:arial, helvetica, sans-serif;font-size:10pt;\">dedykowana do codziennej\u00a0 regulacji brwi, chwyta i usuwa nawet najmniejszych w\u0142osk\u00f3w<\/span><\/li>\n<p><\/br><\/p>\n<li><span style=\"font-family:arial, helvetica, sans-serif;font-size:10pt;\">narz\u0119dzie medyczne nie t\u0119pi si\u0119 i nie rdzewieje<\/span><\/li>\n<p><\/br><\/p>\n<li><span style=\"font-family:arial, helvetica, sans-serif;font-size:10pt;\">precyzyjna w u\u017cyciu dzi\u0119ki dopasowanym ko\u0144c\u00f3wkom od wewn\u0105trz zamykanym na p\u0142ask<\/span><\/li>\n<p><\/br><\/p>\n<li><span style=\"font-family:arial, helvetica, sans-serif;font-size:10pt;\">podlegaj\u0105 sterylizacji w autoklawie w temperaturze 134\u030a<\/span><\/li>\n<p><\/br><\/p>\n<li><span style=\"font-family:arial, helvetica, sans-serif;font-size:10pt;\">precyzyjna, wygodna i \u0142atwa w u\u017cyciu<\/span><\/li>\n<p><\/br><\/p>\n<li><span style=\"font-family:arial, helvetica, sans-serif;font-size:10pt;\">gwarantowana d\u0142ugotrwa\u0142a \u017cywotno\u015b\u0107<\/span><\/li>\n<p><\/br><\/ul>\n<p style=\"text-align:justify;\"><span style=\"font-family:arial, helvetica, sans-serif;font-size:10pt;\">Ka\u017cde narz\u0119dzie jest fabrycznie nowe i zapakowane w odpowiednie pakiety medyczne. Narz\u0119dzia s\u0105 dok\u0142adnie sprawdzane i kontrolowane na wszystkich etapach produkcji, w celu zapewnienia ich zgodno\u015bci z mi\u0119dzynarodowymi standardami okre\u015blonymi ISO 9001:2008 oraz certyfikatem CE.<\/span><\/p>\n","protected":false},"excerpt":{"rendered":"<p style=\"text-align:justify;\"><span style=\"font-family:arial, helvetica, sans-serif;font-size:10pt;\">Profesjonalna p\u0119seta kosmetyczna Solingen prosta nale\u017cy do grana profesjonalnych narz\u0119dzi kosmetycznych. Stosowana podczas zabieg\u00f3w kosmetycznych do regulacji brwi oraz chwyta i usuwa nawet najmniejsze w\u0142osk\u00f3w. P\u0119seta do rz\u0119s wykonana z wysokiej jako\u015bci stali chirurgicznej co gwarantuje jej d\u0142ug\u0105 \u017cywotno\u015b\u0107 i odporno\u015b\u0107 na korozj\u0119. Dzi\u0119ki odpowiedniej jako\u015bci stali podlega wielokrotnej sterylizacji w autoklawie w temperaturze 134\u030a. Dodatkowo jest wykorzystywana przez dermatolog\u00f3w w zak\u0142adach kosmetycznych oraz plac\u00f3wkach medycznych do usuwania r\u00f3\u017cnego rodzaju opi\u0142k\u00f3w, cia\u0142 obcych oraz w\u0142osk\u00f3w.<\/span><\/p>\n<p><\/br><\/p>\n<h2 style=\"text-align:justify;\"><span style=\"font-family:arial, helvetica, sans-serif;font-size:10pt;\">Najlepsza p\u0119seta kosmetyczna do rz\u0119s \u2013 parametry narz\u0119dzia<\/span><\/h2>\n<p><\/br><\/p>\n<ul style=\"text-align:justify;\">\n<li><span style=\"font-family:arial, helvetica, sans-serif;font-size:10pt;\">d\u0142ugo\u015b\u0107 \u2013 90 mm (+\/- 1 mm)<\/span><\/li>\n<p><\/br><\/p>\n<li><span style=\"font-family:arial, helvetica, sans-serif;font-size:10pt;\">stal medyczna<\/span><\/li>\n<p><\/br><\/p>\n<li><span style=\"font-family:arial, helvetica, sans-serif;font-size:10pt;\">wykonana r\u0119cznie<\/span><\/li>\n<p><\/br><\/p>\n<li><span style=\"font-family:arial, helvetica, sans-serif;font-size:10pt;\">matowa stal antyrefleksyjna<\/span><\/li>\n<p><\/br><\/p>\n<li><span style=\"font-family:arial, helvetica, sans-serif;font-size:10pt;\">roczna gwarancja producenta<\/span><\/li>\n<p><\/br><\/ul>\n<h2 style=\"text-align:justify;\"><span style=\"font-family:arial, helvetica, sans-serif;font-size:10pt;\">Zalety korzystania z p\u0119sety Solingen prostej<\/span><\/h2>\n<p><\/br><\/p>\n<ul style=\"text-align:justify;\">\n<li><span style=\"font-family:arial, helvetica, sans-serif;font-size:10pt;\">dedykowana do codziennej\u00a0 regulacji brwi, chwyta i usuwa nawet najmniejszych w\u0142osk\u00f3w<\/span><\/li>\n<p><\/br><\/p>\n<li><span style=\"font-family:arial, helvetica, sans-serif;font-size:10pt;\">narz\u0119dzie medyczne nie t\u0119pi si\u0119 i nie rdzewieje<\/span><\/li>\n<p><\/br><\/p>\n<li><span style=\"font-family:arial, helvetica, sans-serif;font-size:10pt;\">precyzyjna w u\u017cyciu dzi\u0119ki dopasowanym ko\u0144c\u00f3wkom od wewn\u0105trz zamykanym na p\u0142ask<\/span><\/li>\n<p><\/br><\/p>\n<li><span style=\"font-family:arial, helvetica, sans-serif;font-size:10pt;\">podlegaj\u0105 sterylizacji w autoklawie w temperaturze 134\u030a<\/span><\/li>\n<p><\/br><\/p>\n<li><span style=\"font-family:arial, helvetica, sans-serif;font-size:10pt;\">precyzyjna, wygodna i \u0142atwa w u\u017cyciu<\/span><\/li>\n<p><\/br><\/p>\n<li><span style=\"font-family:arial, helvetica, sans-serif;font-size:10pt;\">gwarantowana d\u0142ugotrwa\u0142a \u017cywotno\u015b\u0107<\/span><\/li>\n<p><\/br><\/ul>\n<p style=\"text-align:justify;\"><span style=\"font-family:arial, helvetica, sans-serif;font-size:10pt;\">Ka\u017cde narz\u0119dzie jest fabrycznie nowe i zapakowane w odpowiednie pakiety medyczne. Narz\u0119dzia s\u0105 dok\u0142adnie sprawdzane i kontrolowane na wszystkich etapach produkcji, w celu zapewnienia ich zgodno\u015bci z mi\u0119dzynarodowymi standardami okre\u015blonymi ISO 9001:2008 oraz certyfikatem CE.<\/span><\/p>\n","protected":false},"featured_media":871,"comment_status":"closed","ping_status":"open","template":"","meta":[],"product_brand":[],"product_cat":[51],"product_tag":[],"class_list":{"0":"post-2372","1":"product","2":"type-product","3":"status-publish","4":"has-post-thumbnail","6":"product_cat-pesety-i-szczypce","8":"first","9":"instock","10":"product-type-simple"},"_links":{"self":[{"href":"https:\/\/tendosolingen.de\/pl\/wp-json\/wp\/v2\/product\/2372","targetHints":{"allow":["GET"]}}],"collection":[{"href":"https:\/\/tendosolingen.de\/pl\/wp-json\/wp\/v2\/product"}],"about":[{"href":"https:\/\/tendosolingen.de\/pl\/wp-json\/wp\/v2\/types\/product"}],"replies":[{"embeddable":true,"href":"https:\/\/tendosolingen.de\/pl\/wp-json\/wp\/v2\/comments?post=2372"}],"wp:featuredmedia":[{"embeddable":true,"href":"https:\/\/tendosolingen.de\/pl\/wp-json\/wp\/v2\/media\/871"}],"wp:attachment":[{"href":"https:\/\/tendosolingen.de\/pl\/wp-json\/wp\/v2\/media?parent=2372"}],"wp:term":[{"taxonomy":"product_brand","embeddable":true,"href":"https:\/\/tendosolingen.de\/pl\/wp-json\/wp\/v2\/product_brand?post=2372"},{"taxonomy":"product_cat","embeddable":true,"href":"https:\/\/tendosolingen.de\/pl\/wp-json\/wp\/v2\/product_cat?post=2372"},{"taxonomy":"product_tag","embeddable":true,"href":"https:\/\/tendosolingen.de\/pl\/wp-json\/wp\/v2\/product_tag?post=2372"}],"curies":[{"name":"wp","href":"https:\/\/api.w.org\/{rel}","templated":true}]}}