{"id":2371,"date":"2024-04-09T22:38:13","date_gmt":"2024-04-09T20:38:13","guid":{"rendered":"https:\/\/tendosolingen.de\/product\/profesjonalna-kosmetyczna-peseta-solingen-skosna-rodzaj-produktu-premium-hq\/"},"modified":"2025-11-06T15:40:15","modified_gmt":"2025-11-06T14:40:15","slug":"profesjonalna-kosmetyczna-peseta-solingen-skosna-rodzaj-produktu-premium-hq","status":"publish","type":"product","link":"https:\/\/tendosolingen.de\/pl\/produkt\/profesjonalna-kosmetyczna-peseta-solingen-skosna-rodzaj-produktu-premium-hq\/","title":{"rendered":"Profesjonalna kosmetyczna p\u0119seta Solingen sko\u015bna Rodzaj produktu: Premium (HQ)"},"content":{"rendered":"<p style=\"text-align:justify;\"><span style=\"font-family:arial, helvetica, sans-serif;font-size:10pt;\"><strong>P\u0119seta chirurgiczna<\/strong> Solingen sko\u015bna nale\u017cy do grana profesjonalnych narz\u0119dzi kosmetycznych. Stosowana przez dermatolog\u00f3w w zak\u0142adach kosmetycznych oraz plac\u00f3wkach medycznych do usuwania r\u00f3\u017cnego rodzaju opi\u0142k\u00f3w, cia\u0142 obcych oraz w\u0142osk\u00f3w. Narz\u0119dzie chwyta pod k\u0105tem cia\u0142a obce powoduj\u0105c z du\u017c\u0105 precyzj\u0105 skuteczne ich usuwanie. Wykonana z wysokiej jako\u015bci stali chirurgicznej co powoduje i\u017c jest odporna na korozj\u0119 oraz gwarantuje d\u0142uga \u017cywotno\u015b\u0107 narz\u0119dzia. Dzi\u0119ki odpowiedniej jako\u015bci stali podlega wielokrotnej sterylizacji w autoklawie w temperaturze 134\u030a.<\/span><\/p>\n<p><\/br><\/p>\n<h2 style=\"text-align:justify;\"><span style=\"font-family:arial, helvetica, sans-serif;font-size:10pt;\">Najlepsza p\u0119seta kosmetyczna \u2013 charakterystyka narz\u0119dzia<\/span><\/h2>\n<p><\/br><\/p>\n<ul style=\"text-align:justify;\"><\/br><\/p>\n<li><span style=\"font-family:arial, helvetica, sans-serif;font-size:10pt;\">d\u0142ugo\u015b\u0107 \u2013 90 mm (+\/- 1 mm)<\/span><\/li>\n<p><\/br><\/p>\n<li><span style=\"font-family:arial, helvetica, sans-serif;font-size:10pt;\">stal chirurgiczna medyczna<\/span><\/li>\n<p><\/br><\/p>\n<li><span style=\"font-family:arial, helvetica, sans-serif;font-size:10pt;\">antyrefleksyjna stal<\/span><\/li>\n<p><\/br><\/p>\n<li><span style=\"font-family:arial, helvetica, sans-serif;font-size:10pt;\">r\u0119cznie szlifowana<\/span><\/li>\n<p><\/br><\/p>\n<li><span style=\"font-family:arial, helvetica, sans-serif;font-size:10pt;\">matowa, szczotkowana stal<\/span><\/li>\n<p><\/br><\/p>\n<li><span style=\"font-family:arial, helvetica, sans-serif;font-size:10pt;\">roczna gwarancja producenta<\/span><\/li>\n<p><\/br><\/ul>\n<p><\/br><\/p>\n<h2 style=\"text-align:justify;\"><span style=\"font-family:arial, helvetica, sans-serif;font-size:10pt;\">Zalety korzystania z p\u0119sety kosmetycznej profesjonalnej<\/span><\/h2>\n<p><\/br><\/p>\n<ul style=\"text-align:justify;\"><\/br><\/p>\n<li><span style=\"font-family:arial, helvetica, sans-serif;font-size:10pt;\">matowana poprzez ceramiczne piaskowanie<\/span><\/li>\n<p><\/br><\/p>\n<li><span style=\"font-family:arial, helvetica, sans-serif;font-size:10pt;\">dzi\u0119ki wysokiej jako\u015bci stali wykorzystywanej do produkcji narz\u0119dzi medycznych nie t\u0119pi si\u0119 i nie rdzewieje<\/span><\/li>\n<p><\/br><\/p>\n<li><span style=\"font-family:arial, helvetica, sans-serif;font-size:10pt;\">precyzyjna w u\u017cyciu dzi\u0119ki dopasowanym ko\u0144c\u00f3wkom od wewn\u0105trz zamykanym na p\u0142ask<\/span><\/li>\n<p><\/br><\/p>\n<li><span style=\"font-family:arial, helvetica, sans-serif;font-size:10pt;\">odpowiednia obr\u00f3bka cieplna zapewnia wysok\u0105 twardo\u015b\u0107 stali<\/span><\/li>\n<p><\/br><\/p>\n<li><span style=\"font-family:arial, helvetica, sans-serif;font-size:10pt;\">podlegaj\u0105 sterylizacji w autoklawie w temperaturze 134\u030a<\/span><\/li>\n<p><\/br><\/p>\n<li><span style=\"font-family:arial, helvetica, sans-serif;font-size:10pt;\">wygodna i \u0142atwa w u\u017cyciu<\/span><\/li>\n<p><\/br><\/p>\n<li><span style=\"font-family:arial, helvetica, sans-serif;font-size:10pt;\">gwarantowana d\u0142ugotrwa\u0142a \u017cywotno\u015b\u0107<\/span><\/li>\n<p><\/br><\/ul>\n<p><\/br><\/p>\n<p style=\"text-align:justify;\"><span style=\"font-family:arial, helvetica, sans-serif;font-size:10pt;\">Profesjonalne narz\u0119dzia kosmetyczne wykorzystywane w zabiegach medycyny estetycznej (c\u0105\u017cki do sk\u00f3rek, kopytka, rade\u0142ka do sk\u00f3rek, p\u0119sety kosmetyczne, d\u0142utka, pensety chirurgiczne ) oferowane przez nasz sklep to gwarancja najwy\u017cszej jako\u015bci. Ka\u017cde narz\u0119dzie jest fabrycznie nowe oraz dok\u0142adnie sprawdzane i kontrolowane na wszystkich etapach produkcji, w celu zapewnienia ich zgodno\u015bci z mi\u0119dzynarodowymi standardami okre\u015blonymi ISO 9001:2008 oraz certyfikatem CE.<\/span><\/p>\n","protected":false},"excerpt":{"rendered":"<p style=\"text-align:justify;\"><span style=\"font-family:arial, helvetica, sans-serif;font-size:10pt;\"><strong>P\u0119seta chirurgiczna<\/strong> Solingen sko\u015bna nale\u017cy do grana profesjonalnych narz\u0119dzi kosmetycznych. Stosowana przez dermatolog\u00f3w w zak\u0142adach kosmetycznych oraz plac\u00f3wkach medycznych do usuwania r\u00f3\u017cnego rodzaju opi\u0142k\u00f3w, cia\u0142 obcych oraz w\u0142osk\u00f3w. Narz\u0119dzie chwyta pod k\u0105tem cia\u0142a obce powoduj\u0105c z du\u017c\u0105 precyzj\u0105 skuteczne ich usuwanie. Wykonana z wysokiej jako\u015bci stali chirurgicznej co powoduje i\u017c jest odporna na korozj\u0119 oraz gwarantuje d\u0142uga \u017cywotno\u015b\u0107 narz\u0119dzia. Dzi\u0119ki odpowiedniej jako\u015bci stali podlega wielokrotnej sterylizacji w autoklawie w temperaturze 134\u030a.<\/span><\/p>\n<p><\/br><\/p>\n<h2 style=\"text-align:justify;\"><span style=\"font-family:arial, helvetica, sans-serif;font-size:10pt;\">Najlepsza p\u0119seta kosmetyczna \u2013 charakterystyka narz\u0119dzia<\/span><\/h2>\n<p><\/br><\/p>\n<ul style=\"text-align:justify;\"><\/br><\/p>\n<li><span style=\"font-family:arial, helvetica, sans-serif;font-size:10pt;\">d\u0142ugo\u015b\u0107 \u2013 90 mm (+\/- 1 mm)<\/span><\/li>\n<p><\/br><\/p>\n<li><span style=\"font-family:arial, helvetica, sans-serif;font-size:10pt;\">stal chirurgiczna medyczna<\/span><\/li>\n<p><\/br><\/p>\n<li><span style=\"font-family:arial, helvetica, sans-serif;font-size:10pt;\">antyrefleksyjna stal<\/span><\/li>\n<p><\/br><\/p>\n<li><span style=\"font-family:arial, helvetica, sans-serif;font-size:10pt;\">r\u0119cznie szlifowana<\/span><\/li>\n<p><\/br><\/p>\n<li><span style=\"font-family:arial, helvetica, sans-serif;font-size:10pt;\">matowa, szczotkowana stal<\/span><\/li>\n<p><\/br><\/p>\n<li><span style=\"font-family:arial, helvetica, sans-serif;font-size:10pt;\">roczna gwarancja producenta<\/span><\/li>\n<p><\/br><\/ul>\n<p><\/br><\/p>\n<h2 style=\"text-align:justify;\"><span style=\"font-family:arial, helvetica, sans-serif;font-size:10pt;\">Zalety korzystania z p\u0119sety kosmetycznej profesjonalnej<\/span><\/h2>\n<p><\/br><\/p>\n<ul style=\"text-align:justify;\"><\/br><\/p>\n<li><span style=\"font-family:arial, helvetica, sans-serif;font-size:10pt;\">matowana poprzez ceramiczne piaskowanie<\/span><\/li>\n<p><\/br><\/p>\n<li><span style=\"font-family:arial, helvetica, sans-serif;font-size:10pt;\">dzi\u0119ki wysokiej jako\u015bci stali wykorzystywanej do produkcji narz\u0119dzi medycznych nie t\u0119pi si\u0119 i nie rdzewieje<\/span><\/li>\n<p><\/br><\/p>\n<li><span style=\"font-family:arial, helvetica, sans-serif;font-size:10pt;\">precyzyjna w u\u017cyciu dzi\u0119ki dopasowanym ko\u0144c\u00f3wkom od wewn\u0105trz zamykanym na p\u0142ask<\/span><\/li>\n<p><\/br><\/p>\n<li><span style=\"font-family:arial, helvetica, sans-serif;font-size:10pt;\">odpowiednia obr\u00f3bka cieplna zapewnia wysok\u0105 twardo\u015b\u0107 stali<\/span><\/li>\n<p><\/br><\/p>\n<li><span style=\"font-family:arial, helvetica, sans-serif;font-size:10pt;\">podlegaj\u0105 sterylizacji w autoklawie w temperaturze 134\u030a<\/span><\/li>\n<p><\/br><\/p>\n<li><span style=\"font-family:arial, helvetica, sans-serif;font-size:10pt;\">wygodna i \u0142atwa w u\u017cyciu<\/span><\/li>\n<p><\/br><\/p>\n<li><span style=\"font-family:arial, helvetica, sans-serif;font-size:10pt;\">gwarantowana d\u0142ugotrwa\u0142a \u017cywotno\u015b\u0107<\/span><\/li>\n<p><\/br><\/ul>\n<p><\/br><\/p>\n<p style=\"text-align:justify;\"><span style=\"font-family:arial, helvetica, sans-serif;font-size:10pt;\">Profesjonalne narz\u0119dzia kosmetyczne wykorzystywane w zabiegach medycyny estetycznej (c\u0105\u017cki do sk\u00f3rek, kopytka, rade\u0142ka do sk\u00f3rek, p\u0119sety kosmetyczne, d\u0142utka, pensety chirurgiczne ) oferowane przez nasz sklep to gwarancja najwy\u017cszej jako\u015bci. Ka\u017cde narz\u0119dzie jest fabrycznie nowe oraz dok\u0142adnie sprawdzane i kontrolowane na wszystkich etapach produkcji, w celu zapewnienia ich zgodno\u015bci z mi\u0119dzynarodowymi standardami okre\u015blonymi ISO 9001:2008 oraz certyfikatem CE.<\/span><\/p>\n","protected":false},"featured_media":867,"comment_status":"closed","ping_status":"open","template":"","meta":[],"product_brand":[],"product_cat":[51],"product_tag":[],"class_list":{"0":"post-2371","1":"product","2":"type-product","3":"status-publish","4":"has-post-thumbnail","6":"product_cat-pesety-i-szczypce","8":"first","9":"instock","10":"product-type-simple"},"_links":{"self":[{"href":"https:\/\/tendosolingen.de\/pl\/wp-json\/wp\/v2\/product\/2371","targetHints":{"allow":["GET"]}}],"collection":[{"href":"https:\/\/tendosolingen.de\/pl\/wp-json\/wp\/v2\/product"}],"about":[{"href":"https:\/\/tendosolingen.de\/pl\/wp-json\/wp\/v2\/types\/product"}],"replies":[{"embeddable":true,"href":"https:\/\/tendosolingen.de\/pl\/wp-json\/wp\/v2\/comments?post=2371"}],"wp:featuredmedia":[{"embeddable":true,"href":"https:\/\/tendosolingen.de\/pl\/wp-json\/wp\/v2\/media\/867"}],"wp:attachment":[{"href":"https:\/\/tendosolingen.de\/pl\/wp-json\/wp\/v2\/media?parent=2371"}],"wp:term":[{"taxonomy":"product_brand","embeddable":true,"href":"https:\/\/tendosolingen.de\/pl\/wp-json\/wp\/v2\/product_brand?post=2371"},{"taxonomy":"product_cat","embeddable":true,"href":"https:\/\/tendosolingen.de\/pl\/wp-json\/wp\/v2\/product_cat?post=2371"},{"taxonomy":"product_tag","embeddable":true,"href":"https:\/\/tendosolingen.de\/pl\/wp-json\/wp\/v2\/product_tag?post=2371"}],"curies":[{"name":"wp","href":"https:\/\/api.w.org\/{rel}","templated":true}]}}