{"id":2369,"date":"2024-04-09T22:38:13","date_gmt":"2024-04-09T20:38:13","guid":{"rendered":"https:\/\/tendosolingen.de\/product\/peseta-solingen-kosmetyczna-szpic-rodzaj-produktu-premium-hq\/"},"modified":"2025-11-06T15:40:16","modified_gmt":"2025-11-06T14:40:16","slug":"peseta-solingen-kosmetyczna-szpic-rodzaj-produktu-premium-hq","status":"publish","type":"product","link":"https:\/\/tendosolingen.de\/pl\/produkt\/peseta-solingen-kosmetyczna-szpic-rodzaj-produktu-premium-hq\/","title":{"rendered":"P\u0119seta Solingen kosmetyczna szpic Rodzaj produktu: Premium (HQ)"},"content":{"rendered":"<p style=\"text-align:justify;\"><span style=\"font-family:arial, helvetica, sans-serif;font-size:10pt;\">Profesjonalna <em>p\u0119seta kosmetyczna<\/em> z ko\u0144c\u00f3wk\u0105 w postaci szpica wykorzystywana do chwytania r\u00f3\u017cnego rodzaju w\u0142osk\u00f3w, opi\u0142k\u00f3w oraz cia\u0142 obcych. Wykonana z wysoko gatunkowej stali nierdzewnej co zapewnia d\u0142ugo trwa\u0142\u0105 \u017cywotno\u015b\u0107 narz\u0119dzia. Odporno\u015b\u0107 na \u015bcieranie zosta\u0142a potwierdzona przeprowadzonymi testami. Przeznaczona do wykorzystywania w zak\u0142adach kosmetycznych, plac\u00f3wkach medycznych oraz przez osoby prywatne.<\/span><\/p>\n<p><\/br><\/p>\n<h2 style=\"text-align:justify;\"><span style=\"font-family:arial, helvetica, sans-serif;font-size:10pt;\">Specyfikacja najlepszej p\u0119sety kosmetycznej<\/span><\/h2>\n<p><\/br><\/p>\n<ul style=\"text-align:justify;\">\n<li><span style=\"font-family:arial, helvetica, sans-serif;font-size:10pt;\">d\u0142ugo\u015b\u0107 \u2013 90 mm (+\/- 1 mm)<\/span><\/li>\n<p><\/br><\/p>\n<li><span style=\"font-family:arial, helvetica, sans-serif;font-size:10pt;\">szpiczaste zako\u0144czenie<\/span><\/li>\n<p><\/br><\/p>\n<li><span style=\"font-family:arial, helvetica, sans-serif;font-size:10pt;\">stal chirurgiczna medyczna<\/span><\/li>\n<p><\/br><\/p>\n<li><span style=\"font-family:arial, helvetica, sans-serif;font-size:10pt;\">r\u0119cznie szlifowana<\/span><\/li>\n<p><\/br><\/p>\n<li><span style=\"font-family:arial, helvetica, sans-serif;font-size:10pt;\">matowa, szczotkowana stal<\/span><\/li>\n<p><\/br><\/p>\n<li><span style=\"font-family:arial, helvetica, sans-serif;font-size:10pt;\">antyrefleksyjna stal<\/span><\/li>\n<p><\/br><\/ul>\n<h2 style=\"text-align:justify;\"><span style=\"font-family:arial, helvetica, sans-serif;font-size:10pt;\">Zalety korzystania<\/span><\/h2>\n<p><\/br><\/p>\n<ul style=\"text-align:justify;\">\n<li><span style=\"font-family:arial, helvetica, sans-serif;font-size:10pt;\">precyzyjne punktowe, spiczaste zako\u0144czenie co pozwala na precyzyjne zabiegi<\/span><\/li>\n<p><\/br><\/p>\n<li><span style=\"font-family:arial, helvetica, sans-serif;font-size:10pt;\">dzi\u0119ki stali chirurgicznej nie t\u0119pi\u0105 si\u0119 i nie rdzewieje<\/span><\/li>\n<p><\/br><\/p>\n<li><span style=\"font-family:arial, helvetica, sans-serif;font-size:10pt;\">odpowiednia obr\u00f3bka cieplna zapewnia wysok\u0105 twardo\u015b\u0107 stali<\/span><\/li>\n<p><\/br><\/p>\n<li><span style=\"font-family:arial, helvetica, sans-serif;font-size:10pt;\">podlegaj\u0105 sterylizacji w autoklawie w temperaturze 134<\/span><\/li>\n<p><\/br><\/p>\n<li><span style=\"font-family:arial, helvetica, sans-serif;font-size:10pt;\">wygodne i \u0142atwe w u\u017cyciu<\/span><\/li>\n<p><\/br><\/p>\n<li><span style=\"font-family:arial, helvetica, sans-serif;font-size:10pt;\">gwarantowana d\u0142ugotrwa\u0142a \u017cywotno\u015b\u0107<\/span><\/li>\n<p><\/br><\/p>\n<li><span style=\"font-family:arial, helvetica, sans-serif;font-size:10pt;\">roczna gwarancja producenta<\/span><\/li>\n<p><\/br><\/ul>\n<p style=\"text-align:justify;\"><span style=\"font-family:arial, helvetica, sans-serif;font-size:10pt;\">Ka\u017cde narz\u0119dzie jest fabrycznie nowe oraz produkowane z wysokiej jako\u015bci stali chirurgicznej, dok\u0142adnie sprawdzane i kontrolowane w celu zapewnienia zgodno\u015bci z mi\u0119dzynarodowymi standardami okre\u015blonymi znakami ISO 9001:2008 oraz certyfikatem CE.<\/span><\/p>\n","protected":false},"excerpt":{"rendered":"<p style=\"text-align:justify;\"><span style=\"font-family:arial, helvetica, sans-serif;font-size:10pt;\">Profesjonalna <em>p\u0119seta kosmetyczna<\/em> z ko\u0144c\u00f3wk\u0105 w postaci szpica wykorzystywana do chwytania r\u00f3\u017cnego rodzaju w\u0142osk\u00f3w, opi\u0142k\u00f3w oraz cia\u0142 obcych. Wykonana z wysoko gatunkowej stali nierdzewnej co zapewnia d\u0142ugo trwa\u0142\u0105 \u017cywotno\u015b\u0107 narz\u0119dzia. Odporno\u015b\u0107 na \u015bcieranie zosta\u0142a potwierdzona przeprowadzonymi testami. Przeznaczona do wykorzystywania w zak\u0142adach kosmetycznych, plac\u00f3wkach medycznych oraz przez osoby prywatne.<\/span><\/p>\n<p><\/br><\/p>\n<h2 style=\"text-align:justify;\"><span style=\"font-family:arial, helvetica, sans-serif;font-size:10pt;\">Specyfikacja najlepszej p\u0119sety kosmetycznej<\/span><\/h2>\n<p><\/br><\/p>\n<ul style=\"text-align:justify;\">\n<li><span style=\"font-family:arial, helvetica, sans-serif;font-size:10pt;\">d\u0142ugo\u015b\u0107 \u2013 90 mm (+\/- 1 mm)<\/span><\/li>\n<p><\/br><\/p>\n<li><span style=\"font-family:arial, helvetica, sans-serif;font-size:10pt;\">szpiczaste zako\u0144czenie<\/span><\/li>\n<p><\/br><\/p>\n<li><span style=\"font-family:arial, helvetica, sans-serif;font-size:10pt;\">stal chirurgiczna medyczna<\/span><\/li>\n<p><\/br><\/p>\n<li><span style=\"font-family:arial, helvetica, sans-serif;font-size:10pt;\">r\u0119cznie szlifowana<\/span><\/li>\n<p><\/br><\/p>\n<li><span style=\"font-family:arial, helvetica, sans-serif;font-size:10pt;\">matowa, szczotkowana stal<\/span><\/li>\n<p><\/br><\/p>\n<li><span style=\"font-family:arial, helvetica, sans-serif;font-size:10pt;\">antyrefleksyjna stal<\/span><\/li>\n<p><\/br><\/ul>\n<h2 style=\"text-align:justify;\"><span style=\"font-family:arial, helvetica, sans-serif;font-size:10pt;\">Zalety korzystania<\/span><\/h2>\n<p><\/br><\/p>\n<ul style=\"text-align:justify;\">\n<li><span style=\"font-family:arial, helvetica, sans-serif;font-size:10pt;\">precyzyjne punktowe, spiczaste zako\u0144czenie co pozwala na precyzyjne zabiegi<\/span><\/li>\n<p><\/br><\/p>\n<li><span style=\"font-family:arial, helvetica, sans-serif;font-size:10pt;\">dzi\u0119ki stali chirurgicznej nie t\u0119pi\u0105 si\u0119 i nie rdzewieje<\/span><\/li>\n<p><\/br><\/p>\n<li><span style=\"font-family:arial, helvetica, sans-serif;font-size:10pt;\">odpowiednia obr\u00f3bka cieplna zapewnia wysok\u0105 twardo\u015b\u0107 stali<\/span><\/li>\n<p><\/br><\/p>\n<li><span style=\"font-family:arial, helvetica, sans-serif;font-size:10pt;\">podlegaj\u0105 sterylizacji w autoklawie w temperaturze 134<\/span><\/li>\n<p><\/br><\/p>\n<li><span style=\"font-family:arial, helvetica, sans-serif;font-size:10pt;\">wygodne i \u0142atwe w u\u017cyciu<\/span><\/li>\n<p><\/br><\/p>\n<li><span style=\"font-family:arial, helvetica, sans-serif;font-size:10pt;\">gwarantowana d\u0142ugotrwa\u0142a \u017cywotno\u015b\u0107<\/span><\/li>\n<p><\/br><\/p>\n<li><span style=\"font-family:arial, helvetica, sans-serif;font-size:10pt;\">roczna gwarancja producenta<\/span><\/li>\n<p><\/br><\/ul>\n<p style=\"text-align:justify;\"><span style=\"font-family:arial, helvetica, sans-serif;font-size:10pt;\">Ka\u017cde narz\u0119dzie jest fabrycznie nowe oraz produkowane z wysokiej jako\u015bci stali chirurgicznej, dok\u0142adnie sprawdzane i kontrolowane w celu zapewnienia zgodno\u015bci z mi\u0119dzynarodowymi standardami okre\u015blonymi znakami ISO 9001:2008 oraz certyfikatem CE.<\/span><\/p>\n","protected":false},"featured_media":859,"comment_status":"closed","ping_status":"open","template":"","meta":[],"product_brand":[],"product_cat":[51],"product_tag":[],"class_list":{"0":"post-2369","1":"product","2":"type-product","3":"status-publish","4":"has-post-thumbnail","6":"product_cat-pesety-i-szczypce","8":"first","9":"instock","10":"product-type-simple"},"_links":{"self":[{"href":"https:\/\/tendosolingen.de\/pl\/wp-json\/wp\/v2\/product\/2369","targetHints":{"allow":["GET"]}}],"collection":[{"href":"https:\/\/tendosolingen.de\/pl\/wp-json\/wp\/v2\/product"}],"about":[{"href":"https:\/\/tendosolingen.de\/pl\/wp-json\/wp\/v2\/types\/product"}],"replies":[{"embeddable":true,"href":"https:\/\/tendosolingen.de\/pl\/wp-json\/wp\/v2\/comments?post=2369"}],"wp:featuredmedia":[{"embeddable":true,"href":"https:\/\/tendosolingen.de\/pl\/wp-json\/wp\/v2\/media\/859"}],"wp:attachment":[{"href":"https:\/\/tendosolingen.de\/pl\/wp-json\/wp\/v2\/media?parent=2369"}],"wp:term":[{"taxonomy":"product_brand","embeddable":true,"href":"https:\/\/tendosolingen.de\/pl\/wp-json\/wp\/v2\/product_brand?post=2369"},{"taxonomy":"product_cat","embeddable":true,"href":"https:\/\/tendosolingen.de\/pl\/wp-json\/wp\/v2\/product_cat?post=2369"},{"taxonomy":"product_tag","embeddable":true,"href":"https:\/\/tendosolingen.de\/pl\/wp-json\/wp\/v2\/product_tag?post=2369"}],"curies":[{"name":"wp","href":"https:\/\/api.w.org\/{rel}","templated":true}]}}