{"id":2367,"date":"2024-04-09T22:38:13","date_gmt":"2024-04-09T20:38:13","guid":{"rendered":"https:\/\/tendosolingen.de\/product\/cazki-podologiczne-do-usuwania-skorek-solingen-standard-premium-premium-rozmiar-6-mm\/"},"modified":"2026-01-09T15:19:02","modified_gmt":"2026-01-09T14:19:02","slug":"cazki-podologiczne-do-usuwania-skorek-standard-premium-premium-rozmiar-6-mm","status":"publish","type":"product","link":"https:\/\/tendosolingen.de\/pl\/produkt\/cazki-podologiczne-do-usuwania-skorek-standard-premium-premium-rozmiar-6-mm\/","title":{"rendered":"C\u0105\u017cki podologiczne do usuwania sk\u00f3rek Standard\/Premium: Premium, Rozmiar: 6 mm"},"content":{"rendered":"<p class=\"p1\"><span class=\"s1\" style=\"font-family: arial, helvetica, sans-serif; font-size: 10pt;\">Bardzo <strong>dobre<\/strong> <strong>c\u0105\u017cki podologiczne<\/strong> do sk\u00f3rek marki Tendo <strong>Solingen<\/strong> z ostrzem o d\u0142ugo\u015bci <em>5 mm<\/em> wykonane z medycznej stali nierdzewnej. Profesjonalne <span style=\"text-decoration: underline;\">c\u0105\u017cki chirurgiczne<\/span> wykorzystywane s\u0105 do obcinania sk\u00f3rek w trakcie zabieg\u00f3w w klinikach medycyny estetycznej oraz podczas precyzyjnych zabieg\u00f3w w warunkach domowych.<\/span><span class=\"s1\" style=\"font-family: arial, helvetica, sans-serif; font-size: 10pt;\">\u00a0Zosta\u0142y wyposa\u017cone w dobrze szlifowan\u0105, delikatn\u0105 i ostr\u0105 kraw\u0119d\u017a tn\u0105c\u0105. Posiadaj\u0105 r\u00f3wnie\u017c specjalny mechanizm, kt\u00f3ry gwarantuje lekk\u0105 prac\u0119 narz\u0119dzia przy manicure i pedicure. Dodatkowo ergonomiczny kszta\u0142t c\u0105\u017cek zapewnia precyzj\u0119 w wycinaniu zarastaj\u0105cych sk\u00f3rek na paznokciach. Dobrze sprawdzaj\u0105 si\u0119 r\u00f3wnie\u017c przy skomplikowanych zabiegach chirurgicznych. Niska zawarto\u015b\u0107 niklu zapewnia niskie prawdopodobie\u0144stwo wyst\u0105pienia reakcji alergicznych.<span class=\"Apple-converted-space\">\u00a0<\/span><\/span><\/p>\n<p><\/br><\/p>\n<h1 class=\"p1\"><span class=\"s1\" style=\"font-size: 10pt; font-family: arial, helvetica, sans-serif;\">C\u0105\u017cki do sk\u00f3rek Solingen<span class=\"Apple-converted-space\">\u00a0<\/span><\/span><\/h1>\n<p><\/br><\/p>\n<ul><\/br><\/p>\n<li class=\"p1\"><span class=\"s1\" style=\"font-family: arial, helvetica, sans-serif; font-size: 10pt;\">typ:\u00a0<em>ostre<\/em> <em>c\u0105\u017cki nierdzewne<\/em>, szczypce do sk\u00f3rek<\/span><\/li>\n<p><\/br><\/p>\n<li class=\"p1\"><span class=\"s1\" style=\"font-family: arial, helvetica, sans-serif; font-size: 10pt;\">d\u0142ugo\u015b\u0107 ca\u0142kowita: 10 cm<span class=\"Apple-converted-space\">\u00a0<\/span><\/span><\/li>\n<p><\/br><\/p>\n<li class=\"p1\"><span class=\"s1\" style=\"font-family: arial, helvetica, sans-serif; font-size: 10pt;\">d\u0142ugo\u015b\u0107 ostrza: 5 mm<\/span><\/li>\n<p><\/br><\/p>\n<li class=\"p1\"><span class=\"s1\" style=\"font-family: arial, helvetica, sans-serif; font-size: 10pt;\">wysokiej jako\u015bci stal chirurgiczna<\/span><\/li>\n<p><\/br><\/p>\n<li class=\"p1\"><span class=\"s1\" style=\"font-family: arial, helvetica, sans-serif; font-size: 10pt;\">produkt niesterylny<\/span><\/li>\n<p><\/br><\/p>\n<li class=\"p1\"><span class=\"s1\" style=\"font-family: arial, helvetica, sans-serif; font-size: 10pt;\">produkt wielokrotnego u\u017cytku<\/span><\/li>\n<p><\/br><\/ul>\n<p><\/br><\/p>\n<h2><span class=\"s1\" style=\"font-size: 10pt; font-family: arial, helvetica, sans-serif;\">Zalety u\u017cytkowania c\u0105\u017cek do wycinania sk\u00f3rek Solingen<\/span><\/h2>\n<p><\/br><\/p>\n<ul><\/br><\/p>\n<li class=\"p1\"><span class=\"s1\" style=\"font-family: arial, helvetica, sans-serif; font-size: 10pt;\">wysoka precyzja ze stali chirurgicznej<\/span><\/li>\n<p><\/br><\/p>\n<li class=\"p1\"><span class=\"s1\" style=\"font-family: arial, helvetica, sans-serif; font-size: 10pt;\">uniwersalne zastosowanie dla profesjonalist\u00f3w oraz do domowego stosowania<\/span><\/li>\n<p><\/br><\/p>\n<li class=\"p1\"><span class=\"s1\" style=\"font-family: arial, helvetica, sans-serif; font-size: 10pt;\">niski wsp\u00f3\u0142czynnik niklu powoduj\u0105cego alergie sk\u00f3rne<\/span><\/li>\n<p><\/br><\/p>\n<li class=\"p1\"><span class=\"s1\" style=\"font-family: arial, helvetica, sans-serif; font-size: 10pt;\">wysoka jako\u015b\u0107 i mi\u0119dzynarodowe standardy produkcji<\/span><\/li>\n<p><\/br><\/ul>\n<p><\/br><\/p>\n<p class=\"p1\"><span class=\"s1\" style=\"font-family: arial, helvetica, sans-serif; font-size: 10pt;\">Wysokiej jako\u015bci c\u0105\u017cki gwarantuj\u0105 d\u0142ugie u\u017cytkowanie, bezpiecze\u0144stwo i komfort.\u00a0C\u0105\u017cki kosmetyczne s\u0105 przeznaczone do sterylizacji i dezynfekcji. Posiadaj\u0105 certyfikaty ISO 9001:2008 i CE Mark i roczn\u0105 gwarancj\u0119. Narz\u0119dzie jest odporne na proces sterylizacji i dezynfekcji. Robi\u0105c zakupy w sklepie medycznym masz pewno\u015b\u0107, \u017ce kupujesz produkt najwy\u017cszej jako\u015bci, produkowany zgodnie z niemieckimi standardami.<span class=\"Apple-converted-space\">\u00a0<\/span><\/span><\/p>\n","protected":false},"excerpt":{"rendered":"<p class=\"p1\"><span class=\"s1\" style=\"font-family: arial, helvetica, sans-serif; font-size: 10pt;\">Bardzo <strong>dobre<\/strong> <strong>c\u0105\u017cki podologiczne<\/strong> do sk\u00f3rek marki Tendo <strong>Solingen<\/strong> z ostrzem o d\u0142ugo\u015bci <em>5 mm<\/em> wykonane z medycznej stali nierdzewnej. Profesjonalne <span style=\"text-decoration: underline;\">c\u0105\u017cki chirurgiczne<\/span> wykorzystywane s\u0105 do obcinania sk\u00f3rek w trakcie zabieg\u00f3w w klinikach medycyny estetycznej oraz podczas precyzyjnych zabieg\u00f3w w warunkach domowych.<\/span><span class=\"s1\" style=\"font-family: arial, helvetica, sans-serif; font-size: 10pt;\">\u00a0Zosta\u0142y wyposa\u017cone w dobrze szlifowan\u0105, delikatn\u0105 i ostr\u0105 kraw\u0119d\u017a tn\u0105c\u0105. Posiadaj\u0105 r\u00f3wnie\u017c specjalny mechanizm, kt\u00f3ry gwarantuje lekk\u0105 prac\u0119 narz\u0119dzia przy manicure i pedicure. Dodatkowo ergonomiczny kszta\u0142t c\u0105\u017cek zapewnia precyzj\u0119 w wycinaniu zarastaj\u0105cych sk\u00f3rek na paznokciach. Dobrze sprawdzaj\u0105 si\u0119 r\u00f3wnie\u017c przy skomplikowanych zabiegach chirurgicznych. Niska zawarto\u015b\u0107 niklu zapewnia niskie prawdopodobie\u0144stwo wyst\u0105pienia reakcji alergicznych.<span class=\"Apple-converted-space\">\u00a0<\/span><\/span><\/p>\n<p><\/br><\/p>\n<h1 class=\"p1\"><span class=\"s1\" style=\"font-size: 10pt; font-family: arial, helvetica, sans-serif;\">C\u0105\u017cki do sk\u00f3rek Solingen<span class=\"Apple-converted-space\">\u00a0<\/span><\/span><\/h1>\n<p><\/br><\/p>\n<ul><\/br><\/p>\n<li class=\"p1\"><span class=\"s1\" style=\"font-family: arial, helvetica, sans-serif; font-size: 10pt;\">typ:\u00a0<em>ostre<\/em> <em>c\u0105\u017cki nierdzewne<\/em>, szczypce do sk\u00f3rek<\/span><\/li>\n<p><\/br><\/p>\n<li class=\"p1\"><span class=\"s1\" style=\"font-family: arial, helvetica, sans-serif; font-size: 10pt;\">d\u0142ugo\u015b\u0107 ca\u0142kowita: 10 cm<span class=\"Apple-converted-space\">\u00a0<\/span><\/span><\/li>\n<p><\/br><\/p>\n<li class=\"p1\"><span class=\"s1\" style=\"font-family: arial, helvetica, sans-serif; font-size: 10pt;\">d\u0142ugo\u015b\u0107 ostrza: 5 mm<\/span><\/li>\n<p><\/br><\/p>\n<li class=\"p1\"><span class=\"s1\" style=\"font-family: arial, helvetica, sans-serif; font-size: 10pt;\">wysokiej jako\u015bci stal chirurgiczna<\/span><\/li>\n<p><\/br><\/p>\n<li class=\"p1\"><span class=\"s1\" style=\"font-family: arial, helvetica, sans-serif; font-size: 10pt;\">produkt niesterylny<\/span><\/li>\n<p><\/br><\/p>\n<li class=\"p1\"><span class=\"s1\" style=\"font-family: arial, helvetica, sans-serif; font-size: 10pt;\">produkt wielokrotnego u\u017cytku<\/span><\/li>\n<p><\/br><\/ul>\n<p><\/br><\/p>\n<h2><span class=\"s1\" style=\"font-size: 10pt; font-family: arial, helvetica, sans-serif;\">Zalety u\u017cytkowania c\u0105\u017cek do wycinania sk\u00f3rek Solingen<\/span><\/h2>\n<p><\/br><\/p>\n<ul><\/br><\/p>\n<li class=\"p1\"><span class=\"s1\" style=\"font-family: arial, helvetica, sans-serif; font-size: 10pt;\">wysoka precyzja ze stali chirurgicznej<\/span><\/li>\n<p><\/br><\/p>\n<li class=\"p1\"><span class=\"s1\" style=\"font-family: arial, helvetica, sans-serif; font-size: 10pt;\">uniwersalne zastosowanie dla profesjonalist\u00f3w oraz do domowego stosowania<\/span><\/li>\n<p><\/br><\/p>\n<li class=\"p1\"><span class=\"s1\" style=\"font-family: arial, helvetica, sans-serif; font-size: 10pt;\">niski wsp\u00f3\u0142czynnik niklu powoduj\u0105cego alergie sk\u00f3rne<\/span><\/li>\n<p><\/br><\/p>\n<li class=\"p1\"><span class=\"s1\" style=\"font-family: arial, helvetica, sans-serif; font-size: 10pt;\">wysoka jako\u015b\u0107 i mi\u0119dzynarodowe standardy produkcji<\/span><\/li>\n<p><\/br><\/ul>\n<p><\/br><\/p>\n<p class=\"p1\"><span class=\"s1\" style=\"font-family: arial, helvetica, sans-serif; font-size: 10pt;\">Wysokiej jako\u015bci c\u0105\u017cki gwarantuj\u0105 d\u0142ugie u\u017cytkowanie, bezpiecze\u0144stwo i komfort.\u00a0C\u0105\u017cki kosmetyczne s\u0105 przeznaczone do sterylizacji i dezynfekcji. Posiadaj\u0105 certyfikaty ISO 9001:2008 i CE Mark i roczn\u0105 gwarancj\u0119. Narz\u0119dzie jest odporne na proces sterylizacji i dezynfekcji. Robi\u0105c zakupy w sklepie medycznym masz pewno\u015b\u0107, \u017ce kupujesz produkt najwy\u017cszej jako\u015bci, produkowany zgodnie z niemieckimi standardami.<span class=\"Apple-converted-space\">\u00a0<\/span><\/span><\/p>\n","protected":false},"featured_media":851,"comment_status":"closed","ping_status":"closed","template":"","meta":[],"product_brand":[],"product_cat":[183],"product_tag":[],"class_list":{"0":"post-2367","1":"product","2":"type-product","3":"status-publish","4":"has-post-thumbnail","6":"product_cat-cegi-cazki","8":"first","9":"instock","10":"product-type-simple"},"_links":{"self":[{"href":"https:\/\/tendosolingen.de\/pl\/wp-json\/wp\/v2\/product\/2367","targetHints":{"allow":["GET"]}}],"collection":[{"href":"https:\/\/tendosolingen.de\/pl\/wp-json\/wp\/v2\/product"}],"about":[{"href":"https:\/\/tendosolingen.de\/pl\/wp-json\/wp\/v2\/types\/product"}],"replies":[{"embeddable":true,"href":"https:\/\/tendosolingen.de\/pl\/wp-json\/wp\/v2\/comments?post=2367"}],"wp:featuredmedia":[{"embeddable":true,"href":"https:\/\/tendosolingen.de\/pl\/wp-json\/wp\/v2\/media\/851"}],"wp:attachment":[{"href":"https:\/\/tendosolingen.de\/pl\/wp-json\/wp\/v2\/media?parent=2367"}],"wp:term":[{"taxonomy":"product_brand","embeddable":true,"href":"https:\/\/tendosolingen.de\/pl\/wp-json\/wp\/v2\/product_brand?post=2367"},{"taxonomy":"product_cat","embeddable":true,"href":"https:\/\/tendosolingen.de\/pl\/wp-json\/wp\/v2\/product_cat?post=2367"},{"taxonomy":"product_tag","embeddable":true,"href":"https:\/\/tendosolingen.de\/pl\/wp-json\/wp\/v2\/product_tag?post=2367"}],"curies":[{"name":"wp","href":"https:\/\/api.w.org\/{rel}","templated":true}]}}