{"id":2365,"date":"2024-04-09T22:38:13","date_gmt":"2024-04-09T20:38:13","guid":{"rendered":"https:\/\/tendosolingen.de\/product\/cegi-do-paznokci-wrastajacych-solingen-duze-rodzaj-produktu-premium-hq\/"},"modified":"2026-01-09T15:19:38","modified_gmt":"2026-01-09T14:19:38","slug":"cegi-do-paznokci-wrastajacych-duze-rodzaj-produktu-premium-hq","status":"publish","type":"product","link":"https:\/\/tendosolingen.de\/pl\/produkt\/cegi-do-paznokci-wrastajacych-duze-rodzaj-produktu-premium-hq\/","title":{"rendered":"C\u0119gi do paznokci wrastaj\u0105cych du\u017ce Rodzaj produktu: Premium (HQ)"},"content":{"rendered":"<p class=\"p1\"><span class=\"s1\" style=\"font-family: arial, helvetica, sans-serif; font-size: 10pt;\">Profesjonalne<em> c\u0105\u017cki do paznokci<\/em> marki Tendo Solingen do wycinania wrastaj\u0105cych, twardych i zrogowacia\u0142ych paznokci. Wykonane z medycznej stali chirurgicznej o wysokiej g\u0119sto\u015bci i niskiej zawarto\u015bci niklu. Dzi\u0119ki swoim w\u0142a\u015bciwo\u015bciom nie powinny powodowa\u0107 tzw. reakcji alergicznych.<span class=\"Apple-converted-space\">\u00a0<\/span><\/span><\/p>\n<p><\/br><\/p>\n<p class=\"p1\"><span class=\"s1\" style=\"font-family: arial, helvetica, sans-serif; font-size: 10pt;\">Podologiczne <span style=\"text-decoration: underline;\">c\u0105\u017cki do wrastaj\u0105cych paznokci<\/span> zosta\u0142y wyposa\u017cone w specjalny mechanizm. Pozwala on na precyzyjne usuwanie zrogowacia\u0142ych i grubych paznokci. Na ramionach c\u0105\u017cki posiadaj\u0105 antypo\u015blizgowe rowkowania, kt\u00f3re s\u0105 bardzo wygodne w trakcie d\u0142u\u017cszych zabieg\u00f3w. Mog\u0105 by\u0107 wykorzystywane u n\u00f3g, gdy\u017c posiadaj\u0105 du\u017ce ostrza boczne z delikatnym zagi\u0119ciem.<\/span><\/p>\n<p><\/br><\/p>\n<h1 class=\"p1\"><span class=\"s1\" style=\"font-size: 10pt; font-family: arial, helvetica, sans-serif;\">Profesjonalne c\u0105\u017cki do zrogowacia\u0142ych paznokci<\/span><\/h1>\n<p><\/br><\/p>\n<ul><\/br><\/p>\n<li class=\"p1\"><span class=\"s1\" style=\"font-family: arial, helvetica, sans-serif; font-size: 10pt;\">typ: c\u0119gi\u00a0du\u017ce, medyczne<\/span><\/li>\n<p><\/br><\/p>\n<li class=\"p1\"><span class=\"s1\" style=\"font-family: arial, helvetica, sans-serif; font-size: 10pt;\">d\u0142ugo\u015b\u0107 ca\u0142kowita: 11 cm<\/span><\/li>\n<p><\/br><\/p>\n<li class=\"p1\"><span class=\"s1\" style=\"font-family: arial, helvetica, sans-serif; font-size: 10pt;\">d\u0142ugo\u015b\u0107 ostrza: 1,5 cm<\/span><\/li>\n<p><\/br><\/p>\n<li class=\"p1\"><span class=\"s1\" style=\"font-family: arial, helvetica, sans-serif; font-size: 10pt;\">wysokiej jako\u015bci stal nierdzewna<\/span><\/li>\n<p><\/br><\/ul>\n<p><\/br><\/p>\n<h2 class=\"p1\"><span class=\"s1\" style=\"font-size: 10pt; font-family: arial, helvetica, sans-serif;\">Zalety c\u0105\u017cek do grubych paznokci Solingen<\/span><\/h2>\n<p><\/br><\/p>\n<ul><\/br><\/p>\n<li class=\"p1\"><span class=\"s1\" style=\"font-family: arial, helvetica, sans-serif; font-size: 10pt;\">uniwersalne zastosowanie w klinikach, gabientach (np. predicure) oraz warunkach domowych (np. dla cukrzyk\u00f3w)<span class=\"Apple-converted-space\">\u00a0<\/span><\/span><\/li>\n<p><\/br><\/p>\n<li class=\"p1\"><span class=\"s1\" style=\"font-family: arial, helvetica, sans-serif; font-size: 10pt;\">antypo\u015blizgowa r\u0119koje\u015b\u0107 i unikalne zabezpieczenie<\/span><\/li>\n<p><\/br><\/p>\n<li class=\"p1\"><span class=\"s1\" style=\"font-family: arial, helvetica, sans-serif; font-size: 10pt;\">antyalergiczna stal medyczna z certyfikatami<\/span><\/li>\n<p><\/br><\/ul>\n<p><\/br><\/p>\n<p class=\"p2\"><span style=\"font-family: arial, helvetica, sans-serif; font-size: 10pt;\">Narz\u0119dzie jest przeznaczone do sterylizacji i wielokrotnego u\u017cytku. C\u0105\u017cki do wycinania sk\u00f3rek powinny by\u0107 u\u017cywane zgodnie z ich przeznaczeniem. Przed pierwszym u\u017cyciem zalecamy zdezynfekowa\u0107 produkt.\u00a0Produkt posiada certyfikaty ISO oraz CE.<\/span><\/p>\n","protected":false},"excerpt":{"rendered":"<p class=\"p1\"><span class=\"s1\" style=\"font-family: arial, helvetica, sans-serif; font-size: 10pt;\">Profesjonalne<em> c\u0105\u017cki do paznokci<\/em> marki Tendo Solingen do wycinania wrastaj\u0105cych, twardych i zrogowacia\u0142ych paznokci. Wykonane z medycznej stali chirurgicznej o wysokiej g\u0119sto\u015bci i niskiej zawarto\u015bci niklu. Dzi\u0119ki swoim w\u0142a\u015bciwo\u015bciom nie powinny powodowa\u0107 tzw. reakcji alergicznych.<span class=\"Apple-converted-space\">\u00a0<\/span><\/span><\/p>\n<p><\/br><\/p>\n<p class=\"p1\"><span class=\"s1\" style=\"font-family: arial, helvetica, sans-serif; font-size: 10pt;\">Podologiczne <span style=\"text-decoration: underline;\">c\u0105\u017cki do wrastaj\u0105cych paznokci<\/span> zosta\u0142y wyposa\u017cone w specjalny mechanizm. Pozwala on na precyzyjne usuwanie zrogowacia\u0142ych i grubych paznokci. Na ramionach c\u0105\u017cki posiadaj\u0105 antypo\u015blizgowe rowkowania, kt\u00f3re s\u0105 bardzo wygodne w trakcie d\u0142u\u017cszych zabieg\u00f3w. Mog\u0105 by\u0107 wykorzystywane u n\u00f3g, gdy\u017c posiadaj\u0105 du\u017ce ostrza boczne z delikatnym zagi\u0119ciem.<\/span><\/p>\n<p><\/br><\/p>\n<h1 class=\"p1\"><span class=\"s1\" style=\"font-size: 10pt; font-family: arial, helvetica, sans-serif;\">Profesjonalne c\u0105\u017cki do zrogowacia\u0142ych paznokci<\/span><\/h1>\n<p><\/br><\/p>\n<ul><\/br><\/p>\n<li class=\"p1\"><span class=\"s1\" style=\"font-family: arial, helvetica, sans-serif; font-size: 10pt;\">typ: c\u0119gi\u00a0du\u017ce, medyczne<\/span><\/li>\n<p><\/br><\/p>\n<li class=\"p1\"><span class=\"s1\" style=\"font-family: arial, helvetica, sans-serif; font-size: 10pt;\">d\u0142ugo\u015b\u0107 ca\u0142kowita: 11 cm<\/span><\/li>\n<p><\/br><\/p>\n<li class=\"p1\"><span class=\"s1\" style=\"font-family: arial, helvetica, sans-serif; font-size: 10pt;\">d\u0142ugo\u015b\u0107 ostrza: 1,5 cm<\/span><\/li>\n<p><\/br><\/p>\n<li class=\"p1\"><span class=\"s1\" style=\"font-family: arial, helvetica, sans-serif; font-size: 10pt;\">wysokiej jako\u015bci stal nierdzewna<\/span><\/li>\n<p><\/br><\/ul>\n<p><\/br><\/p>\n<h2 class=\"p1\"><span class=\"s1\" style=\"font-size: 10pt; font-family: arial, helvetica, sans-serif;\">Zalety c\u0105\u017cek do grubych paznokci Solingen<\/span><\/h2>\n<p><\/br><\/p>\n<ul><\/br><\/p>\n<li class=\"p1\"><span class=\"s1\" style=\"font-family: arial, helvetica, sans-serif; font-size: 10pt;\">uniwersalne zastosowanie w klinikach, gabientach (np. predicure) oraz warunkach domowych (np. dla cukrzyk\u00f3w)<span class=\"Apple-converted-space\">\u00a0<\/span><\/span><\/li>\n<p><\/br><\/p>\n<li class=\"p1\"><span class=\"s1\" style=\"font-family: arial, helvetica, sans-serif; font-size: 10pt;\">antypo\u015blizgowa r\u0119koje\u015b\u0107 i unikalne zabezpieczenie<\/span><\/li>\n<p><\/br><\/p>\n<li class=\"p1\"><span class=\"s1\" style=\"font-family: arial, helvetica, sans-serif; font-size: 10pt;\">antyalergiczna stal medyczna z certyfikatami<\/span><\/li>\n<p><\/br><\/ul>\n<p><\/br><\/p>\n<p class=\"p2\"><span style=\"font-family: arial, helvetica, sans-serif; font-size: 10pt;\">Narz\u0119dzie jest przeznaczone do sterylizacji i wielokrotnego u\u017cytku. C\u0105\u017cki do wycinania sk\u00f3rek powinny by\u0107 u\u017cywane zgodnie z ich przeznaczeniem. Przed pierwszym u\u017cyciem zalecamy zdezynfekowa\u0107 produkt.\u00a0Produkt posiada certyfikaty ISO oraz CE.<\/span><\/p>\n","protected":false},"featured_media":843,"comment_status":"closed","ping_status":"closed","template":"","meta":[],"product_brand":[],"product_cat":[183],"product_tag":[],"class_list":{"0":"post-2365","1":"product","2":"type-product","3":"status-publish","4":"has-post-thumbnail","6":"product_cat-cegi-cazki","8":"first","9":"instock","10":"product-type-simple"},"_links":{"self":[{"href":"https:\/\/tendosolingen.de\/pl\/wp-json\/wp\/v2\/product\/2365","targetHints":{"allow":["GET"]}}],"collection":[{"href":"https:\/\/tendosolingen.de\/pl\/wp-json\/wp\/v2\/product"}],"about":[{"href":"https:\/\/tendosolingen.de\/pl\/wp-json\/wp\/v2\/types\/product"}],"replies":[{"embeddable":true,"href":"https:\/\/tendosolingen.de\/pl\/wp-json\/wp\/v2\/comments?post=2365"}],"wp:featuredmedia":[{"embeddable":true,"href":"https:\/\/tendosolingen.de\/pl\/wp-json\/wp\/v2\/media\/843"}],"wp:attachment":[{"href":"https:\/\/tendosolingen.de\/pl\/wp-json\/wp\/v2\/media?parent=2365"}],"wp:term":[{"taxonomy":"product_brand","embeddable":true,"href":"https:\/\/tendosolingen.de\/pl\/wp-json\/wp\/v2\/product_brand?post=2365"},{"taxonomy":"product_cat","embeddable":true,"href":"https:\/\/tendosolingen.de\/pl\/wp-json\/wp\/v2\/product_cat?post=2365"},{"taxonomy":"product_tag","embeddable":true,"href":"https:\/\/tendosolingen.de\/pl\/wp-json\/wp\/v2\/product_tag?post=2365"}],"curies":[{"name":"wp","href":"https:\/\/api.w.org\/{rel}","templated":true}]}}