{"id":2363,"date":"2024-04-09T22:38:13","date_gmt":"2024-04-09T20:38:13","guid":{"rendered":"https:\/\/tendosolingen.de\/product\/cegi-do-paznokci-podologiczne-solingen-profesjonalne-rodzaj-produktu-premium-hq\/"},"modified":"2026-01-09T15:20:26","modified_gmt":"2026-01-09T14:20:26","slug":"cegi-do-paznokci-podologiczne-profesjonalne-rodzaj-produktu-premium-hq","status":"publish","type":"product","link":"https:\/\/tendosolingen.de\/pl\/produkt\/cegi-do-paznokci-podologiczne-profesjonalne-rodzaj-produktu-premium-hq\/","title":{"rendered":"C\u0119gi do paznokci podologiczne profesjonalne  Rodzaj produktu: Premium (HQ)"},"content":{"rendered":"<p class=\"p1\"><span class=\"s1\" style=\"font-family: arial, helvetica, sans-serif; font-size: 10pt;\">Profesjonalne <strong>c\u0119gi podologiczne<\/strong> marki Tendo Solingen do obcinania twardych, wrastaj\u0105cych i zrogowacia\u0142ych paznokci ze stali chirurgicznej. <em>C\u0119gi Solingen<\/em> s\u0142u\u017c\u0105 g\u0142\u00f3wnie do wycinania paznokci u n\u00f3g, dobrze obcinaj\u0105 grube i twarde paznokcie.<span class=\"Apple-converted-space\">\u00a0<\/span><\/span><\/p>\n<p><\/br><\/p>\n<p class=\"p1\"><span class=\"s1\" style=\"font-family: arial, helvetica, sans-serif; font-size: 10pt;\">Narz\u0119dzie najwy\u017cszej klasy o wysokiej g\u0119sto\u015bci stali nierdzewnej i obni\u017conej zawarto\u015bci niklu, antyalergiczne. Dobre <span style=\"text-decoration: underline;\">c\u0119gi boczne do paznokci<\/span> s\u0105 przeznaczone do dezynfekcji i sterylizacji, s\u0105 wielokrotnego u\u017cytku. Znajduj\u0105 zastosowanie tak\u017ce w domowych warunkach. <\/span><\/p>\n<p><\/br><\/p>\n<p class=\"p1\"><span class=\"s1\" style=\"font-family: arial, helvetica, sans-serif; font-size: 10pt;\">Szczypce do obcinania paznokci <em>Solingen<\/em> posiadaj\u0105 specjalnie zaprojektowany mechanizm spr\u0119\u017cynowy z zamkiem, u\u0142atwiaj\u0105cy przeprowadzanie zabieg\u00f3w w gabinetach podologicznych, klinikach i domowych warunkach. Sam mechanizm sprawia, \u017ce praca tym narz\u0119dziem jest prosta, bezpieczna i przyjemna. Delikatnie odgi\u0119te ostrze pozwala maksymalnie dopasowa\u0107 si\u0119 do kszta\u0142tu paznokcia.<\/span><\/p>\n<p><\/br><\/p>\n<p class=\"p1\"><span class=\"s1\" style=\"font-family: arial, helvetica, sans-serif; font-size: 10pt;\">C\u0119gi <\/span><span style=\"font-family: arial, helvetica, sans-serif; font-size: 10pt;\"><span class=\"s1\">do paznokci w wersji Premium z niemieckiej,\u00a0utwardzanej stali AISI &#8211; 304 oraz Design in Germany z kodem 50.100.300 s\u0105 dost\u0119pne pod kodem ME096.<\/span><\/span><\/p>\n<p><\/br><\/p>\n<h2 class=\"p1\"><span class=\"s1\" style=\"font-size: 10pt; font-family: arial, helvetica, sans-serif;\">C\u0119gi do grubych i twardych paznokci<span class=\"Apple-converted-space\">\u00a0<\/span><\/span><\/h2>\n<p><\/br><\/p>\n<ul><\/br><\/p>\n<li class=\"p1\"><span class=\"s1\" style=\"font-family: arial, helvetica, sans-serif; font-size: 10pt;\">typ <span style=\"text-decoration: underline;\">c\u0119gi do paznokci<\/span>, <strong>spr\u0119\u017cynowe<\/strong><\/span><\/li>\n<p><\/br><\/p>\n<li class=\"p1\"><span class=\"s1\" style=\"font-family: arial, helvetica, sans-serif; font-size: 10pt;\">d\u0142ugo\u015b\u0107 ca\u0142kowita 14 cm<\/span><\/li>\n<p><\/br><\/p>\n<li class=\"p1\"><span style=\"font-family: arial, helvetica, sans-serif; font-size: 10pt;\"><span class=\"s1\">d\u0142ugo\u015b\u0107 ostrza 2<\/span><span class=\"s1\">\u00a0cm<\/span><\/span><\/li>\n<p><\/br><\/p>\n<li class=\"p1\"><span class=\"s1\" style=\"font-family: arial, helvetica, sans-serif; font-size: 10pt;\">certyfikat ISO 9001:2008 i CE Mark<\/span><\/li>\n<p><\/br><\/p>\n<li class=\"p1\"><span class=\"s1\" style=\"font-family: arial, helvetica, sans-serif; font-size: 10pt;\">1 rok gwarancji<\/span><\/li>\n<p><\/br><\/ul>\n<p><\/br><\/p>\n<h2 class=\"p1\"><span class=\"s1\" style=\"font-size: 10pt; font-family: arial, helvetica, sans-serif;\">C\u0119gi chirurgiczne i ich zalety<span class=\"Apple-converted-space\">\u00a0<\/span><\/span><\/h2>\n<p><\/br><\/p>\n<ul><\/br><\/p>\n<li class=\"p1\"><span class=\"s1\" style=\"font-family: arial, helvetica, sans-serif; font-size: 10pt;\">doskonale dopasowuj\u0105 si\u0119 do kszta\u0142tu paznokcia<\/span><\/li>\n<p><\/br><\/p>\n<li class=\"p1\"><span class=\"s1\" style=\"font-family: arial, helvetica, sans-serif; font-size: 10pt;\">skuteczne zabiegi na twardych, wro\u015bni\u0119tych i zrogowacia\u0142ych paznokciach<\/span><\/li>\n<p><\/br><\/p>\n<li class=\"p1\"><span class=\"s1\" style=\"font-family: arial, helvetica, sans-serif; font-size: 10pt;\">certyfikowany i bezpieczny produkt ze sklepu medycznego<span class=\"Apple-converted-space\">\u00a0<\/span><\/span><\/li>\n<p><\/br><\/p>\n<li class=\"p1\"><span class=\"s1\" style=\"font-family: arial, helvetica, sans-serif; font-size: 10pt;\"><span class=\"s1\">wygodny w u\u017cyciu, unikalny mechanizm dzia\u0142ania szczypc\u00f3w<\/span><\/span><\/li>\n<p><\/br><\/ul>\n<p><\/br><\/p>\n<p class=\"p1\"><span class=\"s1\" style=\"font-family: arial, helvetica, sans-serif; font-size: 10pt;\">Narz\u0119dzie z medycznej stali nierdzewnej to gwarancja najwy\u017cszej jako\u015bci wykonania, bezpiecze\u0144stwa i gwarantowanej satysfakcji albo zwrotu pieni\u0119dzy. C\u0119gi chirurgiczne do paznokci &#8211; spr\u0119\u017cynowe &#8211; typ 64 powinny by\u0107 wykorzystywane zgodnie z ich przeznaczeniem.<span class=\"Apple-converted-space\">\u00a0<\/span><\/span><\/p>\n","protected":false},"excerpt":{"rendered":"<p class=\"p1\"><span class=\"s1\" style=\"font-family: arial, helvetica, sans-serif; font-size: 10pt;\">Profesjonalne <strong>c\u0119gi podologiczne<\/strong> marki Tendo Solingen do obcinania twardych, wrastaj\u0105cych i zrogowacia\u0142ych paznokci ze stali chirurgicznej. <em>C\u0119gi Solingen<\/em> s\u0142u\u017c\u0105 g\u0142\u00f3wnie do wycinania paznokci u n\u00f3g, dobrze obcinaj\u0105 grube i twarde paznokcie.<span class=\"Apple-converted-space\">\u00a0<\/span><\/span><\/p>\n<p><\/br><\/p>\n<p class=\"p1\"><span class=\"s1\" style=\"font-family: arial, helvetica, sans-serif; font-size: 10pt;\">Narz\u0119dzie najwy\u017cszej klasy o wysokiej g\u0119sto\u015bci stali nierdzewnej i obni\u017conej zawarto\u015bci niklu, antyalergiczne. Dobre <span style=\"text-decoration: underline;\">c\u0119gi boczne do paznokci<\/span> s\u0105 przeznaczone do dezynfekcji i sterylizacji, s\u0105 wielokrotnego u\u017cytku. Znajduj\u0105 zastosowanie tak\u017ce w domowych warunkach. <\/span><\/p>\n<p><\/br><\/p>\n<p class=\"p1\"><span class=\"s1\" style=\"font-family: arial, helvetica, sans-serif; font-size: 10pt;\">Szczypce do obcinania paznokci <em>Solingen<\/em> posiadaj\u0105 specjalnie zaprojektowany mechanizm spr\u0119\u017cynowy z zamkiem, u\u0142atwiaj\u0105cy przeprowadzanie zabieg\u00f3w w gabinetach podologicznych, klinikach i domowych warunkach. Sam mechanizm sprawia, \u017ce praca tym narz\u0119dziem jest prosta, bezpieczna i przyjemna. Delikatnie odgi\u0119te ostrze pozwala maksymalnie dopasowa\u0107 si\u0119 do kszta\u0142tu paznokcia.<\/span><\/p>\n<p><\/br><\/p>\n<p class=\"p1\"><span class=\"s1\" style=\"font-family: arial, helvetica, sans-serif; font-size: 10pt;\">C\u0119gi <\/span><span style=\"font-family: arial, helvetica, sans-serif; font-size: 10pt;\"><span class=\"s1\">do paznokci w wersji Premium z niemieckiej,\u00a0utwardzanej stali AISI &#8211; 304 oraz Design in Germany z kodem 50.100.300 s\u0105 dost\u0119pne pod kodem ME096.<\/span><\/span><\/p>\n<p><\/br><\/p>\n<h2 class=\"p1\"><span class=\"s1\" style=\"font-size: 10pt; font-family: arial, helvetica, sans-serif;\">C\u0119gi do grubych i twardych paznokci<span class=\"Apple-converted-space\">\u00a0<\/span><\/span><\/h2>\n<p><\/br><\/p>\n<ul><\/br><\/p>\n<li class=\"p1\"><span class=\"s1\" style=\"font-family: arial, helvetica, sans-serif; font-size: 10pt;\">typ <span style=\"text-decoration: underline;\">c\u0119gi do paznokci<\/span>, <strong>spr\u0119\u017cynowe<\/strong><\/span><\/li>\n<p><\/br><\/p>\n<li class=\"p1\"><span class=\"s1\" style=\"font-family: arial, helvetica, sans-serif; font-size: 10pt;\">d\u0142ugo\u015b\u0107 ca\u0142kowita 14 cm<\/span><\/li>\n<p><\/br><\/p>\n<li class=\"p1\"><span style=\"font-family: arial, helvetica, sans-serif; font-size: 10pt;\"><span class=\"s1\">d\u0142ugo\u015b\u0107 ostrza 2<\/span><span class=\"s1\">\u00a0cm<\/span><\/span><\/li>\n<p><\/br><\/p>\n<li class=\"p1\"><span class=\"s1\" style=\"font-family: arial, helvetica, sans-serif; font-size: 10pt;\">certyfikat ISO 9001:2008 i CE Mark<\/span><\/li>\n<p><\/br><\/p>\n<li class=\"p1\"><span class=\"s1\" style=\"font-family: arial, helvetica, sans-serif; font-size: 10pt;\">1 rok gwarancji<\/span><\/li>\n<p><\/br><\/ul>\n<p><\/br><\/p>\n<h2 class=\"p1\"><span class=\"s1\" style=\"font-size: 10pt; font-family: arial, helvetica, sans-serif;\">C\u0119gi chirurgiczne i ich zalety<span class=\"Apple-converted-space\">\u00a0<\/span><\/span><\/h2>\n<p><\/br><\/p>\n<ul><\/br><\/p>\n<li class=\"p1\"><span class=\"s1\" style=\"font-family: arial, helvetica, sans-serif; font-size: 10pt;\">doskonale dopasowuj\u0105 si\u0119 do kszta\u0142tu paznokcia<\/span><\/li>\n<p><\/br><\/p>\n<li class=\"p1\"><span class=\"s1\" style=\"font-family: arial, helvetica, sans-serif; font-size: 10pt;\">skuteczne zabiegi na twardych, wro\u015bni\u0119tych i zrogowacia\u0142ych paznokciach<\/span><\/li>\n<p><\/br><\/p>\n<li class=\"p1\"><span class=\"s1\" style=\"font-family: arial, helvetica, sans-serif; font-size: 10pt;\">certyfikowany i bezpieczny produkt ze sklepu medycznego<span class=\"Apple-converted-space\">\u00a0<\/span><\/span><\/li>\n<p><\/br><\/p>\n<li class=\"p1\"><span class=\"s1\" style=\"font-family: arial, helvetica, sans-serif; font-size: 10pt;\"><span class=\"s1\">wygodny w u\u017cyciu, unikalny mechanizm dzia\u0142ania szczypc\u00f3w<\/span><\/span><\/li>\n<p><\/br><\/ul>\n<p><\/br><\/p>\n<p class=\"p1\"><span class=\"s1\" style=\"font-family: arial, helvetica, sans-serif; font-size: 10pt;\">Narz\u0119dzie z medycznej stali nierdzewnej to gwarancja najwy\u017cszej jako\u015bci wykonania, bezpiecze\u0144stwa i gwarantowanej satysfakcji albo zwrotu pieni\u0119dzy. C\u0119gi chirurgiczne do paznokci &#8211; spr\u0119\u017cynowe &#8211; typ 64 powinny by\u0107 wykorzystywane zgodnie z ich przeznaczeniem.<span class=\"Apple-converted-space\">\u00a0<\/span><\/span><\/p>\n","protected":false},"featured_media":835,"comment_status":"closed","ping_status":"closed","template":"","meta":[],"product_brand":[],"product_cat":[183],"product_tag":[],"class_list":{"0":"post-2363","1":"product","2":"type-product","3":"status-publish","4":"has-post-thumbnail","6":"product_cat-cegi-cazki","8":"first","9":"instock","10":"product-type-simple"},"_links":{"self":[{"href":"https:\/\/tendosolingen.de\/pl\/wp-json\/wp\/v2\/product\/2363","targetHints":{"allow":["GET"]}}],"collection":[{"href":"https:\/\/tendosolingen.de\/pl\/wp-json\/wp\/v2\/product"}],"about":[{"href":"https:\/\/tendosolingen.de\/pl\/wp-json\/wp\/v2\/types\/product"}],"replies":[{"embeddable":true,"href":"https:\/\/tendosolingen.de\/pl\/wp-json\/wp\/v2\/comments?post=2363"}],"wp:featuredmedia":[{"embeddable":true,"href":"https:\/\/tendosolingen.de\/pl\/wp-json\/wp\/v2\/media\/835"}],"wp:attachment":[{"href":"https:\/\/tendosolingen.de\/pl\/wp-json\/wp\/v2\/media?parent=2363"}],"wp:term":[{"taxonomy":"product_brand","embeddable":true,"href":"https:\/\/tendosolingen.de\/pl\/wp-json\/wp\/v2\/product_brand?post=2363"},{"taxonomy":"product_cat","embeddable":true,"href":"https:\/\/tendosolingen.de\/pl\/wp-json\/wp\/v2\/product_cat?post=2363"},{"taxonomy":"product_tag","embeddable":true,"href":"https:\/\/tendosolingen.de\/pl\/wp-json\/wp\/v2\/product_tag?post=2363"}],"curies":[{"name":"wp","href":"https:\/\/api.w.org\/{rel}","templated":true}]}}