{"id":2361,"date":"2024-04-09T22:38:13","date_gmt":"2024-04-09T20:38:13","guid":{"rendered":"https:\/\/tendosolingen.de\/product\/nozyczki-do-obcinania-paznokci-dla-malych-dzieci-75-cm-solingen\/"},"modified":"2025-11-06T15:40:16","modified_gmt":"2025-11-06T14:40:16","slug":"nozyczki-do-obcinania-paznokci-dla-malych-dzieci-75-cm-solingen","status":"publish","type":"product","link":"https:\/\/tendosolingen.de\/pl\/produkt\/nozyczki-do-obcinania-paznokci-dla-malych-dzieci-75-cm-solingen\/","title":{"rendered":"No\u017cyczki do obcinania paznokci dla ma\u0142ych dzieci 7,5 cm Solingen"},"content":{"rendered":"<p style=\"text-align:justify;\"><span style=\"font-family:arial, helvetica, sans-serif;font-size:10pt;\">Profesjonalne <span style=\"text-decoration:underline;\">no\u017cyczki do\u00a0obcinania\u00a0paznokci dla ma\u0142ego dziecka typ Baby<\/span>\u00a0Solingen 7,5 cm wykonane z wysokiej jako\u015bci stali chirurgicznej. Ma\u0142e no\u017cyczki do paznokci dzi\u0119ki zaokr\u0105glonym ko\u0144c\u00f3wk\u0105 s\u0105 wyj\u0105tkowo bezpieczne w zastosowaniu i zabezpieczaj\u0105 przed skaleczeniami. S\u0142u\u017c\u0105 do usuwania wycinania paznokci u ma\u0142ych dzieci. No\u017cyczki do paznokci ze stali chirurgicznej, s\u0105 te\u017c wykorzystywane do przycinania w\u0142osk\u00f3w uszu oraz nosa.<\/span><\/p>\n<p><\/br><\/p>\n<h2 style=\"text-align:justify;\"><span style=\"font-size:10pt;font-family:arial, helvetica, sans-serif;\">Specyfikacja no\u017cyczek do paznokci Solingen<\/span><\/h2>\n<p><\/br><\/p>\n<ul style=\"text-align:justify;\"><\/br><\/p>\n<li><span style=\"font-family:arial, helvetica, sans-serif;font-size:10pt;\">d\u0142ugo\u015b\u0107 \u2013 75 mm (+\/- 1 mm)<\/span><\/li>\n<p><\/br><\/p>\n<li><span style=\"font-family:arial, helvetica, sans-serif;font-size:10pt;\">\u015brednica oczek \u2013 15 mm<\/span><\/li>\n<p><\/br><\/p>\n<li><span style=\"font-family:arial, helvetica, sans-serif;font-size:10pt;\">wygi\u0119te ostrza<\/span><\/li>\n<p><\/br><\/p>\n<li><span style=\"font-family:arial, helvetica, sans-serif;font-size:10pt;\">stal chirurgiczna medyczna<\/span><\/li>\n<p><\/br><\/p>\n<li><span style=\"font-family:arial, helvetica, sans-serif;font-size:10pt;\">r\u0119cznie ostrzona<\/span><\/li>\n<p><\/br><\/p>\n<li><span style=\"font-family:arial, helvetica, sans-serif;font-size:10pt;\">roczna gwarancja producenta<\/span><\/li>\n<p><\/br><\/ul>\n<p><\/br><\/p>\n<h2 style=\"text-align:justify;\"><span style=\"font-size:10pt;font-family:arial, helvetica, sans-serif;\">Zalety korzystania z no\u017cyczek do paznokci ze stali chirurgicznej<\/span><\/h2>\n<p><\/br><\/p>\n<ul style=\"text-align:justify;\"><\/br><\/p>\n<li><span style=\"font-family:arial, helvetica, sans-serif;font-size:10pt;\">zaokr\u0105glone ko\u0144c\u00f3wki zwi\u0119kszaj\u0105 bezpiecze\u0144stwo, dla ma\u0142ych dzieci<\/span><\/li>\n<p><\/br><\/p>\n<li><span style=\"font-family:arial, helvetica, sans-serif;font-size:10pt;\">wygi\u0119te ostrza precyzyjne docieraj\u0105 do miejsc gdzie prowadzimy zabiegi<\/span><\/li>\n<p><\/br><\/p>\n<li><span style=\"font-family:arial, helvetica, sans-serif;font-size:10pt;\">dzi\u0119ki stali chirurgicznej nie rdzewiej\u0105 i nie t\u0119pi\u0105 si\u0119<\/span><\/li>\n<p><\/br><\/p>\n<li><span style=\"font-family:arial, helvetica, sans-serif;font-size:10pt;\">odpowiednia obr\u00f3bka cieplna zapewnia wysok\u0105 twardo\u015b\u0107 stali<\/span><\/li>\n<p><\/br><\/p>\n<li><span style=\"font-family:arial, helvetica, sans-serif;font-size:10pt;\">podlegaj\u0105 sterylizacji w autoklawie w temperaturze 134<\/span><\/li>\n<p><\/br><\/p>\n<li><span style=\"font-family:arial, helvetica, sans-serif;font-size:10pt;\">wygodne i \u0142atwe w u\u017cyciu<\/span><\/li>\n<p><\/br><\/p>\n<li><span style=\"font-family:arial, helvetica, sans-serif;font-size:10pt;\">polerowanej\u00a0z nierdzewnej\u00a0stali odpornej na korozj\u0119<\/span><\/li>\n<p><\/br><\/p>\n<li><span style=\"font-family:arial, helvetica, sans-serif;font-size:10pt;\">gwarantowana d\u0142ugotrwa\u0142a \u017cywotno\u015b\u0107<\/span><\/li>\n<p><\/br><\/ul>\n<p><\/br><\/p>\n<p style=\"text-align:justify;\"><span style=\"font-family:arial, helvetica, sans-serif;font-size:10pt;\">No\u017cyczki do obcinania paznokci s\u0105 obj\u0119te gwarancj\u0105 producenta narz\u0119dzi chirurgicznych. Jak nie wiesz jakie i gdzie kupi\u0107 no\u017cyczki do paznokci zam\u00f3w w naszym sklepie medycznym gdzie masz gwarancj\u0119 bezpiecze\u0144stwa i jako\u015bci. Narz\u0119dzie posiada certyfikaty ISO 9001:2008 i CE.<\/span><\/p>\n","protected":false},"excerpt":{"rendered":"<p style=\"text-align:justify;\"><span style=\"font-family:arial, helvetica, sans-serif;font-size:10pt;\">Profesjonalne <span style=\"text-decoration:underline;\">no\u017cyczki do\u00a0obcinania\u00a0paznokci dla ma\u0142ego dziecka typ Baby<\/span>\u00a0Solingen 7,5 cm wykonane z wysokiej jako\u015bci stali chirurgicznej. Ma\u0142e no\u017cyczki do paznokci dzi\u0119ki zaokr\u0105glonym ko\u0144c\u00f3wk\u0105 s\u0105 wyj\u0105tkowo bezpieczne w zastosowaniu i zabezpieczaj\u0105 przed skaleczeniami. S\u0142u\u017c\u0105 do usuwania wycinania paznokci u ma\u0142ych dzieci. No\u017cyczki do paznokci ze stali chirurgicznej, s\u0105 te\u017c wykorzystywane do przycinania w\u0142osk\u00f3w uszu oraz nosa.<\/span><\/p>\n<p><\/br><\/p>\n<h2 style=\"text-align:justify;\"><span style=\"font-size:10pt;font-family:arial, helvetica, sans-serif;\">Specyfikacja no\u017cyczek do paznokci Solingen<\/span><\/h2>\n<p><\/br><\/p>\n<ul style=\"text-align:justify;\"><\/br><\/p>\n<li><span style=\"font-family:arial, helvetica, sans-serif;font-size:10pt;\">d\u0142ugo\u015b\u0107 \u2013 75 mm (+\/- 1 mm)<\/span><\/li>\n<p><\/br><\/p>\n<li><span style=\"font-family:arial, helvetica, sans-serif;font-size:10pt;\">\u015brednica oczek \u2013 15 mm<\/span><\/li>\n<p><\/br><\/p>\n<li><span style=\"font-family:arial, helvetica, sans-serif;font-size:10pt;\">wygi\u0119te ostrza<\/span><\/li>\n<p><\/br><\/p>\n<li><span style=\"font-family:arial, helvetica, sans-serif;font-size:10pt;\">stal chirurgiczna medyczna<\/span><\/li>\n<p><\/br><\/p>\n<li><span style=\"font-family:arial, helvetica, sans-serif;font-size:10pt;\">r\u0119cznie ostrzona<\/span><\/li>\n<p><\/br><\/p>\n<li><span style=\"font-family:arial, helvetica, sans-serif;font-size:10pt;\">roczna gwarancja producenta<\/span><\/li>\n<p><\/br><\/ul>\n<p><\/br><\/p>\n<h2 style=\"text-align:justify;\"><span style=\"font-size:10pt;font-family:arial, helvetica, sans-serif;\">Zalety korzystania z no\u017cyczek do paznokci ze stali chirurgicznej<\/span><\/h2>\n<p><\/br><\/p>\n<ul style=\"text-align:justify;\"><\/br><\/p>\n<li><span style=\"font-family:arial, helvetica, sans-serif;font-size:10pt;\">zaokr\u0105glone ko\u0144c\u00f3wki zwi\u0119kszaj\u0105 bezpiecze\u0144stwo, dla ma\u0142ych dzieci<\/span><\/li>\n<p><\/br><\/p>\n<li><span style=\"font-family:arial, helvetica, sans-serif;font-size:10pt;\">wygi\u0119te ostrza precyzyjne docieraj\u0105 do miejsc gdzie prowadzimy zabiegi<\/span><\/li>\n<p><\/br><\/p>\n<li><span style=\"font-family:arial, helvetica, sans-serif;font-size:10pt;\">dzi\u0119ki stali chirurgicznej nie rdzewiej\u0105 i nie t\u0119pi\u0105 si\u0119<\/span><\/li>\n<p><\/br><\/p>\n<li><span style=\"font-family:arial, helvetica, sans-serif;font-size:10pt;\">odpowiednia obr\u00f3bka cieplna zapewnia wysok\u0105 twardo\u015b\u0107 stali<\/span><\/li>\n<p><\/br><\/p>\n<li><span style=\"font-family:arial, helvetica, sans-serif;font-size:10pt;\">podlegaj\u0105 sterylizacji w autoklawie w temperaturze 134<\/span><\/li>\n<p><\/br><\/p>\n<li><span style=\"font-family:arial, helvetica, sans-serif;font-size:10pt;\">wygodne i \u0142atwe w u\u017cyciu<\/span><\/li>\n<p><\/br><\/p>\n<li><span style=\"font-family:arial, helvetica, sans-serif;font-size:10pt;\">polerowanej\u00a0z nierdzewnej\u00a0stali odpornej na korozj\u0119<\/span><\/li>\n<p><\/br><\/p>\n<li><span style=\"font-family:arial, helvetica, sans-serif;font-size:10pt;\">gwarantowana d\u0142ugotrwa\u0142a \u017cywotno\u015b\u0107<\/span><\/li>\n<p><\/br><\/ul>\n<p><\/br><\/p>\n<p style=\"text-align:justify;\"><span style=\"font-family:arial, helvetica, sans-serif;font-size:10pt;\">No\u017cyczki do obcinania paznokci s\u0105 obj\u0119te gwarancj\u0105 producenta narz\u0119dzi chirurgicznych. Jak nie wiesz jakie i gdzie kupi\u0107 no\u017cyczki do paznokci zam\u00f3w w naszym sklepie medycznym gdzie masz gwarancj\u0119 bezpiecze\u0144stwa i jako\u015bci. Narz\u0119dzie posiada certyfikaty ISO 9001:2008 i CE.<\/span><\/p>\n","protected":false},"featured_media":827,"comment_status":"closed","ping_status":"open","template":"","meta":[],"product_brand":[],"product_cat":[48],"product_tag":[],"class_list":{"0":"post-2361","1":"product","2":"type-product","3":"status-publish","4":"has-post-thumbnail","6":"product_cat-nozyczki-do-skorek-i-paznokci-pl","8":"first","9":"instock","10":"product-type-simple"},"_links":{"self":[{"href":"https:\/\/tendosolingen.de\/pl\/wp-json\/wp\/v2\/product\/2361","targetHints":{"allow":["GET"]}}],"collection":[{"href":"https:\/\/tendosolingen.de\/pl\/wp-json\/wp\/v2\/product"}],"about":[{"href":"https:\/\/tendosolingen.de\/pl\/wp-json\/wp\/v2\/types\/product"}],"replies":[{"embeddable":true,"href":"https:\/\/tendosolingen.de\/pl\/wp-json\/wp\/v2\/comments?post=2361"}],"wp:featuredmedia":[{"embeddable":true,"href":"https:\/\/tendosolingen.de\/pl\/wp-json\/wp\/v2\/media\/827"}],"wp:attachment":[{"href":"https:\/\/tendosolingen.de\/pl\/wp-json\/wp\/v2\/media?parent=2361"}],"wp:term":[{"taxonomy":"product_brand","embeddable":true,"href":"https:\/\/tendosolingen.de\/pl\/wp-json\/wp\/v2\/product_brand?post=2361"},{"taxonomy":"product_cat","embeddable":true,"href":"https:\/\/tendosolingen.de\/pl\/wp-json\/wp\/v2\/product_cat?post=2361"},{"taxonomy":"product_tag","embeddable":true,"href":"https:\/\/tendosolingen.de\/pl\/wp-json\/wp\/v2\/product_tag?post=2361"}],"curies":[{"name":"wp","href":"https:\/\/api.w.org\/{rel}","templated":true}]}}