{"id":2360,"date":"2024-04-09T22:38:13","date_gmt":"2024-04-09T20:38:13","guid":{"rendered":"https:\/\/tendosolingen.de\/product\/pilnik-do-paznokci-solingen-metalowy-drobnoziarnisty-12-cm\/"},"modified":"2026-01-10T02:30:35","modified_gmt":"2026-01-10T01:30:35","slug":"pilnik-do-paznokci-metalowy-drobnoziarnisty-120-mm","status":"publish","type":"product","link":"https:\/\/tendosolingen.de\/pl\/produkt\/pilnik-do-paznokci-metalowy-drobnoziarnisty-120-mm\/","title":{"rendered":"Pilnik do paznokci metalowy drobnoziarnisty 120 mm"},"content":{"rendered":"<p class=\"p1\"><span class=\"s1\">Bardzo dobry <strong>pilnik do paznokci<\/strong> marki Tendo Solingen o d\u0142ugo\u015bci ca\u0142kowitej 12 cm. Narz\u0119dzie wykonane z medycznej stali nierdzewnej pochodzenia niemieckiego. <em>Pilniczek do paznokci Solingen<\/em> zosta\u0142 wykonany z drobnoziarnistego metalu i doskonale sprawdza si\u0119 przy twardej i grubszej p\u0142ytce paznokcia (sztucznej i naturalnej, u n\u00f3g i r\u0105k).<span class=\"Apple-converted-space\">\u00a0<\/span><\/span><\/p>\n<p class=\"p1\"><span class=\"s1\">Zalet\u0105 tego rodzaju pilniczk\u00f3w do paznokci jest ich dobra wytrzyma\u0142o\u015b\u0107. Dzi\u0119ki standardowym w\u0142a\u015bciwo\u015bciom metalu s\u0105 odporne na uszkodzenia i normalne zu\u017cycie w trakcie zabieg\u00f3w piel\u0119gnacyjnych na paznokciach. Drobny pilniczek do paznokci ze uniwersaln\u0105 gradacj\u0105 nadaje si\u0119 zar\u00f3wno do profesjonalnego stosowania w gabinetach kosmetycznych oraz medycyny estetycznej, jak i do domowego stosowania.\u00a0<\/span><\/p>\n<p>&nbsp;<\/p>\n<h2 class=\"p1\"><span class=\"s1\" style=\"font-size: 10pt;\">Dobry pilnik do paznokci Solingen<\/span><\/h2>\n<p>&nbsp;<\/p>\n<ul>\n<li style=\"list-style-type: none;\">\n<ul>\n<li class=\"p1\"><span class=\"s1\">typ <em>szafirowy<\/em> pilnik do paznokci<\/span><\/li>\n<\/ul>\n<\/li>\n<\/ul>\n<ul>\n<li style=\"list-style-type: none;\">\n<ul>\n<li class=\"p1\"><span class=\"s1\">d\u0142ugo\u015b\u0107 120 mm<\/span><\/li>\n<\/ul>\n<\/li>\n<\/ul>\n<ul>\n<li style=\"list-style-type: none;\">\n<ul>\n<li class=\"p1\"><span class=\"s1\">szeroko\u015b\u0107 7-10 mm<\/span><\/li>\n<\/ul>\n<\/li>\n<\/ul>\n<ul>\n<li style=\"list-style-type: none;\">\n<ul>\n<li class=\"p1\"><span class=\"s1\">gwarancja producenta<\/span><\/li>\n<\/ul>\n<\/li>\n<\/ul>\n<ul>\n<li style=\"list-style-type: none;\">\n<ul>\n<li class=\"p1\"><span class=\"s1\">certyfikat ISO 9001:2008 i CE Mark<\/span><\/li>\n<\/ul>\n<\/li>\n<\/ul>\n<p>&nbsp;<\/p>\n<h2 class=\"p1\"><span class=\"s1\" style=\"font-size: 10pt;\">Zalety korzystania z metalowego pilniczka do paznokci Solingen<\/span><\/h2>\n<p>&nbsp;<\/p>\n<ul>\n<li style=\"list-style-type: none;\">\n<ul>\n<li class=\"p1\"><span class=\"s1\">wytrzyma\u0142e narz\u0119dzie z uniwersalnym zastosowaniem<\/span><\/li>\n<\/ul>\n<\/li>\n<\/ul>\n<ul>\n<li style=\"list-style-type: none;\">\n<ul>\n<li class=\"p1\"><span class=\"s1\">wykonanie z medycznej stali chirurgicznej<\/span><\/li>\n<\/ul>\n<\/li>\n<\/ul>\n<ul>\n<li style=\"list-style-type: none;\">\n<ul>\n<li class=\"p1\"><span class=\"s1\">precyzyjna i bezpieczna piel\u0119gnacja p\u0142ytki paznokcia<\/span><\/li>\n<\/ul>\n<\/li>\n<\/ul>\n<p>&nbsp;<\/p>\n<p class=\"p1\"><span class=\"s1\">Narz\u0119dzie powinno by\u0107 u\u017cytkowane zgodnie z jego przeznaczeniem. Produkt ze sklepu medycznego gwarantuje bezpieczn\u0105 piel\u0119gnacj\u0119 p\u0142ytki paznokcia. Produkt wykonany ze stali chirurgicznej o wysokiej g\u0119sto\u015bci i niskiej zawarto\u015bci sk\u0142adnik\u00f3w powoduj\u0105cych alergie.<span class=\"Apple-converted-space\">\u00a0Narz\u0119dzie posiada dwie granulacje ziarna, kt\u00f3ra umo\u017cliwia dok\u0142adne spi\u0142owanie i ochron\u0119 p\u0142ytki przed rozdwajaniem.\u00a0<\/span><\/span><\/p>\n","protected":false},"excerpt":{"rendered":"<p>Bardzo wytrzyma\u0142y pilnik do paznokci marki Tendo Solingen o d\u0142ugo\u015bci 12 cm, wykonany z drobnoziarnistego metalu ze stali nierdzewnej pochodzenia niemieckiego, przeznaczony do pracy z tward\u0105 i grubsz\u0105 p\u0142ytk\u0105 paznokcia, zar\u00f3wno naturaln\u0105, jak i sztuczn\u0105, zapewniaj\u0105cy skuteczne wyg\u0142adzanie, odporno\u015b\u0107 na zu\u017cycie oraz uniwersalne zastosowanie w gabinetach kosmetycznych, medycyny estetycznej i w warunkach domowych.<\/p>\n","protected":false},"featured_media":823,"comment_status":"closed","ping_status":"closed","template":"","meta":[],"product_brand":[],"product_cat":[49],"product_tag":[],"class_list":{"0":"post-2360","1":"product","2":"type-product","3":"status-publish","4":"has-post-thumbnail","6":"product_cat-pilniki-do-paznokci-pl","8":"first","9":"instock","10":"purchasable","11":"product-type-simple"},"_links":{"self":[{"href":"https:\/\/tendosolingen.de\/pl\/wp-json\/wp\/v2\/product\/2360","targetHints":{"allow":["GET"]}}],"collection":[{"href":"https:\/\/tendosolingen.de\/pl\/wp-json\/wp\/v2\/product"}],"about":[{"href":"https:\/\/tendosolingen.de\/pl\/wp-json\/wp\/v2\/types\/product"}],"replies":[{"embeddable":true,"href":"https:\/\/tendosolingen.de\/pl\/wp-json\/wp\/v2\/comments?post=2360"}],"wp:featuredmedia":[{"embeddable":true,"href":"https:\/\/tendosolingen.de\/pl\/wp-json\/wp\/v2\/media\/823"}],"wp:attachment":[{"href":"https:\/\/tendosolingen.de\/pl\/wp-json\/wp\/v2\/media?parent=2360"}],"wp:term":[{"taxonomy":"product_brand","embeddable":true,"href":"https:\/\/tendosolingen.de\/pl\/wp-json\/wp\/v2\/product_brand?post=2360"},{"taxonomy":"product_cat","embeddable":true,"href":"https:\/\/tendosolingen.de\/pl\/wp-json\/wp\/v2\/product_cat?post=2360"},{"taxonomy":"product_tag","embeddable":true,"href":"https:\/\/tendosolingen.de\/pl\/wp-json\/wp\/v2\/product_tag?post=2360"}],"curies":[{"name":"wp","href":"https:\/\/api.w.org\/{rel}","templated":true}]}}