{"id":2358,"date":"2024-04-09T22:38:13","date_gmt":"2024-04-09T20:38:13","guid":{"rendered":"https:\/\/tendosolingen.de\/product\/nozyczki-chirurgiczne-solingen-do-obcinania-wrastajacych-i-zrogowacialych-paznokci-rodzaj-produktu-standard-sq\/"},"modified":"2025-11-06T15:40:17","modified_gmt":"2025-11-06T14:40:17","slug":"nozyczki-chirurgiczne-solingen-do-obcinania-wrastajacych-i-zrogowacialych-paznokci-rodzaj-produktu-standard-sq","status":"publish","type":"product","link":"https:\/\/tendosolingen.de\/pl\/produkt\/nozyczki-chirurgiczne-solingen-do-obcinania-wrastajacych-i-zrogowacialych-paznokci-rodzaj-produktu-standard-sq\/","title":{"rendered":"No\u017cyczki chirurgiczne Solingen do obcinania wrastaj\u0105cych i zrogowacia\u0142ych paznokci Rodzaj produktu: Standard (SQ)"},"content":{"rendered":"<p style=\"text-align:justify;\"><span style=\"font-family:arial, helvetica, sans-serif;font-size:10pt;\">Profesjonalne, w\u0105skie no\u017cyczki chirurgiczne przeznaczone do obcinania wrastaj\u0105cych i zrogowacia\u0142ych paznokci. No\u017cyczki do paznokci <strong>TENDO Solingen<\/strong> wykonane z najwy\u017cszej jako\u015b stali chirurgicznej, posiadaj\u0105 w\u0105skie ko\u0144c\u00f3wki do precyzyjnego wycinania zarastaj\u0105cych sk\u00f3rek.<\/span><\/p>\n<p><\/br><\/p>\n<p style=\"text-align:justify;\"><span style=\"font-family:arial, helvetica, sans-serif;font-size:10pt;\">Pozosta\u0142a cz\u0119\u015b\u0107 tn\u0105ca mocnych no\u017cyczek do paznokci s\u0142u\u017cy do obcinania wrastaj\u0105cych i zrogowacia\u0142ych paznokci. No\u017cyczki do obcinania paznokci nale\u017cy stosowa\u0107 miejscowo. Bardzo dobre no\u017cyczki do paznokci nale\u017cy stosowa\u0107 do obcinania paznokci lub wycinania zarastaj\u0105cych sk\u00f3rek.<\/span><\/p>\n<p><\/br><\/p>\n<h2><span style=\"font-size:10pt;font-family:arial, helvetica, sans-serif;\">Ma\u0142e no\u017cyczki do paznokci \u2013 specyfikacja<\/span><\/h2>\n<p><\/br><\/p>\n<ul style=\"text-align:justify;\">\n<li style=\"text-align:justify;\"><span style=\"font-family:arial, helvetica, sans-serif;font-size:10pt;\">d\u0142ugo\u015b\u0107 ca\u0142kowita &#8211; 90 mm\u00a0<\/span><\/li>\n<p><\/br><\/p>\n<li style=\"text-align:justify;\"><span style=\"font-family:arial, helvetica, sans-serif;font-size:10pt;\">szeroko\u015b\u0107 k\u00f3\u0142ek &#8211; 18 mm<\/span><\/li>\n<p><\/br><\/p>\n<li style=\"text-align:justify;\"><span style=\"font-family:arial, helvetica, sans-serif;font-size:10pt;\">roczna gwarancja producenta<\/span><\/li>\n<p><\/br><\/p>\n<li style=\"text-align:justify;\"><span style=\"font-family:arial, helvetica, sans-serif;font-size:10pt;\">wykonanie z najwy\u017cszej klasy stali nierdzewnej<\/span><\/li>\n<p><\/br><\/p>\n<li style=\"text-align:justify;\"><span style=\"font-family:arial, helvetica, sans-serif;font-size:10pt;\">posiada certyfikaty CE<\/span><\/li>\n<p><\/br><\/ul>\n<h2 style=\"text-align:justify;\"><span style=\"font-size:10pt;font-family:arial, helvetica, sans-serif;\">Zalety korzystania z mocnych no\u017cyczek do paznokci<\/span><\/h2>\n<p><\/br><\/p>\n<ul style=\"text-align:justify;\">\n<li style=\"text-align:justify;\"><span style=\"font-family:arial, helvetica, sans-serif;font-size:10pt;\">precyzyjne i bezpieczne w zabiegach kosmetycznych<\/span><\/li>\n<p><\/br><\/p>\n<li style=\"text-align:justify;\"><span style=\"font-family:arial, helvetica, sans-serif;font-size:10pt;\">uniwersalne narz\u0119dzie wielokrotnego u\u017cytku<\/span><\/li>\n<p><\/br><\/p>\n<li style=\"text-align:justify;\"><span style=\"font-family:arial, helvetica, sans-serif;font-size:10pt;\">najwy\u017csza jako\u015b\u0107 wykonania zgodne z niemieckimi standardami<\/span><\/li>\n<p><\/br><\/p>\n<li style=\"text-align:justify;\"><span style=\"font-family:arial, helvetica, sans-serif;font-size:10pt;\">podlegaj\u0105 wielokrotnej sterylizacji<\/span><\/li>\n<p><\/br><\/ul>\n<p style=\"text-align:justify;\"><span style=\"font-family:arial, helvetica, sans-serif;font-size:10pt;\">Wszystkie narz\u0119dzia zakupione w medycznym sklepie przechodz\u0105 dwa etapy weryfikacji pod k\u0105tem jako\u015bci wykonania. Zgodnie z mi\u0119dzynarodowymi standardami produkcji ISO 9001:2008 i CE Mark. Kupuj\u0105c produkty w naszym sklepie masz gwarancj\u0119 komfortu pracy, wy\u017cszej wytrzyma\u0142o\u015bci i bezpiecze\u0144stwa w trakcie pracy.<\/span><\/p>\n","protected":false},"excerpt":{"rendered":"<p style=\"text-align:justify;\"><span style=\"font-family:arial, helvetica, sans-serif;font-size:10pt;\">Profesjonalne, w\u0105skie no\u017cyczki chirurgiczne przeznaczone do obcinania wrastaj\u0105cych i zrogowacia\u0142ych paznokci. No\u017cyczki do paznokci <strong>TENDO Solingen<\/strong> wykonane z najwy\u017cszej jako\u015b stali chirurgicznej, posiadaj\u0105 w\u0105skie ko\u0144c\u00f3wki do precyzyjnego wycinania zarastaj\u0105cych sk\u00f3rek.<\/span><\/p>\n<p><\/br><\/p>\n<p style=\"text-align:justify;\"><span style=\"font-family:arial, helvetica, sans-serif;font-size:10pt;\">Pozosta\u0142a cz\u0119\u015b\u0107 tn\u0105ca mocnych no\u017cyczek do paznokci s\u0142u\u017cy do obcinania wrastaj\u0105cych i zrogowacia\u0142ych paznokci. No\u017cyczki do obcinania paznokci nale\u017cy stosowa\u0107 miejscowo. Bardzo dobre no\u017cyczki do paznokci nale\u017cy stosowa\u0107 do obcinania paznokci lub wycinania zarastaj\u0105cych sk\u00f3rek.<\/span><\/p>\n<p><\/br><\/p>\n<h2><span style=\"font-size:10pt;font-family:arial, helvetica, sans-serif;\">Ma\u0142e no\u017cyczki do paznokci \u2013 specyfikacja<\/span><\/h2>\n<p><\/br><\/p>\n<ul style=\"text-align:justify;\">\n<li style=\"text-align:justify;\"><span style=\"font-family:arial, helvetica, sans-serif;font-size:10pt;\">d\u0142ugo\u015b\u0107 ca\u0142kowita &#8211; 90 mm\u00a0<\/span><\/li>\n<p><\/br><\/p>\n<li style=\"text-align:justify;\"><span style=\"font-family:arial, helvetica, sans-serif;font-size:10pt;\">szeroko\u015b\u0107 k\u00f3\u0142ek &#8211; 18 mm<\/span><\/li>\n<p><\/br><\/p>\n<li style=\"text-align:justify;\"><span style=\"font-family:arial, helvetica, sans-serif;font-size:10pt;\">roczna gwarancja producenta<\/span><\/li>\n<p><\/br><\/p>\n<li style=\"text-align:justify;\"><span style=\"font-family:arial, helvetica, sans-serif;font-size:10pt;\">wykonanie z najwy\u017cszej klasy stali nierdzewnej<\/span><\/li>\n<p><\/br><\/p>\n<li style=\"text-align:justify;\"><span style=\"font-family:arial, helvetica, sans-serif;font-size:10pt;\">posiada certyfikaty CE<\/span><\/li>\n<p><\/br><\/ul>\n<h2 style=\"text-align:justify;\"><span style=\"font-size:10pt;font-family:arial, helvetica, sans-serif;\">Zalety korzystania z mocnych no\u017cyczek do paznokci<\/span><\/h2>\n<p><\/br><\/p>\n<ul style=\"text-align:justify;\">\n<li style=\"text-align:justify;\"><span style=\"font-family:arial, helvetica, sans-serif;font-size:10pt;\">precyzyjne i bezpieczne w zabiegach kosmetycznych<\/span><\/li>\n<p><\/br><\/p>\n<li style=\"text-align:justify;\"><span style=\"font-family:arial, helvetica, sans-serif;font-size:10pt;\">uniwersalne narz\u0119dzie wielokrotnego u\u017cytku<\/span><\/li>\n<p><\/br><\/p>\n<li style=\"text-align:justify;\"><span style=\"font-family:arial, helvetica, sans-serif;font-size:10pt;\">najwy\u017csza jako\u015b\u0107 wykonania zgodne z niemieckimi standardami<\/span><\/li>\n<p><\/br><\/p>\n<li style=\"text-align:justify;\"><span style=\"font-family:arial, helvetica, sans-serif;font-size:10pt;\">podlegaj\u0105 wielokrotnej sterylizacji<\/span><\/li>\n<p><\/br><\/ul>\n<p style=\"text-align:justify;\"><span style=\"font-family:arial, helvetica, sans-serif;font-size:10pt;\">Wszystkie narz\u0119dzia zakupione w medycznym sklepie przechodz\u0105 dwa etapy weryfikacji pod k\u0105tem jako\u015bci wykonania. Zgodnie z mi\u0119dzynarodowymi standardami produkcji ISO 9001:2008 i CE Mark. Kupuj\u0105c produkty w naszym sklepie masz gwarancj\u0119 komfortu pracy, wy\u017cszej wytrzyma\u0142o\u015bci i bezpiecze\u0144stwa w trakcie pracy.<\/span><\/p>\n","protected":false},"featured_media":815,"comment_status":"closed","ping_status":"open","template":"","meta":[],"product_brand":[],"product_cat":[48],"product_tag":[],"class_list":{"0":"post-2358","1":"product","2":"type-product","3":"status-publish","4":"has-post-thumbnail","6":"product_cat-nozyczki-do-skorek-i-paznokci-pl","8":"first","9":"instock","10":"product-type-simple"},"_links":{"self":[{"href":"https:\/\/tendosolingen.de\/pl\/wp-json\/wp\/v2\/product\/2358","targetHints":{"allow":["GET"]}}],"collection":[{"href":"https:\/\/tendosolingen.de\/pl\/wp-json\/wp\/v2\/product"}],"about":[{"href":"https:\/\/tendosolingen.de\/pl\/wp-json\/wp\/v2\/types\/product"}],"replies":[{"embeddable":true,"href":"https:\/\/tendosolingen.de\/pl\/wp-json\/wp\/v2\/comments?post=2358"}],"wp:featuredmedia":[{"embeddable":true,"href":"https:\/\/tendosolingen.de\/pl\/wp-json\/wp\/v2\/media\/815"}],"wp:attachment":[{"href":"https:\/\/tendosolingen.de\/pl\/wp-json\/wp\/v2\/media?parent=2358"}],"wp:term":[{"taxonomy":"product_brand","embeddable":true,"href":"https:\/\/tendosolingen.de\/pl\/wp-json\/wp\/v2\/product_brand?post=2358"},{"taxonomy":"product_cat","embeddable":true,"href":"https:\/\/tendosolingen.de\/pl\/wp-json\/wp\/v2\/product_cat?post=2358"},{"taxonomy":"product_tag","embeddable":true,"href":"https:\/\/tendosolingen.de\/pl\/wp-json\/wp\/v2\/product_tag?post=2358"}],"curies":[{"name":"wp","href":"https:\/\/api.w.org\/{rel}","templated":true}]}}