{"id":2356,"date":"2024-04-09T22:38:13","date_gmt":"2024-04-09T20:38:13","guid":{"rendered":"https:\/\/tendosolingen.de\/product\/peseta-do-regulacji-brwi-solingen-z-koncowka-w-ksztalcie-szczypcow-rodzaj-produktu-standard-sq\/"},"modified":"2025-11-06T15:40:17","modified_gmt":"2025-11-06T14:40:17","slug":"peseta-do-regulacji-brwi-solingen-z-koncowka-w-ksztalcie-szczypcow-rodzaj-produktu-standard-sq","status":"publish","type":"product","link":"https:\/\/tendosolingen.de\/pl\/produkt\/peseta-do-regulacji-brwi-solingen-z-koncowka-w-ksztalcie-szczypcow-rodzaj-produktu-standard-sq\/","title":{"rendered":"P\u0119seta do regulacji brwi Solingen z ko\u0144c\u00f3wk\u0105 w kszta\u0142cie szczypc\u00f3w Rodzaj produktu: Standard (SQ)"},"content":{"rendered":"<p class=\"p1\" style=\"text-align:justify;\"><span class=\"s1\" style=\"font-family:arial, helvetica, sans-serif;font-size:10pt;\">Najlepsza <strong>p\u0119seta do regulacji brwi<\/strong> marki Tendo <strong>Solingen<\/strong> o ca\u0142kowitej d\u0142ugo\u015bci 9,5 cm wykonana ze stali nierdzewnej. <span style=\"text-decoration:underline;\">P\u0119seta chirurgiczna<\/span> z wygi\u0119t\u0105 ko\u0144c\u00f3wk\u0105 dobrze sprawdza si\u0119 przy depilacji brwi w trakcie zabieg\u00f3w kosmetycznych w salonach, gabinetach, spa i klinikach medycyny estetycznej.<span class=\"Apple-converted-space\">\u00a0<\/span><\/span><\/p>\n<p><\/br><\/p>\n<p class=\"p1\" style=\"text-align:justify;\"><span class=\"s1\" style=\"font-family:arial, helvetica, sans-serif;font-size:10pt;\"><em>P\u0119seta z ko\u0144c\u00f3wk\u0105 w kszta\u0142cie szczypc\u00f3w<\/em> mo\u017ce s\u0142u\u017cy\u0107 r\u00f3wnie\u017c do przeprowadzenia skutecznych zabieg\u00f3w chirurgicznych np. usuwania drzazg, opi\u0142k\u00f3w \u017celaza czy drobnych w\u0142osk\u00f3w. Narz\u0119dzie r\u0119cznie szlifowane z wysok\u0105 precyzj\u0105 posiada certyfikaty CE oraz ISO i jest przeznaczone do sterylizacji w autoklawach kosmetycznych.<\/span><\/p>\n<p><\/br><\/p>\n<h2 class=\"p1\" style=\"text-align:justify;\"><span class=\"s1\" style=\"font-size:10pt;font-family:arial, helvetica, sans-serif;\">Profesjonalna p\u0119seta do depilacji brwi Solingen<span class=\"Apple-converted-space\">\u00a0<\/span><\/span><\/h2>\n<p><\/br><\/p>\n<ul><\/br><\/p>\n<li class=\"p1\"><span class=\"s1\" style=\"font-family:arial, helvetica, sans-serif;font-size:10pt;\">d\u0142ugo\u015b\u0107 95 mm<span class=\"Apple-converted-space\">\u00a0<\/span><\/span><\/li>\n<p><\/br><\/p>\n<li class=\"p1\"><span class=\"s1\" style=\"font-family:arial, helvetica, sans-serif;font-size:10pt;\"><span class=\"Apple-converted-space\">szeroko\u015b\u0107 4 mm\u00a0<\/span><\/span><\/li>\n<p><\/br><\/p>\n<li class=\"p1\"><span class=\"s1\" style=\"font-family:arial, helvetica, sans-serif;font-size:10pt;\">wykonanie ze stali nierdzewnej<\/span><\/li>\n<p><\/br><\/p>\n<li class=\"p1\"><span class=\"s1\" style=\"font-family:arial, helvetica, sans-serif;font-size:10pt;\">certyfikowana pinceta chirurgiczna<\/span><\/li>\n<p><\/br><\/p>\n<li class=\"p1\"><span class=\"s1\" style=\"font-family:arial, helvetica, sans-serif;font-size:10pt;\">gwarancja producenta<\/span><\/li>\n<p><\/br><\/ul>\n<p><\/br><\/p>\n<h2 class=\"p1\"><span class=\"s1\" style=\"font-size:10pt;font-family:arial, helvetica, sans-serif;\">Zalety korzystania z p\u0119sety do\u00a0wyrywania brwi<\/span><\/h2>\n<p><\/br><\/p>\n<ul><\/br><\/p>\n<li class=\"p1\"><span class=\"s1\" style=\"font-family:arial, helvetica, sans-serif;font-size:10pt;\">wysoka jako\u015b\u0107 wykonania i dobra spr\u0119\u017cysto\u015b\u0107<\/span><\/li>\n<p><\/br><\/p>\n<li class=\"p1\"><span class=\"s1\" style=\"font-family:arial, helvetica, sans-serif;font-size:10pt;\">zapewnia bezpieczne zabiegi kosmetyczne i chirurgiczne<\/span><\/li>\n<p><\/br><\/p>\n<li class=\"p1\"><span class=\"s1\" style=\"font-family:arial, helvetica, sans-serif;font-size:10pt;\">gwarantuje pewny i precyzyjny chwyt podczas zabiegu<span class=\"Apple-converted-space\">\u00a0<\/span><\/span><\/li>\n<p><\/br><\/ul>\n<p><\/br><\/p>\n<p class=\"p1\" style=\"text-align:justify;\"><span class=\"s1\" style=\"font-family:arial, helvetica, sans-serif;font-size:10pt;\">Wyr\u00f3b medyczny z r\u0119cznie szlifowan\u0105 ko\u0144c\u00f3wk\u0105. Charakteryzuje si\u0119 wysok\u0105 jako\u015bci\u0105 wykonania ze stali chirurgicznej. Narz\u0119dzie kupione w sklepie medycznym gwarantuje bezpiecze\u0144stwo w trakcie u\u017cytkowania.<span class=\"Apple-converted-space\">\u00a0<\/span><\/span><\/p>\n","protected":false},"excerpt":{"rendered":"<p class=\"p1\" style=\"text-align:justify;\"><span class=\"s1\" style=\"font-family:arial, helvetica, sans-serif;font-size:10pt;\">Najlepsza <strong>p\u0119seta do regulacji brwi<\/strong> marki Tendo <strong>Solingen<\/strong> o ca\u0142kowitej d\u0142ugo\u015bci 9,5 cm wykonana ze stali nierdzewnej. <span style=\"text-decoration:underline;\">P\u0119seta chirurgiczna<\/span> z wygi\u0119t\u0105 ko\u0144c\u00f3wk\u0105 dobrze sprawdza si\u0119 przy depilacji brwi w trakcie zabieg\u00f3w kosmetycznych w salonach, gabinetach, spa i klinikach medycyny estetycznej.<span class=\"Apple-converted-space\">\u00a0<\/span><\/span><\/p>\n<p><\/br><\/p>\n<p class=\"p1\" style=\"text-align:justify;\"><span class=\"s1\" style=\"font-family:arial, helvetica, sans-serif;font-size:10pt;\"><em>P\u0119seta z ko\u0144c\u00f3wk\u0105 w kszta\u0142cie szczypc\u00f3w<\/em> mo\u017ce s\u0142u\u017cy\u0107 r\u00f3wnie\u017c do przeprowadzenia skutecznych zabieg\u00f3w chirurgicznych np. usuwania drzazg, opi\u0142k\u00f3w \u017celaza czy drobnych w\u0142osk\u00f3w. Narz\u0119dzie r\u0119cznie szlifowane z wysok\u0105 precyzj\u0105 posiada certyfikaty CE oraz ISO i jest przeznaczone do sterylizacji w autoklawach kosmetycznych.<\/span><\/p>\n<p><\/br><\/p>\n<h2 class=\"p1\" style=\"text-align:justify;\"><span class=\"s1\" style=\"font-size:10pt;font-family:arial, helvetica, sans-serif;\">Profesjonalna p\u0119seta do depilacji brwi Solingen<span class=\"Apple-converted-space\">\u00a0<\/span><\/span><\/h2>\n<p><\/br><\/p>\n<ul><\/br><\/p>\n<li class=\"p1\"><span class=\"s1\" style=\"font-family:arial, helvetica, sans-serif;font-size:10pt;\">d\u0142ugo\u015b\u0107 95 mm<span class=\"Apple-converted-space\">\u00a0<\/span><\/span><\/li>\n<p><\/br><\/p>\n<li class=\"p1\"><span class=\"s1\" style=\"font-family:arial, helvetica, sans-serif;font-size:10pt;\"><span class=\"Apple-converted-space\">szeroko\u015b\u0107 4 mm\u00a0<\/span><\/span><\/li>\n<p><\/br><\/p>\n<li class=\"p1\"><span class=\"s1\" style=\"font-family:arial, helvetica, sans-serif;font-size:10pt;\">wykonanie ze stali nierdzewnej<\/span><\/li>\n<p><\/br><\/p>\n<li class=\"p1\"><span class=\"s1\" style=\"font-family:arial, helvetica, sans-serif;font-size:10pt;\">certyfikowana pinceta chirurgiczna<\/span><\/li>\n<p><\/br><\/p>\n<li class=\"p1\"><span class=\"s1\" style=\"font-family:arial, helvetica, sans-serif;font-size:10pt;\">gwarancja producenta<\/span><\/li>\n<p><\/br><\/ul>\n<p><\/br><\/p>\n<h2 class=\"p1\"><span class=\"s1\" style=\"font-size:10pt;font-family:arial, helvetica, sans-serif;\">Zalety korzystania z p\u0119sety do\u00a0wyrywania brwi<\/span><\/h2>\n<p><\/br><\/p>\n<ul><\/br><\/p>\n<li class=\"p1\"><span class=\"s1\" style=\"font-family:arial, helvetica, sans-serif;font-size:10pt;\">wysoka jako\u015b\u0107 wykonania i dobra spr\u0119\u017cysto\u015b\u0107<\/span><\/li>\n<p><\/br><\/p>\n<li class=\"p1\"><span class=\"s1\" style=\"font-family:arial, helvetica, sans-serif;font-size:10pt;\">zapewnia bezpieczne zabiegi kosmetyczne i chirurgiczne<\/span><\/li>\n<p><\/br><\/p>\n<li class=\"p1\"><span class=\"s1\" style=\"font-family:arial, helvetica, sans-serif;font-size:10pt;\">gwarantuje pewny i precyzyjny chwyt podczas zabiegu<span class=\"Apple-converted-space\">\u00a0<\/span><\/span><\/li>\n<p><\/br><\/ul>\n<p><\/br><\/p>\n<p class=\"p1\" style=\"text-align:justify;\"><span class=\"s1\" style=\"font-family:arial, helvetica, sans-serif;font-size:10pt;\">Wyr\u00f3b medyczny z r\u0119cznie szlifowan\u0105 ko\u0144c\u00f3wk\u0105. Charakteryzuje si\u0119 wysok\u0105 jako\u015bci\u0105 wykonania ze stali chirurgicznej. Narz\u0119dzie kupione w sklepie medycznym gwarantuje bezpiecze\u0144stwo w trakcie u\u017cytkowania.<span class=\"Apple-converted-space\">\u00a0<\/span><\/span><\/p>\n","protected":false},"featured_media":807,"comment_status":"closed","ping_status":"open","template":"","meta":[],"product_brand":[],"product_cat":[51],"product_tag":[],"class_list":{"0":"post-2356","1":"product","2":"type-product","3":"status-publish","4":"has-post-thumbnail","6":"product_cat-pesety-i-szczypce","8":"first","9":"instock","10":"product-type-simple"},"_links":{"self":[{"href":"https:\/\/tendosolingen.de\/pl\/wp-json\/wp\/v2\/product\/2356","targetHints":{"allow":["GET"]}}],"collection":[{"href":"https:\/\/tendosolingen.de\/pl\/wp-json\/wp\/v2\/product"}],"about":[{"href":"https:\/\/tendosolingen.de\/pl\/wp-json\/wp\/v2\/types\/product"}],"replies":[{"embeddable":true,"href":"https:\/\/tendosolingen.de\/pl\/wp-json\/wp\/v2\/comments?post=2356"}],"wp:featuredmedia":[{"embeddable":true,"href":"https:\/\/tendosolingen.de\/pl\/wp-json\/wp\/v2\/media\/807"}],"wp:attachment":[{"href":"https:\/\/tendosolingen.de\/pl\/wp-json\/wp\/v2\/media?parent=2356"}],"wp:term":[{"taxonomy":"product_brand","embeddable":true,"href":"https:\/\/tendosolingen.de\/pl\/wp-json\/wp\/v2\/product_brand?post=2356"},{"taxonomy":"product_cat","embeddable":true,"href":"https:\/\/tendosolingen.de\/pl\/wp-json\/wp\/v2\/product_cat?post=2356"},{"taxonomy":"product_tag","embeddable":true,"href":"https:\/\/tendosolingen.de\/pl\/wp-json\/wp\/v2\/product_tag?post=2356"}],"curies":[{"name":"wp","href":"https:\/\/api.w.org\/{rel}","templated":true}]}}