{"id":2355,"date":"2024-04-09T22:38:13","date_gmt":"2024-04-09T20:38:13","guid":{"rendered":"https:\/\/tendosolingen.de\/product\/cazki-do-wycinania-skorek-7mm-ze-stali-nierdzewnej\/"},"modified":"2026-01-09T15:18:04","modified_gmt":"2026-01-09T14:18:04","slug":"cazki-do-wycinania-skorek-7mm-ze-stali-nierdzewnej","status":"publish","type":"product","link":"https:\/\/tendosolingen.de\/pl\/produkt\/cazki-do-wycinania-skorek-7mm-ze-stali-nierdzewnej\/","title":{"rendered":"C\u0105\u017cki do wycinania sk\u00f3rek 7mm ze stali nierdzewnej"},"content":{"rendered":"<p class=\"p1\"><span class=\"s1\"><em>Bardzo dobre c\u0105\u017cki do sk\u00f3rek<\/em> 5 mm o ca\u0142kowitej d\u0142ugo\u015bci 10 cm wykonane <strong>ze stali nierdzewnej<\/strong>. Produkt s\u0142u\u017cy do usuwania sk\u00f3rek podczas zabieg\u00f3w piel\u0119gnacyjnych. Potocznie nazywane jako <em>obc\u0105\u017cki do sk\u00f3rek<\/em>. Zosta\u0142y wykonane zgodnie z niemieckimi standardami produkcji narz\u0119dzi chirurgicznych z wysokiej klasy stali chirurgicznej. Mog\u0105 by\u0107 u\u017cywane zar\u00f3wno do profesjonalnych zabieg\u00f3w w gabinetach kosmetycznych, jak i w domowych warunkach.<span class=\"Apple-converted-space\">\u00a0<\/span><\/span><\/p>\n<p><\/br><\/p>\n<p class=\"p1\"><span class=\"s1\"><span style=\"text-decoration:underline;\">C\u0105\u017cki do obcinania sk\u00f3rek<\/span> przechodz\u0105 proces weryfikacji pod k\u0105tem jako\u015bci szlifu ostrza. S\u0105 produkowane z zachowaniem odpowiedniego poziomu powtarzalno\u015bci i precyzji. Posiadaj\u0105 certyfikat CE oraz roczn\u0105 gwarancj\u0119.<\/span><\/p>\n<p><\/br><\/p>\n<p class=\"p1\"><span class=\"s1\">Narz\u0119dzie jest odpowiednio ostre i dobrze le\u017cy w d\u0142oni. Zawiera bezpieczny mechanizm spr\u0119\u017cynuj\u0105cy oraz elementy nituj\u0105ce. Te elementy narz\u0119dzia gwarantuj\u0105 cich\u0105 prac\u0119 oraz wi\u0119ksz\u0105 trwa\u0142o\u015b\u0107 podczas wycinania sk\u00f3rek. Posiadaj\u0105 wszelkie cechy jakie powinny spe\u0142nia\u0107 narz\u0119dzia do gabinet\u00f3w specjalistycznych.<span class=\"Apple-converted-space\">\u00a0<\/span><\/span><\/p>\n<p><\/br><\/p>\n<h2 class=\"p1\"><span class=\"s1\" style=\"font-size:10pt;\">Parametry narz\u0119dzia<\/span><\/h2>\n<p><\/br><\/p>\n<ul>\n<li class=\"p1\"><span class=\"s1\">nierdzewne, ze stali chirurgicznej<span class=\"Apple-converted-space\">\u00a0<\/span><\/span><\/li>\n<p><\/br><\/p>\n<li class=\"p1\"><span class=\"s1\">d\u0142. 10 cm<span class=\"Apple-converted-space\">\u00a0<\/span><\/span><\/li>\n<p><\/br><\/p>\n<li class=\"p1\"><span class=\"s1\">d\u0142. ostrza 5 mm<\/span><\/li>\n<p><\/br><\/p>\n<li class=\"p1\"><span class=\"s1\">si\u0142a nacisku 22N<\/span><\/li>\n<p><\/br><\/p>\n<li class=\"p1\"><span class=\"s1\">certyfikat CE<span class=\"Apple-converted-space\">\u00a0<\/span><\/span><\/li>\n<p><\/br><\/p>\n<li class=\"p1\"><span class=\"s1\">rok gwarancji<span class=\"Apple-converted-space\">\u00a0<\/span><\/span><\/li>\n<p><\/br><\/ul>\n<h2 class=\"p1\"><span class=\"s1\" style=\"font-size:10pt;\">Zalety produktu<\/span><\/h2>\n<p><\/br><\/p>\n<ul>\n<li class=\"p1\"><span class=\"s1\">wykonane ze stali u\u017cywanej do produkcji narz\u0119dzi chirurgicznych<span class=\"Apple-converted-space\">\u00a0<\/span><\/span><\/li>\n<p><\/br><\/p>\n<li class=\"p1\"><span class=\"s1\">uniwersalne zastosowanie<span class=\"Apple-converted-space\">\u00a0<\/span><\/span><\/li>\n<p><\/br><\/p>\n<li class=\"p1\"><span class=\"s1\">trwa\u0142o\u015b\u0107 i precyzja usuwania nask\u00f3rka<\/span><\/li>\n<p><\/br><\/p>\n<li class=\"p1\"><span class=\"s1\">wysoki stosunek jako\u015bci do ceny<\/span><\/li>\n<p><\/br><\/ul>\n<p class=\"p1\"><span class=\"s1\">Produkt jest wielokrotnego u\u017cytku. Ka\u017cdy zabieg powinien odby\u0107 si\u0119 po dokonaniu dezynfekcji lub sterylizacji narz\u0119dzia. Decyduj\u0105c si\u0119 na zakup produktu w sklepie medycznym, masz gwarancj\u0119 wysokiej jako\u015bci albo zwrotu pieni\u0119dzy. Nasze c\u0105\u017cki do sk\u00f3rek to chirurgiczna precyzja w ka\u017cdym zabiegu kosmetycznym.<span class=\"Apple-converted-space\">\u00a0<\/span><\/span><\/p>\n","protected":false},"excerpt":{"rendered":"<p class=\"p1\"><span class=\"s1\"><em>Bardzo dobre c\u0105\u017cki do sk\u00f3rek<\/em> 5 mm o ca\u0142kowitej d\u0142ugo\u015bci 10 cm wykonane <strong>ze stali nierdzewnej<\/strong>. Produkt s\u0142u\u017cy do usuwania sk\u00f3rek podczas zabieg\u00f3w piel\u0119gnacyjnych. Potocznie nazywane jako <em>obc\u0105\u017cki do sk\u00f3rek<\/em>. Zosta\u0142y wykonane zgodnie z niemieckimi standardami produkcji narz\u0119dzi chirurgicznych z wysokiej klasy stali chirurgicznej. Mog\u0105 by\u0107 u\u017cywane zar\u00f3wno do profesjonalnych zabieg\u00f3w w gabinetach kosmetycznych, jak i w domowych warunkach.<span class=\"Apple-converted-space\">\u00a0<\/span><\/span><\/p>\n<p><\/br><\/p>\n<p class=\"p1\"><span class=\"s1\"><span style=\"text-decoration:underline;\">C\u0105\u017cki do obcinania sk\u00f3rek<\/span> przechodz\u0105 proces weryfikacji pod k\u0105tem jako\u015bci szlifu ostrza. S\u0105 produkowane z zachowaniem odpowiedniego poziomu powtarzalno\u015bci i precyzji. Posiadaj\u0105 certyfikat CE oraz roczn\u0105 gwarancj\u0119.<\/span><\/p>\n<p><\/br><\/p>\n<p class=\"p1\"><span class=\"s1\">Narz\u0119dzie jest odpowiednio ostre i dobrze le\u017cy w d\u0142oni. Zawiera bezpieczny mechanizm spr\u0119\u017cynuj\u0105cy oraz elementy nituj\u0105ce. Te elementy narz\u0119dzia gwarantuj\u0105 cich\u0105 prac\u0119 oraz wi\u0119ksz\u0105 trwa\u0142o\u015b\u0107 podczas wycinania sk\u00f3rek. Posiadaj\u0105 wszelkie cechy jakie powinny spe\u0142nia\u0107 narz\u0119dzia do gabinet\u00f3w specjalistycznych.<span class=\"Apple-converted-space\">\u00a0<\/span><\/span><\/p>\n<p><\/br><\/p>\n<h2 class=\"p1\"><span class=\"s1\" style=\"font-size:10pt;\">Parametry narz\u0119dzia<\/span><\/h2>\n<p><\/br><\/p>\n<ul>\n<li class=\"p1\"><span class=\"s1\">nierdzewne, ze stali chirurgicznej<span class=\"Apple-converted-space\">\u00a0<\/span><\/span><\/li>\n<p><\/br><\/p>\n<li class=\"p1\"><span class=\"s1\">d\u0142. 10 cm<span class=\"Apple-converted-space\">\u00a0<\/span><\/span><\/li>\n<p><\/br><\/p>\n<li class=\"p1\"><span class=\"s1\">d\u0142. ostrza 5 mm<\/span><\/li>\n<p><\/br><\/p>\n<li class=\"p1\"><span class=\"s1\">si\u0142a nacisku 22N<\/span><\/li>\n<p><\/br><\/p>\n<li class=\"p1\"><span class=\"s1\">certyfikat CE<span class=\"Apple-converted-space\">\u00a0<\/span><\/span><\/li>\n<p><\/br><\/p>\n<li class=\"p1\"><span class=\"s1\">rok gwarancji<span class=\"Apple-converted-space\">\u00a0<\/span><\/span><\/li>\n<p><\/br><\/ul>\n<h2 class=\"p1\"><span class=\"s1\" style=\"font-size:10pt;\">Zalety produktu<\/span><\/h2>\n<p><\/br><\/p>\n<ul>\n<li class=\"p1\"><span class=\"s1\">wykonane ze stali u\u017cywanej do produkcji narz\u0119dzi chirurgicznych<span class=\"Apple-converted-space\">\u00a0<\/span><\/span><\/li>\n<p><\/br><\/p>\n<li class=\"p1\"><span class=\"s1\">uniwersalne zastosowanie<span class=\"Apple-converted-space\">\u00a0<\/span><\/span><\/li>\n<p><\/br><\/p>\n<li class=\"p1\"><span class=\"s1\">trwa\u0142o\u015b\u0107 i precyzja usuwania nask\u00f3rka<\/span><\/li>\n<p><\/br><\/p>\n<li class=\"p1\"><span class=\"s1\">wysoki stosunek jako\u015bci do ceny<\/span><\/li>\n<p><\/br><\/ul>\n<p class=\"p1\"><span class=\"s1\">Produkt jest wielokrotnego u\u017cytku. Ka\u017cdy zabieg powinien odby\u0107 si\u0119 po dokonaniu dezynfekcji lub sterylizacji narz\u0119dzia. Decyduj\u0105c si\u0119 na zakup produktu w sklepie medycznym, masz gwarancj\u0119 wysokiej jako\u015bci albo zwrotu pieni\u0119dzy. Nasze c\u0105\u017cki do sk\u00f3rek to chirurgiczna precyzja w ka\u017cdym zabiegu kosmetycznym.<span class=\"Apple-converted-space\">\u00a0<\/span><\/span><\/p>\n","protected":false},"featured_media":803,"comment_status":"closed","ping_status":"closed","template":"","meta":[],"product_brand":[],"product_cat":[183],"product_tag":[],"class_list":{"0":"post-2355","1":"product","2":"type-product","3":"status-publish","4":"has-post-thumbnail","6":"product_cat-cegi-cazki","8":"first","9":"instock","10":"product-type-simple"},"_links":{"self":[{"href":"https:\/\/tendosolingen.de\/pl\/wp-json\/wp\/v2\/product\/2355","targetHints":{"allow":["GET"]}}],"collection":[{"href":"https:\/\/tendosolingen.de\/pl\/wp-json\/wp\/v2\/product"}],"about":[{"href":"https:\/\/tendosolingen.de\/pl\/wp-json\/wp\/v2\/types\/product"}],"replies":[{"embeddable":true,"href":"https:\/\/tendosolingen.de\/pl\/wp-json\/wp\/v2\/comments?post=2355"}],"wp:featuredmedia":[{"embeddable":true,"href":"https:\/\/tendosolingen.de\/pl\/wp-json\/wp\/v2\/media\/803"}],"wp:attachment":[{"href":"https:\/\/tendosolingen.de\/pl\/wp-json\/wp\/v2\/media?parent=2355"}],"wp:term":[{"taxonomy":"product_brand","embeddable":true,"href":"https:\/\/tendosolingen.de\/pl\/wp-json\/wp\/v2\/product_brand?post=2355"},{"taxonomy":"product_cat","embeddable":true,"href":"https:\/\/tendosolingen.de\/pl\/wp-json\/wp\/v2\/product_cat?post=2355"},{"taxonomy":"product_tag","embeddable":true,"href":"https:\/\/tendosolingen.de\/pl\/wp-json\/wp\/v2\/product_tag?post=2355"}],"curies":[{"name":"wp","href":"https:\/\/api.w.org\/{rel}","templated":true}]}}