{"id":2353,"date":"2024-04-09T22:38:13","date_gmt":"2024-04-09T20:38:13","guid":{"rendered":"https:\/\/tendosolingen.de\/product\/szpatulka-kosmetyczna-do-henny-bagietka-195-cm\/"},"modified":"2025-11-06T15:40:17","modified_gmt":"2025-11-06T14:40:17","slug":"szpatulka-kosmetyczna-do-henny-bagietka-195-cm","status":"publish","type":"product","link":"https:\/\/tendosolingen.de\/pl\/produkt\/szpatulka-kosmetyczna-do-henny-bagietka-195-cm\/","title":{"rendered":"Szpatu\u0142ka kosmetyczna do henny bagietka 19,5 cm"},"content":{"rendered":"<p class=\"p1\">Metalowa <strong>szpatu\u0142ka kosmetyczna<\/strong> dwustronna o d\u0142ugo\u015bci 19,5 cm i szeroko\u015bci \u0142opatek 7 mm. Szpatu\u0142ka zosta\u0142a wykonana z medycznej stali nierdzewnej i posiada wszelkie certyfikaty jako\u015bci od producenta precyzyjnych narz\u0119dzi chirurgicznych.<span class=\"Apple-converted-space\">\u00a0<\/span><\/p>\n<p><\/br><\/p>\n<p class=\"p2\"><span class=\"s1\">Uniwersalne narz\u0119dzie kosmetyczne najcz\u0119\u015bciej u\u017cywane <em>do nak\u0142adania henny<\/em> na brwi a tak\u017ce d<em>o precyzyjnej aplikacji akrylu i \u017celu<\/em>. Dwustronne narz\u0119dzie z dwiema \u0142opatkami oraz antypo\u015blizgow\u0105 r\u0119koje\u015bci\u0105 cz\u0119sto nazywane jest potocznie bagietk\u0105 kosmetyczn\u0105 lub bagietk\u0105 do nak\u0142adania henny. <\/span><\/p>\n<p><\/br><\/p>\n<p class=\"p2\"><span class=\"s1\">\u0141opatka kosmetyczna s\u0142u\u017cy r\u00f3wnie\u017c w podologii i kosmetologii do usuwania zmi\u0119kczonego nask\u00f3rka z d\u0142oni oraz pi\u0119ty. Zosta\u0142o wyposa\u017cone w t\u0119pe kraw\u0119dzie dlatego te\u017c mo\u017ce by\u0107 u\u017cywane do manicure i pedicure z diabetykami. Mo\u017ce by\u0107 u\u017cywana r\u00f3wnie\u017c jako <em>szpatu\u0142ka do wosku<\/em>.\u00a0<span style=\"text-decoration:underline;\">Szpatu\u0142ka medyczna<\/span> z certyfikatami CE oraz ISO do wielokrotnego stosowania, dezynfekcji i sterylizacji.<\/span><\/p>\n<p><\/br><\/p>\n<h2 class=\"p2\"><span class=\"s1\" style=\"font-size:10pt;\">Specyfikacja szpatu\u0142ki kosmetycznej<span class=\"Apple-converted-space\">\u00a0<\/span><\/span><\/h2>\n<p><\/br><\/p>\n<ul>\n<li class=\"p2\"><span class=\"s1\">typ <em>nak\u0142adacz do henny<\/em><\/span><\/li>\n<p><\/br><\/p>\n<li class=\"p2\"><span class=\"s1\">d\u0142ugo\u015b\u0107 19,5 cm<span class=\"Apple-converted-space\">\u00a0<\/span><\/span><\/li>\n<p><\/br><\/p>\n<li class=\"p2\"><span class=\"s1\">szeroko\u015b\u0107 \u0142opatek 7 mm<\/span><\/li>\n<p><\/br><\/p>\n<li class=\"p2\"><span class=\"s1\">dwustronna<\/span><\/li>\n<p><\/br><\/p>\n<li class=\"p2\"><span class=\"s1\">certyfikowany wyr\u00f3b medyczny<span class=\"Apple-converted-space\">\u00a0<\/span><\/span><\/li>\n<p><\/br><\/p>\n<li class=\"p2\"><span class=\"s1\">1 szt. w opakowaniu<\/span><\/li>\n<p><\/br><\/ul>\n<h2 class=\"p2\"><span class=\"s1\" style=\"font-size:10pt;\">Zalety korzystania z \u0142opatki kosmetycznej dwustronnej<\/span><\/h2>\n<p><\/br><\/p>\n<ul>\n<li class=\"p2\"><span class=\"s1\">wykonanie ze stali chirurgicznej<\/span><\/li>\n<p><\/br><\/p>\n<li class=\"p2\"><span class=\"s1\">antypo\u015blizgowa i wygodna r\u0119koje\u015b\u0107<span class=\"Apple-converted-space\">\u00a0<\/span><\/span><\/li>\n<p><\/br><\/p>\n<li class=\"p2\"><span class=\"s1\">gwarancja jako\u015bci wykonania<\/span><\/li>\n<p><\/br><\/p>\n<li class=\"p2\"><span class=\"s1\">uniwersalne zastosowanie w kosmetyce i podologii<\/span><\/li>\n<p><\/br><\/ul>\n<p class=\"p2\"><span class=\"s1\">Certyfikowane produkty medyczne zakupione w naszym sklepie spe\u0142niaj\u0105 wysokie wymagania urz\u0119d\u00f3w rejestracji wyrob\u00f3w medycznych. Narz\u0119dzie z gwarancj\u0105 satysfakcji oraz certyfikatami to gwarancja bezpiecze\u0144stwa podczas zabieg\u00f3w kosmetycznych i podologicznych.<span class=\"Apple-converted-space\">\u00a0<\/span><\/span><\/p>\n","protected":false},"excerpt":{"rendered":"<p class=\"p1\">Metalowa <strong>szpatu\u0142ka kosmetyczna<\/strong> dwustronna o d\u0142ugo\u015bci 19,5 cm i szeroko\u015bci \u0142opatek 7 mm. Szpatu\u0142ka zosta\u0142a wykonana z medycznej stali nierdzewnej i posiada wszelkie certyfikaty jako\u015bci od producenta precyzyjnych narz\u0119dzi chirurgicznych.<span class=\"Apple-converted-space\">\u00a0<\/span><\/p>\n<p><\/br><\/p>\n<p class=\"p2\"><span class=\"s1\">Uniwersalne narz\u0119dzie kosmetyczne najcz\u0119\u015bciej u\u017cywane <em>do nak\u0142adania henny<\/em> na brwi a tak\u017ce d<em>o precyzyjnej aplikacji akrylu i \u017celu<\/em>. Dwustronne narz\u0119dzie z dwiema \u0142opatkami oraz antypo\u015blizgow\u0105 r\u0119koje\u015bci\u0105 cz\u0119sto nazywane jest potocznie bagietk\u0105 kosmetyczn\u0105 lub bagietk\u0105 do nak\u0142adania henny. <\/span><\/p>\n<p><\/br><\/p>\n<p class=\"p2\"><span class=\"s1\">\u0141opatka kosmetyczna s\u0142u\u017cy r\u00f3wnie\u017c w podologii i kosmetologii do usuwania zmi\u0119kczonego nask\u00f3rka z d\u0142oni oraz pi\u0119ty. Zosta\u0142o wyposa\u017cone w t\u0119pe kraw\u0119dzie dlatego te\u017c mo\u017ce by\u0107 u\u017cywane do manicure i pedicure z diabetykami. Mo\u017ce by\u0107 u\u017cywana r\u00f3wnie\u017c jako <em>szpatu\u0142ka do wosku<\/em>.\u00a0<span style=\"text-decoration:underline;\">Szpatu\u0142ka medyczna<\/span> z certyfikatami CE oraz ISO do wielokrotnego stosowania, dezynfekcji i sterylizacji.<\/span><\/p>\n<p><\/br><\/p>\n<h2 class=\"p2\"><span class=\"s1\" style=\"font-size:10pt;\">Specyfikacja szpatu\u0142ki kosmetycznej<span class=\"Apple-converted-space\">\u00a0<\/span><\/span><\/h2>\n<p><\/br><\/p>\n<ul>\n<li class=\"p2\"><span class=\"s1\">typ <em>nak\u0142adacz do henny<\/em><\/span><\/li>\n<p><\/br><\/p>\n<li class=\"p2\"><span class=\"s1\">d\u0142ugo\u015b\u0107 19,5 cm<span class=\"Apple-converted-space\">\u00a0<\/span><\/span><\/li>\n<p><\/br><\/p>\n<li class=\"p2\"><span class=\"s1\">szeroko\u015b\u0107 \u0142opatek 7 mm<\/span><\/li>\n<p><\/br><\/p>\n<li class=\"p2\"><span class=\"s1\">dwustronna<\/span><\/li>\n<p><\/br><\/p>\n<li class=\"p2\"><span class=\"s1\">certyfikowany wyr\u00f3b medyczny<span class=\"Apple-converted-space\">\u00a0<\/span><\/span><\/li>\n<p><\/br><\/p>\n<li class=\"p2\"><span class=\"s1\">1 szt. w opakowaniu<\/span><\/li>\n<p><\/br><\/ul>\n<h2 class=\"p2\"><span class=\"s1\" style=\"font-size:10pt;\">Zalety korzystania z \u0142opatki kosmetycznej dwustronnej<\/span><\/h2>\n<p><\/br><\/p>\n<ul>\n<li class=\"p2\"><span class=\"s1\">wykonanie ze stali chirurgicznej<\/span><\/li>\n<p><\/br><\/p>\n<li class=\"p2\"><span class=\"s1\">antypo\u015blizgowa i wygodna r\u0119koje\u015b\u0107<span class=\"Apple-converted-space\">\u00a0<\/span><\/span><\/li>\n<p><\/br><\/p>\n<li class=\"p2\"><span class=\"s1\">gwarancja jako\u015bci wykonania<\/span><\/li>\n<p><\/br><\/p>\n<li class=\"p2\"><span class=\"s1\">uniwersalne zastosowanie w kosmetyce i podologii<\/span><\/li>\n<p><\/br><\/ul>\n<p class=\"p2\"><span class=\"s1\">Certyfikowane produkty medyczne zakupione w naszym sklepie spe\u0142niaj\u0105 wysokie wymagania urz\u0119d\u00f3w rejestracji wyrob\u00f3w medycznych. Narz\u0119dzie z gwarancj\u0105 satysfakcji oraz certyfikatami to gwarancja bezpiecze\u0144stwa podczas zabieg\u00f3w kosmetycznych i podologicznych.<span class=\"Apple-converted-space\">\u00a0<\/span><\/span><\/p>\n","protected":false},"featured_media":795,"comment_status":"closed","ping_status":"open","template":"","meta":[],"product_brand":[],"product_cat":[51],"product_tag":[],"class_list":{"0":"post-2353","1":"product","2":"type-product","3":"status-publish","4":"has-post-thumbnail","6":"product_cat-pesety-i-szczypce","8":"first","9":"instock","10":"product-type-simple"},"_links":{"self":[{"href":"https:\/\/tendosolingen.de\/pl\/wp-json\/wp\/v2\/product\/2353","targetHints":{"allow":["GET"]}}],"collection":[{"href":"https:\/\/tendosolingen.de\/pl\/wp-json\/wp\/v2\/product"}],"about":[{"href":"https:\/\/tendosolingen.de\/pl\/wp-json\/wp\/v2\/types\/product"}],"replies":[{"embeddable":true,"href":"https:\/\/tendosolingen.de\/pl\/wp-json\/wp\/v2\/comments?post=2353"}],"wp:featuredmedia":[{"embeddable":true,"href":"https:\/\/tendosolingen.de\/pl\/wp-json\/wp\/v2\/media\/795"}],"wp:attachment":[{"href":"https:\/\/tendosolingen.de\/pl\/wp-json\/wp\/v2\/media?parent=2353"}],"wp:term":[{"taxonomy":"product_brand","embeddable":true,"href":"https:\/\/tendosolingen.de\/pl\/wp-json\/wp\/v2\/product_brand?post=2353"},{"taxonomy":"product_cat","embeddable":true,"href":"https:\/\/tendosolingen.de\/pl\/wp-json\/wp\/v2\/product_cat?post=2353"},{"taxonomy":"product_tag","embeddable":true,"href":"https:\/\/tendosolingen.de\/pl\/wp-json\/wp\/v2\/product_tag?post=2353"}],"curies":[{"name":"wp","href":"https:\/\/api.w.org\/{rel}","templated":true}]}}