{"id":2349,"date":"2024-04-09T22:38:09","date_gmt":"2024-04-09T20:38:09","guid":{"rendered":"https:\/\/tendosolingen.de\/product\/sonda-do-paznokci-z-koncowka-podluzna-kosmetyczna-standard-premium-premium-rozmiar-05-mm\/"},"modified":"2025-11-06T15:40:17","modified_gmt":"2025-11-06T14:40:17","slug":"sonda-do-paznokci-z-koncowka-podluzna-kosmetyczna-standard-premium-premium-rozmiar-05-mm","status":"publish","type":"product","link":"https:\/\/tendosolingen.de\/pl\/produkt\/sonda-do-paznokci-z-koncowka-podluzna-kosmetyczna-standard-premium-premium-rozmiar-05-mm\/","title":{"rendered":"Sonda do paznokci z ko\u0144c\u00f3wk\u0105 pod\u0142u\u017cn\u0105 kosmetyczna Standard\/Premium: Premium, Rozmiar: 0,5 mm"},"content":{"rendered":"<p class=\"p1\">Dobrej jako\u015bci\u00a0<em>ekskawator do paznokci<\/em>\u00a0z nierdzewnej stali, kt\u00f3ra jest u\u017cywana do produkcji wyrob\u00f3w medycznych dla stomatolog\u00f3w i chirurg\u00f3w. <strong>Sonda do czyszczenia paznokci<\/strong>\u00a0s\u0142u\u017cy g\u0142\u00f3wnie <em>w kosmetyce<\/em> i podologii do usuwania wa\u0142\u00f3w paznokciowych.\u00a0Mo\u017ce by\u0107 u\u017cywany w trakcie zabieg\u00f3w z wrastaj\u0105cymi paznokciami a tak\u017ce w trakcie precyzyjnych zabieg\u00f3w rekonstrukcji paznokcia. Mo\u017ce by\u0107 r\u00f3wnie\u017c wykorzystywany w szeroko rozumianej kosmetologii. Produkt posiada dwie pod\u0142u\u017cne ko\u0144c\u00f3wki 1,5 mm. Jest przygotowany do sterylizacji w autoklawach oraz sterylizatorach kulkowych. Posiada mi\u0119dzynarodowe certyfikaty.\u00a0<\/p>\n<p><\/br><\/p>\n<h2 class=\"p1\"><span class=\"s1\" style=\"font-size:10pt;\">Opis\u00a0ekskawatora do paznokci<\/span><\/h2>\n<p><\/br><\/p>\n<ul>\n<li class=\"p1\"><span class=\"s1\">typ <span style=\"text-decoration:underline;\">bagietka kosmetyczna<\/span><\/span><\/li>\n<p><\/br><\/p>\n<li class=\"p1\"><span class=\"s1\">pod\u0142u\u017cne ko\u0144c\u00f3wki 1,5 mm<span class=\"Apple-converted-space\">\u00a0<\/span><\/span><\/li>\n<p><\/br><\/p>\n<li class=\"p1\"><span class=\"s1\">dwustronny<\/span><\/li>\n<p><\/br><\/p>\n<li class=\"p1\"><span class=\"s1\">w opakowaniu<\/span><\/li>\n<p><\/br><\/p>\n<li class=\"p1\"><span class=\"s1\">certyfikowany CE<\/span><\/li>\n<p><\/br><\/p>\n<li class=\"p1\">z gwarancj\u0105 jako\u015bci<\/li>\n<p><\/br><\/ul>\n<h2 class=\"p1\"><span class=\"s1\" style=\"font-size:10pt;\">Zalety\u00a0wykorzystywania\u00a0ekskawatora w kosmetyce<span class=\"Apple-converted-space\">\u00a0<\/span><\/span><\/h2>\n<p><\/br><\/p>\n<ul>\n<li class=\"p1\"><span class=\"s1\">uniwersalne narz\u0119dzie w podologii i kosmetologii<\/span><\/li>\n<p><\/br><\/p>\n<li class=\"p1\"><span class=\"s1\">wyposa\u017cone w dwie uzupe\u0142niaj\u0105ce si\u0119 ko\u0144c\u00f3wki (na praw\u0105 i lew\u0105 stron\u0119)<\/span><\/li>\n<p><\/br><\/p>\n<li class=\"p1\">nierdzewny wyr\u00f3b medyczny\u00a0<\/li>\n<p><\/br><\/p>\n<li class=\"p1\">do sterylizacji i dezynfekcji<\/li>\n<p><\/br><\/ul>\n<p class=\"p1\"><span class=\"s1\">Produkt\u00a0otrzyma\u0142 certyfikaty dopuszczenia na rynek Unii Europejskiej (CE oraz ISO). Narz\u0119dzie nie pochodzi z masowej produkcji a jako\u015b\u0107 jest potwierdzona przez producenta narz\u0119dzi dla lekarzy specjalist\u00f3w. Wysoka jako\u015b\u0107 materia\u0142\u00f3w u\u017cytych do produkcji to gwarancja bezpiecze\u0144stwa, trwa\u0142o\u015bci i komfortu pracy.\u00a0<\/span><\/p>\n","protected":false},"excerpt":{"rendered":"<p class=\"p1\">Dobrej jako\u015bci\u00a0<em>ekskawator do paznokci<\/em>\u00a0z nierdzewnej stali, kt\u00f3ra jest u\u017cywana do produkcji wyrob\u00f3w medycznych dla stomatolog\u00f3w i chirurg\u00f3w. <strong>Sonda do czyszczenia paznokci<\/strong>\u00a0s\u0142u\u017cy g\u0142\u00f3wnie <em>w kosmetyce<\/em> i podologii do usuwania wa\u0142\u00f3w paznokciowych.\u00a0Mo\u017ce by\u0107 u\u017cywany w trakcie zabieg\u00f3w z wrastaj\u0105cymi paznokciami a tak\u017ce w trakcie precyzyjnych zabieg\u00f3w rekonstrukcji paznokcia. Mo\u017ce by\u0107 r\u00f3wnie\u017c wykorzystywany w szeroko rozumianej kosmetologii. Produkt posiada dwie pod\u0142u\u017cne ko\u0144c\u00f3wki 1,5 mm. Jest przygotowany do sterylizacji w autoklawach oraz sterylizatorach kulkowych. Posiada mi\u0119dzynarodowe certyfikaty.\u00a0<\/p>\n<p><\/br><\/p>\n<h2 class=\"p1\"><span class=\"s1\" style=\"font-size:10pt;\">Opis\u00a0ekskawatora do paznokci<\/span><\/h2>\n<p><\/br><\/p>\n<ul>\n<li class=\"p1\"><span class=\"s1\">typ <span style=\"text-decoration:underline;\">bagietka kosmetyczna<\/span><\/span><\/li>\n<p><\/br><\/p>\n<li class=\"p1\"><span class=\"s1\">pod\u0142u\u017cne ko\u0144c\u00f3wki 1,5 mm<span class=\"Apple-converted-space\">\u00a0<\/span><\/span><\/li>\n<p><\/br><\/p>\n<li class=\"p1\"><span class=\"s1\">dwustronny<\/span><\/li>\n<p><\/br><\/p>\n<li class=\"p1\"><span class=\"s1\">w opakowaniu<\/span><\/li>\n<p><\/br><\/p>\n<li class=\"p1\"><span class=\"s1\">certyfikowany CE<\/span><\/li>\n<p><\/br><\/p>\n<li class=\"p1\">z gwarancj\u0105 jako\u015bci<\/li>\n<p><\/br><\/ul>\n<h2 class=\"p1\"><span class=\"s1\" style=\"font-size:10pt;\">Zalety\u00a0wykorzystywania\u00a0ekskawatora w kosmetyce<span class=\"Apple-converted-space\">\u00a0<\/span><\/span><\/h2>\n<p><\/br><\/p>\n<ul>\n<li class=\"p1\"><span class=\"s1\">uniwersalne narz\u0119dzie w podologii i kosmetologii<\/span><\/li>\n<p><\/br><\/p>\n<li class=\"p1\"><span class=\"s1\">wyposa\u017cone w dwie uzupe\u0142niaj\u0105ce si\u0119 ko\u0144c\u00f3wki (na praw\u0105 i lew\u0105 stron\u0119)<\/span><\/li>\n<p><\/br><\/p>\n<li class=\"p1\">nierdzewny wyr\u00f3b medyczny\u00a0<\/li>\n<p><\/br><\/p>\n<li class=\"p1\">do sterylizacji i dezynfekcji<\/li>\n<p><\/br><\/ul>\n<p class=\"p1\"><span class=\"s1\">Produkt\u00a0otrzyma\u0142 certyfikaty dopuszczenia na rynek Unii Europejskiej (CE oraz ISO). Narz\u0119dzie nie pochodzi z masowej produkcji a jako\u015b\u0107 jest potwierdzona przez producenta narz\u0119dzi dla lekarzy specjalist\u00f3w. Wysoka jako\u015b\u0107 materia\u0142\u00f3w u\u017cytych do produkcji to gwarancja bezpiecze\u0144stwa, trwa\u0142o\u015bci i komfortu pracy.\u00a0<\/span><\/p>\n","protected":false},"featured_media":777,"comment_status":"closed","ping_status":"open","template":"","meta":[],"product_brand":[],"product_cat":[50],"product_tag":[],"class_list":{"0":"post-2349","1":"product","2":"type-product","3":"status-publish","4":"has-post-thumbnail","6":"product_cat-narzedzia-podologiczne-pl","8":"first","9":"instock","10":"product-type-simple"},"_links":{"self":[{"href":"https:\/\/tendosolingen.de\/pl\/wp-json\/wp\/v2\/product\/2349","targetHints":{"allow":["GET"]}}],"collection":[{"href":"https:\/\/tendosolingen.de\/pl\/wp-json\/wp\/v2\/product"}],"about":[{"href":"https:\/\/tendosolingen.de\/pl\/wp-json\/wp\/v2\/types\/product"}],"replies":[{"embeddable":true,"href":"https:\/\/tendosolingen.de\/pl\/wp-json\/wp\/v2\/comments?post=2349"}],"wp:featuredmedia":[{"embeddable":true,"href":"https:\/\/tendosolingen.de\/pl\/wp-json\/wp\/v2\/media\/777"}],"wp:attachment":[{"href":"https:\/\/tendosolingen.de\/pl\/wp-json\/wp\/v2\/media?parent=2349"}],"wp:term":[{"taxonomy":"product_brand","embeddable":true,"href":"https:\/\/tendosolingen.de\/pl\/wp-json\/wp\/v2\/product_brand?post=2349"},{"taxonomy":"product_cat","embeddable":true,"href":"https:\/\/tendosolingen.de\/pl\/wp-json\/wp\/v2\/product_cat?post=2349"},{"taxonomy":"product_tag","embeddable":true,"href":"https:\/\/tendosolingen.de\/pl\/wp-json\/wp\/v2\/product_tag?post=2349"}],"curies":[{"name":"wp","href":"https:\/\/api.w.org\/{rel}","templated":true}]}}