{"id":2342,"date":"2024-04-09T22:38:09","date_gmt":"2024-04-09T20:38:09","guid":{"rendered":"https:\/\/tendosolingen.de\/product\/ekskawator-do-paznokci-kosmetyczny-z-okragla-koncowka-standard-premium-standard-rozmiar-05-mm\/"},"modified":"2026-01-09T19:58:04","modified_gmt":"2026-01-09T18:58:04","slug":"ekskawator-do-paznokci-kosmetyczny-z-okragla-koncowka-standard-premium-standard-rozmiar-05-mm","status":"publish","type":"product","link":"https:\/\/tendosolingen.de\/pl\/produkt\/ekskawator-do-paznokci-kosmetyczny-z-okragla-koncowka-standard-premium-standard-rozmiar-05-mm\/","title":{"rendered":"Ekskawator do paznokci kosmetyczny z okr\u0105g\u0142\u0105 ko\u0144c\u00f3wk\u0105 Standard\/Premium: Standard, Rozmiar: 0,5 mm"},"content":{"rendered":"<p class=\"p1\"><span class=\"s1\"><em>Ekskawator do paznokci<\/em> wykonany ze stali chirurgicznej u\u017cywanej do produkcji narz\u0119dzi stomatologicznych i chirurgicznych. Narz\u0119dzie u\u017cywane <span style=\"text-decoration:underline;\">w kosmetyce<\/span> do oczyszczania wa\u0142\u00f3w paznokciowych podczas zabieg\u00f3w podologicznych z wrastaj\u0105cymi paznokciami. Mo\u017ce tak\u017ce s\u0142u\u017cy\u0107 r\u00f3wnie\u017c do precyzyjnego nak\u0142adania i formowania mas do rekonstrukcji paznokci. <strong>Sonda kosmetyczna<\/strong>\u00a0posiada dwie okr\u0105g\u0142e ko\u0144c\u00f3wki o \u015brednicy 1,5 mm. Mo\u017ce by\u0107 sterylizowane w autoklawach i sterylizatorze kulkowym. Otrzyma\u0142 mi\u0119dzynarodowe certyfikaty.<span class=\"Apple-converted-space\">\u00a0<\/span><\/span><\/p>\n<p><\/br><\/p>\n<h2 class=\"p1\"><span class=\"s1\" style=\"font-size:10pt;\">Parametry\u00a0sondy kosmetycznej\u00a0do paznokci<\/span><\/h2>\n<p><\/br><\/p>\n<ul><\/br><\/p>\n<li class=\"p1\"><span class=\"s1\">typ <strong>wydr\u0105\u017cacz<\/strong><\/span><\/li>\n<p><\/br><\/p>\n<li class=\"p1\"><span class=\"s1\">\u015brednica ko\u0144c\u00f3wek 1,5 mm<span class=\"Apple-converted-space\">\u00a0<\/span><\/span><\/li>\n<p><\/br><\/p>\n<li class=\"p1\"><span class=\"s1\">dwustronny<\/span><\/li>\n<p><\/br><\/p>\n<li class=\"p1\"><span class=\"s1\">1 szt. w opakowaniu<\/span><\/li>\n<p><\/br><\/p>\n<li class=\"p1\"><span class=\"s1\">certyfikowany<\/span><\/li>\n<p><\/br><\/p>\n<li class=\"p1\"><span class=\"s1\">gwarancja jako\u015bci<\/span><\/li>\n<p><\/br><\/ul>\n<p><\/br><\/p>\n<h2 class=\"p1\"><span class=\"s1\" style=\"font-size:10pt;\">Zalety korzystania z ekskawatora w kosmetyce<span class=\"Apple-converted-space\">\u00a0<\/span><\/span><\/h2>\n<p><\/br><\/p>\n<ul><\/br><\/p>\n<li class=\"p1\"><span class=\"s1\">dobrze sprawdza si\u0119 w trakcie zabieg\u00f3w podologicznych<\/span><\/li>\n<p><\/br><\/p>\n<li class=\"p1\"><span class=\"s1\">posiada dwie wygodne ko\u0144c\u00f3wki<\/span><\/li>\n<p><\/br><\/p>\n<li class=\"p1\"><span class=\"s1\">wykonanie ze stali chirurgicznej<\/span><\/li>\n<p><\/br><\/p>\n<li class=\"p1\"><span class=\"s1\">wyr\u00f3b medyczny<\/span><\/li>\n<p><\/br><\/p>\n<li class=\"p1\"><span class=\"s1\">przeznaczony do dezynfekcji i sterylizacji<\/span><\/li>\n<p><\/br><\/ul>\n<p><\/br><\/p>\n<p class=\"p1\"><span class=\"s1\">Narz\u0119dzie otrzyma\u0142o certyfikaty dopuszczenia na rynek Unii Europejskiej. Jako\u015b\u0107 narz\u0119dzia jest gwarantowana przez producenta wyrob\u00f3w medycznych. Wysoka klasa stali nierdzewnej u\u017cytej do produkcji tego narz\u0119dzia zapewnia trwa\u0142o\u015b\u0107 i niezawodno\u015b\u0107 w trakcie zabieg\u00f3w i operacji.<\/span><\/p>\n","protected":false},"excerpt":{"rendered":"<p class=\"p1\"><span class=\"s1\"><em>Ekskawator do paznokci<\/em> wykonany ze stali chirurgicznej u\u017cywanej do produkcji narz\u0119dzi stomatologicznych i chirurgicznych. Narz\u0119dzie u\u017cywane <span style=\"text-decoration:underline;\">w kosmetyce<\/span> do oczyszczania wa\u0142\u00f3w paznokciowych podczas zabieg\u00f3w podologicznych z wrastaj\u0105cymi paznokciami. Mo\u017ce tak\u017ce s\u0142u\u017cy\u0107 r\u00f3wnie\u017c do precyzyjnego nak\u0142adania i formowania mas do rekonstrukcji paznokci. <strong>Sonda kosmetyczna<\/strong>\u00a0posiada dwie okr\u0105g\u0142e ko\u0144c\u00f3wki o \u015brednicy 1,5 mm. Mo\u017ce by\u0107 sterylizowane w autoklawach i sterylizatorze kulkowym. Otrzyma\u0142 mi\u0119dzynarodowe certyfikaty.<span class=\"Apple-converted-space\">\u00a0<\/span><\/span><\/p>\n<p><\/br><\/p>\n<h2 class=\"p1\"><span class=\"s1\" style=\"font-size:10pt;\">Parametry\u00a0sondy kosmetycznej\u00a0do paznokci<\/span><\/h2>\n<p><\/br><\/p>\n<ul><\/br><\/p>\n<li class=\"p1\"><span class=\"s1\">typ <strong>wydr\u0105\u017cacz<\/strong><\/span><\/li>\n<p><\/br><\/p>\n<li class=\"p1\"><span class=\"s1\">\u015brednica ko\u0144c\u00f3wek 1,5 mm<span class=\"Apple-converted-space\">\u00a0<\/span><\/span><\/li>\n<p><\/br><\/p>\n<li class=\"p1\"><span class=\"s1\">dwustronny<\/span><\/li>\n<p><\/br><\/p>\n<li class=\"p1\"><span class=\"s1\">1 szt. w opakowaniu<\/span><\/li>\n<p><\/br><\/p>\n<li class=\"p1\"><span class=\"s1\">certyfikowany<\/span><\/li>\n<p><\/br><\/p>\n<li class=\"p1\"><span class=\"s1\">gwarancja jako\u015bci<\/span><\/li>\n<p><\/br><\/ul>\n<p><\/br><\/p>\n<h2 class=\"p1\"><span class=\"s1\" style=\"font-size:10pt;\">Zalety korzystania z ekskawatora w kosmetyce<span class=\"Apple-converted-space\">\u00a0<\/span><\/span><\/h2>\n<p><\/br><\/p>\n<ul><\/br><\/p>\n<li class=\"p1\"><span class=\"s1\">dobrze sprawdza si\u0119 w trakcie zabieg\u00f3w podologicznych<\/span><\/li>\n<p><\/br><\/p>\n<li class=\"p1\"><span class=\"s1\">posiada dwie wygodne ko\u0144c\u00f3wki<\/span><\/li>\n<p><\/br><\/p>\n<li class=\"p1\"><span class=\"s1\">wykonanie ze stali chirurgicznej<\/span><\/li>\n<p><\/br><\/p>\n<li class=\"p1\"><span class=\"s1\">wyr\u00f3b medyczny<\/span><\/li>\n<p><\/br><\/p>\n<li class=\"p1\"><span class=\"s1\">przeznaczony do dezynfekcji i sterylizacji<\/span><\/li>\n<p><\/br><\/ul>\n<p><\/br><\/p>\n<p class=\"p1\"><span class=\"s1\">Narz\u0119dzie otrzyma\u0142o certyfikaty dopuszczenia na rynek Unii Europejskiej. Jako\u015b\u0107 narz\u0119dzia jest gwarantowana przez producenta wyrob\u00f3w medycznych. Wysoka klasa stali nierdzewnej u\u017cytej do produkcji tego narz\u0119dzia zapewnia trwa\u0142o\u015b\u0107 i niezawodno\u015b\u0107 w trakcie zabieg\u00f3w i operacji.<\/span><\/p>\n","protected":false},"featured_media":768,"comment_status":"closed","ping_status":"closed","template":"","meta":[],"product_brand":[],"product_cat":[47],"product_tag":[],"class_list":{"0":"post-2342","1":"product","2":"type-product","3":"status-publish","4":"has-post-thumbnail","6":"product_cat-dluta-i-kopytka-ekskawatory","8":"first","9":"instock","10":"product-type-simple"},"_links":{"self":[{"href":"https:\/\/tendosolingen.de\/pl\/wp-json\/wp\/v2\/product\/2342","targetHints":{"allow":["GET"]}}],"collection":[{"href":"https:\/\/tendosolingen.de\/pl\/wp-json\/wp\/v2\/product"}],"about":[{"href":"https:\/\/tendosolingen.de\/pl\/wp-json\/wp\/v2\/types\/product"}],"replies":[{"embeddable":true,"href":"https:\/\/tendosolingen.de\/pl\/wp-json\/wp\/v2\/comments?post=2342"}],"wp:featuredmedia":[{"embeddable":true,"href":"https:\/\/tendosolingen.de\/pl\/wp-json\/wp\/v2\/media\/768"}],"wp:attachment":[{"href":"https:\/\/tendosolingen.de\/pl\/wp-json\/wp\/v2\/media?parent=2342"}],"wp:term":[{"taxonomy":"product_brand","embeddable":true,"href":"https:\/\/tendosolingen.de\/pl\/wp-json\/wp\/v2\/product_brand?post=2342"},{"taxonomy":"product_cat","embeddable":true,"href":"https:\/\/tendosolingen.de\/pl\/wp-json\/wp\/v2\/product_cat?post=2342"},{"taxonomy":"product_tag","embeddable":true,"href":"https:\/\/tendosolingen.de\/pl\/wp-json\/wp\/v2\/product_tag?post=2342"}],"curies":[{"name":"wp","href":"https:\/\/api.w.org\/{rel}","templated":true}]}}