{"id":2337,"date":"2024-04-09T22:38:09","date_gmt":"2024-04-09T20:38:09","guid":{"rendered":"https:\/\/tendosolingen.de\/product\/nozyczki-do-paznokci-solingen-9-cm-kosmetyczne-proste-ze-stali-chirurgicznej\/"},"modified":"2025-11-06T15:40:18","modified_gmt":"2025-11-06T14:40:18","slug":"nozyczki-do-paznokci-solingen-9-cm-kosmetyczne-proste-ze-stali-chirurgicznej","status":"publish","type":"product","link":"https:\/\/tendosolingen.de\/pl\/produkt\/nozyczki-do-paznokci-solingen-9-cm-kosmetyczne-proste-ze-stali-chirurgicznej\/","title":{"rendered":"No\u017cyczki do paznokci Solingen 9 cm kosmetyczne proste ze stali chirurgicznej"},"content":{"rendered":"<p class=\"p1\" style=\"text-align:justify;\"><span style=\"font-family:arial, helvetica, sans-serif;font-size:10pt;\">Bardzo <em>dobre no\u017cyczki chirurgiczne do paznokci<\/em>\u00a0<strong>Solingen<\/strong> wykonane <span style=\"text-decoration:underline;\">ze stali chirurgicznej<\/span> (stainless steel). Ma\u0142e no\u017cyczki do paznokci maj\u0105 d\u0142ugo\u015b\u0107 9 cm, posiadaj\u0105 proste ostrze i mog\u0105 by\u0107 przeznaczone do obcinania paznokci u n\u00f3g i r\u0105k. No\u017cyczki s\u0142u\u017c\u0105 do okresowej piel\u0119gnacji paznokci w domowych warunkach. Dzi\u0119ki zastosowaniu stali nierdzewnej do produkcji narz\u0119dzie jest mocne, przeznaczone do wielokrotnego u\u017cytku i dezynfekcji.<\/span><\/p>\n<p><\/br><\/p>\n<p class=\"p1\" style=\"text-align:justify;\"><span style=\"font-family:arial, helvetica, sans-serif;font-size:10pt;\">Narz\u0119dzie posiada certyfikaty, jest bezpieczne i ergonomiczne. Zosta\u0142o wykonane z wysokostopowej stali u\u017cywanej do produkcji narz\u0119dzi stomatologicznych i chirurgicznych w przeciwie\u0144stwie do metalowych odpowiednik\u00f3w. Nie pochodzi z masowej produkcji, dlatego charakteryzuje si\u0119 bardzo dobr\u0105 jako\u015bci\u0105 wykonania.<span class=\"Apple-converted-space\">\u00a0<\/span><\/span><\/p>\n<p><\/br><\/p>\n<h2 class=\"p1\" style=\"text-align:justify;\"><span class=\"s1\" style=\"font-size:10pt;font-family:arial, helvetica, sans-serif;\">Parametry produktu<\/span><\/h2>\n<p><\/br><\/p>\n<ul style=\"text-align:justify;\"><\/br><\/p>\n<li class=\"p1\"><span class=\"s1\" style=\"font-family:arial, helvetica, sans-serif;font-size:10pt;\">model: proste i cienkie, medyczno-kosmetyczne<\/span><\/li>\n<p><\/br><\/p>\n<li class=\"p1\"><span class=\"s1\" style=\"font-family:arial, helvetica, sans-serif;font-size:10pt;\">typ: Iris<\/span><\/li>\n<p><\/br><\/p>\n<li class=\"p1\"><span class=\"s1\" style=\"font-family:arial, helvetica, sans-serif;font-size:10pt;\">d\u0142ugo\u015b\u0107 ca\u0142kowita: 9 cm<\/span><\/li>\n<p><\/br><\/p>\n<li class=\"p1\"><span style=\"font-family:arial, helvetica, sans-serif;font-size:10pt;\">\u015brednica oczka: 10 mm<\/span><\/li>\n<p><\/br><\/p>\n<li class=\"p1\"><span class=\"s1\" style=\"font-family:arial, helvetica, sans-serif;font-size:10pt;\">d\u0142ugo\u015b\u0107 ostrza: 2,2 cm<\/span><\/li>\n<p><\/br><\/p>\n<li class=\"p1\"><span class=\"s1\" style=\"font-family:arial, helvetica, sans-serif;font-size:10pt;\">gwarancja: 1 rok<\/span><\/li>\n<p><\/br><\/p>\n<li class=\"p1\"><span class=\"s1\" style=\"font-family:arial, helvetica, sans-serif;font-size:10pt;\">certyfikat CE, ISO<\/span><\/li>\n<p><\/br><\/p>\n<li class=\"p1\"><span class=\"s1\" style=\"font-family:arial, helvetica, sans-serif;font-size:10pt;\">materia\u0142: stal nierdzewna<\/span><\/li>\n<p><\/br><\/ul>\n<p><\/br><\/p>\n<h2 class=\"p2\" style=\"text-align:justify;\"><span style=\"font-size:10pt;font-family:arial, helvetica, sans-serif;\">Zalety korzystania z produktu<\/span><\/h2>\n<p><\/br><\/p>\n<ul style=\"text-align:justify;\"><\/br><\/p>\n<li class=\"p1\"><span class=\"s1\" style=\"font-family:arial, helvetica, sans-serif;font-size:10pt;\">lekkie i wygodne w u\u017cyciu<\/span><\/li>\n<p><\/br><\/p>\n<li class=\"p1\"><span class=\"s1\" style=\"font-family:arial, helvetica, sans-serif;font-size:10pt;\">dobre do obcinania paznokci<span class=\"Apple-converted-space\">\u00a0<\/span><\/span><\/li>\n<p><\/br><\/p>\n<li class=\"p1\"><span class=\"s1\" style=\"font-family:arial, helvetica, sans-serif;font-size:10pt;\">wysoka jako\u015b\u0107 wykonania<\/span><\/li>\n<p><\/br><\/ul>\n<p><\/br><\/p>\n<p class=\"p1\" style=\"text-align:justify;\"><span class=\"s1\" style=\"font-family:arial, helvetica, sans-serif;font-size:10pt;\"><em>No\u017cyczki do paznokci<\/em> s\u0105 obj\u0119te gwarancj\u0105 producenta narz\u0119dzi chirurgicznych. Je\u015bli wahasz si\u0119 jakie i gdzie kupi\u0107 no\u017cyczki do paznokci we\u017a pod uwag\u0119, \u017ce kupuj\u0105c produkty w sklepie medycznym masz gwarancj\u0119 bezpiecze\u0144stwa i jako\u015bci. Narz\u0119dzie posiada certyfikaty <strong>ISO 9001:2008 i CE<\/strong>. Przed rozpocz\u0119ciem u\u017cytkowania warto dokona\u0107 podstawowej dezynfekcji.<\/span><\/p>\n","protected":false},"excerpt":{"rendered":"<p class=\"p1\" style=\"text-align:justify;\"><span style=\"font-family:arial, helvetica, sans-serif;font-size:10pt;\">Bardzo <em>dobre no\u017cyczki chirurgiczne do paznokci<\/em>\u00a0<strong>Solingen<\/strong> wykonane <span style=\"text-decoration:underline;\">ze stali chirurgicznej<\/span> (stainless steel). Ma\u0142e no\u017cyczki do paznokci maj\u0105 d\u0142ugo\u015b\u0107 9 cm, posiadaj\u0105 proste ostrze i mog\u0105 by\u0107 przeznaczone do obcinania paznokci u n\u00f3g i r\u0105k. No\u017cyczki s\u0142u\u017c\u0105 do okresowej piel\u0119gnacji paznokci w domowych warunkach. Dzi\u0119ki zastosowaniu stali nierdzewnej do produkcji narz\u0119dzie jest mocne, przeznaczone do wielokrotnego u\u017cytku i dezynfekcji.<\/span><\/p>\n<p><\/br><\/p>\n<p class=\"p1\" style=\"text-align:justify;\"><span style=\"font-family:arial, helvetica, sans-serif;font-size:10pt;\">Narz\u0119dzie posiada certyfikaty, jest bezpieczne i ergonomiczne. Zosta\u0142o wykonane z wysokostopowej stali u\u017cywanej do produkcji narz\u0119dzi stomatologicznych i chirurgicznych w przeciwie\u0144stwie do metalowych odpowiednik\u00f3w. Nie pochodzi z masowej produkcji, dlatego charakteryzuje si\u0119 bardzo dobr\u0105 jako\u015bci\u0105 wykonania.<span class=\"Apple-converted-space\">\u00a0<\/span><\/span><\/p>\n<p><\/br><\/p>\n<h2 class=\"p1\" style=\"text-align:justify;\"><span class=\"s1\" style=\"font-size:10pt;font-family:arial, helvetica, sans-serif;\">Parametry produktu<\/span><\/h2>\n<p><\/br><\/p>\n<ul style=\"text-align:justify;\"><\/br><\/p>\n<li class=\"p1\"><span class=\"s1\" style=\"font-family:arial, helvetica, sans-serif;font-size:10pt;\">model: proste i cienkie, medyczno-kosmetyczne<\/span><\/li>\n<p><\/br><\/p>\n<li class=\"p1\"><span class=\"s1\" style=\"font-family:arial, helvetica, sans-serif;font-size:10pt;\">typ: Iris<\/span><\/li>\n<p><\/br><\/p>\n<li class=\"p1\"><span class=\"s1\" style=\"font-family:arial, helvetica, sans-serif;font-size:10pt;\">d\u0142ugo\u015b\u0107 ca\u0142kowita: 9 cm<\/span><\/li>\n<p><\/br><\/p>\n<li class=\"p1\"><span style=\"font-family:arial, helvetica, sans-serif;font-size:10pt;\">\u015brednica oczka: 10 mm<\/span><\/li>\n<p><\/br><\/p>\n<li class=\"p1\"><span class=\"s1\" style=\"font-family:arial, helvetica, sans-serif;font-size:10pt;\">d\u0142ugo\u015b\u0107 ostrza: 2,2 cm<\/span><\/li>\n<p><\/br><\/p>\n<li class=\"p1\"><span class=\"s1\" style=\"font-family:arial, helvetica, sans-serif;font-size:10pt;\">gwarancja: 1 rok<\/span><\/li>\n<p><\/br><\/p>\n<li class=\"p1\"><span class=\"s1\" style=\"font-family:arial, helvetica, sans-serif;font-size:10pt;\">certyfikat CE, ISO<\/span><\/li>\n<p><\/br><\/p>\n<li class=\"p1\"><span class=\"s1\" style=\"font-family:arial, helvetica, sans-serif;font-size:10pt;\">materia\u0142: stal nierdzewna<\/span><\/li>\n<p><\/br><\/ul>\n<p><\/br><\/p>\n<h2 class=\"p2\" style=\"text-align:justify;\"><span style=\"font-size:10pt;font-family:arial, helvetica, sans-serif;\">Zalety korzystania z produktu<\/span><\/h2>\n<p><\/br><\/p>\n<ul style=\"text-align:justify;\"><\/br><\/p>\n<li class=\"p1\"><span class=\"s1\" style=\"font-family:arial, helvetica, sans-serif;font-size:10pt;\">lekkie i wygodne w u\u017cyciu<\/span><\/li>\n<p><\/br><\/p>\n<li class=\"p1\"><span class=\"s1\" style=\"font-family:arial, helvetica, sans-serif;font-size:10pt;\">dobre do obcinania paznokci<span class=\"Apple-converted-space\">\u00a0<\/span><\/span><\/li>\n<p><\/br><\/p>\n<li class=\"p1\"><span class=\"s1\" style=\"font-family:arial, helvetica, sans-serif;font-size:10pt;\">wysoka jako\u015b\u0107 wykonania<\/span><\/li>\n<p><\/br><\/ul>\n<p><\/br><\/p>\n<p class=\"p1\" style=\"text-align:justify;\"><span class=\"s1\" style=\"font-family:arial, helvetica, sans-serif;font-size:10pt;\"><em>No\u017cyczki do paznokci<\/em> s\u0105 obj\u0119te gwarancj\u0105 producenta narz\u0119dzi chirurgicznych. Je\u015bli wahasz si\u0119 jakie i gdzie kupi\u0107 no\u017cyczki do paznokci we\u017a pod uwag\u0119, \u017ce kupuj\u0105c produkty w sklepie medycznym masz gwarancj\u0119 bezpiecze\u0144stwa i jako\u015bci. Narz\u0119dzie posiada certyfikaty <strong>ISO 9001:2008 i CE<\/strong>. Przed rozpocz\u0119ciem u\u017cytkowania warto dokona\u0107 podstawowej dezynfekcji.<\/span><\/p>\n","protected":false},"featured_media":764,"comment_status":"closed","ping_status":"open","template":"","meta":[],"product_brand":[],"product_cat":[48],"product_tag":[],"class_list":{"0":"post-2337","1":"product","2":"type-product","3":"status-publish","4":"has-post-thumbnail","6":"product_cat-nozyczki-do-skorek-i-paznokci-pl","8":"first","9":"instock","10":"product-type-simple"},"_links":{"self":[{"href":"https:\/\/tendosolingen.de\/pl\/wp-json\/wp\/v2\/product\/2337","targetHints":{"allow":["GET"]}}],"collection":[{"href":"https:\/\/tendosolingen.de\/pl\/wp-json\/wp\/v2\/product"}],"about":[{"href":"https:\/\/tendosolingen.de\/pl\/wp-json\/wp\/v2\/types\/product"}],"replies":[{"embeddable":true,"href":"https:\/\/tendosolingen.de\/pl\/wp-json\/wp\/v2\/comments?post=2337"}],"wp:featuredmedia":[{"embeddable":true,"href":"https:\/\/tendosolingen.de\/pl\/wp-json\/wp\/v2\/media\/764"}],"wp:attachment":[{"href":"https:\/\/tendosolingen.de\/pl\/wp-json\/wp\/v2\/media?parent=2337"}],"wp:term":[{"taxonomy":"product_brand","embeddable":true,"href":"https:\/\/tendosolingen.de\/pl\/wp-json\/wp\/v2\/product_brand?post=2337"},{"taxonomy":"product_cat","embeddable":true,"href":"https:\/\/tendosolingen.de\/pl\/wp-json\/wp\/v2\/product_cat?post=2337"},{"taxonomy":"product_tag","embeddable":true,"href":"https:\/\/tendosolingen.de\/pl\/wp-json\/wp\/v2\/product_tag?post=2337"}],"curies":[{"name":"wp","href":"https:\/\/api.w.org\/{rel}","templated":true}]}}