{"id":2336,"date":"2024-04-09T22:38:09","date_gmt":"2024-04-09T20:38:09","guid":{"rendered":"https:\/\/tendosolingen.de\/product\/cazki-chirurgiczne-4-mm-do-usuwania-skorek-solingen\/"},"modified":"2026-01-09T15:20:42","modified_gmt":"2026-01-09T14:20:42","slug":"cazki-chirurgiczne-4-mm-do-usuwania-skorek","status":"publish","type":"product","link":"https:\/\/tendosolingen.de\/pl\/produkt\/cazki-chirurgiczne-4-mm-do-usuwania-skorek\/","title":{"rendered":"C\u0105\u017cki chirurgiczne 4 mm do usuwania sk\u00f3rek"},"content":{"rendered":"<p class=\"p1\"><span class=\"s1\"><em>Precyzyjne c\u0105\u017cki do sk\u00f3rek<\/em> o d\u0142ugo\u015bci ostrza 4 mm marki Tendo Solingen wykonane z najwy\u017cszej klasy stali chirurgicznej. <span style=\"text-decoration: underline;\">C\u0105\u017cki chirurgiczne<\/span> s\u0142u\u017c\u0105 do wycinania i usuwania sk\u00f3rek w trakcie zabieg\u00f3w piel\u0119gnacyjnych manicure oraz pedicure. C\u0105\u017cki kosmetyczne s\u0105 przeznaczone do wielokrotnego u\u017cytku w gabinetach medycyny estetycznej jak r\u00f3wnie\u017c w domowych warunkach. Mog\u0105 by\u0107 tak\u017ce u\u017cywane jako <em>c\u0105\u017cki podologiczne<\/em> w trakcie skomplikowanych zabieg\u00f3w leczniczych.<\/span><\/p>\n<p><\/br><\/p>\n<p class=\"p1\"><span class=\"s1\"><strong>C\u0105\u017cki do sk\u00f3rek 4 mm<\/strong> zosta\u0142y wykonane zgodnie z niemieckimi standardami ze stali nierdzewnej o parametrach medycznych i najwy\u017cszej g\u0119sto\u015bci w swojej klasie. Medyczne <em>c\u0105\u017cki Solingen<\/em> to gwarancja niskiej obecno\u015bci metali powoduj\u0105cych reakcje alergiczne. Producent zadba\u0142 o wysok\u0105 jako\u015b\u0107 wykonania, certyfikaty oraz gwarancj\u0119 1 rok.<\/span><\/p>\n<p><\/br><\/p>\n<h2 class=\"p1\"><span class=\"s1\" style=\"font-size: 10pt;\">Parametry c\u0105\u017cek do sk\u00f3rek Solingen<\/span><\/h2>\n<p><\/br><\/p>\n<ul><\/br><\/p>\n<li class=\"p1\"><span class=\"s1\">typ c\u0105\u017cki chirurgiczne, <em>kleszczyki do sk\u00f3rek<\/em><\/span><\/li>\n<p><\/br><\/p>\n<li class=\"p1\"><span class=\"s1\">d\u0142ugo\u015b\u0107 ostrza 4mm,\u00a0<\/span><span class=\"s1\">d\u0142ugo\u015b\u0107 ca\u0142kowita 10 cm<\/span><\/li>\n<p><\/br><\/p>\n<li class=\"p1\"><span class=\"s1\">wykonanie ze stali chirurgicznej<\/span><\/li>\n<p><\/br><\/p>\n<li class=\"p1\"><span class=\"s1\">certyfikat<\/span><\/li>\n<p><\/br><\/p>\n<li class=\"p1\"><span class=\"s1\">rok gwarancji producenta<\/span><\/li>\n<p><\/br><\/ul>\n<p><\/br><\/p>\n<h2 class=\"p1\"><span class=\"s1\" style=\"font-size: 10pt;\">Zalety korzystania z c\u0105\u017cek do usuwania sk\u00f3rek Solingen<\/span><\/h2>\n<p><\/br><\/p>\n<ul><\/br><\/p>\n<li class=\"p1\"><span class=\"s1\">precyzyjne narz\u0119dzie ze stali nierdzewnej<\/span><\/li>\n<p><\/br><\/p>\n<li class=\"p1\"><span class=\"s1\">do profesjonalnego i domowego u\u017cytkowania<\/span><\/li>\n<p><\/br><\/p>\n<li class=\"p1\"><span class=\"s1\">najwy\u017csza jako\u015b\u0107 wykonania zgodnie z mi\u0119dzynarodowymi standardami<\/span><\/li>\n<p><\/br><\/p>\n<li class=\"p1\"><span class=\"s1\">najni\u017cszy udzia\u0142 sk\u0142adnik\u00f3w powoduj\u0105cych alergie<\/span><\/li>\n<p><\/br><\/ul>\n<p><\/br><\/p>\n<p class=\"p1\"><span class=\"s1\">Dobre c\u0105\u017cki charakteryzuj\u0105 si\u0119 wysokim bezpiecze\u0144stwem, komfortem pracy i wysok\u0105 odporno\u015bci\u0105 na proces sterylizacji i dezynfekcji. Kupuj\u0105c produkt w sklepie medycznym masz gwarancj\u0119 wysokiej jako\u015bci produkcji. Wszystkie <em>c\u0105\u017cki producent<\/em> sprawdza na ka\u017cdym etapie produkcji, zgodnie z niemieckimi standardami. C\u0105\u017cki s\u0105 certyfikowane ISO 9001:2008 i certyfikatem CE.<span class=\"Apple-converted-space\">\u00a0<\/span><\/span><\/p>\n","protected":false},"excerpt":{"rendered":"<p class=\"p1\"><span class=\"s1\"><em>Precyzyjne c\u0105\u017cki do sk\u00f3rek<\/em> o d\u0142ugo\u015bci ostrza 4 mm marki Tendo Solingen wykonane z najwy\u017cszej klasy stali chirurgicznej. <span style=\"text-decoration: underline;\">C\u0105\u017cki chirurgiczne<\/span> s\u0142u\u017c\u0105 do wycinania i usuwania sk\u00f3rek w trakcie zabieg\u00f3w piel\u0119gnacyjnych manicure oraz pedicure. C\u0105\u017cki kosmetyczne s\u0105 przeznaczone do wielokrotnego u\u017cytku w gabinetach medycyny estetycznej jak r\u00f3wnie\u017c w domowych warunkach. Mog\u0105 by\u0107 tak\u017ce u\u017cywane jako <em>c\u0105\u017cki podologiczne<\/em> w trakcie skomplikowanych zabieg\u00f3w leczniczych.<\/span><\/p>\n<p><\/br><\/p>\n<p class=\"p1\"><span class=\"s1\"><strong>C\u0105\u017cki do sk\u00f3rek 4 mm<\/strong> zosta\u0142y wykonane zgodnie z niemieckimi standardami ze stali nierdzewnej o parametrach medycznych i najwy\u017cszej g\u0119sto\u015bci w swojej klasie. Medyczne <em>c\u0105\u017cki Solingen<\/em> to gwarancja niskiej obecno\u015bci metali powoduj\u0105cych reakcje alergiczne. Producent zadba\u0142 o wysok\u0105 jako\u015b\u0107 wykonania, certyfikaty oraz gwarancj\u0119 1 rok.<\/span><\/p>\n<p><\/br><\/p>\n<h2 class=\"p1\"><span class=\"s1\" style=\"font-size: 10pt;\">Parametry c\u0105\u017cek do sk\u00f3rek Solingen<\/span><\/h2>\n<p><\/br><\/p>\n<ul><\/br><\/p>\n<li class=\"p1\"><span class=\"s1\">typ c\u0105\u017cki chirurgiczne, <em>kleszczyki do sk\u00f3rek<\/em><\/span><\/li>\n<p><\/br><\/p>\n<li class=\"p1\"><span class=\"s1\">d\u0142ugo\u015b\u0107 ostrza 4mm,\u00a0<\/span><span class=\"s1\">d\u0142ugo\u015b\u0107 ca\u0142kowita 10 cm<\/span><\/li>\n<p><\/br><\/p>\n<li class=\"p1\"><span class=\"s1\">wykonanie ze stali chirurgicznej<\/span><\/li>\n<p><\/br><\/p>\n<li class=\"p1\"><span class=\"s1\">certyfikat<\/span><\/li>\n<p><\/br><\/p>\n<li class=\"p1\"><span class=\"s1\">rok gwarancji producenta<\/span><\/li>\n<p><\/br><\/ul>\n<p><\/br><\/p>\n<h2 class=\"p1\"><span class=\"s1\" style=\"font-size: 10pt;\">Zalety korzystania z c\u0105\u017cek do usuwania sk\u00f3rek Solingen<\/span><\/h2>\n<p><\/br><\/p>\n<ul><\/br><\/p>\n<li class=\"p1\"><span class=\"s1\">precyzyjne narz\u0119dzie ze stali nierdzewnej<\/span><\/li>\n<p><\/br><\/p>\n<li class=\"p1\"><span class=\"s1\">do profesjonalnego i domowego u\u017cytkowania<\/span><\/li>\n<p><\/br><\/p>\n<li class=\"p1\"><span class=\"s1\">najwy\u017csza jako\u015b\u0107 wykonania zgodnie z mi\u0119dzynarodowymi standardami<\/span><\/li>\n<p><\/br><\/p>\n<li class=\"p1\"><span class=\"s1\">najni\u017cszy udzia\u0142 sk\u0142adnik\u00f3w powoduj\u0105cych alergie<\/span><\/li>\n<p><\/br><\/ul>\n<p><\/br><\/p>\n<p class=\"p1\"><span class=\"s1\">Dobre c\u0105\u017cki charakteryzuj\u0105 si\u0119 wysokim bezpiecze\u0144stwem, komfortem pracy i wysok\u0105 odporno\u015bci\u0105 na proces sterylizacji i dezynfekcji. Kupuj\u0105c produkt w sklepie medycznym masz gwarancj\u0119 wysokiej jako\u015bci produkcji. Wszystkie <em>c\u0105\u017cki producent<\/em> sprawdza na ka\u017cdym etapie produkcji, zgodnie z niemieckimi standardami. C\u0105\u017cki s\u0105 certyfikowane ISO 9001:2008 i certyfikatem CE.<span class=\"Apple-converted-space\">\u00a0<\/span><\/span><\/p>\n","protected":false},"featured_media":760,"comment_status":"closed","ping_status":"closed","template":"","meta":[],"product_brand":[],"product_cat":[183],"product_tag":[],"class_list":{"0":"post-2336","1":"product","2":"type-product","3":"status-publish","4":"has-post-thumbnail","6":"product_cat-cegi-cazki","8":"first","9":"instock","10":"product-type-simple"},"_links":{"self":[{"href":"https:\/\/tendosolingen.de\/pl\/wp-json\/wp\/v2\/product\/2336","targetHints":{"allow":["GET"]}}],"collection":[{"href":"https:\/\/tendosolingen.de\/pl\/wp-json\/wp\/v2\/product"}],"about":[{"href":"https:\/\/tendosolingen.de\/pl\/wp-json\/wp\/v2\/types\/product"}],"replies":[{"embeddable":true,"href":"https:\/\/tendosolingen.de\/pl\/wp-json\/wp\/v2\/comments?post=2336"}],"wp:featuredmedia":[{"embeddable":true,"href":"https:\/\/tendosolingen.de\/pl\/wp-json\/wp\/v2\/media\/760"}],"wp:attachment":[{"href":"https:\/\/tendosolingen.de\/pl\/wp-json\/wp\/v2\/media?parent=2336"}],"wp:term":[{"taxonomy":"product_brand","embeddable":true,"href":"https:\/\/tendosolingen.de\/pl\/wp-json\/wp\/v2\/product_brand?post=2336"},{"taxonomy":"product_cat","embeddable":true,"href":"https:\/\/tendosolingen.de\/pl\/wp-json\/wp\/v2\/product_cat?post=2336"},{"taxonomy":"product_tag","embeddable":true,"href":"https:\/\/tendosolingen.de\/pl\/wp-json\/wp\/v2\/product_tag?post=2336"}],"curies":[{"name":"wp","href":"https:\/\/api.w.org\/{rel}","templated":true}]}}