{"id":2335,"date":"2024-04-09T22:38:09","date_gmt":"2024-04-09T20:38:09","guid":{"rendered":"https:\/\/tendosolingen.de\/product\/lyzeczka-unny-solingen-petelkowa-do-usuwania-zaskornikow-i-wagrow-rodzaj-produktu-premium-hq\/"},"modified":"2025-11-06T15:40:19","modified_gmt":"2025-11-06T14:40:19","slug":"lyzeczka-unny-solingen-petelkowa-do-usuwania-zaskornikow-i-wagrow-rodzaj-produktu-premium-hq","status":"publish","type":"product","link":"https:\/\/tendosolingen.de\/pl\/produkt\/lyzeczka-unny-solingen-petelkowa-do-usuwania-zaskornikow-i-wagrow-rodzaj-produktu-premium-hq\/","title":{"rendered":"\u0141y\u017ceczka Unny Solingen p\u0119telkowa do usuwania zask\u00f3rnik\u00f3w i w\u0105gr\u00f3w Rodzaj produktu: Premium (HQ)"},"content":{"rendered":"<p class=\"p1\" style=\"text-align:justify;\"><span class=\"s1\" style=\"font-family:arial, helvetica, sans-serif;font-size:10pt;\"><span style=\"text-decoration:underline;\">Najlepsza \u0142y\u017ceczka Unny<\/span> p\u0119telkowa do oczyszczania twarzy z zask\u00f3rnik\u00f3w i w\u0105gr\u00f3w metod\u0105 mechaniczn\u0105. Narz\u0119dzie kosmetyczne marki <strong>Tendo Solingen<\/strong> bardzo dobrze sprawdza si\u0119 do zabieg\u00f3w trudno dost\u0119pnych miejsc. <em>\u0141y\u017ceczka Unny<\/em> do w\u0105gr\u00f3w sk\u0142ada si\u0119 z wygodnej r\u0119koje\u015bci oraz dw\u00f3ch p\u0119telek. Jedna p\u0119telka odpowiada za usuwanie zask\u00f3rnik\u00f3w o kr\u00f3tszym czasie pojawienia si\u0119 oznak na sk\u00f3rze. Drug\u0105 mo\u017cna u\u017cywa\u0107 do mniejszych, d\u0142u\u017cej wyst\u0119puj\u0105cych w\u0105gr\u00f3w.<span class=\"Apple-converted-space\">\u00a0<\/span><\/span><\/p>\n<p><\/br><\/p>\n<p class=\"p1\" style=\"text-align:justify;\"><span class=\"s1\" style=\"font-family:arial, helvetica, sans-serif;font-size:10pt;\">Narz\u0119dzie zosta\u0142o wykonane z certyfikowanej, medycznej stali chirurgicznej o najwy\u017cszej klasie. W przeciwie\u0144stwie do metalowych odpowiednik\u00f3w nie powinna prowadzi\u0107 do negatywnych reakcji alergicznych. Produkcja tego narz\u0119dzia odbywa si\u0119 zgodnie z niemieckimi standardami. Przyrz\u0105d mo\u017ce by\u0107 stosowany w specjalistycznych gabinetach odnowy biologicznej, gabinetach kosmetycznych a tak\u017ce w domowych zabiegach piel\u0119gnacyjnych.<span class=\"Apple-converted-space\">\u00a0<\/span><\/span><\/p>\n<p><\/br><\/p>\n<h1 class=\"p1\" style=\"text-align:justify;\"><span class=\"s1\" style=\"font-size:10pt;font-family:arial, helvetica, sans-serif;\">Kt\u00f3ra \u0142y\u017ceczka Unny jest najlepsza i jak\u0105 wybra\u0107?<span class=\"Apple-converted-space\">\u00a0<\/span><\/span><\/h1>\n<p><\/br><\/p>\n<p class=\"p1\" style=\"text-align:justify;\"><span class=\"s1\" style=\"font-family:arial, helvetica, sans-serif;font-size:10pt;\">Dobra <span style=\"text-decoration:underline;\">\u0142y\u017ceczka kosmetyczna<\/span> na w\u0105gry powinna by\u0107 wykonana z dobrej jako\u015bci stali nierdzewnej aby mo\u017cna by\u0142o j\u0105 dezynfekowa\u0107 i sterylizowa\u0107 np. w autoklawach. Narz\u0119dzie powinno by\u0107 tak\u017ce \u0142atwe w czyszczeniu. Ko\u0144c\u00f3wki narz\u0119dzia powinny by\u0107 odpowiednio elastyczne a zarazem stabilne aby zapewni\u0107 komfort, bezpiecze\u0144stwo i dobre efekty oczyszczania sk\u00f3ry. Kolejnymi elementami s\u0105 certyfikat, gwarancja producenta i sprawdzone opinie. Dodatkowo warto aby sam materia\u0142 zawiera\u0142 jak najmniej czynnik\u00f3w, kt\u00f3re mog\u0105 powodowa\u0107 reakcje alergiczne. Nale\u017cy pami\u0119ta\u0107, \u017ce stosowanie sprawdzonych produkt\u00f3w i odpowiednia higiena przed zabiegiem s\u0105 w stanie zapobiega\u0107 zaka\u017ceniom sk\u00f3ry.<\/span><\/p>\n<p><\/br><\/p>\n<h2 class=\"p1\" style=\"text-align:justify;\"><span class=\"s1\" style=\"font-size:10pt;font-family:arial, helvetica, sans-serif;\">Specyfikacja \u0142y\u017ceczki dermatologicznej do usuwania zask\u00f3rnik\u00f3w<\/span><\/h2>\n<p><\/br><\/p>\n<ul style=\"text-align:justify;\"><\/br><\/p>\n<li class=\"p1\"><span class=\"s1\" style=\"font-family:arial, helvetica, sans-serif;font-size:10pt;\">d\u0142ugo\u015b\u0107 ca\u0142kowita 11 cm<span class=\"Apple-converted-space\">\u00a0<\/span><\/span><\/li>\n<p><\/br><\/p>\n<li class=\"p1\"><span class=\"s1\" style=\"font-family:arial, helvetica, sans-serif;font-size:10pt;\">wykonanie z medycznej stali nierdzewnej<\/span><\/li>\n<p><\/br><\/p>\n<li class=\"p1\"><span class=\"s1\" style=\"font-family:arial, helvetica, sans-serif;font-size:10pt;\">szeroko\u015b\u0107 5 i 4 mm<\/span><\/li>\n<p><\/br><\/p>\n<li class=\"p1\"><span class=\"s1\" style=\"font-family:arial, helvetica, sans-serif;font-size:10pt;\">certyfikat CE<\/span><\/li>\n<p><\/br><\/p>\n<li class=\"p1\"><span class=\"s1\" style=\"font-family:arial, helvetica, sans-serif;font-size:10pt;\">gwarancja roczna<\/span><\/li>\n<p><\/br><\/ul>\n<p><\/br><\/p>\n<h2 class=\"p1\" style=\"text-align:justify;\"><span class=\"s1\" style=\"font-size:10pt;font-family:arial, helvetica, sans-serif;\">Zalety stosowania \u0142y\u017ceczki p\u0119telkowej do w\u0105gr\u00f3w<\/span><\/h2>\n<p><\/br><\/p>\n<ul style=\"text-align:justify;\"><\/br><\/p>\n<li class=\"p1\"><span class=\"s1\" style=\"font-family:arial, helvetica, sans-serif;font-size:10pt;\">najlepsza jako\u015b\u0107 wykonania<span class=\"Apple-converted-space\">\u00a0<\/span><\/span><\/li>\n<p><\/br><\/p>\n<li class=\"p1\"><span class=\"s1\" style=\"font-family:arial, helvetica, sans-serif;font-size:10pt;\">ergonomiczna i lekka budowa<span class=\"Apple-converted-space\">\u00a0<\/span><\/span><\/li>\n<p><\/br><\/p>\n<li class=\"p1\"><span class=\"s1\" style=\"font-family:arial, helvetica, sans-serif;font-size:10pt;\">wielokrotnego u\u017cytku do dezynfekcji i sterylizacji<\/span><\/li>\n<p><\/br><\/p>\n<li class=\"p1\"><span class=\"s1\" style=\"font-family:arial, helvetica, sans-serif;font-size:10pt;\">uniwersalne narz\u0119dzie kosmetyczne<\/span><\/li>\n<p><\/br><\/p>\n<li class=\"p1\"><span class=\"s1\" style=\"font-family:arial, helvetica, sans-serif;font-size:10pt;\">bardzo niski poziom sk\u0142adnik\u00f3w powoduj\u0105cych alergi\u0119 sk\u00f3rn\u0105<\/span><\/li>\n<p><\/br><\/ul>\n<p><\/br><\/p>\n<p class=\"p1\" style=\"text-align:justify;\"><span class=\"s1\" style=\"font-family:arial, helvetica, sans-serif;font-size:10pt;\">Zakup narz\u0119dzia w sklepie medycznym jest gwarancj\u0105 satysfakcji. Ka\u017cde narz\u0119dzie przechodzi surow\u0105 weryfikacj\u0119 pod k\u0105tem jako\u015bci na ka\u017cdym etapie produkcji. Produkt jest certyfikowany, zgodny z mi\u0119dzynarodowymi standardami ISO 9001:2008 oraz CE.<span class=\"Apple-converted-space\">\u00a0<\/span><\/span><\/p>\n","protected":false},"excerpt":{"rendered":"<p class=\"p1\" style=\"text-align:justify;\"><span class=\"s1\" style=\"font-family:arial, helvetica, sans-serif;font-size:10pt;\"><span style=\"text-decoration:underline;\">Najlepsza \u0142y\u017ceczka Unny<\/span> p\u0119telkowa do oczyszczania twarzy z zask\u00f3rnik\u00f3w i w\u0105gr\u00f3w metod\u0105 mechaniczn\u0105. Narz\u0119dzie kosmetyczne marki <strong>Tendo Solingen<\/strong> bardzo dobrze sprawdza si\u0119 do zabieg\u00f3w trudno dost\u0119pnych miejsc. <em>\u0141y\u017ceczka Unny<\/em> do w\u0105gr\u00f3w sk\u0142ada si\u0119 z wygodnej r\u0119koje\u015bci oraz dw\u00f3ch p\u0119telek. Jedna p\u0119telka odpowiada za usuwanie zask\u00f3rnik\u00f3w o kr\u00f3tszym czasie pojawienia si\u0119 oznak na sk\u00f3rze. Drug\u0105 mo\u017cna u\u017cywa\u0107 do mniejszych, d\u0142u\u017cej wyst\u0119puj\u0105cych w\u0105gr\u00f3w.<span class=\"Apple-converted-space\">\u00a0<\/span><\/span><\/p>\n<p><\/br><\/p>\n<p class=\"p1\" style=\"text-align:justify;\"><span class=\"s1\" style=\"font-family:arial, helvetica, sans-serif;font-size:10pt;\">Narz\u0119dzie zosta\u0142o wykonane z certyfikowanej, medycznej stali chirurgicznej o najwy\u017cszej klasie. W przeciwie\u0144stwie do metalowych odpowiednik\u00f3w nie powinna prowadzi\u0107 do negatywnych reakcji alergicznych. Produkcja tego narz\u0119dzia odbywa si\u0119 zgodnie z niemieckimi standardami. Przyrz\u0105d mo\u017ce by\u0107 stosowany w specjalistycznych gabinetach odnowy biologicznej, gabinetach kosmetycznych a tak\u017ce w domowych zabiegach piel\u0119gnacyjnych.<span class=\"Apple-converted-space\">\u00a0<\/span><\/span><\/p>\n<p><\/br><\/p>\n<h1 class=\"p1\" style=\"text-align:justify;\"><span class=\"s1\" style=\"font-size:10pt;font-family:arial, helvetica, sans-serif;\">Kt\u00f3ra \u0142y\u017ceczka Unny jest najlepsza i jak\u0105 wybra\u0107?<span class=\"Apple-converted-space\">\u00a0<\/span><\/span><\/h1>\n<p><\/br><\/p>\n<p class=\"p1\" style=\"text-align:justify;\"><span class=\"s1\" style=\"font-family:arial, helvetica, sans-serif;font-size:10pt;\">Dobra <span style=\"text-decoration:underline;\">\u0142y\u017ceczka kosmetyczna<\/span> na w\u0105gry powinna by\u0107 wykonana z dobrej jako\u015bci stali nierdzewnej aby mo\u017cna by\u0142o j\u0105 dezynfekowa\u0107 i sterylizowa\u0107 np. w autoklawach. Narz\u0119dzie powinno by\u0107 tak\u017ce \u0142atwe w czyszczeniu. Ko\u0144c\u00f3wki narz\u0119dzia powinny by\u0107 odpowiednio elastyczne a zarazem stabilne aby zapewni\u0107 komfort, bezpiecze\u0144stwo i dobre efekty oczyszczania sk\u00f3ry. Kolejnymi elementami s\u0105 certyfikat, gwarancja producenta i sprawdzone opinie. Dodatkowo warto aby sam materia\u0142 zawiera\u0142 jak najmniej czynnik\u00f3w, kt\u00f3re mog\u0105 powodowa\u0107 reakcje alergiczne. Nale\u017cy pami\u0119ta\u0107, \u017ce stosowanie sprawdzonych produkt\u00f3w i odpowiednia higiena przed zabiegiem s\u0105 w stanie zapobiega\u0107 zaka\u017ceniom sk\u00f3ry.<\/span><\/p>\n<p><\/br><\/p>\n<h2 class=\"p1\" style=\"text-align:justify;\"><span class=\"s1\" style=\"font-size:10pt;font-family:arial, helvetica, sans-serif;\">Specyfikacja \u0142y\u017ceczki dermatologicznej do usuwania zask\u00f3rnik\u00f3w<\/span><\/h2>\n<p><\/br><\/p>\n<ul style=\"text-align:justify;\"><\/br><\/p>\n<li class=\"p1\"><span class=\"s1\" style=\"font-family:arial, helvetica, sans-serif;font-size:10pt;\">d\u0142ugo\u015b\u0107 ca\u0142kowita 11 cm<span class=\"Apple-converted-space\">\u00a0<\/span><\/span><\/li>\n<p><\/br><\/p>\n<li class=\"p1\"><span class=\"s1\" style=\"font-family:arial, helvetica, sans-serif;font-size:10pt;\">wykonanie z medycznej stali nierdzewnej<\/span><\/li>\n<p><\/br><\/p>\n<li class=\"p1\"><span class=\"s1\" style=\"font-family:arial, helvetica, sans-serif;font-size:10pt;\">szeroko\u015b\u0107 5 i 4 mm<\/span><\/li>\n<p><\/br><\/p>\n<li class=\"p1\"><span class=\"s1\" style=\"font-family:arial, helvetica, sans-serif;font-size:10pt;\">certyfikat CE<\/span><\/li>\n<p><\/br><\/p>\n<li class=\"p1\"><span class=\"s1\" style=\"font-family:arial, helvetica, sans-serif;font-size:10pt;\">gwarancja roczna<\/span><\/li>\n<p><\/br><\/ul>\n<p><\/br><\/p>\n<h2 class=\"p1\" style=\"text-align:justify;\"><span class=\"s1\" style=\"font-size:10pt;font-family:arial, helvetica, sans-serif;\">Zalety stosowania \u0142y\u017ceczki p\u0119telkowej do w\u0105gr\u00f3w<\/span><\/h2>\n<p><\/br><\/p>\n<ul style=\"text-align:justify;\"><\/br><\/p>\n<li class=\"p1\"><span class=\"s1\" style=\"font-family:arial, helvetica, sans-serif;font-size:10pt;\">najlepsza jako\u015b\u0107 wykonania<span class=\"Apple-converted-space\">\u00a0<\/span><\/span><\/li>\n<p><\/br><\/p>\n<li class=\"p1\"><span class=\"s1\" style=\"font-family:arial, helvetica, sans-serif;font-size:10pt;\">ergonomiczna i lekka budowa<span class=\"Apple-converted-space\">\u00a0<\/span><\/span><\/li>\n<p><\/br><\/p>\n<li class=\"p1\"><span class=\"s1\" style=\"font-family:arial, helvetica, sans-serif;font-size:10pt;\">wielokrotnego u\u017cytku do dezynfekcji i sterylizacji<\/span><\/li>\n<p><\/br><\/p>\n<li class=\"p1\"><span class=\"s1\" style=\"font-family:arial, helvetica, sans-serif;font-size:10pt;\">uniwersalne narz\u0119dzie kosmetyczne<\/span><\/li>\n<p><\/br><\/p>\n<li class=\"p1\"><span class=\"s1\" style=\"font-family:arial, helvetica, sans-serif;font-size:10pt;\">bardzo niski poziom sk\u0142adnik\u00f3w powoduj\u0105cych alergi\u0119 sk\u00f3rn\u0105<\/span><\/li>\n<p><\/br><\/ul>\n<p><\/br><\/p>\n<p class=\"p1\" style=\"text-align:justify;\"><span class=\"s1\" style=\"font-family:arial, helvetica, sans-serif;font-size:10pt;\">Zakup narz\u0119dzia w sklepie medycznym jest gwarancj\u0105 satysfakcji. Ka\u017cde narz\u0119dzie przechodzi surow\u0105 weryfikacj\u0119 pod k\u0105tem jako\u015bci na ka\u017cdym etapie produkcji. Produkt jest certyfikowany, zgodny z mi\u0119dzynarodowymi standardami ISO 9001:2008 oraz CE.<span class=\"Apple-converted-space\">\u00a0<\/span><\/span><\/p>\n","protected":false},"featured_media":756,"comment_status":"closed","ping_status":"open","template":"","meta":[],"product_brand":[],"product_cat":[50],"product_tag":[],"class_list":{"0":"post-2335","1":"product","2":"type-product","3":"status-publish","4":"has-post-thumbnail","6":"product_cat-narzedzia-podologiczne-pl","8":"first","9":"instock","10":"product-type-simple"},"_links":{"self":[{"href":"https:\/\/tendosolingen.de\/pl\/wp-json\/wp\/v2\/product\/2335","targetHints":{"allow":["GET"]}}],"collection":[{"href":"https:\/\/tendosolingen.de\/pl\/wp-json\/wp\/v2\/product"}],"about":[{"href":"https:\/\/tendosolingen.de\/pl\/wp-json\/wp\/v2\/types\/product"}],"replies":[{"embeddable":true,"href":"https:\/\/tendosolingen.de\/pl\/wp-json\/wp\/v2\/comments?post=2335"}],"wp:featuredmedia":[{"embeddable":true,"href":"https:\/\/tendosolingen.de\/pl\/wp-json\/wp\/v2\/media\/756"}],"wp:attachment":[{"href":"https:\/\/tendosolingen.de\/pl\/wp-json\/wp\/v2\/media?parent=2335"}],"wp:term":[{"taxonomy":"product_brand","embeddable":true,"href":"https:\/\/tendosolingen.de\/pl\/wp-json\/wp\/v2\/product_brand?post=2335"},{"taxonomy":"product_cat","embeddable":true,"href":"https:\/\/tendosolingen.de\/pl\/wp-json\/wp\/v2\/product_cat?post=2335"},{"taxonomy":"product_tag","embeddable":true,"href":"https:\/\/tendosolingen.de\/pl\/wp-json\/wp\/v2\/product_tag?post=2335"}],"curies":[{"name":"wp","href":"https:\/\/api.w.org\/{rel}","templated":true}]}}