{"id":2333,"date":"2024-04-09T22:38:09","date_gmt":"2024-04-09T20:38:09","guid":{"rendered":"https:\/\/tendosolingen.de\/product\/radelko-do-paznokci-solingen-kopytko-ze-stali-chirurgicznej\/"},"modified":"2025-11-06T15:40:19","modified_gmt":"2025-11-06T14:40:19","slug":"radelko-do-paznokci-solingen-kopytko-ze-stali-chirurgicznej","status":"publish","type":"product","link":"https:\/\/tendosolingen.de\/pl\/produkt\/radelko-do-paznokci-solingen-kopytko-ze-stali-chirurgicznej\/","title":{"rendered":"Rade\u0142ko do paznokci Solingen kopytko ze stali chirurgicznej"},"content":{"rendered":"<p class=\"p1\">Profesjonalne <span style=\"text-decoration:underline;\">rade\u0142ka do paznokci<\/span> marki Tendo Solingen z medycznej stali chirurgicznej s\u0105 wykorzystywane g\u0142\u00f3wnie do odsuwania sk\u00f3rek. To uniwersalne, dwustronne narz\u0119dzie kosmetyczne mo\u017ce r\u00f3wnie\u017c s\u0142u\u017cy\u0107 rozprowadzaniu preparat\u00f3w nak\u0142adanych na p\u0142ytk\u0119 paznokcia. Sprawdza si\u0119 tak\u017ce przy zdobieniu paznokci. Sk\u0142ada si\u0119 z dw\u00f3ch doskonale wyprofilowanych \u0142opatek oraz wygodnej r\u0119koje\u015bci. <em>Kopytko do paznokci<\/em>\u00a0r\u00f3\u017cni si\u0119 od metalowych odpowiednik\u00f3w przede wszystkim jako\u015bci\u0105 wykonania oraz nisk\u0105 zawarto\u015bci\u0105 metali powoduj\u0105cych reakcje alergiczne. R\u00f3wnie\u017c sam materia\u0142 wykonania zalicza si\u0119 do najwy\u017cszej klasy stali o wysokiej g\u0119sto\u015bci i jest bardziej odporny na czynniki zewn\u0119trzne.<\/p>\n<p><\/br><\/p>\n<p class=\"p1\"><span class=\"s1\"><strong>Rade\u0142ko do sk\u00f3rek<\/strong> Solingen mo\u017ce by\u0107 wykorzystywane w profesjonalnych gabinetach kosmetycznych, jak r\u00f3wnie\u017c w domowych warunkach. Jedna z ko\u0144c\u00f3wek s\u0142u\u017cy do odpychania sk\u00f3rek. Druga natomiast ma za zadanie usuni\u0119cie zalegaj\u0105cego na p\u0142ytce paznokcia. Specjalnie wykonana r\u0119koje\u015b\u0107 narz\u0119dzia pozwala na bezpieczne i komfortowe odsuwanie sk\u00f3rek <em>d\u0142utka do paznokci<\/em> w trakcie zabieg\u00f3w piel\u0119gnacyjnych (manicure i pedicure).<span class=\"Apple-converted-space\">\u00a0<\/span><\/span><\/p>\n<p><\/br><\/p>\n<h2 class=\"p1\"><span class=\"s1\" style=\"font-size:10pt;\">Parametry rade\u0142ka do paznokci<span class=\"Apple-converted-space\">\u00a0<\/span><\/span><\/h2>\n<p><\/br><\/p>\n<ul>\n<li class=\"p1\"><span class=\"s1\">d\u0142ugo\u015b\u0107 ca\u0142kowita 108 mm<span class=\"Apple-converted-space\">\u00a0<\/span><\/span><\/li>\n<p><\/br><\/p>\n<li class=\"p1\"><span class=\"s1\">szeroko\u015b\u0107 \u0142opatek 6 i 5 mm<span class=\"Apple-converted-space\">\u00a0<\/span><\/span><\/li>\n<p><\/br><\/p>\n<li class=\"p1\"><span class=\"s1\">materia\u0142 medyczna stal nierdzewna<\/span><\/li>\n<p><\/br><\/p>\n<li class=\"p1\"><span class=\"s1\">certyfikat<span class=\"Apple-converted-space\">\u00a0<\/span><\/span><\/li>\n<p><\/br><\/p>\n<li class=\"p1\"><span class=\"s1\">rok gwarancji<span class=\"Apple-converted-space\">\u00a0<\/span><\/span><\/li>\n<p><\/br><\/ul>\n<h2 class=\"p1\"><span class=\"s1\" style=\"font-size:10pt;\">Zalety korzystania z rade\u0142ka do sk\u00f3rek paznokci<\/span><\/h2>\n<p><\/br><\/p>\n<ul>\n<li class=\"p1\"><span class=\"s1\">lekka i wygodna konstrukcja<span class=\"Apple-converted-space\">\u00a0<\/span><\/span><\/li>\n<p><\/br><\/p>\n<li class=\"p1\"><span class=\"s1\">doskonale wyprofilowane i odpowiednio ostre ko\u0144c\u00f3wki<span class=\"Apple-converted-space\">\u00a0<\/span><\/span><\/li>\n<p><\/br><\/p>\n<li class=\"p1\"><span class=\"s1\">sprawdzona w praktyce marka narz\u0119dzi<span class=\"Apple-converted-space\">\u00a0<\/span><\/span><\/li>\n<p><\/br><\/p>\n<li class=\"p1\"><span class=\"s1\">uniwersalne zastosowanie<\/span><\/li>\n<p><\/br><\/p>\n<li class=\"p1\"><span class=\"s1\">do sterylizacji i dezynfekcji<\/span><\/li>\n<p><\/br><\/ul>\n<p class=\"p1\"><span class=\"s1\">Narz\u0119dzie jest obj\u0119te roczn\u0105 gwarancj\u0105 producenta narz\u0119dzi i sprz\u0119tu medycznego. Robi\u0105c zakupy w naszym sklepie masz gwarancj\u0119 bezpiecze\u0144stwa oraz jako\u015bci produkt\u00f3w. Narz\u0119dzie mo\u017ce by\u0107 wykorzystywane przez osoby wykwalifikowane, posiada niezb\u0119dne certyfikaty ISO 9001:2008 i CE.<span class=\"Apple-converted-space\">\u00a0<\/span><\/span><\/p>\n","protected":false},"excerpt":{"rendered":"<p class=\"p1\">Profesjonalne <span style=\"text-decoration:underline;\">rade\u0142ka do paznokci<\/span> marki Tendo Solingen z medycznej stali chirurgicznej s\u0105 wykorzystywane g\u0142\u00f3wnie do odsuwania sk\u00f3rek. To uniwersalne, dwustronne narz\u0119dzie kosmetyczne mo\u017ce r\u00f3wnie\u017c s\u0142u\u017cy\u0107 rozprowadzaniu preparat\u00f3w nak\u0142adanych na p\u0142ytk\u0119 paznokcia. Sprawdza si\u0119 tak\u017ce przy zdobieniu paznokci. Sk\u0142ada si\u0119 z dw\u00f3ch doskonale wyprofilowanych \u0142opatek oraz wygodnej r\u0119koje\u015bci. <em>Kopytko do paznokci<\/em>\u00a0r\u00f3\u017cni si\u0119 od metalowych odpowiednik\u00f3w przede wszystkim jako\u015bci\u0105 wykonania oraz nisk\u0105 zawarto\u015bci\u0105 metali powoduj\u0105cych reakcje alergiczne. R\u00f3wnie\u017c sam materia\u0142 wykonania zalicza si\u0119 do najwy\u017cszej klasy stali o wysokiej g\u0119sto\u015bci i jest bardziej odporny na czynniki zewn\u0119trzne.<\/p>\n<p><\/br><\/p>\n<p class=\"p1\"><span class=\"s1\"><strong>Rade\u0142ko do sk\u00f3rek<\/strong> Solingen mo\u017ce by\u0107 wykorzystywane w profesjonalnych gabinetach kosmetycznych, jak r\u00f3wnie\u017c w domowych warunkach. Jedna z ko\u0144c\u00f3wek s\u0142u\u017cy do odpychania sk\u00f3rek. Druga natomiast ma za zadanie usuni\u0119cie zalegaj\u0105cego na p\u0142ytce paznokcia. Specjalnie wykonana r\u0119koje\u015b\u0107 narz\u0119dzia pozwala na bezpieczne i komfortowe odsuwanie sk\u00f3rek <em>d\u0142utka do paznokci<\/em> w trakcie zabieg\u00f3w piel\u0119gnacyjnych (manicure i pedicure).<span class=\"Apple-converted-space\">\u00a0<\/span><\/span><\/p>\n<p><\/br><\/p>\n<h2 class=\"p1\"><span class=\"s1\" style=\"font-size:10pt;\">Parametry rade\u0142ka do paznokci<span class=\"Apple-converted-space\">\u00a0<\/span><\/span><\/h2>\n<p><\/br><\/p>\n<ul>\n<li class=\"p1\"><span class=\"s1\">d\u0142ugo\u015b\u0107 ca\u0142kowita 108 mm<span class=\"Apple-converted-space\">\u00a0<\/span><\/span><\/li>\n<p><\/br><\/p>\n<li class=\"p1\"><span class=\"s1\">szeroko\u015b\u0107 \u0142opatek 6 i 5 mm<span class=\"Apple-converted-space\">\u00a0<\/span><\/span><\/li>\n<p><\/br><\/p>\n<li class=\"p1\"><span class=\"s1\">materia\u0142 medyczna stal nierdzewna<\/span><\/li>\n<p><\/br><\/p>\n<li class=\"p1\"><span class=\"s1\">certyfikat<span class=\"Apple-converted-space\">\u00a0<\/span><\/span><\/li>\n<p><\/br><\/p>\n<li class=\"p1\"><span class=\"s1\">rok gwarancji<span class=\"Apple-converted-space\">\u00a0<\/span><\/span><\/li>\n<p><\/br><\/ul>\n<h2 class=\"p1\"><span class=\"s1\" style=\"font-size:10pt;\">Zalety korzystania z rade\u0142ka do sk\u00f3rek paznokci<\/span><\/h2>\n<p><\/br><\/p>\n<ul>\n<li class=\"p1\"><span class=\"s1\">lekka i wygodna konstrukcja<span class=\"Apple-converted-space\">\u00a0<\/span><\/span><\/li>\n<p><\/br><\/p>\n<li class=\"p1\"><span class=\"s1\">doskonale wyprofilowane i odpowiednio ostre ko\u0144c\u00f3wki<span class=\"Apple-converted-space\">\u00a0<\/span><\/span><\/li>\n<p><\/br><\/p>\n<li class=\"p1\"><span class=\"s1\">sprawdzona w praktyce marka narz\u0119dzi<span class=\"Apple-converted-space\">\u00a0<\/span><\/span><\/li>\n<p><\/br><\/p>\n<li class=\"p1\"><span class=\"s1\">uniwersalne zastosowanie<\/span><\/li>\n<p><\/br><\/p>\n<li class=\"p1\"><span class=\"s1\">do sterylizacji i dezynfekcji<\/span><\/li>\n<p><\/br><\/ul>\n<p class=\"p1\"><span class=\"s1\">Narz\u0119dzie jest obj\u0119te roczn\u0105 gwarancj\u0105 producenta narz\u0119dzi i sprz\u0119tu medycznego. Robi\u0105c zakupy w naszym sklepie masz gwarancj\u0119 bezpiecze\u0144stwa oraz jako\u015bci produkt\u00f3w. Narz\u0119dzie mo\u017ce by\u0107 wykorzystywane przez osoby wykwalifikowane, posiada niezb\u0119dne certyfikaty ISO 9001:2008 i CE.<span class=\"Apple-converted-space\">\u00a0<\/span><\/span><\/p>\n","protected":false},"featured_media":748,"comment_status":"closed","ping_status":"open","template":"","meta":[],"product_brand":[],"product_cat":[47],"product_tag":[],"class_list":{"0":"post-2333","1":"product","2":"type-product","3":"status-publish","4":"has-post-thumbnail","6":"product_cat-dluta-i-kopytka-ekskawatory","8":"first","9":"instock","10":"product-type-simple"},"_links":{"self":[{"href":"https:\/\/tendosolingen.de\/pl\/wp-json\/wp\/v2\/product\/2333","targetHints":{"allow":["GET"]}}],"collection":[{"href":"https:\/\/tendosolingen.de\/pl\/wp-json\/wp\/v2\/product"}],"about":[{"href":"https:\/\/tendosolingen.de\/pl\/wp-json\/wp\/v2\/types\/product"}],"replies":[{"embeddable":true,"href":"https:\/\/tendosolingen.de\/pl\/wp-json\/wp\/v2\/comments?post=2333"}],"wp:featuredmedia":[{"embeddable":true,"href":"https:\/\/tendosolingen.de\/pl\/wp-json\/wp\/v2\/media\/748"}],"wp:attachment":[{"href":"https:\/\/tendosolingen.de\/pl\/wp-json\/wp\/v2\/media?parent=2333"}],"wp:term":[{"taxonomy":"product_brand","embeddable":true,"href":"https:\/\/tendosolingen.de\/pl\/wp-json\/wp\/v2\/product_brand?post=2333"},{"taxonomy":"product_cat","embeddable":true,"href":"https:\/\/tendosolingen.de\/pl\/wp-json\/wp\/v2\/product_cat?post=2333"},{"taxonomy":"product_tag","embeddable":true,"href":"https:\/\/tendosolingen.de\/pl\/wp-json\/wp\/v2\/product_tag?post=2333"}],"curies":[{"name":"wp","href":"https:\/\/api.w.org\/{rel}","templated":true}]}}