{"id":2332,"date":"2024-04-09T22:38:09","date_gmt":"2024-04-09T20:38:09","guid":{"rendered":"https:\/\/tendosolingen.de\/product\/kopytko-do-skorek-paznokci-solingen-110-mm-profesjonalne\/"},"modified":"2025-11-06T15:40:19","modified_gmt":"2025-11-06T14:40:19","slug":"kopytko-do-skorek-paznokci-solingen-110-mm-profesjonalne","status":"publish","type":"product","link":"https:\/\/tendosolingen.de\/pl\/produkt\/kopytko-do-skorek-paznokci-solingen-110-mm-profesjonalne\/","title":{"rendered":"Kopytko do sk\u00f3rek paznokci Solingen 110 mm profesjonalne"},"content":{"rendered":"<p class=\"p1\"><span class=\"s1\">Bardzo <span style=\"text-decoration:underline;\">dobre kopytko do sk\u00f3rek<\/span> Tendo Solingen <em>do odsuwania sk\u00f3rek<\/em> o d\u0142ugo\u015bci ca\u0142kowitej 110 mm. Uniwersalne narz\u0119dzie wykorzystywane do odpychania sk\u00f3rek paznokci w trakcie zabieg\u00f3w kosmetycznych pedicure i manicure. Do u\u017cytku profesjonalnego lub w warunkach domowych. Bardzo pomocne przy eliminacji sk\u00f3rek i b\u0142onek z p\u0142ytki paznokcia. Cz\u0119sto s\u0142u\u017cy r\u00f3wnie\u017c <em>do usuwania<\/em> tips\u00f3w oraz podczas zabieg\u00f3w przy wrastaj\u0105cych paznokciach. Narz\u0119dzie z najwy\u017cszej klasy stali medycznej produkowane zgodnie z niemieckimi standardami jako\u015bci. Posiada niski poziom zawarto\u015bci metali odpowiedzialnych za reakcje alergiczne w przeciwie\u0144stwie do ta\u0144szych, metalowych odpowiednik\u00f3w dost\u0119pnych na rynku.<\/span><\/p>\n<p><\/br><\/p>\n<p class=\"p1\"><span class=\"s1\"><em>Kopytko do sk\u00f3rek<\/em> zosta\u0142o wyposa\u017cone w dwie ko\u0144c\u00f3wki o r\u00f3\u017cnych kszta\u0142tach. Delikatna strona odpowiada za odpychanie sk\u00f3rek. Druga spe\u0142nia funkcje skrobaka do zalegaj\u0105cego nask\u00f3rka. Uchwyt posiada antypo\u015blizgowe elementy dla zachowania komfortu pracy oraz precyzji. Kopytko certyfikowane, wielokrotnego u\u017cytku do sterylizacji lub dezynfekcji.<span class=\"Apple-converted-space\">\u00a0<\/span><\/span><\/p>\n<p><\/br><\/p>\n<h2 class=\"p1\"><span class=\"s1\" style=\"font-size:10pt;\">Specyfikacja kopytka do sk\u00f3rek<span class=\"Apple-converted-space\">\u00a0<\/span><\/span><\/h2>\n<p><\/br><\/p>\n<ul>\n<li class=\"p1\"><span class=\"s1\">d\u0142ugo\u015b\u0107 kopytka 11 cm<\/span><\/li>\n<p><\/br><\/p>\n<li class=\"p1\"><span class=\"s1\">dwie ko\u0144c\u00f3wki o szeroko\u015bci 6 mm (\u0142opatka) i 8 mm (grot)<\/span><\/li>\n<p><\/br><\/p>\n<li class=\"p1\"><span class=\"s1\">wykonanie ze stali chirurgicznej<\/span><\/li>\n<p><\/br><\/p>\n<li class=\"p1\"><span class=\"s1\">certyfikat CE<\/span><\/li>\n<p><\/br><\/p>\n<li class=\"p1\"><span class=\"s1\">1 rok gwarancji<span class=\"Apple-converted-space\">\u00a0<\/span><\/span><\/li>\n<p><\/br><\/ul>\n<h2 class=\"p1\"><span class=\"s1\"><span style=\"font-size:10pt;\">Zalety korzystania z kopytka do sk\u00f3rek<\/span><span class=\"Apple-converted-space\">\u00a0<\/span><\/span><\/h2>\n<p><\/br><\/p>\n<ul>\n<li class=\"p1\"><span class=\"s1\">niski udzia\u0142 metali powoduj\u0105cych reakcje alergiczne<\/span><\/li>\n<p><\/br><\/p>\n<li class=\"p1\"><span class=\"s1\">antypo\u015blizgowa r\u0119koje\u015b\u0107<\/span><\/li>\n<p><\/br><\/p>\n<li class=\"p1\"><span class=\"s1\">dwie funkcjonalne ko\u0144c\u00f3wki<\/span><\/li>\n<p><\/br><\/p>\n<li class=\"p1\"><span class=\"s1\">proste w sterylizacji i dezynfekcji<\/span><\/li>\n<p><\/br><\/p>\n<li class=\"p1\"><span class=\"s1\">uniwersalne zastosowanie do sk\u00f3rek paznokci<\/span><\/li>\n<p><\/br><\/ul>\n<p class=\"p1\"><span class=\"s1\">Narz\u0119dzie z zakresu medycyny estetycznej do profesjonalnego i domowego u\u017cytku z gwarancj\u0105 bezpiecze\u0144stwa oraz komfortu pracy. Ka\u017cde z narz\u0119dzi przechodzi weryfikacj\u0119 na ka\u017cdym etapie produkcji dla zagwarantowania mi\u0119dzynarodowych standard\u00f3w jako\u015bci okre\u015blonych normami ISO 9001:2008 i certyfikatem CE.<span class=\"Apple-converted-space\">\u00a0<\/span><\/span><\/p>\n","protected":false},"excerpt":{"rendered":"<p class=\"p1\"><span class=\"s1\">Bardzo <span style=\"text-decoration:underline;\">dobre kopytko do sk\u00f3rek<\/span> Tendo Solingen <em>do odsuwania sk\u00f3rek<\/em> o d\u0142ugo\u015bci ca\u0142kowitej 110 mm. Uniwersalne narz\u0119dzie wykorzystywane do odpychania sk\u00f3rek paznokci w trakcie zabieg\u00f3w kosmetycznych pedicure i manicure. Do u\u017cytku profesjonalnego lub w warunkach domowych. Bardzo pomocne przy eliminacji sk\u00f3rek i b\u0142onek z p\u0142ytki paznokcia. Cz\u0119sto s\u0142u\u017cy r\u00f3wnie\u017c <em>do usuwania<\/em> tips\u00f3w oraz podczas zabieg\u00f3w przy wrastaj\u0105cych paznokciach. Narz\u0119dzie z najwy\u017cszej klasy stali medycznej produkowane zgodnie z niemieckimi standardami jako\u015bci. Posiada niski poziom zawarto\u015bci metali odpowiedzialnych za reakcje alergiczne w przeciwie\u0144stwie do ta\u0144szych, metalowych odpowiednik\u00f3w dost\u0119pnych na rynku.<\/span><\/p>\n<p><\/br><\/p>\n<p class=\"p1\"><span class=\"s1\"><em>Kopytko do sk\u00f3rek<\/em> zosta\u0142o wyposa\u017cone w dwie ko\u0144c\u00f3wki o r\u00f3\u017cnych kszta\u0142tach. Delikatna strona odpowiada za odpychanie sk\u00f3rek. Druga spe\u0142nia funkcje skrobaka do zalegaj\u0105cego nask\u00f3rka. Uchwyt posiada antypo\u015blizgowe elementy dla zachowania komfortu pracy oraz precyzji. Kopytko certyfikowane, wielokrotnego u\u017cytku do sterylizacji lub dezynfekcji.<span class=\"Apple-converted-space\">\u00a0<\/span><\/span><\/p>\n<p><\/br><\/p>\n<h2 class=\"p1\"><span class=\"s1\" style=\"font-size:10pt;\">Specyfikacja kopytka do sk\u00f3rek<span class=\"Apple-converted-space\">\u00a0<\/span><\/span><\/h2>\n<p><\/br><\/p>\n<ul>\n<li class=\"p1\"><span class=\"s1\">d\u0142ugo\u015b\u0107 kopytka 11 cm<\/span><\/li>\n<p><\/br><\/p>\n<li class=\"p1\"><span class=\"s1\">dwie ko\u0144c\u00f3wki o szeroko\u015bci 6 mm (\u0142opatka) i 8 mm (grot)<\/span><\/li>\n<p><\/br><\/p>\n<li class=\"p1\"><span class=\"s1\">wykonanie ze stali chirurgicznej<\/span><\/li>\n<p><\/br><\/p>\n<li class=\"p1\"><span class=\"s1\">certyfikat CE<\/span><\/li>\n<p><\/br><\/p>\n<li class=\"p1\"><span class=\"s1\">1 rok gwarancji<span class=\"Apple-converted-space\">\u00a0<\/span><\/span><\/li>\n<p><\/br><\/ul>\n<h2 class=\"p1\"><span class=\"s1\"><span style=\"font-size:10pt;\">Zalety korzystania z kopytka do sk\u00f3rek<\/span><span class=\"Apple-converted-space\">\u00a0<\/span><\/span><\/h2>\n<p><\/br><\/p>\n<ul>\n<li class=\"p1\"><span class=\"s1\">niski udzia\u0142 metali powoduj\u0105cych reakcje alergiczne<\/span><\/li>\n<p><\/br><\/p>\n<li class=\"p1\"><span class=\"s1\">antypo\u015blizgowa r\u0119koje\u015b\u0107<\/span><\/li>\n<p><\/br><\/p>\n<li class=\"p1\"><span class=\"s1\">dwie funkcjonalne ko\u0144c\u00f3wki<\/span><\/li>\n<p><\/br><\/p>\n<li class=\"p1\"><span class=\"s1\">proste w sterylizacji i dezynfekcji<\/span><\/li>\n<p><\/br><\/p>\n<li class=\"p1\"><span class=\"s1\">uniwersalne zastosowanie do sk\u00f3rek paznokci<\/span><\/li>\n<p><\/br><\/ul>\n<p class=\"p1\"><span class=\"s1\">Narz\u0119dzie z zakresu medycyny estetycznej do profesjonalnego i domowego u\u017cytku z gwarancj\u0105 bezpiecze\u0144stwa oraz komfortu pracy. Ka\u017cde z narz\u0119dzi przechodzi weryfikacj\u0119 na ka\u017cdym etapie produkcji dla zagwarantowania mi\u0119dzynarodowych standard\u00f3w jako\u015bci okre\u015blonych normami ISO 9001:2008 i certyfikatem CE.<span class=\"Apple-converted-space\">\u00a0<\/span><\/span><\/p>\n","protected":false},"featured_media":743,"comment_status":"closed","ping_status":"open","template":"","meta":[],"product_brand":[],"product_cat":[47],"product_tag":[],"class_list":{"0":"post-2332","1":"product","2":"type-product","3":"status-publish","4":"has-post-thumbnail","6":"product_cat-dluta-i-kopytka-ekskawatory","8":"first","9":"instock","10":"product-type-simple"},"_links":{"self":[{"href":"https:\/\/tendosolingen.de\/pl\/wp-json\/wp\/v2\/product\/2332","targetHints":{"allow":["GET"]}}],"collection":[{"href":"https:\/\/tendosolingen.de\/pl\/wp-json\/wp\/v2\/product"}],"about":[{"href":"https:\/\/tendosolingen.de\/pl\/wp-json\/wp\/v2\/types\/product"}],"replies":[{"embeddable":true,"href":"https:\/\/tendosolingen.de\/pl\/wp-json\/wp\/v2\/comments?post=2332"}],"wp:featuredmedia":[{"embeddable":true,"href":"https:\/\/tendosolingen.de\/pl\/wp-json\/wp\/v2\/media\/743"}],"wp:attachment":[{"href":"https:\/\/tendosolingen.de\/pl\/wp-json\/wp\/v2\/media?parent=2332"}],"wp:term":[{"taxonomy":"product_brand","embeddable":true,"href":"https:\/\/tendosolingen.de\/pl\/wp-json\/wp\/v2\/product_brand?post=2332"},{"taxonomy":"product_cat","embeddable":true,"href":"https:\/\/tendosolingen.de\/pl\/wp-json\/wp\/v2\/product_cat?post=2332"},{"taxonomy":"product_tag","embeddable":true,"href":"https:\/\/tendosolingen.de\/pl\/wp-json\/wp\/v2\/product_tag?post=2332"}],"curies":[{"name":"wp","href":"https:\/\/api.w.org\/{rel}","templated":true}]}}