{"id":2330,"date":"2024-04-09T22:38:06","date_gmt":"2024-04-09T20:38:06","guid":{"rendered":"https:\/\/tendosolingen.de\/product\/dlutko-do-skorek-tendo-solingen-profesjonalne-podologiczne-rodzaj-produktu-standard-sq\/"},"modified":"2025-11-06T15:40:19","modified_gmt":"2025-11-06T14:40:19","slug":"dlutko-do-skorek-tendo-solingen-profesjonalne-podologiczne-rodzaj-produktu-standard-sq","status":"publish","type":"product","link":"https:\/\/tendosolingen.de\/pl\/produkt\/dlutko-do-skorek-tendo-solingen-profesjonalne-podologiczne-rodzaj-produktu-standard-sq\/","title":{"rendered":"D\u0142utko do sk\u00f3rek Tendo Solingen profesjonalne podologiczne Rodzaj produktu: Standard (SQ)"},"content":{"rendered":"<p class=\"p1\"><span class=\"s1\"><em>Profesjonalne d\u0142utko do usuwania sk\u00f3rek<\/em> marki <strong>Tendo Solingen<\/strong> o ca\u0142kowitej d\u0142ugo\u015bci 143 mm. <em>D\u0142uto do sk\u00f3rek<\/em> stosuje si\u0119 najcz\u0119\u015bciej do odsuwania sk\u00f3rek w trakcie zabieg\u00f3w podologicznych i kosmetycznych (do pedicure i manicure). D\u0142utko s\u0142u\u017cy tak\u017ce w podologii do usuwania odcisk\u00f3w oraz innych korekcji zwi\u0105zanych z wrastaj\u0105cymi paznokciami. Mo\u017ce by\u0107 stosowane r\u00f3wnie\u017c w warunkach domowych.<span class=\"Apple-converted-space\">\u00a0<\/span><\/span><\/p>\n<p><\/br><\/p>\n<p class=\"p1\"><span class=\"s1\"><span style=\"text-decoration:underline;\">D\u0142utko do sk\u00f3rek<\/span> zosta\u0142o w ca\u0142o\u015bci wykonane z najwy\u017cszej klasy stali medycznej. Tej samej stali u\u017cywa si\u0119 do produkcji precyzyjnych narz\u0119dzi chirurgicznych. Produkcja narz\u0119dzia odbywa si\u0119 zgodnie z wysokimi, niemieckimi standardami. Jest wyposa\u017cone w w\u0105sk\u0105 rynienk\u0119 o szeroko\u015bci 2 mm oraz p\u0142ask\u0105 r\u0119koje\u015b\u0107 z wygodnym miejscem na palec prowadz\u0105cy. Posiada ostr\u0105 ko\u0144c\u00f3wk\u0119 w cz\u0119\u015bci roboczej co pozwala na precyzj\u0119 podczas zabieg\u00f3w. Wariant premium wykonany jest z wy\u017cszej gatunkowo stali, gwarantuj\u0105c jeszcze wy\u017csz\u0105 precyzje i d\u0142ugotrwa\u0142o\u015b\u0107.<\/span><\/p>\n<p><\/br><\/p>\n<h2 class=\"p1\"><span class=\"s1\" style=\"font-size:10pt;\">Specyfikacja d\u0142utka do sk\u00f3rek<\/span><\/h2>\n<p><\/br><\/p>\n<ul><\/br><\/p>\n<li class=\"p1\"><span class=\"s1\">ca\u0142kowita d\u0142ugo\u015b\u0107 143 mm<\/span><\/li>\n<p><\/br><\/p>\n<li class=\"p1\"><span class=\"s1\">szeroko\u015b\u0107 ko\u0144c\u00f3wki 2 mm<\/span><\/li>\n<p><\/br><\/p>\n<li class=\"p1\"><span class=\"s1\">wykonanie ze stali chirurgicznej<\/span><\/li>\n<p><\/br><\/p>\n<li class=\"p1\"><span class=\"s1\">roczna gwarancja od producenta<\/span><\/li>\n<p><\/br><\/p>\n<li class=\"p1\"><span class=\"s1\">certyfikat<\/span><\/li>\n<p><\/br><\/ul>\n<p><\/br><\/p>\n<h2 class=\"p1\"><span class=\"s1\" style=\"font-size:10pt;\">Zalety korzystania z d\u0142utka do usuwania sk\u00f3rek<\/span><\/h2>\n<p><\/br><\/p>\n<ul><\/br><\/p>\n<li class=\"p1\"><span class=\"s1\">wygodne wg\u0142\u0119bienie na palec prowadz\u0105cy<\/span><\/li>\n<p><\/br><\/p>\n<li class=\"p1\"><span class=\"s1\">lekka, solidna konstrukcja<\/span><\/li>\n<p><\/br><\/p>\n<li class=\"p1\"><span class=\"s1\">nienaganny szlif w cz\u0119\u015bci pracuj\u0105cej<\/span><\/li>\n<p><\/br><\/p>\n<li class=\"p1\"><span class=\"s1\">ostra ko\u0144c\u00f3wka<\/span><\/li>\n<p><\/br><\/p>\n<li class=\"p1\"><span class=\"s1\">proste w u\u017cyciu i w dezynfekcji<\/span><\/li>\n<p><\/br><\/ul>\n<p><\/br><\/p>\n<p class=\"p1\"><span class=\"s1\">Kupuj\u0105c narz\u0119dzia w sklepie medycznym masz pewno\u015b\u0107 niezawodno\u015bci i wysokiej jako\u015bci wykonania. Ka\u017cdy produkt przechodzi restrykcyjny proces weryfikacji na etapie produkcji i wst\u0119pnej weryfikacji przed wys\u0142aniem. Tak, aby spe\u0142nia\u0142y mi\u0119dzynarodowe standardy okre\u015blone przez normy ISO 9001:2008 i CE.<span class=\"Apple-converted-space\">\u00a0<\/span><\/span><\/p>\n","protected":false},"excerpt":{"rendered":"<p class=\"p1\"><span class=\"s1\"><em>Profesjonalne d\u0142utko do usuwania sk\u00f3rek<\/em> marki <strong>Tendo Solingen<\/strong> o ca\u0142kowitej d\u0142ugo\u015bci 143 mm. <em>D\u0142uto do sk\u00f3rek<\/em> stosuje si\u0119 najcz\u0119\u015bciej do odsuwania sk\u00f3rek w trakcie zabieg\u00f3w podologicznych i kosmetycznych (do pedicure i manicure). D\u0142utko s\u0142u\u017cy tak\u017ce w podologii do usuwania odcisk\u00f3w oraz innych korekcji zwi\u0105zanych z wrastaj\u0105cymi paznokciami. Mo\u017ce by\u0107 stosowane r\u00f3wnie\u017c w warunkach domowych.<span class=\"Apple-converted-space\">\u00a0<\/span><\/span><\/p>\n<p><\/br><\/p>\n<p class=\"p1\"><span class=\"s1\"><span style=\"text-decoration:underline;\">D\u0142utko do sk\u00f3rek<\/span> zosta\u0142o w ca\u0142o\u015bci wykonane z najwy\u017cszej klasy stali medycznej. Tej samej stali u\u017cywa si\u0119 do produkcji precyzyjnych narz\u0119dzi chirurgicznych. Produkcja narz\u0119dzia odbywa si\u0119 zgodnie z wysokimi, niemieckimi standardami. Jest wyposa\u017cone w w\u0105sk\u0105 rynienk\u0119 o szeroko\u015bci 2 mm oraz p\u0142ask\u0105 r\u0119koje\u015b\u0107 z wygodnym miejscem na palec prowadz\u0105cy. Posiada ostr\u0105 ko\u0144c\u00f3wk\u0119 w cz\u0119\u015bci roboczej co pozwala na precyzj\u0119 podczas zabieg\u00f3w. Wariant premium wykonany jest z wy\u017cszej gatunkowo stali, gwarantuj\u0105c jeszcze wy\u017csz\u0105 precyzje i d\u0142ugotrwa\u0142o\u015b\u0107.<\/span><\/p>\n<p><\/br><\/p>\n<h2 class=\"p1\"><span class=\"s1\" style=\"font-size:10pt;\">Specyfikacja d\u0142utka do sk\u00f3rek<\/span><\/h2>\n<p><\/br><\/p>\n<ul><\/br><\/p>\n<li class=\"p1\"><span class=\"s1\">ca\u0142kowita d\u0142ugo\u015b\u0107 143 mm<\/span><\/li>\n<p><\/br><\/p>\n<li class=\"p1\"><span class=\"s1\">szeroko\u015b\u0107 ko\u0144c\u00f3wki 2 mm<\/span><\/li>\n<p><\/br><\/p>\n<li class=\"p1\"><span class=\"s1\">wykonanie ze stali chirurgicznej<\/span><\/li>\n<p><\/br><\/p>\n<li class=\"p1\"><span class=\"s1\">roczna gwarancja od producenta<\/span><\/li>\n<p><\/br><\/p>\n<li class=\"p1\"><span class=\"s1\">certyfikat<\/span><\/li>\n<p><\/br><\/ul>\n<p><\/br><\/p>\n<h2 class=\"p1\"><span class=\"s1\" style=\"font-size:10pt;\">Zalety korzystania z d\u0142utka do usuwania sk\u00f3rek<\/span><\/h2>\n<p><\/br><\/p>\n<ul><\/br><\/p>\n<li class=\"p1\"><span class=\"s1\">wygodne wg\u0142\u0119bienie na palec prowadz\u0105cy<\/span><\/li>\n<p><\/br><\/p>\n<li class=\"p1\"><span class=\"s1\">lekka, solidna konstrukcja<\/span><\/li>\n<p><\/br><\/p>\n<li class=\"p1\"><span class=\"s1\">nienaganny szlif w cz\u0119\u015bci pracuj\u0105cej<\/span><\/li>\n<p><\/br><\/p>\n<li class=\"p1\"><span class=\"s1\">ostra ko\u0144c\u00f3wka<\/span><\/li>\n<p><\/br><\/p>\n<li class=\"p1\"><span class=\"s1\">proste w u\u017cyciu i w dezynfekcji<\/span><\/li>\n<p><\/br><\/ul>\n<p><\/br><\/p>\n<p class=\"p1\"><span class=\"s1\">Kupuj\u0105c narz\u0119dzia w sklepie medycznym masz pewno\u015b\u0107 niezawodno\u015bci i wysokiej jako\u015bci wykonania. Ka\u017cdy produkt przechodzi restrykcyjny proces weryfikacji na etapie produkcji i wst\u0119pnej weryfikacji przed wys\u0142aniem. Tak, aby spe\u0142nia\u0142y mi\u0119dzynarodowe standardy okre\u015blone przez normy ISO 9001:2008 i CE.<span class=\"Apple-converted-space\">\u00a0<\/span><\/span><\/p>\n","protected":false},"featured_media":739,"comment_status":"closed","ping_status":"open","template":"","meta":[],"product_brand":[],"product_cat":[47],"product_tag":[],"class_list":{"0":"post-2330","1":"product","2":"type-product","3":"status-publish","4":"has-post-thumbnail","6":"product_cat-dluta-i-kopytka-ekskawatory","8":"first","9":"instock","10":"product-type-simple"},"_links":{"self":[{"href":"https:\/\/tendosolingen.de\/pl\/wp-json\/wp\/v2\/product\/2330","targetHints":{"allow":["GET"]}}],"collection":[{"href":"https:\/\/tendosolingen.de\/pl\/wp-json\/wp\/v2\/product"}],"about":[{"href":"https:\/\/tendosolingen.de\/pl\/wp-json\/wp\/v2\/types\/product"}],"replies":[{"embeddable":true,"href":"https:\/\/tendosolingen.de\/pl\/wp-json\/wp\/v2\/comments?post=2330"}],"wp:featuredmedia":[{"embeddable":true,"href":"https:\/\/tendosolingen.de\/pl\/wp-json\/wp\/v2\/media\/739"}],"wp:attachment":[{"href":"https:\/\/tendosolingen.de\/pl\/wp-json\/wp\/v2\/media?parent=2330"}],"wp:term":[{"taxonomy":"product_brand","embeddable":true,"href":"https:\/\/tendosolingen.de\/pl\/wp-json\/wp\/v2\/product_brand?post=2330"},{"taxonomy":"product_cat","embeddable":true,"href":"https:\/\/tendosolingen.de\/pl\/wp-json\/wp\/v2\/product_cat?post=2330"},{"taxonomy":"product_tag","embeddable":true,"href":"https:\/\/tendosolingen.de\/pl\/wp-json\/wp\/v2\/product_tag?post=2330"}],"curies":[{"name":"wp","href":"https:\/\/api.w.org\/{rel}","templated":true}]}}