{"id":2329,"date":"2024-04-09T22:38:06","date_gmt":"2024-04-09T20:38:06","guid":{"rendered":"https:\/\/tendosolingen.de\/product\/radelko-do-skorek-solingen-135-mm-dwustronne\/"},"modified":"2025-11-06T15:40:19","modified_gmt":"2025-11-06T14:40:19","slug":"radelko-do-skorek-solingen-135-mm-dwustronne","status":"publish","type":"product","link":"https:\/\/tendosolingen.de\/pl\/produkt\/radelko-do-skorek-solingen-135-mm-dwustronne\/","title":{"rendered":"Rade\u0142ko do sk\u00f3rek Solingen 135 mm dwustronne"},"content":{"rendered":"<p class=\"p1\" style=\"text-align: justify;\"><span class=\"s1\" style=\"font-family: arial, helvetica, sans-serif; font-size: 10pt;\">Bardzo <span style=\"text-decoration: underline;\">dobre rade\u0142ko do wycinania sk\u00f3rek<\/span> marki Tendo Solingen o d\u0142ugo\u015bci ca\u0142kowitej 13,5 cm. Produkt wykonany z najwy\u017cszej klasy stali chirurgicznej. Zgodnie z niemieckimi standardami produkcji narz\u0119dzi medycznych. Tego typu stal chirurgiczna gwarantuje najwy\u017csz\u0105 odporno\u015b\u0107 na \u015brodki chemiczne w trakcie dezynfekcji i sterylizacji narz\u0119dzia. Bardzo precyzyjne narz\u0119dzie kosmetyczne u\u017cywane cz\u0119sto w zabiegach manicure i pedicure. Spe\u0142nia tak\u017ce swoj\u0105 rol\u0119 w trakcie <em>usuwania<\/em> lakier\u00f3w hybrydowych.<span class=\"Apple-converted-space\">\u00a0<\/span><\/span><\/p>\n<p><\/br><\/p>\n<p class=\"p1\" style=\"text-align: justify;\"><span class=\"s1\" style=\"font-family: arial, helvetica, sans-serif; font-size: 10pt;\">Narz\u0119dzie posiada wygodn\u0105 r\u0119koje\u015b\u0107 oraz dwie \u0142opatki <em>do odsuwania sk\u00f3rek<\/em> o r\u00f3\u017cnej szeroko\u015bci. Dzi\u0119ki zastosowaniu antypo\u015blizgowej powierzchni na r\u0119koje\u015bci mo\u017ce by\u0107 u\u017cywane w ka\u017cdych warunkach. Produkt przeznaczony do stosowania profesjonalnego oraz okresowej piel\u0119gnacji nask\u00f3rka w domowych warunkach. Posiada certyfikat CE, gwarancj\u0119 od producenta narz\u0119dzi medycznych oraz oznaczenie stali chirurgicznej na ka\u017cdym instrumencie.<\/span><\/p>\n<p><\/br><\/p>\n<h2 class=\"p1\" style=\"text-align: justify;\"><span class=\"s1\" style=\"font-size: 10pt; font-family: arial, helvetica, sans-serif;\">Specyfikacja dwustronnego rade\u0142ka do sk\u00f3rek<\/span><\/h2>\n<p><\/br><\/p>\n<ul style=\"text-align: justify;\"><\/br><\/p>\n<li class=\"p1\"><span class=\"s1\" style=\"font-family: arial, helvetica, sans-serif; font-size: 10pt;\">d\u0142ugo\u015b\u0107 ca\u0142kowita 135 mm<span class=\"Apple-converted-space\">\u00a0<\/span><\/span><\/li>\n<p><\/br><\/p>\n<li class=\"p1\"><span class=\"s1\" style=\"font-family: arial, helvetica, sans-serif; font-size: 10pt;\">szeroko\u015b\u0107 \u0142opatek 8 mm i 5 mm<\/span><\/li>\n<p><\/br><\/p>\n<li class=\"p1\"><span class=\"s1\" style=\"font-family: arial, helvetica, sans-serif; font-size: 10pt;\">certyfikat CE<\/span><\/li>\n<p><\/br><\/p>\n<li class=\"p1\"><span class=\"s1\" style=\"font-family: arial, helvetica, sans-serif; font-size: 10pt;\">roczna gwarancja producenta<\/span><\/li>\n<p><\/br><\/p>\n<li class=\"p1\"><span class=\"s1\" style=\"font-family: arial, helvetica, sans-serif; font-size: 10pt;\">wykonanie z najwy\u017cszej klasy stali nierdzewnej<\/span><\/li>\n<p><\/br><\/ul>\n<p><\/br><\/p>\n<h2 class=\"p1\" style=\"text-align: justify;\"><span class=\"s1\" style=\"font-size: 10pt; font-family: arial, helvetica, sans-serif;\">Zalety korzystania z rade\u0142ka do sk\u00f3rek<span class=\"Apple-converted-space\">\u00a0<\/span><\/span><\/h2>\n<p><\/br><\/p>\n<ul style=\"text-align: justify;\"><\/br><\/p>\n<li class=\"p1\"><span class=\"s1\" style=\"font-family: arial, helvetica, sans-serif; font-size: 10pt;\">wysoka precyzja i bezpiecze\u0144stwo w zabiegach kosmetycznych<\/span><\/li>\n<p><\/br><\/p>\n<li class=\"p1\"><span class=\"s1\" style=\"font-family: arial, helvetica, sans-serif; font-size: 10pt;\">antypo\u015blizgowa budowa<span class=\"Apple-converted-space\">\u00a0<\/span><\/span><\/li>\n<p><\/br><\/p>\n<li class=\"p1\"><span class=\"s1\" style=\"font-family: arial, helvetica, sans-serif; font-size: 10pt;\">uniwersalne narz\u0119dzie wielokrotnego u\u017cytku<\/span><\/li>\n<p><\/br><\/p>\n<li class=\"p1\"><span class=\"s1\" style=\"font-family: arial, helvetica, sans-serif; font-size: 10pt;\">najwy\u017csza jako\u015b\u0107 wykonania zgodna z niemieckimi standardami<\/span><\/li>\n<p><\/br><\/p>\n<li class=\"p1\"><span class=\"s1\" style=\"font-family: arial, helvetica, sans-serif; font-size: 10pt;\">sprawdzona marka w praktyce<\/span><\/li>\n<p><\/br><\/ul>\n<p><\/br><\/p>\n<p class=\"p1\" style=\"text-align: justify;\"><span class=\"s1\" style=\"font-family: arial, helvetica, sans-serif; font-size: 10pt;\">Wszystkie narz\u0119dzia zakupione w medycznym sklepie przechodz\u0105 dwa etapy weryfikacji pod k\u0105tem jako\u015bci wykonania. Zgodnie z mi\u0119dzynarodowymi standardami produkcji ISO 9001:2008 i CE Mark. Kupuj\u0105c produkty w naszym sklepie masz gwarancj\u0119 komfortu pracy, wy\u017cszej wytrzyma\u0142o\u015bci i bezpiecze\u0144stwa w trakcie pracy<\/span><\/p>\n","protected":false},"excerpt":{"rendered":"<p class=\"p1\" style=\"text-align: justify;\"><span class=\"s1\" style=\"font-family: arial, helvetica, sans-serif; font-size: 10pt;\">Bardzo <span style=\"text-decoration: underline;\">dobre rade\u0142ko do wycinania sk\u00f3rek<\/span> marki Tendo Solingen o d\u0142ugo\u015bci ca\u0142kowitej 13,5 cm. Produkt wykonany z najwy\u017cszej klasy stali chirurgicznej. Zgodnie z niemieckimi standardami produkcji narz\u0119dzi medycznych. Tego typu stal chirurgiczna gwarantuje najwy\u017csz\u0105 odporno\u015b\u0107 na \u015brodki chemiczne w trakcie dezynfekcji i sterylizacji narz\u0119dzia. Bardzo precyzyjne narz\u0119dzie kosmetyczne u\u017cywane cz\u0119sto w zabiegach manicure i pedicure. Spe\u0142nia tak\u017ce swoj\u0105 rol\u0119 w trakcie <em>usuwania<\/em> lakier\u00f3w hybrydowych.<span class=\"Apple-converted-space\">\u00a0<\/span><\/span><\/p>\n<p><\/br><\/p>\n<p class=\"p1\" style=\"text-align: justify;\"><span class=\"s1\" style=\"font-family: arial, helvetica, sans-serif; font-size: 10pt;\">Narz\u0119dzie posiada wygodn\u0105 r\u0119koje\u015b\u0107 oraz dwie \u0142opatki <em>do odsuwania sk\u00f3rek<\/em> o r\u00f3\u017cnej szeroko\u015bci. Dzi\u0119ki zastosowaniu antypo\u015blizgowej powierzchni na r\u0119koje\u015bci mo\u017ce by\u0107 u\u017cywane w ka\u017cdych warunkach. Produkt przeznaczony do stosowania profesjonalnego oraz okresowej piel\u0119gnacji nask\u00f3rka w domowych warunkach. Posiada certyfikat CE, gwarancj\u0119 od producenta narz\u0119dzi medycznych oraz oznaczenie stali chirurgicznej na ka\u017cdym instrumencie.<\/span><\/p>\n<p><\/br><\/p>\n<h2 class=\"p1\" style=\"text-align: justify;\"><span class=\"s1\" style=\"font-size: 10pt; font-family: arial, helvetica, sans-serif;\">Specyfikacja dwustronnego rade\u0142ka do sk\u00f3rek<\/span><\/h2>\n<p><\/br><\/p>\n<ul style=\"text-align: justify;\"><\/br><\/p>\n<li class=\"p1\"><span class=\"s1\" style=\"font-family: arial, helvetica, sans-serif; font-size: 10pt;\">d\u0142ugo\u015b\u0107 ca\u0142kowita 135 mm<span class=\"Apple-converted-space\">\u00a0<\/span><\/span><\/li>\n<p><\/br><\/p>\n<li class=\"p1\"><span class=\"s1\" style=\"font-family: arial, helvetica, sans-serif; font-size: 10pt;\">szeroko\u015b\u0107 \u0142opatek 8 mm i 5 mm<\/span><\/li>\n<p><\/br><\/p>\n<li class=\"p1\"><span class=\"s1\" style=\"font-family: arial, helvetica, sans-serif; font-size: 10pt;\">certyfikat CE<\/span><\/li>\n<p><\/br><\/p>\n<li class=\"p1\"><span class=\"s1\" style=\"font-family: arial, helvetica, sans-serif; font-size: 10pt;\">roczna gwarancja producenta<\/span><\/li>\n<p><\/br><\/p>\n<li class=\"p1\"><span class=\"s1\" style=\"font-family: arial, helvetica, sans-serif; font-size: 10pt;\">wykonanie z najwy\u017cszej klasy stali nierdzewnej<\/span><\/li>\n<p><\/br><\/ul>\n<p><\/br><\/p>\n<h2 class=\"p1\" style=\"text-align: justify;\"><span class=\"s1\" style=\"font-size: 10pt; font-family: arial, helvetica, sans-serif;\">Zalety korzystania z rade\u0142ka do sk\u00f3rek<span class=\"Apple-converted-space\">\u00a0<\/span><\/span><\/h2>\n<p><\/br><\/p>\n<ul style=\"text-align: justify;\"><\/br><\/p>\n<li class=\"p1\"><span class=\"s1\" style=\"font-family: arial, helvetica, sans-serif; font-size: 10pt;\">wysoka precyzja i bezpiecze\u0144stwo w zabiegach kosmetycznych<\/span><\/li>\n<p><\/br><\/p>\n<li class=\"p1\"><span class=\"s1\" style=\"font-family: arial, helvetica, sans-serif; font-size: 10pt;\">antypo\u015blizgowa budowa<span class=\"Apple-converted-space\">\u00a0<\/span><\/span><\/li>\n<p><\/br><\/p>\n<li class=\"p1\"><span class=\"s1\" style=\"font-family: arial, helvetica, sans-serif; font-size: 10pt;\">uniwersalne narz\u0119dzie wielokrotnego u\u017cytku<\/span><\/li>\n<p><\/br><\/p>\n<li class=\"p1\"><span class=\"s1\" style=\"font-family: arial, helvetica, sans-serif; font-size: 10pt;\">najwy\u017csza jako\u015b\u0107 wykonania zgodna z niemieckimi standardami<\/span><\/li>\n<p><\/br><\/p>\n<li class=\"p1\"><span class=\"s1\" style=\"font-family: arial, helvetica, sans-serif; font-size: 10pt;\">sprawdzona marka w praktyce<\/span><\/li>\n<p><\/br><\/ul>\n<p><\/br><\/p>\n<p class=\"p1\" style=\"text-align: justify;\"><span class=\"s1\" style=\"font-family: arial, helvetica, sans-serif; font-size: 10pt;\">Wszystkie narz\u0119dzia zakupione w medycznym sklepie przechodz\u0105 dwa etapy weryfikacji pod k\u0105tem jako\u015bci wykonania. Zgodnie z mi\u0119dzynarodowymi standardami produkcji ISO 9001:2008 i CE Mark. Kupuj\u0105c produkty w naszym sklepie masz gwarancj\u0119 komfortu pracy, wy\u017cszej wytrzyma\u0142o\u015bci i bezpiecze\u0144stwa w trakcie pracy<\/span><\/p>\n","protected":false},"featured_media":735,"comment_status":"closed","ping_status":"open","template":"","meta":[],"product_brand":[],"product_cat":[47],"product_tag":[],"class_list":{"0":"post-2329","1":"product","2":"type-product","3":"status-publish","4":"has-post-thumbnail","6":"product_cat-dluta-i-kopytka-ekskawatory","8":"first","9":"instock","10":"product-type-simple"},"_links":{"self":[{"href":"https:\/\/tendosolingen.de\/pl\/wp-json\/wp\/v2\/product\/2329","targetHints":{"allow":["GET"]}}],"collection":[{"href":"https:\/\/tendosolingen.de\/pl\/wp-json\/wp\/v2\/product"}],"about":[{"href":"https:\/\/tendosolingen.de\/pl\/wp-json\/wp\/v2\/types\/product"}],"replies":[{"embeddable":true,"href":"https:\/\/tendosolingen.de\/pl\/wp-json\/wp\/v2\/comments?post=2329"}],"wp:featuredmedia":[{"embeddable":true,"href":"https:\/\/tendosolingen.de\/pl\/wp-json\/wp\/v2\/media\/735"}],"wp:attachment":[{"href":"https:\/\/tendosolingen.de\/pl\/wp-json\/wp\/v2\/media?parent=2329"}],"wp:term":[{"taxonomy":"product_brand","embeddable":true,"href":"https:\/\/tendosolingen.de\/pl\/wp-json\/wp\/v2\/product_brand?post=2329"},{"taxonomy":"product_cat","embeddable":true,"href":"https:\/\/tendosolingen.de\/pl\/wp-json\/wp\/v2\/product_cat?post=2329"},{"taxonomy":"product_tag","embeddable":true,"href":"https:\/\/tendosolingen.de\/pl\/wp-json\/wp\/v2\/product_tag?post=2329"}],"curies":[{"name":"wp","href":"https:\/\/api.w.org\/{rel}","templated":true}]}}