{"id":2328,"date":"2024-04-09T22:38:06","date_gmt":"2024-04-09T20:38:06","guid":{"rendered":"https:\/\/tendosolingen.de\/product\/cazki-do-wycinania-skorek-5mm-tendo-solingen-ze-stali-nierdzewnej\/"},"modified":"2026-01-09T15:23:13","modified_gmt":"2026-01-09T14:23:13","slug":"cazki-do-wycinania-skorek-5-mm-tendo-solingen-ze-stali-nierdzewnej","status":"publish","type":"product","link":"https:\/\/tendosolingen.de\/pl\/produkt\/cazki-do-wycinania-skorek-5-mm-tendo-solingen-ze-stali-nierdzewnej\/","title":{"rendered":"C\u0105\u017cki do wycinania sk\u00f3rek 5 mm ze stali nierdzewnej"},"content":{"rendered":"<p class=\"p1\"><span class=\"s1\" style=\"font-family:arial, helvetica, sans-serif;font-size:10pt;\"><em>Bardzo dobre c\u0105\u017cki do sk\u00f3rek<\/em> 5 mm Tendo\u00ae Solingen z lini Gold Line o ca\u0142kowitej d\u0142ugo\u015bci 10 cm wykonane <strong>ze niemieckiej stali nierdzewnej<\/strong>. Produkt s\u0142u\u017cy do usuwania sk\u00f3rek podczas zabieg\u00f3w piel\u0119gnacyjnych. Potocznie nazywane jako <em>obc\u0105\u017cki do sk\u00f3rek<\/em>. Zosta\u0142y wykonane zgodnie z niemieckimi standardami produkcji narz\u0119dzi chirurgicznych z wysokiej klasy stali chirurgicznej. Mog\u0105 by\u0107 u\u017cywane zar\u00f3wno do profesjonalnych zabieg\u00f3w w gabinetach kosmetycznych, jak i w domowych warunkach.<span class=\"Apple-converted-space\">\u00a0<\/span><\/span><\/p>\n<p><\/br><\/p>\n<p class=\"p1\"><span class=\"s1\" style=\"font-family:arial, helvetica, sans-serif;font-size:10pt;\"><span style=\"text-decoration:underline;\">C\u0105\u017cki do obcinania sk\u00f3rek<\/span> przechodz\u0105 proces weryfikacji pod k\u0105tem jako\u015bci szlifu ostrza. S\u0105 produkowane z zachowaniem odpowiedniego poziomu powtarzalno\u015bci i precyzji.\u00a0<\/span><\/p>\n<p><\/br><\/p>\n<p class=\"p1\"><span class=\"s1\" style=\"font-family:arial, helvetica, sans-serif;font-size:10pt;\">Narz\u0119dzie jest odpowiednio ostre i dobrze le\u017cy w d\u0142oni. Zawiera bezpieczny mechanizm spr\u0119\u017cynuj\u0105cy oraz elementy nituj\u0105ce. Te elementy narz\u0119dzia gwarantuj\u0105 cich\u0105 prac\u0119 oraz wi\u0119ksz\u0105 trwa\u0142o\u015b\u0107 podczas wycinania sk\u00f3rek. Posiadaj\u0105 wszelkie cechy jakie powinny spe\u0142nia\u0107 narz\u0119dzia do gabinet\u00f3w specjalistycznych.<span class=\"Apple-converted-space\">\u00a0<\/span><\/span><\/p>\n<p><\/br><\/p>\n<h2 class=\"p1\"><span class=\"s1\" style=\"font-size:10pt;font-family:arial, helvetica, sans-serif;\">Parametry narz\u0119dzia<\/span><\/h2>\n<p><\/br><\/p>\n<ul><\/br><\/p>\n<li class=\"p1\"><span class=\"s1\" style=\"font-family:arial, helvetica, sans-serif;font-size:10pt;\">nierdzewne<\/span><\/li>\n<p><\/br><\/p>\n<li class=\"p1\"><span style=\"font-family:arial, helvetica, sans-serif;font-size:10pt;\">design by Germany<\/span><\/li>\n<p><\/br><\/p>\n<li class=\"p1\"><span style=\"font-family:arial, helvetica, sans-serif;font-size:10pt;\">z nimieckiej stali chirurgicznej<\/span><\/li>\n<p><\/br><\/p>\n<li class=\"p1\"><span class=\"s1\" style=\"font-family:arial, helvetica, sans-serif;font-size:10pt;\">d\u0142. 10 cm<span class=\"Apple-converted-space\">\u00a0<\/span><\/span><\/li>\n<p><\/br><\/p>\n<li class=\"p1\"><span style=\"font-family:arial, helvetica, sans-serif;font-size:10pt;\">specjalnie zaprojektowana linia Gold Line dla specjalist\u00f3w<\/span><\/li>\n<p><\/br><\/p>\n<li class=\"p1\"><span class=\"s1\" style=\"font-family:arial, helvetica, sans-serif;font-size:10pt;\">d\u0142. ostrza 5 mm<\/span><\/li>\n<p><\/br><\/p>\n<li class=\"p1\"><span class=\"s1\" style=\"font-family:arial, helvetica, sans-serif;font-size:10pt;\">si\u0142a nacisku 32N<\/span><\/li>\n<p><\/br><\/p>\n<li class=\"p1\"><span class=\"s1\" style=\"font-family:arial, helvetica, sans-serif;font-size:10pt;\">certyfikat CE,\u00a0\u00a0ISO 9001:2008<\/span><\/li>\n<p><\/br><\/p>\n<li class=\"p1\"><span style=\"font-family:arial, helvetica, sans-serif;font-size:10pt;\">antyalergiczne<\/span><\/li>\n<p><\/br><\/ul>\n<p><\/br><\/p>\n<h2 class=\"p1\"><span class=\"s1\" style=\"font-size:10pt;font-family:arial, helvetica, sans-serif;\">Zalety produktu<\/span><\/h2>\n<p><\/br><\/p>\n<ul><\/br><\/p>\n<li class=\"p1\"><span class=\"s1\" style=\"font-family:arial, helvetica, sans-serif;font-size:10pt;\">wykonane ze stali u\u017cywanej do produkcji narz\u0119dzi chirurgicznych<\/span><\/li>\n<p><\/br><\/p>\n<li class=\"p1\"><span class=\"s1\" style=\"font-family:arial, helvetica, sans-serif;font-size:10pt;\"><span class=\"Apple-converted-space\">element \u0142\u0105cz\u0105cy dwie r\u0105czki, idealnie sprasowany by nie by\u0142o \u017cadnego luzu w konstrukcji\u00a0<\/span><\/span><\/li>\n<p><\/br><\/p>\n<li class=\"p1\"><span class=\"s1\" style=\"font-family:arial, helvetica, sans-serif;font-size:10pt;\">uniwersalne zastosowanie<\/span><\/li>\n<p><\/br><\/p>\n<li class=\"p1\"><span class=\"s1\" style=\"font-family:arial, helvetica, sans-serif;font-size:10pt;\">podw\u00f3jna spr\u0119\u017cyna, dzi\u0119ki kt\u00f3rej miekko i delikatnie odbij\u0105j\u0105<\/span><\/li>\n<p><\/br><\/p>\n<li class=\"p1\"><span class=\"s1\" style=\"font-family:arial, helvetica, sans-serif;font-size:10pt;\">trwa\u0142o\u015b\u0107 i precyzja usuwania nask\u00f3rka<\/span><\/li>\n<p><\/br><\/p>\n<li class=\"p1\"><span class=\"s1\" style=\"font-family:arial, helvetica, sans-serif;font-size:10pt;\">mo\u017cna podda\u0107 procesowi sterylizacji i dezynfekcji<\/span><\/li>\n<p><\/br><\/p>\n<li class=\"p1\"><span class=\"s1\" style=\"font-family:arial, helvetica, sans-serif;font-size:10pt;\">3 lata\u00a0gwarancji<\/span><\/li>\n<p><\/br><\/ul>\n<p><\/br><\/p>\n<p class=\"p1\"><span class=\"s1\" style=\"font-family:arial, helvetica, sans-serif;font-size:10pt;\">Produkt jest wielokrotnego u\u017cytku. Ka\u017cdy zabieg powinien odby\u0107 si\u0119 po dokonaniu dezynfekcji lub sterylizacji narz\u0119dzia. Decyduj\u0105c si\u0119 na zakup produktu w sklepie medycznym, masz gwarancj\u0119 wysokiej jako\u015bci albo zwrotu pieni\u0119dzy. Nasze c\u0105\u017cki do sk\u00f3rek to chirurgiczna precyzja w ka\u017cdym zabiegu kosmetycznym.<span class=\"Apple-converted-space\">\u00a0\u00a0Narz\u0119dzia s\u0105 fabrycznie nowe oraz dok\u0142adnie sprawdzane i kontrolowane na wszystkich etapach produkcji, w celu zapewnienia ich zgodno\u015bci z mi\u0119dzynarodowymi standardami okre\u015blonymi ISO 9001:2008 oraz certyfikatem CE.<\/span><\/span><\/p>\n","protected":false},"excerpt":{"rendered":"<p class=\"p1\"><span class=\"s1\" style=\"font-family:arial, helvetica, sans-serif;font-size:10pt;\"><em>Bardzo dobre c\u0105\u017cki do sk\u00f3rek<\/em> 5 mm Tendo\u00ae Solingen z lini Gold Line o ca\u0142kowitej d\u0142ugo\u015bci 10 cm wykonane <strong>ze niemieckiej stali nierdzewnej<\/strong>. Produkt s\u0142u\u017cy do usuwania sk\u00f3rek podczas zabieg\u00f3w piel\u0119gnacyjnych. Potocznie nazywane jako <em>obc\u0105\u017cki do sk\u00f3rek<\/em>. Zosta\u0142y wykonane zgodnie z niemieckimi standardami produkcji narz\u0119dzi chirurgicznych z wysokiej klasy stali chirurgicznej. Mog\u0105 by\u0107 u\u017cywane zar\u00f3wno do profesjonalnych zabieg\u00f3w w gabinetach kosmetycznych, jak i w domowych warunkach.<span class=\"Apple-converted-space\">\u00a0<\/span><\/span><\/p>\n<p><\/br><\/p>\n<p class=\"p1\"><span class=\"s1\" style=\"font-family:arial, helvetica, sans-serif;font-size:10pt;\"><span style=\"text-decoration:underline;\">C\u0105\u017cki do obcinania sk\u00f3rek<\/span> przechodz\u0105 proces weryfikacji pod k\u0105tem jako\u015bci szlifu ostrza. S\u0105 produkowane z zachowaniem odpowiedniego poziomu powtarzalno\u015bci i precyzji.\u00a0<\/span><\/p>\n<p><\/br><\/p>\n<p class=\"p1\"><span class=\"s1\" style=\"font-family:arial, helvetica, sans-serif;font-size:10pt;\">Narz\u0119dzie jest odpowiednio ostre i dobrze le\u017cy w d\u0142oni. Zawiera bezpieczny mechanizm spr\u0119\u017cynuj\u0105cy oraz elementy nituj\u0105ce. Te elementy narz\u0119dzia gwarantuj\u0105 cich\u0105 prac\u0119 oraz wi\u0119ksz\u0105 trwa\u0142o\u015b\u0107 podczas wycinania sk\u00f3rek. Posiadaj\u0105 wszelkie cechy jakie powinny spe\u0142nia\u0107 narz\u0119dzia do gabinet\u00f3w specjalistycznych.<span class=\"Apple-converted-space\">\u00a0<\/span><\/span><\/p>\n<p><\/br><\/p>\n<h2 class=\"p1\"><span class=\"s1\" style=\"font-size:10pt;font-family:arial, helvetica, sans-serif;\">Parametry narz\u0119dzia<\/span><\/h2>\n<p><\/br><\/p>\n<ul><\/br><\/p>\n<li class=\"p1\"><span class=\"s1\" style=\"font-family:arial, helvetica, sans-serif;font-size:10pt;\">nierdzewne<\/span><\/li>\n<p><\/br><\/p>\n<li class=\"p1\"><span style=\"font-family:arial, helvetica, sans-serif;font-size:10pt;\">design by Germany<\/span><\/li>\n<p><\/br><\/p>\n<li class=\"p1\"><span style=\"font-family:arial, helvetica, sans-serif;font-size:10pt;\">z nimieckiej stali chirurgicznej<\/span><\/li>\n<p><\/br><\/p>\n<li class=\"p1\"><span class=\"s1\" style=\"font-family:arial, helvetica, sans-serif;font-size:10pt;\">d\u0142. 10 cm<span class=\"Apple-converted-space\">\u00a0<\/span><\/span><\/li>\n<p><\/br><\/p>\n<li class=\"p1\"><span style=\"font-family:arial, helvetica, sans-serif;font-size:10pt;\">specjalnie zaprojektowana linia Gold Line dla specjalist\u00f3w<\/span><\/li>\n<p><\/br><\/p>\n<li class=\"p1\"><span class=\"s1\" style=\"font-family:arial, helvetica, sans-serif;font-size:10pt;\">d\u0142. ostrza 5 mm<\/span><\/li>\n<p><\/br><\/p>\n<li class=\"p1\"><span class=\"s1\" style=\"font-family:arial, helvetica, sans-serif;font-size:10pt;\">si\u0142a nacisku 32N<\/span><\/li>\n<p><\/br><\/p>\n<li class=\"p1\"><span class=\"s1\" style=\"font-family:arial, helvetica, sans-serif;font-size:10pt;\">certyfikat CE,\u00a0\u00a0ISO 9001:2008<\/span><\/li>\n<p><\/br><\/p>\n<li class=\"p1\"><span style=\"font-family:arial, helvetica, sans-serif;font-size:10pt;\">antyalergiczne<\/span><\/li>\n<p><\/br><\/ul>\n<p><\/br><\/p>\n<h2 class=\"p1\"><span class=\"s1\" style=\"font-size:10pt;font-family:arial, helvetica, sans-serif;\">Zalety produktu<\/span><\/h2>\n<p><\/br><\/p>\n<ul><\/br><\/p>\n<li class=\"p1\"><span class=\"s1\" style=\"font-family:arial, helvetica, sans-serif;font-size:10pt;\">wykonane ze stali u\u017cywanej do produkcji narz\u0119dzi chirurgicznych<\/span><\/li>\n<p><\/br><\/p>\n<li class=\"p1\"><span class=\"s1\" style=\"font-family:arial, helvetica, sans-serif;font-size:10pt;\"><span class=\"Apple-converted-space\">element \u0142\u0105cz\u0105cy dwie r\u0105czki, idealnie sprasowany by nie by\u0142o \u017cadnego luzu w konstrukcji\u00a0<\/span><\/span><\/li>\n<p><\/br><\/p>\n<li class=\"p1\"><span class=\"s1\" style=\"font-family:arial, helvetica, sans-serif;font-size:10pt;\">uniwersalne zastosowanie<\/span><\/li>\n<p><\/br><\/p>\n<li class=\"p1\"><span class=\"s1\" style=\"font-family:arial, helvetica, sans-serif;font-size:10pt;\">podw\u00f3jna spr\u0119\u017cyna, dzi\u0119ki kt\u00f3rej miekko i delikatnie odbij\u0105j\u0105<\/span><\/li>\n<p><\/br><\/p>\n<li class=\"p1\"><span class=\"s1\" style=\"font-family:arial, helvetica, sans-serif;font-size:10pt;\">trwa\u0142o\u015b\u0107 i precyzja usuwania nask\u00f3rka<\/span><\/li>\n<p><\/br><\/p>\n<li class=\"p1\"><span class=\"s1\" style=\"font-family:arial, helvetica, sans-serif;font-size:10pt;\">mo\u017cna podda\u0107 procesowi sterylizacji i dezynfekcji<\/span><\/li>\n<p><\/br><\/p>\n<li class=\"p1\"><span class=\"s1\" style=\"font-family:arial, helvetica, sans-serif;font-size:10pt;\">3 lata\u00a0gwarancji<\/span><\/li>\n<p><\/br><\/ul>\n<p><\/br><\/p>\n<p class=\"p1\"><span class=\"s1\" style=\"font-family:arial, helvetica, sans-serif;font-size:10pt;\">Produkt jest wielokrotnego u\u017cytku. Ka\u017cdy zabieg powinien odby\u0107 si\u0119 po dokonaniu dezynfekcji lub sterylizacji narz\u0119dzia. Decyduj\u0105c si\u0119 na zakup produktu w sklepie medycznym, masz gwarancj\u0119 wysokiej jako\u015bci albo zwrotu pieni\u0119dzy. Nasze c\u0105\u017cki do sk\u00f3rek to chirurgiczna precyzja w ka\u017cdym zabiegu kosmetycznym.<span class=\"Apple-converted-space\">\u00a0\u00a0Narz\u0119dzia s\u0105 fabrycznie nowe oraz dok\u0142adnie sprawdzane i kontrolowane na wszystkich etapach produkcji, w celu zapewnienia ich zgodno\u015bci z mi\u0119dzynarodowymi standardami okre\u015blonymi ISO 9001:2008 oraz certyfikatem CE.<\/span><\/span><\/p>\n","protected":false},"featured_media":731,"comment_status":"closed","ping_status":"closed","template":"","meta":[],"product_brand":[],"product_cat":[183],"product_tag":[],"class_list":{"0":"post-2328","1":"product","2":"type-product","3":"status-publish","4":"has-post-thumbnail","6":"product_cat-cegi-cazki","8":"first","9":"instock","10":"product-type-simple"},"_links":{"self":[{"href":"https:\/\/tendosolingen.de\/pl\/wp-json\/wp\/v2\/product\/2328","targetHints":{"allow":["GET"]}}],"collection":[{"href":"https:\/\/tendosolingen.de\/pl\/wp-json\/wp\/v2\/product"}],"about":[{"href":"https:\/\/tendosolingen.de\/pl\/wp-json\/wp\/v2\/types\/product"}],"replies":[{"embeddable":true,"href":"https:\/\/tendosolingen.de\/pl\/wp-json\/wp\/v2\/comments?post=2328"}],"wp:featuredmedia":[{"embeddable":true,"href":"https:\/\/tendosolingen.de\/pl\/wp-json\/wp\/v2\/media\/731"}],"wp:attachment":[{"href":"https:\/\/tendosolingen.de\/pl\/wp-json\/wp\/v2\/media?parent=2328"}],"wp:term":[{"taxonomy":"product_brand","embeddable":true,"href":"https:\/\/tendosolingen.de\/pl\/wp-json\/wp\/v2\/product_brand?post=2328"},{"taxonomy":"product_cat","embeddable":true,"href":"https:\/\/tendosolingen.de\/pl\/wp-json\/wp\/v2\/product_cat?post=2328"},{"taxonomy":"product_tag","embeddable":true,"href":"https:\/\/tendosolingen.de\/pl\/wp-json\/wp\/v2\/product_tag?post=2328"}],"curies":[{"name":"wp","href":"https:\/\/api.w.org\/{rel}","templated":true}]}}