{"id":2325,"date":"2024-04-09T22:38:06","date_gmt":"2024-04-09T20:38:06","guid":{"rendered":"https:\/\/tendosolingen.de\/product\/cazki-do-skorek-paznokci-tendo-solingen-tytanowe-rozmiar-4-mm\/"},"modified":"2026-01-09T18:05:11","modified_gmt":"2026-01-09T17:05:11","slug":"cazki-do-skorek-paznokci-tytanowe-rozmiar-4-mm","status":"publish","type":"product","link":"https:\/\/tendosolingen.de\/pl\/produkt\/cazki-do-skorek-paznokci-tytanowe-rozmiar-4-mm\/","title":{"rendered":"C\u0105\u017cki do sk\u00f3rek paznokci tytanowe Rozmiar: 4 mm"},"content":{"rendered":"<p class=\"p1\"><span class=\"s1\" style=\"font-size: 10pt; font-family: arial, helvetica, sans-serif;\">Najlepsze, klasowe <span style=\"text-decoration: underline;\">c\u0105\u017cki do sk\u00f3rek 4 mm<\/span> marki Tendo\u00ae Solingen tytanowe. Narz\u0119dzie do manicure i pedicure (podologiczne) s\u0142u\u017cy do wycinania i usuwania sk\u00f3rek w trakcie zabieg\u00f3w piel\u0119gnacyjnych w gabinetach kosmetycznych i w domowych warunkach. C\u0105\u017cki Tendo\u00ae posiadaj\u0105 dodatkowy mechanizm ze specjalnym tworzywem dla zapewnienia bardziej p\u0142ynnej pracy z narz\u0119dziem.<span class=\"Apple-converted-space\">\u00a0<\/span><\/span><\/p>\n<p>&nbsp;<\/p>\n<p class=\"p1\"><span class=\"s1\" style=\"font-size: 10pt; font-family: arial, helvetica, sans-serif;\">Tytanowe narz\u0119dzie spe\u0142niaj\u0105ce wysokie wymagania przy produkcji instrument\u00f3w medycznych. Dobre c\u0105\u017cki do sk\u00f3rek Tendo\u00ae przechodz\u0105 wst\u0119pn\u0105 weryfikacj\u0119 jako\u015bci i nie pochodz\u0105 z masowej produkcji. Produkt jest certyfikowany CE a producent zapewnia\u00a05 lat gwarancji. Produkt posiada cechy uniwersalnych narz\u0119dzi kosmetycznych. Dodatkowo charakteryzuje si\u0119 wy\u017cszym poziomem trwa\u0142o\u015bci. Dobrze uk\u0142ada si\u0119<span class=\"Apple-converted-space\">\u00a0 <\/span>w d\u0142oni. Posiada tak\u017ce cichy system spr\u0119\u017cynuj\u0105cy z trwa\u0142ymi elementami nituj\u0105cymi. Odpowiednia ostro\u015b\u0107 narz\u0119dzia zapewnia skuteczno\u015b\u0107 w zabiegach manicure i pedicure.<\/span><\/p>\n<p>&nbsp;<\/p>\n<h2 class=\"p1\"><span class=\"s1\" style=\"font-size: 10pt; font-family: arial, helvetica, sans-serif;\">Parametry c\u0105\u017cek Tendo\u00ae Solingen\u00a0tytanowych<\/span><\/h2>\n<p>&nbsp;<\/p>\n<ul>\n<li style=\"list-style-type: none;\">\n<ul>\n<li class=\"p1\"><span class=\"s1\" style=\"font-size: 10pt; font-family: arial, helvetica, sans-serif;\">typ: tytanowe<\/span><\/li>\n<\/ul>\n<\/li>\n<\/ul>\n<ul>\n<li style=\"list-style-type: none;\">\n<ul>\n<li class=\"p1\"><span class=\"s1\" style=\"font-size: 10pt; font-family: arial, helvetica, sans-serif;\">zastosowanie: do obcinania sk\u00f3rek paznokci<\/span><\/li>\n<\/ul>\n<\/li>\n<\/ul>\n<ul>\n<li style=\"list-style-type: none;\">\n<ul>\n<li class=\"p1\"><span class=\"s1\" style=\"font-size: 10pt; font-family: arial, helvetica, sans-serif;\">d\u0142ugo\u015b\u0107 10 cm<span class=\"Apple-converted-space\">\u00a0<\/span><\/span><\/li>\n<\/ul>\n<\/li>\n<\/ul>\n<ul>\n<li style=\"list-style-type: none;\">\n<ul>\n<li class=\"p1\"><span class=\"s1\" style=\"font-size: 10pt; font-family: arial, helvetica, sans-serif;\">d\u0142ugo\u015b\u0107 ostrza: 4 mm (royal blue, turkusowe)<\/span><\/li>\n<\/ul>\n<\/li>\n<\/ul>\n<ul>\n<li style=\"list-style-type: none;\">\n<ul>\n<li class=\"p1\"><span class=\"s1\" style=\"font-size: 10pt; font-family: arial, helvetica, sans-serif;\">maks. si\u0142a nacisku 32N<\/span><\/li>\n<\/ul>\n<\/li>\n<\/ul>\n<ul>\n<li style=\"list-style-type: none;\">\n<ul>\n<li class=\"p1\"><span class=\"s1\" style=\"font-size: 10pt; font-family: arial, helvetica, sans-serif;\">5 lat\u00a0gwarancji<\/span><\/li>\n<\/ul>\n<\/li>\n<\/ul>\n<ul>\n<li style=\"list-style-type: none;\">\n<ul>\n<li class=\"p1\"><span class=\"s1\" style=\"font-size: 10pt; font-family: arial, helvetica, sans-serif;\">certyfikat CE<\/span><\/li>\n<\/ul>\n<\/li>\n<\/ul>\n<p>&nbsp;<\/p>\n<p>&nbsp;<\/p>\n<h2 class=\"p1\"><span class=\"s1\" style=\"font-size: 10pt; font-family: arial, helvetica, sans-serif;\">Korzy\u015bci z u\u017cytkowania c\u0105\u017cek Tendo\u00ae Solingen<\/span><\/h2>\n<p>&nbsp;<\/p>\n<ul>\n<li style=\"list-style-type: none;\">\n<ul>\n<li class=\"p1\"><span class=\"s1\" style=\"font-size: 10pt; font-family: arial, helvetica, sans-serif;\">uniwersalne narz\u0119dzie do zabieg\u00f3w kosmetycznych<span class=\"Apple-converted-space\">\u00a0<\/span><\/span><\/li>\n<\/ul>\n<\/li>\n<\/ul>\n<ul>\n<li style=\"list-style-type: none;\">\n<ul>\n<li class=\"p1\"><span class=\"s1\" style=\"font-size: 10pt; font-family: arial, helvetica, sans-serif;\">do sterylizacji w autoklawach i standardowej dezynfekcji<\/span><\/li>\n<\/ul>\n<\/li>\n<\/ul>\n<ul>\n<li style=\"list-style-type: none;\">\n<ul>\n<li class=\"p1\"><span class=\"s1\" style=\"font-size: 10pt; font-family: arial, helvetica, sans-serif;\">dobrej jako\u015bci\u00a0wykonanie i ostre ko\u0144c\u00f3wki<\/span><\/li>\n<\/ul>\n<\/li>\n<\/ul>\n<ul>\n<li style=\"list-style-type: none;\">\n<ul>\n<li class=\"p1\"><span class=\"s1\" style=\"font-size: 10pt; font-family: arial, helvetica, sans-serif;\">wysoki standard produkcji narz\u0119dzi medycznych (niemieckie standardy)<\/span><\/li>\n<\/ul>\n<\/li>\n<\/ul>\n<p>&nbsp;<\/p>\n<p>&nbsp;<\/p>\n<p class=\"p1\"><span class=\"s1\" style=\"font-size: 10pt; font-family: arial, helvetica, sans-serif;\">Narz\u0119dzie profesjonalne do wielokrotnego u\u017cytku. Z gwarancj\u0105 producenta. Przy sterylizacji nie powinno u\u017cywa\u0107 si\u0119 \u015brodk\u00f3w wybielaj\u0105cych. Sklep medyczny zapewnia wysok\u0105 jako\u015b\u0107 produkt\u00f3w. Pierwsze u\u017cycie powinno zosta\u0107 poprzedzone dezynfekcj\u0105 w celu obni\u017cenia ryzyka reakcji alergicznej.<\/span><\/p>\n","protected":false},"excerpt":{"rendered":"<p class=\"p1\">Klasyczne c\u0105\u017cki do sk\u00f3rek Tendo\u00ae Solingen (4 mm), wykonane z tytanu, przeznaczone do manicure, pedicure i podologii, wyposa\u017cone w specjalny mechanizm zapewniaj\u0105cy p\u0142ynn\u0105 i precyzyjn\u0105 prac\u0119 zar\u00f3wno w salonie kosmetycznym, jak i w domu.<\/p>\n","protected":false},"featured_media":719,"comment_status":"closed","ping_status":"closed","template":"","meta":[],"product_brand":[],"product_cat":[183],"product_tag":[],"class_list":{"0":"post-2325","1":"product","2":"type-product","3":"status-publish","4":"has-post-thumbnail","6":"product_cat-cegi-cazki","8":"first","9":"instock","10":"purchasable","11":"product-type-simple"},"_links":{"self":[{"href":"https:\/\/tendosolingen.de\/pl\/wp-json\/wp\/v2\/product\/2325","targetHints":{"allow":["GET"]}}],"collection":[{"href":"https:\/\/tendosolingen.de\/pl\/wp-json\/wp\/v2\/product"}],"about":[{"href":"https:\/\/tendosolingen.de\/pl\/wp-json\/wp\/v2\/types\/product"}],"replies":[{"embeddable":true,"href":"https:\/\/tendosolingen.de\/pl\/wp-json\/wp\/v2\/comments?post=2325"}],"wp:featuredmedia":[{"embeddable":true,"href":"https:\/\/tendosolingen.de\/pl\/wp-json\/wp\/v2\/media\/719"}],"wp:attachment":[{"href":"https:\/\/tendosolingen.de\/pl\/wp-json\/wp\/v2\/media?parent=2325"}],"wp:term":[{"taxonomy":"product_brand","embeddable":true,"href":"https:\/\/tendosolingen.de\/pl\/wp-json\/wp\/v2\/product_brand?post=2325"},{"taxonomy":"product_cat","embeddable":true,"href":"https:\/\/tendosolingen.de\/pl\/wp-json\/wp\/v2\/product_cat?post=2325"},{"taxonomy":"product_tag","embeddable":true,"href":"https:\/\/tendosolingen.de\/pl\/wp-json\/wp\/v2\/product_tag?post=2325"}],"curies":[{"name":"wp","href":"https:\/\/api.w.org\/{rel}","templated":true}]}}