{"id":2323,"date":"2024-04-09T22:38:06","date_gmt":"2024-04-09T20:38:06","guid":{"rendered":"https:\/\/tendosolingen.de\/product\/cazki-solingen-do-usuwania-skorek-7-mm-nierdzewne\/"},"modified":"2026-01-09T15:24:07","modified_gmt":"2026-01-09T14:24:07","slug":"cazki-do-usuwania-skorek-7-mm-nierdzewne","status":"publish","type":"product","link":"https:\/\/tendosolingen.de\/pl\/produkt\/cazki-do-usuwania-skorek-7-mm-nierdzewne\/","title":{"rendered":"C\u0105\u017cki do usuwania sk\u00f3rek 7 mm nierdzewne"},"content":{"rendered":"<p class=\"p1\"><span class=\"s1\"><span style=\"text-decoration:underline;\">C\u0105\u017cki do wycinania sk\u00f3rek<\/span> marki Tendo\u00a0<em>Solingen<\/em> z ostrzem o d\u0142ugo\u015bci <strong>7mm<\/strong> wykonane <em>ze stali chirurgicznej<\/em>. Produkt u\u017cywany do usuwania sk\u00f3rek podczas zabieg\u00f3w manicure. To uniwersalne narz\u0119dzie, kt\u00f3re sprawdza si\u0119 zar\u00f3wno w specjalistycznych us\u0142ugach gabinet\u00f3w kosmetycznych, jak i w domowych warunkach.<span class=\"Apple-converted-space\">\u00a0<\/span><\/span><\/p>\n<p><\/br><\/p>\n<p class=\"p1\"><span class=\"s1\">Do produkcji zosta\u0142a u\u017cyta wysokiej klasy <em>niemiecka<\/em> stal nierdzewna. Ta sama, kt\u00f3rej u\u017cywa si\u0119 do produkcji precyzyjnych narz\u0119dzi chirurgicznych dla lekarzy specjalist\u00f3w. <span style=\"text-decoration:underline;\">C\u0105\u017cki do sk\u00f3rek Solingen<\/span> przechodz\u0105 proces weryfikacji pod k\u0105tem jako\u015bci i nie s\u0105 produkowane metod\u0105 mechaniczn\u0105. Dzi\u0119ki temu spe\u0142niaj\u0105 najwy\u017csze niemieckie standardy, kt\u00f3re s\u0105 wymagane przy produkcji instrument\u00f3w medycznych. Posiadaj\u0105 certyfikat jako\u015bci CE wraz z roczn\u0105 gwarancj\u0105 producenta.<span class=\"Apple-converted-space\">\u00a0<\/span><\/span><\/p>\n<p><\/br><\/p>\n<p class=\"p1\"><span class=\"s1\"><strong>Profesjonalne c\u0105\u017cki do sk\u00f3rek<\/strong> ze stali nierdzewnej charakteryzuj\u0105 si\u0119 przede wszystkim wygodnym u\u0142o\u017ceniem w d\u0142oni oraz precyzj\u0105 obcinania sk\u00f3rek. Maj\u0105 odpowiednio ostr\u0105 cz\u0119\u015b\u0107 robocz\u0105 oraz system spr\u0119\u017cynuj\u0105cy na r\u0119koje\u015bci. Element nituj\u0105cy natomiast zapewnia dok\u0142adne blokowanie element\u00f3w \u0142\u0105cz\u0105cych ostrza i odpowiada za cich\u0105 prac\u0119 podczas zabiegu. <span class=\"Apple-converted-space\">\u00a0<\/span><\/span><\/p>\n<p><\/br><\/p>\n<h2 class=\"p1\"><span class=\"s1\" style=\"font-size:10pt;\">Specyfikacja c\u0105\u017cek Solingen ze stali chirurgicznej<\/span><\/h2>\n<p><\/br><\/p>\n<ul><\/br><\/p>\n<li class=\"p2\">wysokiej klasy <em>stal nierdzewna<\/em><\/li>\n<p><\/br><\/p>\n<li class=\"p1\"><span class=\"s1\">wymiary narz\u0119dzia 10 cm<span class=\"Apple-converted-space\">\u00a0<\/span><\/span><\/li>\n<p><\/br><\/p>\n<li class=\"p1\"><span class=\"s1\">ostrze o d\u0142ugo\u015bci 7 mm<\/span><\/li>\n<p><\/br><\/p>\n<li class=\"p1\"><span class=\"s1\">maksymalna si\u0142a nacisku 32N<\/span><\/li>\n<p><\/br><\/p>\n<li class=\"p1\"><span class=\"s1\">roczna gwarancja<\/span><\/li>\n<p><\/br><\/p>\n<li class=\"p1\"><span class=\"s1\">produkt certyfikowany<\/span><\/li>\n<p><\/br><\/ul>\n<p><\/br><\/p>\n<h2 class=\"p1\"><span class=\"s1\" style=\"font-size:10pt;\">Zalety korzystania z c\u0105\u017cek Solingen<\/span><\/h2>\n<p><\/br><\/p>\n<ul><\/br><\/p>\n<li class=\"p1\"><span class=\"s1\">odpowiednie do domowych zabieg\u00f3w i specjalistycznych us\u0142ug kosmetycznych<\/span><\/li>\n<p><\/br><\/p>\n<li class=\"p1\"><span class=\"s1\">wysoka odporno\u015b\u0107 na dezynfekcj\u0119 oraz sterylizacj\u0119<\/span><\/li>\n<p><\/br><\/p>\n<li class=\"p1\"><span class=\"s1\">precyzja w usuwaniu nask\u00f3rka<span class=\"Apple-converted-space\">\u00a0<\/span><\/span><\/li>\n<p><\/br><\/p>\n<li class=\"p1\"><span class=\"s1\">wykonane zgodnie ze standardami produkcji narz\u0119dzi medycznych<\/span><\/li>\n<p><\/br><\/p>\n<li class=\"p1\"><span class=\"s1\">przechodz\u0105 odpraw\u0119 w baga\u017cu podr\u0119cznym<\/span><\/li>\n<p><\/br><\/ul>\n<p><\/br><\/p>\n<p class=\"p1\"><span class=\"s1\">Produkt wielokrotnego u\u017cytku z gwarancj\u0105 producenta. Przeznaczony do standardowej dezynfekcji i sterylizacji, r\u00f3wnie\u017c w autoklawach kosmetycznych. (z wy\u0142\u0105czeniem \u015brodk\u00f3w wybielaj\u0105cych i maj\u0105cych negatywny wp\u0142yw na stal chirurgiczn\u0105) Kupuj\u0105c c\u0105\u017cki do sk\u00f3rek w sklepie medycznym masz gwarancj\u0119 bezpiecze\u0144stwa podczas zabieg\u00f3w. Przed pierwszym u\u017cyciem nale\u017cy dokona\u0107 dezynfekcji narz\u0119dzia, aby unikn\u0105\u0107 negatywnych reakcji alergicznych i innych niepo\u017c\u0105danych skutk\u00f3w.<span class=\"Apple-converted-space\">\u00a0<\/span><\/span><\/p>\n<p><\/br><\/p>\n<p class=\"p1\"><span class=\"s1\"><strong>Kr\u00f3tka porada dla Kupuj\u0105cych:<\/strong> Je\u015bli nie wiesz <em>ile mm<\/em> powinny mie\u0107 c\u0105\u017cki skorzystaj z naszej wskaz\u00f3wki. D\u0142u\u017csze ostrze pozwala na szybsze wykonanie zabiegu. Kr\u00f3tkie ostrza <span style=\"text-decoration:underline;\"><a href=\"\/cazki-do-skorek-solingen-ze-stali-nierdzewnej-5mm\" title=\"C\u0105\u017cki Solingen 5 mm\">c\u0105\u017cek do sk\u00f3rek<\/a><\/span>\u00a0np. 3 mm lub 5 mm pomagaj\u0105 w uzyskaniu wi\u0119kszej precyzji.<span class=\"Apple-converted-space\">\u00a0<\/span><\/span><\/p>\n","protected":false},"excerpt":{"rendered":"<p class=\"p1\"><span class=\"s1\"><span style=\"text-decoration:underline;\">C\u0105\u017cki do wycinania sk\u00f3rek<\/span> marki Tendo\u00a0<em>Solingen<\/em> z ostrzem o d\u0142ugo\u015bci <strong>7mm<\/strong> wykonane <em>ze stali chirurgicznej<\/em>. Produkt u\u017cywany do usuwania sk\u00f3rek podczas zabieg\u00f3w manicure. To uniwersalne narz\u0119dzie, kt\u00f3re sprawdza si\u0119 zar\u00f3wno w specjalistycznych us\u0142ugach gabinet\u00f3w kosmetycznych, jak i w domowych warunkach.<span class=\"Apple-converted-space\">\u00a0<\/span><\/span><\/p>\n<p><\/br><\/p>\n<p class=\"p1\"><span class=\"s1\">Do produkcji zosta\u0142a u\u017cyta wysokiej klasy <em>niemiecka<\/em> stal nierdzewna. Ta sama, kt\u00f3rej u\u017cywa si\u0119 do produkcji precyzyjnych narz\u0119dzi chirurgicznych dla lekarzy specjalist\u00f3w. <span style=\"text-decoration:underline;\">C\u0105\u017cki do sk\u00f3rek Solingen<\/span> przechodz\u0105 proces weryfikacji pod k\u0105tem jako\u015bci i nie s\u0105 produkowane metod\u0105 mechaniczn\u0105. Dzi\u0119ki temu spe\u0142niaj\u0105 najwy\u017csze niemieckie standardy, kt\u00f3re s\u0105 wymagane przy produkcji instrument\u00f3w medycznych. Posiadaj\u0105 certyfikat jako\u015bci CE wraz z roczn\u0105 gwarancj\u0105 producenta.<span class=\"Apple-converted-space\">\u00a0<\/span><\/span><\/p>\n<p><\/br><\/p>\n<p class=\"p1\"><span class=\"s1\"><strong>Profesjonalne c\u0105\u017cki do sk\u00f3rek<\/strong> ze stali nierdzewnej charakteryzuj\u0105 si\u0119 przede wszystkim wygodnym u\u0142o\u017ceniem w d\u0142oni oraz precyzj\u0105 obcinania sk\u00f3rek. Maj\u0105 odpowiednio ostr\u0105 cz\u0119\u015b\u0107 robocz\u0105 oraz system spr\u0119\u017cynuj\u0105cy na r\u0119koje\u015bci. Element nituj\u0105cy natomiast zapewnia dok\u0142adne blokowanie element\u00f3w \u0142\u0105cz\u0105cych ostrza i odpowiada za cich\u0105 prac\u0119 podczas zabiegu. <span class=\"Apple-converted-space\">\u00a0<\/span><\/span><\/p>\n<p><\/br><\/p>\n<h2 class=\"p1\"><span class=\"s1\" style=\"font-size:10pt;\">Specyfikacja c\u0105\u017cek Solingen ze stali chirurgicznej<\/span><\/h2>\n<p><\/br><\/p>\n<ul><\/br><\/p>\n<li class=\"p2\">wysokiej klasy <em>stal nierdzewna<\/em><\/li>\n<p><\/br><\/p>\n<li class=\"p1\"><span class=\"s1\">wymiary narz\u0119dzia 10 cm<span class=\"Apple-converted-space\">\u00a0<\/span><\/span><\/li>\n<p><\/br><\/p>\n<li class=\"p1\"><span class=\"s1\">ostrze o d\u0142ugo\u015bci 7 mm<\/span><\/li>\n<p><\/br><\/p>\n<li class=\"p1\"><span class=\"s1\">maksymalna si\u0142a nacisku 32N<\/span><\/li>\n<p><\/br><\/p>\n<li class=\"p1\"><span class=\"s1\">roczna gwarancja<\/span><\/li>\n<p><\/br><\/p>\n<li class=\"p1\"><span class=\"s1\">produkt certyfikowany<\/span><\/li>\n<p><\/br><\/ul>\n<p><\/br><\/p>\n<h2 class=\"p1\"><span class=\"s1\" style=\"font-size:10pt;\">Zalety korzystania z c\u0105\u017cek Solingen<\/span><\/h2>\n<p><\/br><\/p>\n<ul><\/br><\/p>\n<li class=\"p1\"><span class=\"s1\">odpowiednie do domowych zabieg\u00f3w i specjalistycznych us\u0142ug kosmetycznych<\/span><\/li>\n<p><\/br><\/p>\n<li class=\"p1\"><span class=\"s1\">wysoka odporno\u015b\u0107 na dezynfekcj\u0119 oraz sterylizacj\u0119<\/span><\/li>\n<p><\/br><\/p>\n<li class=\"p1\"><span class=\"s1\">precyzja w usuwaniu nask\u00f3rka<span class=\"Apple-converted-space\">\u00a0<\/span><\/span><\/li>\n<p><\/br><\/p>\n<li class=\"p1\"><span class=\"s1\">wykonane zgodnie ze standardami produkcji narz\u0119dzi medycznych<\/span><\/li>\n<p><\/br><\/p>\n<li class=\"p1\"><span class=\"s1\">przechodz\u0105 odpraw\u0119 w baga\u017cu podr\u0119cznym<\/span><\/li>\n<p><\/br><\/ul>\n<p><\/br><\/p>\n<p class=\"p1\"><span class=\"s1\">Produkt wielokrotnego u\u017cytku z gwarancj\u0105 producenta. Przeznaczony do standardowej dezynfekcji i sterylizacji, r\u00f3wnie\u017c w autoklawach kosmetycznych. (z wy\u0142\u0105czeniem \u015brodk\u00f3w wybielaj\u0105cych i maj\u0105cych negatywny wp\u0142yw na stal chirurgiczn\u0105) Kupuj\u0105c c\u0105\u017cki do sk\u00f3rek w sklepie medycznym masz gwarancj\u0119 bezpiecze\u0144stwa podczas zabieg\u00f3w. Przed pierwszym u\u017cyciem nale\u017cy dokona\u0107 dezynfekcji narz\u0119dzia, aby unikn\u0105\u0107 negatywnych reakcji alergicznych i innych niepo\u017c\u0105danych skutk\u00f3w.<span class=\"Apple-converted-space\">\u00a0<\/span><\/span><\/p>\n<p><\/br><\/p>\n<p class=\"p1\"><span class=\"s1\"><strong>Kr\u00f3tka porada dla Kupuj\u0105cych:<\/strong> Je\u015bli nie wiesz <em>ile mm<\/em> powinny mie\u0107 c\u0105\u017cki skorzystaj z naszej wskaz\u00f3wki. D\u0142u\u017csze ostrze pozwala na szybsze wykonanie zabiegu. Kr\u00f3tkie ostrza <span style=\"text-decoration:underline;\"><a href=\"\/cazki-do-skorek-solingen-ze-stali-nierdzewnej-5mm\" title=\"C\u0105\u017cki Solingen 5 mm\">c\u0105\u017cek do sk\u00f3rek<\/a><\/span>\u00a0np. 3 mm lub 5 mm pomagaj\u0105 w uzyskaniu wi\u0119kszej precyzji.<span class=\"Apple-converted-space\">\u00a0<\/span><\/span><\/p>\n","protected":false},"featured_media":711,"comment_status":"closed","ping_status":"closed","template":"","meta":[],"product_brand":[],"product_cat":[183],"product_tag":[],"class_list":{"0":"post-2323","1":"product","2":"type-product","3":"status-publish","4":"has-post-thumbnail","6":"product_cat-cegi-cazki","8":"first","9":"instock","10":"product-type-simple"},"_links":{"self":[{"href":"https:\/\/tendosolingen.de\/pl\/wp-json\/wp\/v2\/product\/2323","targetHints":{"allow":["GET"]}}],"collection":[{"href":"https:\/\/tendosolingen.de\/pl\/wp-json\/wp\/v2\/product"}],"about":[{"href":"https:\/\/tendosolingen.de\/pl\/wp-json\/wp\/v2\/types\/product"}],"replies":[{"embeddable":true,"href":"https:\/\/tendosolingen.de\/pl\/wp-json\/wp\/v2\/comments?post=2323"}],"wp:featuredmedia":[{"embeddable":true,"href":"https:\/\/tendosolingen.de\/pl\/wp-json\/wp\/v2\/media\/711"}],"wp:attachment":[{"href":"https:\/\/tendosolingen.de\/pl\/wp-json\/wp\/v2\/media?parent=2323"}],"wp:term":[{"taxonomy":"product_brand","embeddable":true,"href":"https:\/\/tendosolingen.de\/pl\/wp-json\/wp\/v2\/product_brand?post=2323"},{"taxonomy":"product_cat","embeddable":true,"href":"https:\/\/tendosolingen.de\/pl\/wp-json\/wp\/v2\/product_cat?post=2323"},{"taxonomy":"product_tag","embeddable":true,"href":"https:\/\/tendosolingen.de\/pl\/wp-json\/wp\/v2\/product_tag?post=2323"}],"curies":[{"name":"wp","href":"https:\/\/api.w.org\/{rel}","templated":true}]}}