{"id":2321,"date":"2024-04-09T22:38:06","date_gmt":"2024-04-09T20:38:06","guid":{"rendered":"https:\/\/tendosolingen.de\/product\/cazki-do-skorek-solingen-profesjonalne-5-mm-ze-stali-nierdzewnej-rodzaj-produktu-standard-sq\/"},"modified":"2026-01-09T15:22:15","modified_gmt":"2026-01-09T14:22:15","slug":"cazki-do-skorek-solingen-profesjonalne-5-mm-ze-stali-nierdzewnej-rodzaj-produktu-standard-sq","status":"publish","type":"product","link":"https:\/\/tendosolingen.de\/pl\/produkt\/cazki-do-skorek-solingen-profesjonalne-5-mm-ze-stali-nierdzewnej-rodzaj-produktu-standard-sq\/","title":{"rendered":"C\u0105\u017cki do sk\u00f3rek profesjonalne 5 mm ze stali nierdzewnej Rodzaj produktu: Standard (SQ)"},"content":{"rendered":"<p class=\"p1\"><span class=\"s1\" style=\"font-family: arial, helvetica, sans-serif; font-size: 10pt;\"><em>Bardzo dobre c\u0105\u017cki do sk\u00f3rek<\/em> marki Tendo\u00a0<strong>Solingen<\/strong> o d\u0142ugo\u015bci ostrza <strong>5mm<\/strong> wykonane <span style=\"text-decoration: underline;\">ze stali nierdzewnej<\/span>. Narz\u0119dzie s\u0142u\u017cy do usuwania i obcinania sk\u00f3rek. Wysokiej klasy niemiecka stal chirurgiczna u\u017cywana do produkcji narz\u0119dzi chirurgicznych gwarantuje precyzyjne wycinanie sk\u00f3rek. Narz\u0119dzie mo\u017ce by\u0107 u\u017cywane podczas profesjonalnych zabieg\u00f3w w salonach kosmetycznych, klinikach medycyny estetycznej, jak r\u00f3wnie\u017c warunkach domowych.<span class=\"Apple-converted-space\">\u00a0<\/span><\/span><\/p>\n<p><\/br><\/p>\n<p class=\"p1\"><span class=\"s1\" style=\"font-family: arial, helvetica, sans-serif; font-size: 10pt;\"><span style=\"text-decoration: underline;\">C\u0105\u017cki do sk\u00f3rek Solingen<\/span> nie pochodz\u0105 z produkcji masowej. Dzi\u0119ki temu ostrze 5 mm charakteryzuje si\u0119 wysok\u0105 jako\u015bci\u0105 wykonania. Produkt spe\u0142nia najwy\u017csze wymagania i standardy produkcji narz\u0119dzi medycznych. Otrzyma\u0142 certyfikat jako\u015bci CE i roczn\u0105 gwarancj\u0119 producenta.<\/span><\/p>\n<p><\/br><\/p>\n<p class=\"p1\"><span class=\"s1\" style=\"font-family: arial, helvetica, sans-serif; font-size: 10pt;\"><em>C\u0105\u017cki do sk\u00f3rek ze stali chirurgicznej<\/em> Solingen dobrze uk\u0142adaj\u0105 si\u0119 d\u0142oni i s\u0105 odpowiednio ostre. Posiadaj\u0105 specjalny system spr\u0119\u017cynuj\u0105cy dla zapewnienia precyzji i wysokiej u\u017cyteczno\u015bci narz\u0119dzia. (wysoki wsp\u00f3\u0142czynnik ceny do jako\u015bci) Wewn\u0105trz ramion znajduje si\u0119 trwa\u0142y element nituj\u0105cy, kt\u00f3ry odpowiada za cich\u0105 i p\u0142ynn\u0105 prac\u0119 podczas zabieg\u00f3w.<\/span><\/p>\n<p><\/br><\/p>\n<h2 class=\"p1\"><span class=\"s1\" style=\"font-size: 10pt; font-family: arial, helvetica, sans-serif;\">Parametry c\u0105\u017cek do sk\u00f3rek Solingen<\/span><\/h2>\n<p><\/br><\/p>\n<ul><\/br><\/p>\n<li class=\"p1\"><span class=\"s1\" style=\"font-family: arial, helvetica, sans-serif; font-size: 10pt;\">wykonanie ze stali chirurgicznej<\/span><\/li>\n<p><\/br><\/p>\n<li class=\"p1\"><span class=\"s1\" style=\"font-family: arial, helvetica, sans-serif; font-size: 10pt;\">d\u0142ugo\u015b\u0107 narz\u0119dzia 10 cm<\/span><\/li>\n<p><\/br><\/p>\n<li class=\"p1\"><span class=\"s1\" style=\"font-family: arial, helvetica, sans-serif; font-size: 10pt;\">d\u0142ugo\u015b\u0107 ostrza 5 mm<\/span><\/li>\n<p><\/br><\/p>\n<li class=\"p1\"><span class=\"s1\" style=\"font-family: arial, helvetica, sans-serif; font-size: 10pt;\">max. si\u0142a ucisku 32N<\/span><\/li>\n<p><\/br><\/p>\n<li class=\"p1\"><span class=\"s1\" style=\"font-family: arial, helvetica, sans-serif; font-size: 10pt;\">rok gwarancji producenta<\/span><\/li>\n<p><\/br><\/p>\n<li class=\"p1\"><span class=\"s1\" style=\"font-family: arial, helvetica, sans-serif; font-size: 10pt;\">certyfikat CE<\/span><\/li>\n<p><\/br><\/ul>\n<p><\/br><\/p>\n<h2 class=\"p1\"><span class=\"s1\" style=\"font-size: 10pt; font-family: arial, helvetica, sans-serif;\">Zalety korzystania z\u00a0c\u0105\u017cek Solingen<\/span><\/h2>\n<p><\/br><\/p>\n<ul><\/br><\/p>\n<li class=\"p1\"><span class=\"s1\" style=\"font-family: arial, helvetica, sans-serif; font-size: 10pt;\">uniwersalne zastosowanie (gabinety kosmetyczne i do u\u017cytku w\u0142asnego)<\/span><\/li>\n<p><\/br><\/p>\n<li class=\"p1\"><span class=\"s1\" style=\"font-family: arial, helvetica, sans-serif; font-size: 10pt;\">odporne na dezynfekcj\u0119 i sterylizacj\u0119<\/span><\/li>\n<p><\/br><\/p>\n<li class=\"p1\"><span class=\"s1\" style=\"font-family: arial, helvetica, sans-serif; font-size: 10pt;\">precyzyjnie usuwaj\u0105 nask\u00f3rek<\/span><\/li>\n<p><\/br><\/p>\n<li class=\"p1\"><span class=\"s1\" style=\"font-family: arial, helvetica, sans-serif; font-size: 10pt;\">wykonane z wysokiej klasy materia\u0142\u00f3w do produkcji narz\u0119dzi chirurgicznych<\/span><\/li>\n<p><\/br><\/p>\n<li class=\"p1\"><span class=\"s1\" style=\"font-family: arial, helvetica, sans-serif; font-size: 10pt;\">mog\u0105 by\u0107 przechowywane w baga\u017cu podr\u0119cznym<span class=\"Apple-converted-space\">\u00a0<\/span><\/span><\/li>\n<p><\/br><\/ul>\n<p><\/br><\/p>\n<p class=\"p2\"><span style=\"font-family: arial, helvetica, sans-serif; font-size: 10pt;\"><em>C\u0105\u017cki do sk\u00f3rek<\/em> s\u0105 przeznaczone do wielokrotnego u\u017cytku. Mog\u0105 by\u0107 sterylizowane w autoklawach kosmetycznych i dezynfekowane \u015brodkami chemicznymi z wyj\u0105tkiem \u015brodk\u00f3w wybielaj\u0105cych i pochodnych. Produkt ze sklepu medycznego to gwarancja najwy\u017cszej jako\u015bci wykonania i bezpiecze\u0144stwo przy zabiegach. Narz\u0119dzie powinno by\u0107 wykorzystywane zgodnie z jego przeznaczeniem.<span class=\"Apple-converted-space\">\u00a0<\/span><\/span><\/p>\n<p><\/br><\/p>\n<p class=\"p2\"><span class=\"Apple-converted-space\" style=\"font-family: arial, helvetica, sans-serif; font-size: 10pt;\"><strong>Kr\u00f3tka porada dla Kupuj\u0105cych:<\/strong> Je\u015bli nie wiesz jakie wybra\u0107 c\u0105\u017cki do wycinania sk\u00f3rek skorzystaj z naszej porady. <span style=\"text-decoration: underline;\"><a title=\"C\u0105\u017cki do sk\u00f3rek 3 mm\" href=\"\/cazki-do-skorek-solingen-profesjonalne-3-mm\">C\u0105\u017cki do sk\u00f3rek<\/a><\/span>\u00a0o kr\u00f3tszym ostrzu np. 3 mm\u00a0gwarantuj\u0105 wi\u0119ksz\u0105 precyzj\u0119 przy zabiegu, d\u0142u\u017csze sprawi\u0105, \u017ce zabieg b\u0119dzie wykonany szybciej.\u00a0<\/span><\/p>\n","protected":false},"excerpt":{"rendered":"<p class=\"p1\"><span class=\"s1\" style=\"font-family: arial, helvetica, sans-serif; font-size: 10pt;\"><em>Bardzo dobre c\u0105\u017cki do sk\u00f3rek<\/em> marki Tendo\u00a0<strong>Solingen<\/strong> o d\u0142ugo\u015bci ostrza <strong>5mm<\/strong> wykonane <span style=\"text-decoration: underline;\">ze stali nierdzewnej<\/span>. Narz\u0119dzie s\u0142u\u017cy do usuwania i obcinania sk\u00f3rek. Wysokiej klasy niemiecka stal chirurgiczna u\u017cywana do produkcji narz\u0119dzi chirurgicznych gwarantuje precyzyjne wycinanie sk\u00f3rek. Narz\u0119dzie mo\u017ce by\u0107 u\u017cywane podczas profesjonalnych zabieg\u00f3w w salonach kosmetycznych, klinikach medycyny estetycznej, jak r\u00f3wnie\u017c warunkach domowych.<span class=\"Apple-converted-space\">\u00a0<\/span><\/span><\/p>\n<p><\/br><\/p>\n<p class=\"p1\"><span class=\"s1\" style=\"font-family: arial, helvetica, sans-serif; font-size: 10pt;\"><span style=\"text-decoration: underline;\">C\u0105\u017cki do sk\u00f3rek Solingen<\/span> nie pochodz\u0105 z produkcji masowej. Dzi\u0119ki temu ostrze 5 mm charakteryzuje si\u0119 wysok\u0105 jako\u015bci\u0105 wykonania. Produkt spe\u0142nia najwy\u017csze wymagania i standardy produkcji narz\u0119dzi medycznych. Otrzyma\u0142 certyfikat jako\u015bci CE i roczn\u0105 gwarancj\u0119 producenta.<\/span><\/p>\n<p><\/br><\/p>\n<p class=\"p1\"><span class=\"s1\" style=\"font-family: arial, helvetica, sans-serif; font-size: 10pt;\"><em>C\u0105\u017cki do sk\u00f3rek ze stali chirurgicznej<\/em> Solingen dobrze uk\u0142adaj\u0105 si\u0119 d\u0142oni i s\u0105 odpowiednio ostre. Posiadaj\u0105 specjalny system spr\u0119\u017cynuj\u0105cy dla zapewnienia precyzji i wysokiej u\u017cyteczno\u015bci narz\u0119dzia. (wysoki wsp\u00f3\u0142czynnik ceny do jako\u015bci) Wewn\u0105trz ramion znajduje si\u0119 trwa\u0142y element nituj\u0105cy, kt\u00f3ry odpowiada za cich\u0105 i p\u0142ynn\u0105 prac\u0119 podczas zabieg\u00f3w.<\/span><\/p>\n<p><\/br><\/p>\n<h2 class=\"p1\"><span class=\"s1\" style=\"font-size: 10pt; font-family: arial, helvetica, sans-serif;\">Parametry c\u0105\u017cek do sk\u00f3rek Solingen<\/span><\/h2>\n<p><\/br><\/p>\n<ul><\/br><\/p>\n<li class=\"p1\"><span class=\"s1\" style=\"font-family: arial, helvetica, sans-serif; font-size: 10pt;\">wykonanie ze stali chirurgicznej<\/span><\/li>\n<p><\/br><\/p>\n<li class=\"p1\"><span class=\"s1\" style=\"font-family: arial, helvetica, sans-serif; font-size: 10pt;\">d\u0142ugo\u015b\u0107 narz\u0119dzia 10 cm<\/span><\/li>\n<p><\/br><\/p>\n<li class=\"p1\"><span class=\"s1\" style=\"font-family: arial, helvetica, sans-serif; font-size: 10pt;\">d\u0142ugo\u015b\u0107 ostrza 5 mm<\/span><\/li>\n<p><\/br><\/p>\n<li class=\"p1\"><span class=\"s1\" style=\"font-family: arial, helvetica, sans-serif; font-size: 10pt;\">max. si\u0142a ucisku 32N<\/span><\/li>\n<p><\/br><\/p>\n<li class=\"p1\"><span class=\"s1\" style=\"font-family: arial, helvetica, sans-serif; font-size: 10pt;\">rok gwarancji producenta<\/span><\/li>\n<p><\/br><\/p>\n<li class=\"p1\"><span class=\"s1\" style=\"font-family: arial, helvetica, sans-serif; font-size: 10pt;\">certyfikat CE<\/span><\/li>\n<p><\/br><\/ul>\n<p><\/br><\/p>\n<h2 class=\"p1\"><span class=\"s1\" style=\"font-size: 10pt; font-family: arial, helvetica, sans-serif;\">Zalety korzystania z\u00a0c\u0105\u017cek Solingen<\/span><\/h2>\n<p><\/br><\/p>\n<ul><\/br><\/p>\n<li class=\"p1\"><span class=\"s1\" style=\"font-family: arial, helvetica, sans-serif; font-size: 10pt;\">uniwersalne zastosowanie (gabinety kosmetyczne i do u\u017cytku w\u0142asnego)<\/span><\/li>\n<p><\/br><\/p>\n<li class=\"p1\"><span class=\"s1\" style=\"font-family: arial, helvetica, sans-serif; font-size: 10pt;\">odporne na dezynfekcj\u0119 i sterylizacj\u0119<\/span><\/li>\n<p><\/br><\/p>\n<li class=\"p1\"><span class=\"s1\" style=\"font-family: arial, helvetica, sans-serif; font-size: 10pt;\">precyzyjnie usuwaj\u0105 nask\u00f3rek<\/span><\/li>\n<p><\/br><\/p>\n<li class=\"p1\"><span class=\"s1\" style=\"font-family: arial, helvetica, sans-serif; font-size: 10pt;\">wykonane z wysokiej klasy materia\u0142\u00f3w do produkcji narz\u0119dzi chirurgicznych<\/span><\/li>\n<p><\/br><\/p>\n<li class=\"p1\"><span class=\"s1\" style=\"font-family: arial, helvetica, sans-serif; font-size: 10pt;\">mog\u0105 by\u0107 przechowywane w baga\u017cu podr\u0119cznym<span class=\"Apple-converted-space\">\u00a0<\/span><\/span><\/li>\n<p><\/br><\/ul>\n<p><\/br><\/p>\n<p class=\"p2\"><span style=\"font-family: arial, helvetica, sans-serif; font-size: 10pt;\"><em>C\u0105\u017cki do sk\u00f3rek<\/em> s\u0105 przeznaczone do wielokrotnego u\u017cytku. Mog\u0105 by\u0107 sterylizowane w autoklawach kosmetycznych i dezynfekowane \u015brodkami chemicznymi z wyj\u0105tkiem \u015brodk\u00f3w wybielaj\u0105cych i pochodnych. Produkt ze sklepu medycznego to gwarancja najwy\u017cszej jako\u015bci wykonania i bezpiecze\u0144stwo przy zabiegach. Narz\u0119dzie powinno by\u0107 wykorzystywane zgodnie z jego przeznaczeniem.<span class=\"Apple-converted-space\">\u00a0<\/span><\/span><\/p>\n<p><\/br><\/p>\n<p class=\"p2\"><span class=\"Apple-converted-space\" style=\"font-family: arial, helvetica, sans-serif; font-size: 10pt;\"><strong>Kr\u00f3tka porada dla Kupuj\u0105cych:<\/strong> Je\u015bli nie wiesz jakie wybra\u0107 c\u0105\u017cki do wycinania sk\u00f3rek skorzystaj z naszej porady. <span style=\"text-decoration: underline;\"><a title=\"C\u0105\u017cki do sk\u00f3rek 3 mm\" href=\"\/cazki-do-skorek-solingen-profesjonalne-3-mm\">C\u0105\u017cki do sk\u00f3rek<\/a><\/span>\u00a0o kr\u00f3tszym ostrzu np. 3 mm\u00a0gwarantuj\u0105 wi\u0119ksz\u0105 precyzj\u0119 przy zabiegu, d\u0142u\u017csze sprawi\u0105, \u017ce zabieg b\u0119dzie wykonany szybciej.\u00a0<\/span><\/p>\n","protected":false},"featured_media":703,"comment_status":"closed","ping_status":"closed","template":"","meta":[],"product_brand":[],"product_cat":[183],"product_tag":[],"class_list":{"0":"post-2321","1":"product","2":"type-product","3":"status-publish","4":"has-post-thumbnail","6":"product_cat-cegi-cazki","8":"first","9":"instock","10":"product-type-simple"},"_links":{"self":[{"href":"https:\/\/tendosolingen.de\/pl\/wp-json\/wp\/v2\/product\/2321","targetHints":{"allow":["GET"]}}],"collection":[{"href":"https:\/\/tendosolingen.de\/pl\/wp-json\/wp\/v2\/product"}],"about":[{"href":"https:\/\/tendosolingen.de\/pl\/wp-json\/wp\/v2\/types\/product"}],"replies":[{"embeddable":true,"href":"https:\/\/tendosolingen.de\/pl\/wp-json\/wp\/v2\/comments?post=2321"}],"wp:featuredmedia":[{"embeddable":true,"href":"https:\/\/tendosolingen.de\/pl\/wp-json\/wp\/v2\/media\/703"}],"wp:attachment":[{"href":"https:\/\/tendosolingen.de\/pl\/wp-json\/wp\/v2\/media?parent=2321"}],"wp:term":[{"taxonomy":"product_brand","embeddable":true,"href":"https:\/\/tendosolingen.de\/pl\/wp-json\/wp\/v2\/product_brand?post=2321"},{"taxonomy":"product_cat","embeddable":true,"href":"https:\/\/tendosolingen.de\/pl\/wp-json\/wp\/v2\/product_cat?post=2321"},{"taxonomy":"product_tag","embeddable":true,"href":"https:\/\/tendosolingen.de\/pl\/wp-json\/wp\/v2\/product_tag?post=2321"}],"curies":[{"name":"wp","href":"https:\/\/api.w.org\/{rel}","templated":true}]}}