{"id":2320,"date":"2024-04-09T22:38:06","date_gmt":"2024-04-09T20:38:06","guid":{"rendered":"https:\/\/tendosolingen.de\/product\/kopytko-do-paznokci-lopatka-dwustronne-profesjonalne\/"},"modified":"2025-11-06T15:40:20","modified_gmt":"2025-11-06T14:40:20","slug":"kopytko-do-paznokci-lopatka-dwustronne-profesjonalne","status":"publish","type":"product","link":"https:\/\/tendosolingen.de\/pl\/produkt\/kopytko-do-paznokci-lopatka-dwustronne-profesjonalne\/","title":{"rendered":"Kopytko do paznokci \u0142opatka dwustronne profesjonalne"},"content":{"rendered":"<p style=\"text-align:justify;\"><span style=\"font-family:arial, helvetica, sans-serif;font-size:10pt;\">Profesjonalne dwustronne kopytko typ &#8222;\u0142opatka&#8221; do odsuwania sk\u00f3rek oraz rozprowadzania preparat\u00f3w podczas zabieg\u00f3w. Instrument wykonany z wysokiej jako\u015bci stali chirurgicznej gwarantuje komfort pracy i jest odporny na dzia\u0142anie czynnik\u00f3w zewn\u0119trznych.\u00a0<\/span><\/p>\n<p><\/br><\/p>\n<p style=\"text-align:justify;\"><span style=\"font-family:arial, helvetica, sans-serif;font-size:10pt;\">Delikatna strona rade\u0142ka\u00a0odpycha sk\u00f3rki, druga natomiast ma za zadanie w prosty spos\u00f3b usun\u0105\u0107 zalegaj\u0105cy nask\u00f3rek na p\u0142ytce paznokcia. Profilowany uchwyt gwarantuje odpowiedni\u0105 chwytno\u015b\u0107 w d\u0142oni. Uniwersalne ko\u0144c\u00f3wki sprawdzaj\u0105 si\u0119 przy zabiegach manicure i pedicure.<\/span><\/p>\n<p><\/br><\/p>\n<h2 style=\"text-align:justify;\"><span style=\"font-family:arial, helvetica, sans-serif;font-size:10pt;\">Parametry techniczne kopytka do sk\u00f3rek paznokci<\/span><\/h2>\n<p><\/br><\/p>\n<ul style=\"text-align:justify;\">\n<li><span style=\"font-family:arial, helvetica, sans-serif;font-size:10pt;\">d\u0142ugo\u015b\u0107 12 cm<\/span><\/li>\n<p><\/br><\/p>\n<li><span style=\"font-family:arial, helvetica, sans-serif;font-size:10pt;\">szeroko\u015b\u0107 ko\u0144c\u00f3wek 6 mm oraz 5 mm<\/span><\/li>\n<p><\/br><\/p>\n<li><span style=\"font-family:arial, helvetica, sans-serif;font-size:10pt;\">rokowana r\u0119koje\u015b\u0107<\/span><\/li>\n<p><\/br><\/p>\n<li><span style=\"font-family:arial, helvetica, sans-serif;font-size:10pt;\">jednoelementowa konstrukcja<\/span><\/li>\n<p><\/br><\/p>\n<li><span style=\"font-family:arial, helvetica, sans-serif;font-size:10pt;\">certyfikowana jako\u015b\u0107\u00a0<\/span><\/li>\n<p><\/br><\/p>\n<li><span style=\"font-family:arial, helvetica, sans-serif;font-size:10pt;\">z gwarancj\u0105 producenta<\/span><\/li>\n<p><\/br><\/ul>\n<h2 style=\"text-align:justify;\"><span style=\"font-family:arial, helvetica, sans-serif;font-size:10pt;\">Zalety korzystania z kopytka do odsuwania sk\u00f3rek<\/span><\/h2>\n<p><\/br><\/p>\n<ul style=\"text-align:justify;\">\n<li><span style=\"font-family:arial, helvetica, sans-serif;font-size:10pt;\">wykorzystywanie w pedicure i manicure<\/span><\/li>\n<p><\/br><\/p>\n<li><span style=\"font-family:arial, helvetica, sans-serif;font-size:10pt;\">zapewnia efektywn\u0105 prac\u0119 podczas zabieg\u00f3w\u00a0<\/span><\/li>\n<p><\/br><\/p>\n<li><span style=\"font-family:arial, helvetica, sans-serif;font-size:10pt;\">zawiera funkcjonalne ko\u0144c\u00f3wki i wygodny uchwyt<\/span><\/li>\n<p><\/br><\/p>\n<li><span style=\"font-family:arial, helvetica, sans-serif;font-size:10pt;\">wielokrotnego u\u017cytku<\/span><\/li>\n<p><\/br><\/p>\n<li><span style=\"font-family:arial, helvetica, sans-serif;font-size:10pt;\">precyzyjne, r\u0119cznie szlifowane ko\u0144c\u00f3wki<\/span><\/li>\n<p><\/br><\/ul>\n<p style=\"text-align:justify;\"><span style=\"font-family:arial, helvetica, sans-serif;font-size:10pt;\">Wysokiej jako\u015bci narz\u0119dzia ze stali chirurgicznej obj\u0119te s\u0105 roczn\u0105 gwarancj\u0105 producenta. Kupuj\u0105c narz\u0119dzia kosmetyczne w sklepie medycznym otrzymujesz\u00a0gwarancj\u0119 najwy\u017cszej jako\u015bci produktu, bezpiecze\u0144stwo i komfort pracy. Produkt do u\u017cytku zgodnie z przeznaczeniem przez osoby posiadaj\u0105ce kwalifikacje. Posiada certyfikaty ISO 9001:2008 oraz certyfikatem CE.<\/span><\/p>\n","protected":false},"excerpt":{"rendered":"<p style=\"text-align:justify;\"><span style=\"font-family:arial, helvetica, sans-serif;font-size:10pt;\">Profesjonalne dwustronne kopytko typ &#8222;\u0142opatka&#8221; do odsuwania sk\u00f3rek oraz rozprowadzania preparat\u00f3w podczas zabieg\u00f3w. Instrument wykonany z wysokiej jako\u015bci stali chirurgicznej gwarantuje komfort pracy i jest odporny na dzia\u0142anie czynnik\u00f3w zewn\u0119trznych.\u00a0<\/span><\/p>\n<p><\/br><\/p>\n<p style=\"text-align:justify;\"><span style=\"font-family:arial, helvetica, sans-serif;font-size:10pt;\">Delikatna strona rade\u0142ka\u00a0odpycha sk\u00f3rki, druga natomiast ma za zadanie w prosty spos\u00f3b usun\u0105\u0107 zalegaj\u0105cy nask\u00f3rek na p\u0142ytce paznokcia. Profilowany uchwyt gwarantuje odpowiedni\u0105 chwytno\u015b\u0107 w d\u0142oni. Uniwersalne ko\u0144c\u00f3wki sprawdzaj\u0105 si\u0119 przy zabiegach manicure i pedicure.<\/span><\/p>\n<p><\/br><\/p>\n<h2 style=\"text-align:justify;\"><span style=\"font-family:arial, helvetica, sans-serif;font-size:10pt;\">Parametry techniczne kopytka do sk\u00f3rek paznokci<\/span><\/h2>\n<p><\/br><\/p>\n<ul style=\"text-align:justify;\">\n<li><span style=\"font-family:arial, helvetica, sans-serif;font-size:10pt;\">d\u0142ugo\u015b\u0107 12 cm<\/span><\/li>\n<p><\/br><\/p>\n<li><span style=\"font-family:arial, helvetica, sans-serif;font-size:10pt;\">szeroko\u015b\u0107 ko\u0144c\u00f3wek 6 mm oraz 5 mm<\/span><\/li>\n<p><\/br><\/p>\n<li><span style=\"font-family:arial, helvetica, sans-serif;font-size:10pt;\">rokowana r\u0119koje\u015b\u0107<\/span><\/li>\n<p><\/br><\/p>\n<li><span style=\"font-family:arial, helvetica, sans-serif;font-size:10pt;\">jednoelementowa konstrukcja<\/span><\/li>\n<p><\/br><\/p>\n<li><span style=\"font-family:arial, helvetica, sans-serif;font-size:10pt;\">certyfikowana jako\u015b\u0107\u00a0<\/span><\/li>\n<p><\/br><\/p>\n<li><span style=\"font-family:arial, helvetica, sans-serif;font-size:10pt;\">z gwarancj\u0105 producenta<\/span><\/li>\n<p><\/br><\/ul>\n<h2 style=\"text-align:justify;\"><span style=\"font-family:arial, helvetica, sans-serif;font-size:10pt;\">Zalety korzystania z kopytka do odsuwania sk\u00f3rek<\/span><\/h2>\n<p><\/br><\/p>\n<ul style=\"text-align:justify;\">\n<li><span style=\"font-family:arial, helvetica, sans-serif;font-size:10pt;\">wykorzystywanie w pedicure i manicure<\/span><\/li>\n<p><\/br><\/p>\n<li><span style=\"font-family:arial, helvetica, sans-serif;font-size:10pt;\">zapewnia efektywn\u0105 prac\u0119 podczas zabieg\u00f3w\u00a0<\/span><\/li>\n<p><\/br><\/p>\n<li><span style=\"font-family:arial, helvetica, sans-serif;font-size:10pt;\">zawiera funkcjonalne ko\u0144c\u00f3wki i wygodny uchwyt<\/span><\/li>\n<p><\/br><\/p>\n<li><span style=\"font-family:arial, helvetica, sans-serif;font-size:10pt;\">wielokrotnego u\u017cytku<\/span><\/li>\n<p><\/br><\/p>\n<li><span style=\"font-family:arial, helvetica, sans-serif;font-size:10pt;\">precyzyjne, r\u0119cznie szlifowane ko\u0144c\u00f3wki<\/span><\/li>\n<p><\/br><\/ul>\n<p style=\"text-align:justify;\"><span style=\"font-family:arial, helvetica, sans-serif;font-size:10pt;\">Wysokiej jako\u015bci narz\u0119dzia ze stali chirurgicznej obj\u0119te s\u0105 roczn\u0105 gwarancj\u0105 producenta. Kupuj\u0105c narz\u0119dzia kosmetyczne w sklepie medycznym otrzymujesz\u00a0gwarancj\u0119 najwy\u017cszej jako\u015bci produktu, bezpiecze\u0144stwo i komfort pracy. Produkt do u\u017cytku zgodnie z przeznaczeniem przez osoby posiadaj\u0105ce kwalifikacje. Posiada certyfikaty ISO 9001:2008 oraz certyfikatem CE.<\/span><\/p>\n","protected":false},"featured_media":699,"comment_status":"closed","ping_status":"open","template":"","meta":[],"product_brand":[],"product_cat":[50],"product_tag":[],"class_list":{"0":"post-2320","1":"product","2":"type-product","3":"status-publish","4":"has-post-thumbnail","6":"product_cat-narzedzia-podologiczne-pl","8":"first","9":"instock","10":"product-type-simple"},"_links":{"self":[{"href":"https:\/\/tendosolingen.de\/pl\/wp-json\/wp\/v2\/product\/2320","targetHints":{"allow":["GET"]}}],"collection":[{"href":"https:\/\/tendosolingen.de\/pl\/wp-json\/wp\/v2\/product"}],"about":[{"href":"https:\/\/tendosolingen.de\/pl\/wp-json\/wp\/v2\/types\/product"}],"replies":[{"embeddable":true,"href":"https:\/\/tendosolingen.de\/pl\/wp-json\/wp\/v2\/comments?post=2320"}],"wp:featuredmedia":[{"embeddable":true,"href":"https:\/\/tendosolingen.de\/pl\/wp-json\/wp\/v2\/media\/699"}],"wp:attachment":[{"href":"https:\/\/tendosolingen.de\/pl\/wp-json\/wp\/v2\/media?parent=2320"}],"wp:term":[{"taxonomy":"product_brand","embeddable":true,"href":"https:\/\/tendosolingen.de\/pl\/wp-json\/wp\/v2\/product_brand?post=2320"},{"taxonomy":"product_cat","embeddable":true,"href":"https:\/\/tendosolingen.de\/pl\/wp-json\/wp\/v2\/product_cat?post=2320"},{"taxonomy":"product_tag","embeddable":true,"href":"https:\/\/tendosolingen.de\/pl\/wp-json\/wp\/v2\/product_tag?post=2320"}],"curies":[{"name":"wp","href":"https:\/\/api.w.org\/{rel}","templated":true}]}}