{"id":2319,"date":"2024-04-09T22:38:06","date_gmt":"2024-04-09T20:38:06","guid":{"rendered":"https:\/\/tendosolingen.de\/product\/peseta-do-rzes-waska-zagieta-kosmetyczna-solingen\/"},"modified":"2025-11-06T15:40:20","modified_gmt":"2025-11-06T14:40:20","slug":"peseta-do-rzes-waska-zagieta-kosmetyczna-solingen","status":"publish","type":"product","link":"https:\/\/tendosolingen.de\/pl\/produkt\/peseta-do-rzes-waska-zagieta-kosmetyczna-solingen\/","title":{"rendered":"P\u0119seta do rz\u0119s w\u0105ska zagi\u0119ta kosmetyczna Solingen"},"content":{"rendered":"<p style=\"text-align:justify;\"><span style=\"font-family:arial, helvetica, sans-serif;font-size:10pt;\">Profesjonalna, oryginalna\u00a0<span style=\"text-decoration:underline;\">penseta do rz\u0119s<\/span> <strong>Tendo Solingen<\/strong> wykorzystywana w kosmetologii w trakcie\u00a0zabieg\u00f3w przed\u0142u\u017cania naturalnych, doklejania i zak\u0142adania sztucznych rz\u0119s. Certyfikowany produkt wykonany z wysokiej jako\u015bci stali chirurgicznej. Dzi\u0119ki zastosowaniu materia\u0142\u00f3w do produkcji narz\u0119dzi chirurgicznych gwarantuje najwy\u017csz\u0105\u00a0\u017cywotno\u015b\u0107 oraz precyzj\u0119 w zabiegach.<\/span><\/p>\n<p><\/br><\/p>\n<p style=\"text-align:justify;\"><span style=\"font-family:arial, helvetica, sans-serif;font-size:10pt;\">Dobra p\u0119seta do metod obj\u0119to\u015bciowych z precyzyjnie, r\u0119cznie wyprofilowan\u0105 ko\u0144c\u00f3wk\u0105 u\u0142atwia chwytanie sztucznych rz\u0119s. Pozwala r\u00f3wnie\u017c na dok\u0142adne rozdzielanie naturalnych rz\u0119s. Posiada ergonomiczny kszta\u0142t oraz specjaln\u0105 konstrukcj\u0119, kt\u00f3ra umo\u017cliwia\u00a0komfortowe u\u017cytkowanie podczas zabieg\u00f3w.\u00a0<\/span><\/p>\n<p><\/br><\/p>\n<p style=\"text-align:justify;\"><span style=\"font-family:arial, helvetica, sans-serif;font-size:10pt;\">Instrument jest wykorzystywany przez stylistki oraz profesjonalne kosmetyczki w pracowniach kosmetycznych. Doskonale sprawdza si\u0119 tak\u017ce w innych bran\u017cach do wykonywania precyzyjnych czynno\u015bci.\u00a0<\/span><\/p>\n<p><\/br><\/p>\n<h2 style=\"text-align:justify;\"><span style=\"font-family:arial, helvetica, sans-serif;font-size:10pt;\">Specyfikacja techniczna p\u0119sety do zak\u0142adania rz\u0119s Solingen<\/span><\/h2>\n<p><\/br><\/p>\n<ul style=\"text-align:justify;\"><\/br><\/p>\n<li><span style=\"font-family:arial, helvetica, sans-serif;font-size:10pt;\">typ ig\u0142a, sko\u015bna, punktowa<\/span><\/li>\n<p><\/br><\/p>\n<li><span style=\"font-family:arial, helvetica, sans-serif;font-size:10pt;\">d\u0142ugo\u015b\u0107 120 mm<\/span><\/li>\n<p><\/br><\/p>\n<li><span style=\"font-family:arial, helvetica, sans-serif;font-size:10pt;\">wygi\u0119ta pod k\u0105tem 30 \u030a<\/span><\/li>\n<p><\/br><\/p>\n<li><span style=\"font-family:arial, helvetica, sans-serif;font-size:10pt;\">wykonana ze stali chirurgicznej\u00a0<\/span><\/li>\n<p><\/br><\/p>\n<li><span style=\"font-family:arial, helvetica, sans-serif;font-size:10pt;\">1 rok gwarancji<\/span><\/li>\n<p><\/br><\/p>\n<li><span style=\"font-family:arial, helvetica, sans-serif;font-size:10pt;\">w opakowaniu 1 szt.<\/span><\/li>\n<p><\/br><\/ul>\n<p><\/br><\/p>\n<h2 style=\"text-align:justify;\"><span style=\"font-family:arial, helvetica, sans-serif;font-size:10pt;\">Zalety wykorzystywania pensety do rz\u0119s Solingen<\/span><\/h2>\n<p><\/br><\/p>\n<ul style=\"text-align:justify;\"><\/br><\/p>\n<li><span style=\"font-family:arial, helvetica, sans-serif;font-size:10pt;\">do\u00a0profesjonalnych zabieg\u00f3w przed\u0142u\u017cania, aplikacji i zag\u0119szczania sztucznych rz\u0119s<\/span><\/li>\n<p><\/br><\/p>\n<li><span style=\"font-family:arial, helvetica, sans-serif;font-size:10pt;\">najlepsza precyzja dzi\u0119ki funkcjonalnej konstrukcji<\/span><\/li>\n<p><\/br><\/p>\n<li><span style=\"font-family:arial, helvetica, sans-serif;font-size:10pt;\">odporna na odkszta\u0142canie i odgi\u0119cia<\/span><\/li>\n<p><\/br><\/p>\n<li><span style=\"font-family:arial, helvetica, sans-serif;font-size:10pt;\">wysoka odporno\u015b\u0107 na dezynfekcj\u0119 i sterylizacj\u0119 w autoklawie<\/span><\/li>\n<p><\/br><\/p>\n<li><span style=\"font-family:arial, helvetica, sans-serif;font-size:10pt;\">wysokiej jako\u015bci r\u0119czny szlif.<\/span><\/li>\n<p><\/br><\/ul>\n<p><\/br><\/p>\n<p style=\"text-align:justify;\"><span style=\"font-family:arial, helvetica, sans-serif;font-size:10pt;\">Profesjonalne narz\u0119dzie stosowane w zabiegach kosmetycznych r\u00f3wnie\u017c do separacji rz\u0119s. Ka\u017cde narz\u0119dzie jest fabrycznie nowe oraz produkowane z wysokiej jako\u015bci stali chirurgicznej, dok\u0142adnie sprawdzane i kontrolowane w celu zapewnienia zgodno\u015bci z mi\u0119dzynarodowymi standardami okre\u015blonymi znakami ISO 9001:2008 oraz certyfikatem CE.<\/span><\/p>\n","protected":false},"excerpt":{"rendered":"<p style=\"text-align:justify;\"><span style=\"font-family:arial, helvetica, sans-serif;font-size:10pt;\">Profesjonalna, oryginalna\u00a0<span style=\"text-decoration:underline;\">penseta do rz\u0119s<\/span> <strong>Tendo Solingen<\/strong> wykorzystywana w kosmetologii w trakcie\u00a0zabieg\u00f3w przed\u0142u\u017cania naturalnych, doklejania i zak\u0142adania sztucznych rz\u0119s. Certyfikowany produkt wykonany z wysokiej jako\u015bci stali chirurgicznej. Dzi\u0119ki zastosowaniu materia\u0142\u00f3w do produkcji narz\u0119dzi chirurgicznych gwarantuje najwy\u017csz\u0105\u00a0\u017cywotno\u015b\u0107 oraz precyzj\u0119 w zabiegach.<\/span><\/p>\n<p><\/br><\/p>\n<p style=\"text-align:justify;\"><span style=\"font-family:arial, helvetica, sans-serif;font-size:10pt;\">Dobra p\u0119seta do metod obj\u0119to\u015bciowych z precyzyjnie, r\u0119cznie wyprofilowan\u0105 ko\u0144c\u00f3wk\u0105 u\u0142atwia chwytanie sztucznych rz\u0119s. Pozwala r\u00f3wnie\u017c na dok\u0142adne rozdzielanie naturalnych rz\u0119s. Posiada ergonomiczny kszta\u0142t oraz specjaln\u0105 konstrukcj\u0119, kt\u00f3ra umo\u017cliwia\u00a0komfortowe u\u017cytkowanie podczas zabieg\u00f3w.\u00a0<\/span><\/p>\n<p><\/br><\/p>\n<p style=\"text-align:justify;\"><span style=\"font-family:arial, helvetica, sans-serif;font-size:10pt;\">Instrument jest wykorzystywany przez stylistki oraz profesjonalne kosmetyczki w pracowniach kosmetycznych. Doskonale sprawdza si\u0119 tak\u017ce w innych bran\u017cach do wykonywania precyzyjnych czynno\u015bci.\u00a0<\/span><\/p>\n<p><\/br><\/p>\n<h2 style=\"text-align:justify;\"><span style=\"font-family:arial, helvetica, sans-serif;font-size:10pt;\">Specyfikacja techniczna p\u0119sety do zak\u0142adania rz\u0119s Solingen<\/span><\/h2>\n<p><\/br><\/p>\n<ul style=\"text-align:justify;\"><\/br><\/p>\n<li><span style=\"font-family:arial, helvetica, sans-serif;font-size:10pt;\">typ ig\u0142a, sko\u015bna, punktowa<\/span><\/li>\n<p><\/br><\/p>\n<li><span style=\"font-family:arial, helvetica, sans-serif;font-size:10pt;\">d\u0142ugo\u015b\u0107 120 mm<\/span><\/li>\n<p><\/br><\/p>\n<li><span style=\"font-family:arial, helvetica, sans-serif;font-size:10pt;\">wygi\u0119ta pod k\u0105tem 30 \u030a<\/span><\/li>\n<p><\/br><\/p>\n<li><span style=\"font-family:arial, helvetica, sans-serif;font-size:10pt;\">wykonana ze stali chirurgicznej\u00a0<\/span><\/li>\n<p><\/br><\/p>\n<li><span style=\"font-family:arial, helvetica, sans-serif;font-size:10pt;\">1 rok gwarancji<\/span><\/li>\n<p><\/br><\/p>\n<li><span style=\"font-family:arial, helvetica, sans-serif;font-size:10pt;\">w opakowaniu 1 szt.<\/span><\/li>\n<p><\/br><\/ul>\n<p><\/br><\/p>\n<h2 style=\"text-align:justify;\"><span style=\"font-family:arial, helvetica, sans-serif;font-size:10pt;\">Zalety wykorzystywania pensety do rz\u0119s Solingen<\/span><\/h2>\n<p><\/br><\/p>\n<ul style=\"text-align:justify;\"><\/br><\/p>\n<li><span style=\"font-family:arial, helvetica, sans-serif;font-size:10pt;\">do\u00a0profesjonalnych zabieg\u00f3w przed\u0142u\u017cania, aplikacji i zag\u0119szczania sztucznych rz\u0119s<\/span><\/li>\n<p><\/br><\/p>\n<li><span style=\"font-family:arial, helvetica, sans-serif;font-size:10pt;\">najlepsza precyzja dzi\u0119ki funkcjonalnej konstrukcji<\/span><\/li>\n<p><\/br><\/p>\n<li><span style=\"font-family:arial, helvetica, sans-serif;font-size:10pt;\">odporna na odkszta\u0142canie i odgi\u0119cia<\/span><\/li>\n<p><\/br><\/p>\n<li><span style=\"font-family:arial, helvetica, sans-serif;font-size:10pt;\">wysoka odporno\u015b\u0107 na dezynfekcj\u0119 i sterylizacj\u0119 w autoklawie<\/span><\/li>\n<p><\/br><\/p>\n<li><span style=\"font-family:arial, helvetica, sans-serif;font-size:10pt;\">wysokiej jako\u015bci r\u0119czny szlif.<\/span><\/li>\n<p><\/br><\/ul>\n<p><\/br><\/p>\n<p style=\"text-align:justify;\"><span style=\"font-family:arial, helvetica, sans-serif;font-size:10pt;\">Profesjonalne narz\u0119dzie stosowane w zabiegach kosmetycznych r\u00f3wnie\u017c do separacji rz\u0119s. Ka\u017cde narz\u0119dzie jest fabrycznie nowe oraz produkowane z wysokiej jako\u015bci stali chirurgicznej, dok\u0142adnie sprawdzane i kontrolowane w celu zapewnienia zgodno\u015bci z mi\u0119dzynarodowymi standardami okre\u015blonymi znakami ISO 9001:2008 oraz certyfikatem CE.<\/span><\/p>\n","protected":false},"featured_media":695,"comment_status":"closed","ping_status":"open","template":"","meta":[],"product_brand":[],"product_cat":[51],"product_tag":[],"class_list":{"0":"post-2319","1":"product","2":"type-product","3":"status-publish","4":"has-post-thumbnail","6":"product_cat-pesety-i-szczypce","8":"first","9":"instock","10":"product-type-simple"},"_links":{"self":[{"href":"https:\/\/tendosolingen.de\/pl\/wp-json\/wp\/v2\/product\/2319","targetHints":{"allow":["GET"]}}],"collection":[{"href":"https:\/\/tendosolingen.de\/pl\/wp-json\/wp\/v2\/product"}],"about":[{"href":"https:\/\/tendosolingen.de\/pl\/wp-json\/wp\/v2\/types\/product"}],"replies":[{"embeddable":true,"href":"https:\/\/tendosolingen.de\/pl\/wp-json\/wp\/v2\/comments?post=2319"}],"wp:featuredmedia":[{"embeddable":true,"href":"https:\/\/tendosolingen.de\/pl\/wp-json\/wp\/v2\/media\/695"}],"wp:attachment":[{"href":"https:\/\/tendosolingen.de\/pl\/wp-json\/wp\/v2\/media?parent=2319"}],"wp:term":[{"taxonomy":"product_brand","embeddable":true,"href":"https:\/\/tendosolingen.de\/pl\/wp-json\/wp\/v2\/product_brand?post=2319"},{"taxonomy":"product_cat","embeddable":true,"href":"https:\/\/tendosolingen.de\/pl\/wp-json\/wp\/v2\/product_cat?post=2319"},{"taxonomy":"product_tag","embeddable":true,"href":"https:\/\/tendosolingen.de\/pl\/wp-json\/wp\/v2\/product_tag?post=2319"}],"curies":[{"name":"wp","href":"https:\/\/api.w.org\/{rel}","templated":true}]}}