{"id":2318,"date":"2024-04-09T22:38:06","date_gmt":"2024-04-09T20:38:06","guid":{"rendered":"https:\/\/tendosolingen.de\/product\/kopytko-do-paznokci-grot-profesjonalne\/"},"modified":"2025-11-06T15:40:20","modified_gmt":"2025-11-06T14:40:20","slug":"kopytko-do-paznokci-grot-profesjonalne","status":"publish","type":"product","link":"https:\/\/tendosolingen.de\/pl\/produkt\/kopytko-do-paznokci-grot-profesjonalne\/","title":{"rendered":"Kopytko do paznokci grot profesjonalne"},"content":{"rendered":"<p style=\"text-align: left;\"><span style=\"font-family: arial, helvetica, sans-serif; font-size: 10pt;\"><strong>Wielofunkcyjne dwustronne kopytko do paznokci <\/strong>do zabieg\u00f3w manicure i pedicure. Kopytko s\u0142u\u017cy do odsuwania sk\u00f3rek oraz b\u0142onek znajduj\u0105cych si\u0119 na p\u0142ytce paznokciowej, mo\u017ce by\u0107 pomocne przy usuwaniu tips\u00f3w jak r\u00f3wnie\u017c do zabieg\u00f3w przy wrastaj\u0105cych paznokciach. Narz\u0119dzie posiada dwie funkcjonalne ko\u0144c\u00f3wki, wykorzystywane w zale\u017cno\u015bci od potrzeb. Delikatniejsza strona-kopytka, s\u0142u\u017cy do odpychania sk\u00f3rek. Druga strona-skrobak ostry, usuwa zalegaj\u0105cy na p\u0142ytce nask\u00f3rek. Dobrze wyprofilowana oraz karbowana r\u0105czka zapewnia komfort oraz precyzje.<\/span><\/p>\n<p><\/br><\/p>\n<h2 style=\"text-align: left;\"><span style=\"font-family: arial, helvetica, sans-serif; font-size: 10pt;\">Parametry techniczne kopytka do sk\u00f3rek<\/span><\/h2>\n<p><\/br><\/p>\n<ul style=\"text-align: left;\"><\/br><\/p>\n<li><span style=\"font-family: arial, helvetica, sans-serif; font-size: 10pt;\">d\u0142ugo\u015b\u0107 ca\u0142kowita 11 cm<\/span><\/li>\n<p><\/br><\/p>\n<li><span style=\"font-family: arial, helvetica, sans-serif; font-size: 10pt;\">dwie r\u00f3\u017cne ko\u0144c\u00f3wki \u2013 grot oraz skrobak<\/span><\/li>\n<p><\/br><\/p>\n<li><span style=\"font-family: arial, helvetica, sans-serif; font-size: 10pt;\">wysokiej jako\u015bci stal chirurgiczna<\/span><\/li>\n<p><\/br><\/p>\n<li><span style=\"font-family: arial, helvetica, sans-serif; font-size: 10pt;\">jednoelementowa konstrukcja<\/span><\/li>\n<p><\/br><\/p>\n<li><span style=\"font-family: arial, helvetica, sans-serif; font-size: 10pt;\">produkt posiadaj\u0105cy certyfikaty<\/span><\/li>\n<p><\/br><\/p>\n<li><span style=\"font-family: arial, helvetica, sans-serif; font-size: 10pt;\">roczna gwarancja producenta<\/span><\/li>\n<p><\/br><\/ul>\n<p><\/br><\/p>\n<h2 style=\"text-align: left;\"><span style=\"font-family: arial, helvetica, sans-serif; font-size: 10pt;\">Zalety korzystania z rade\u0142ka do odsuwania sk\u00f3rek<\/span><\/h2>\n<p><\/br><\/p>\n<ul style=\"text-align: left;\"><\/br><\/p>\n<li><span style=\"font-family: arial, helvetica, sans-serif; font-size: 10pt;\">\u0142atwy w u\u017cyciu oraz utrzymaniu higieny<\/span><\/li>\n<p><\/br><\/p>\n<li><span style=\"font-family: arial, helvetica, sans-serif; font-size: 10pt;\">polecane do pracy przy paznokciach i sk\u00f3rkach<\/span><\/li>\n<p><\/br><\/p>\n<li><span style=\"font-family: arial, helvetica, sans-serif; font-size: 10pt;\">rokowany uchwyt zapewnia bezpieczny oraz komfortowy chwyt w ka\u017cdych warunkach<\/span><\/li>\n<p><\/br><\/p>\n<li><span style=\"font-family: arial, helvetica, sans-serif; font-size: 10pt;\">prosta budowa narz\u0119dzia zapewnia dobr\u0105 chwytno\u015b\u0107 i komfortow\u0105 prac\u0119<\/span><\/li>\n<p><\/br><\/p>\n<li><span style=\"font-family: arial, helvetica, sans-serif; font-size: 10pt;\">narz\u0119dzie do wielokrotnego u\u017cytku, przeznaczone do sterylizacji i dezynfekcji<\/span><\/li>\n<p><\/br><\/p>\n<li><span style=\"font-family: arial, helvetica, sans-serif; font-size: 10pt;\">idealnie nadaje si\u0119 do u\u017cytku domowego jak r\u00f3wnie\u017c w salonach kosmetycznych<\/span><\/li>\n<p><\/br><\/ul>\n<p><\/br><\/p>\n<p style=\"text-align: left;\"><span style=\"font-family: arial, helvetica, sans-serif; font-size: 10pt;\">Narz\u0119dzia wykorzystywane w zabiegach medycyny estetycznej (c\u0105\u017cki, kopytka, d\u0142utka, rade\u0142ka do sk\u00f3rek) oferowane przez nasz sklep to gwarancja najwy\u017cszej jako\u015bci. Ka\u017cde narz\u0119dzie jest fabrycznie nowe oraz produkowane z wysokiej jako\u015bci stali nierdzewnej, dok\u0142adnie sprawdzane i kontrolowane na wszystkich etapach produkcji, w celu zapewnienia ich zgodno\u015bci z mi\u0119dzynarodowymi standardami okre\u015blonymi ISO 9001:2008 oraz certyfikatem CE.<\/span><\/p>\n","protected":false},"excerpt":{"rendered":"<p style=\"text-align: left;\"><span style=\"font-family: arial, helvetica, sans-serif; font-size: 10pt;\"><strong>Wielofunkcyjne dwustronne kopytko do paznokci <\/strong>do zabieg\u00f3w manicure i pedicure. Kopytko s\u0142u\u017cy do odsuwania sk\u00f3rek oraz b\u0142onek znajduj\u0105cych si\u0119 na p\u0142ytce paznokciowej, mo\u017ce by\u0107 pomocne przy usuwaniu tips\u00f3w jak r\u00f3wnie\u017c do zabieg\u00f3w przy wrastaj\u0105cych paznokciach. Narz\u0119dzie posiada dwie funkcjonalne ko\u0144c\u00f3wki, wykorzystywane w zale\u017cno\u015bci od potrzeb. Delikatniejsza strona-kopytka, s\u0142u\u017cy do odpychania sk\u00f3rek. Druga strona-skrobak ostry, usuwa zalegaj\u0105cy na p\u0142ytce nask\u00f3rek. Dobrze wyprofilowana oraz karbowana r\u0105czka zapewnia komfort oraz precyzje.<\/span><\/p>\n<p><\/br><\/p>\n<h2 style=\"text-align: left;\"><span style=\"font-family: arial, helvetica, sans-serif; font-size: 10pt;\">Parametry techniczne kopytka do sk\u00f3rek<\/span><\/h2>\n<p><\/br><\/p>\n<ul style=\"text-align: left;\"><\/br><\/p>\n<li><span style=\"font-family: arial, helvetica, sans-serif; font-size: 10pt;\">d\u0142ugo\u015b\u0107 ca\u0142kowita 11 cm<\/span><\/li>\n<p><\/br><\/p>\n<li><span style=\"font-family: arial, helvetica, sans-serif; font-size: 10pt;\">dwie r\u00f3\u017cne ko\u0144c\u00f3wki \u2013 grot oraz skrobak<\/span><\/li>\n<p><\/br><\/p>\n<li><span style=\"font-family: arial, helvetica, sans-serif; font-size: 10pt;\">wysokiej jako\u015bci stal chirurgiczna<\/span><\/li>\n<p><\/br><\/p>\n<li><span style=\"font-family: arial, helvetica, sans-serif; font-size: 10pt;\">jednoelementowa konstrukcja<\/span><\/li>\n<p><\/br><\/p>\n<li><span style=\"font-family: arial, helvetica, sans-serif; font-size: 10pt;\">produkt posiadaj\u0105cy certyfikaty<\/span><\/li>\n<p><\/br><\/p>\n<li><span style=\"font-family: arial, helvetica, sans-serif; font-size: 10pt;\">roczna gwarancja producenta<\/span><\/li>\n<p><\/br><\/ul>\n<p><\/br><\/p>\n<h2 style=\"text-align: left;\"><span style=\"font-family: arial, helvetica, sans-serif; font-size: 10pt;\">Zalety korzystania z rade\u0142ka do odsuwania sk\u00f3rek<\/span><\/h2>\n<p><\/br><\/p>\n<ul style=\"text-align: left;\"><\/br><\/p>\n<li><span style=\"font-family: arial, helvetica, sans-serif; font-size: 10pt;\">\u0142atwy w u\u017cyciu oraz utrzymaniu higieny<\/span><\/li>\n<p><\/br><\/p>\n<li><span style=\"font-family: arial, helvetica, sans-serif; font-size: 10pt;\">polecane do pracy przy paznokciach i sk\u00f3rkach<\/span><\/li>\n<p><\/br><\/p>\n<li><span style=\"font-family: arial, helvetica, sans-serif; font-size: 10pt;\">rokowany uchwyt zapewnia bezpieczny oraz komfortowy chwyt w ka\u017cdych warunkach<\/span><\/li>\n<p><\/br><\/p>\n<li><span style=\"font-family: arial, helvetica, sans-serif; font-size: 10pt;\">prosta budowa narz\u0119dzia zapewnia dobr\u0105 chwytno\u015b\u0107 i komfortow\u0105 prac\u0119<\/span><\/li>\n<p><\/br><\/p>\n<li><span style=\"font-family: arial, helvetica, sans-serif; font-size: 10pt;\">narz\u0119dzie do wielokrotnego u\u017cytku, przeznaczone do sterylizacji i dezynfekcji<\/span><\/li>\n<p><\/br><\/p>\n<li><span style=\"font-family: arial, helvetica, sans-serif; font-size: 10pt;\">idealnie nadaje si\u0119 do u\u017cytku domowego jak r\u00f3wnie\u017c w salonach kosmetycznych<\/span><\/li>\n<p><\/br><\/ul>\n<p><\/br><\/p>\n<p style=\"text-align: left;\"><span style=\"font-family: arial, helvetica, sans-serif; font-size: 10pt;\">Narz\u0119dzia wykorzystywane w zabiegach medycyny estetycznej (c\u0105\u017cki, kopytka, d\u0142utka, rade\u0142ka do sk\u00f3rek) oferowane przez nasz sklep to gwarancja najwy\u017cszej jako\u015bci. Ka\u017cde narz\u0119dzie jest fabrycznie nowe oraz produkowane z wysokiej jako\u015bci stali nierdzewnej, dok\u0142adnie sprawdzane i kontrolowane na wszystkich etapach produkcji, w celu zapewnienia ich zgodno\u015bci z mi\u0119dzynarodowymi standardami okre\u015blonymi ISO 9001:2008 oraz certyfikatem CE.<\/span><\/p>\n","protected":false},"featured_media":691,"comment_status":"closed","ping_status":"open","template":"","meta":[],"product_brand":[],"product_cat":[50],"product_tag":[],"class_list":{"0":"post-2318","1":"product","2":"type-product","3":"status-publish","4":"has-post-thumbnail","6":"product_cat-narzedzia-podologiczne-pl","8":"first","9":"instock","10":"product-type-simple"},"_links":{"self":[{"href":"https:\/\/tendosolingen.de\/pl\/wp-json\/wp\/v2\/product\/2318","targetHints":{"allow":["GET"]}}],"collection":[{"href":"https:\/\/tendosolingen.de\/pl\/wp-json\/wp\/v2\/product"}],"about":[{"href":"https:\/\/tendosolingen.de\/pl\/wp-json\/wp\/v2\/types\/product"}],"replies":[{"embeddable":true,"href":"https:\/\/tendosolingen.de\/pl\/wp-json\/wp\/v2\/comments?post=2318"}],"wp:featuredmedia":[{"embeddable":true,"href":"https:\/\/tendosolingen.de\/pl\/wp-json\/wp\/v2\/media\/691"}],"wp:attachment":[{"href":"https:\/\/tendosolingen.de\/pl\/wp-json\/wp\/v2\/media?parent=2318"}],"wp:term":[{"taxonomy":"product_brand","embeddable":true,"href":"https:\/\/tendosolingen.de\/pl\/wp-json\/wp\/v2\/product_brand?post=2318"},{"taxonomy":"product_cat","embeddable":true,"href":"https:\/\/tendosolingen.de\/pl\/wp-json\/wp\/v2\/product_cat?post=2318"},{"taxonomy":"product_tag","embeddable":true,"href":"https:\/\/tendosolingen.de\/pl\/wp-json\/wp\/v2\/product_tag?post=2318"}],"curies":[{"name":"wp","href":"https:\/\/api.w.org\/{rel}","templated":true}]}}