{"id":2317,"date":"2024-04-09T22:38:06","date_gmt":"2024-04-09T20:38:06","guid":{"rendered":"https:\/\/tendosolingen.de\/product\/dlutko-do-paznokci-podologiczne-tendo-solingen-gold-line\/"},"modified":"2026-01-09T19:35:11","modified_gmt":"2026-01-09T18:35:11","slug":"dlutko-do-paznokci-podologiczne-tendo-solingen-gold-line","status":"publish","type":"product","link":"https:\/\/tendosolingen.de\/pl\/produkt\/dlutko-do-paznokci-podologiczne-tendo-solingen-gold-line\/","title":{"rendered":"D\u0142utko do paznokci podologiczne Tendo Solingen Gold Line"},"content":{"rendered":"<p style=\"text-align:left;\"><span style=\"font-family:arial, helvetica, sans-serif;font-size:10pt;\"><strong>Profesjonalne d\u0142utko do pedicure\u00a0<\/strong><strong>Tendo\u00ae Solingen Gold Line<\/strong>\u00a0jest narz\u0119dziem u\u017cywanym podczas zabieg\u00f3w podologicznych i pedicure leczniczego. <em>D\u0142utko do paznokci <\/em>z ostro zako\u0144czon\u0105 rynienk\u0105 o szeroko\u015bci 2 mm wykorzystywane podczas zabieg\u00f3w kosmetycznych do usuwania odcisk\u00f3w, nagniot\u00f3w oraz przy korekcji wrastaj\u0105cych paznokci. Ergonomiczny kszta\u0142t, odpowiednia d\u0142ugo\u015b\u0107 narz\u0119dzia, ostra powierzchnia ci\u0119cia oraz wci\u0119cie w powierzchni uchwytu i zapewnia doskona\u0142\u0105 chwytno\u015b\u0107 i komfortow\u0105 prac\u0119. D\u0142utko podologiczne wykonane jest z najwy\u017cszej jako\u015bci, nierdzewnej stali chirurgicznej, wed\u0142ug niemieckich standard\u00f3w jako\u015bciowych i produkcyjnych. Wysoka jako\u015b\u0107 wykonania materia\u0142u zapewnia efektywne korzystanie z narz\u0119dzia.<\/span><\/p>\n<p><\/br><\/p>\n<h1 style=\"text-align:left;\"><span style=\"font-size:10pt;font-family:arial, helvetica, sans-serif;\"><strong>Parametry techniczne d\u0142utka do pedicure:<\/strong><\/span><\/h1>\n<p><\/br><\/p>\n<ul style=\"text-align:left;\"><\/br><\/p>\n<li><span style=\"font-size:10pt;font-family:arial, helvetica, sans-serif;\">d\u0142ugo\u015b\u0107 ca\u0142kowita 14 cm<\/span><\/li>\n<p><\/br><\/p>\n<li><span style=\"font-size:10pt;font-family:arial, helvetica, sans-serif;\">rynienka o szeroko\u015bci 2 mm<\/span><\/li>\n<p><\/br><\/p>\n<li><span style=\"font-size:10pt;font-family:arial, helvetica, sans-serif;\">antyalergiczne<\/span><\/li>\n<p><\/br><\/p>\n<li><span style=\"font-size:10pt;font-family:arial, helvetica, sans-serif;\">wyskoka jako\u015b\u0107 stal niemiecka chirurgiczne<\/span><\/li>\n<p><\/br><\/p>\n<li><span style=\"font-size:10pt;font-family:arial, helvetica, sans-serif;\">design in Germany<\/span><\/li>\n<p><\/br><\/p>\n<li><span style=\"font-size:10pt;font-family:arial, helvetica, sans-serif;\">specjalnie zaprojektowana linia dla Gold Line specjalist\u00f3w<\/span><\/li>\n<p><\/br><\/p>\n<li><span style=\"font-size:10pt;font-family:arial, helvetica, sans-serif;\">profilowana r\u0119koje\u015b\u0107<\/span><\/li>\n<p><\/br><\/p>\n<li><span style=\"font-size:10pt;font-family:arial, helvetica, sans-serif;\">jednolita konstrukcja<\/span><\/li>\n<p><\/br><\/p>\n<li><span style=\"font-size:10pt;font-family:arial, helvetica, sans-serif;\">r\u0119cznie szlifowany<\/span><\/li>\n<p><\/br><\/ul>\n<p><\/br><\/p>\n<h2 style=\"text-align:left;\"><span style=\"font-size:10pt;font-family:arial, helvetica, sans-serif;\"><strong>Zalety korzystania z d\u0142utka podologicznego Tendo\u00ae Solingen:<\/strong><\/span><\/h2>\n<p><\/br><\/p>\n<ul style=\"text-align:left;\"><\/br><\/p>\n<li><span style=\"font-size:10pt;font-family:arial, helvetica, sans-serif;\">forma r\u0119koje\u015bci umo\u017cliwia idealne wsparcie kciuka tak aby instrument odpowiednio prowadzi\u0107 podczas zabiegu<\/span><\/li>\n<p><\/br><\/p>\n<li><span style=\"font-size:10pt;font-family:arial, helvetica, sans-serif;\">ostro zako\u0144czona ko\u0144c\u00f3wka &#8211; mo\u017cna wyci\u0105\u0107 naro\u015bni\u0119t\u0105 powierzchni\u0119 lub usun\u0105\u0107 martwy nask\u00f3rek spod wrastaj\u0105cego paznokcia podobnie jak no\u017cykiem<\/span><\/li>\n<p><\/br><\/p>\n<li><span style=\"font-size:10pt;font-family:arial, helvetica, sans-serif;\">\u0142atwe w u\u017cyciu oraz utrzymaniu higieny<\/span><\/li>\n<p><\/br><\/p>\n<li><span style=\"font-size:10pt;font-family:arial, helvetica, sans-serif;\">wygodny i niezawodny w u\u017cyciu<\/span><\/li>\n<p><\/br><\/p>\n<li><span style=\"font-size:10pt;font-family:arial, helvetica, sans-serif;\">narz\u0119dzie do wielokrotnego u\u017cytku, przeznaczone do sterylizacji i dezynfekcji<\/span><\/li>\n<p><\/br><\/p>\n<li><span style=\"font-size:10pt;font-family:arial, helvetica, sans-serif;\">produkt posiadaj\u0105cy certyfikaty<\/span><\/li>\n<p><\/br><\/p>\n<li><span style=\"font-size:10pt;font-family:arial, helvetica, sans-serif;\">roczna gwarancja producenta<\/span><\/li>\n<p><\/br><\/ul>\n<p><\/br><\/p>\n<p style=\"text-align:left;\"><span style=\"font-size:10pt;font-family:arial, helvetica, sans-serif;\">Profesjonalne c\u0105\u017cki, kopytka, d\u0142utka, rade\u0142ka, no\u017cyczki do sk\u00f3rek <strong>Tendo\u00ae Solingen\u00a0<\/strong>oferowane przez nasz sklep to gwarancja najwy\u017cszej jako\u015bci. Ka\u017cde narz\u0119dzie jest fabrycznie nowe oraz produkowane z wysokiej jako\u015bci stali nierdzewnej, dok\u0142adnie sprawdzane i kontrolowane na wszystkich etapach produkcji, w celu zapewnienia ich zgodno\u015bci z mi\u0119dzynarodowymi standardami okre\u015blonymi ISO 9001:2008 oraz certyfikatem CE.<\/span><\/p>\n<p><\/br><\/p>\n<p style=\"text-align:left;\"><span style=\"font-family:arial, helvetica, sans-serif;font-size:10pt;\">\u00a0<\/span><\/p>\n","protected":false},"excerpt":{"rendered":"<p style=\"text-align:left;\"><span style=\"font-family:arial, helvetica, sans-serif;font-size:10pt;\"><strong>Profesjonalne d\u0142utko do pedicure\u00a0<\/strong><strong>Tendo\u00ae Solingen Gold Line<\/strong>\u00a0jest narz\u0119dziem u\u017cywanym podczas zabieg\u00f3w podologicznych i pedicure leczniczego. <em>D\u0142utko do paznokci <\/em>z ostro zako\u0144czon\u0105 rynienk\u0105 o szeroko\u015bci 2 mm wykorzystywane podczas zabieg\u00f3w kosmetycznych do usuwania odcisk\u00f3w, nagniot\u00f3w oraz przy korekcji wrastaj\u0105cych paznokci. Ergonomiczny kszta\u0142t, odpowiednia d\u0142ugo\u015b\u0107 narz\u0119dzia, ostra powierzchnia ci\u0119cia oraz wci\u0119cie w powierzchni uchwytu i zapewnia doskona\u0142\u0105 chwytno\u015b\u0107 i komfortow\u0105 prac\u0119. D\u0142utko podologiczne wykonane jest z najwy\u017cszej jako\u015bci, nierdzewnej stali chirurgicznej, wed\u0142ug niemieckich standard\u00f3w jako\u015bciowych i produkcyjnych. Wysoka jako\u015b\u0107 wykonania materia\u0142u zapewnia efektywne korzystanie z narz\u0119dzia.<\/span><\/p>\n<p><\/br><\/p>\n<h1 style=\"text-align:left;\"><span style=\"font-size:10pt;font-family:arial, helvetica, sans-serif;\"><strong>Parametry techniczne d\u0142utka do pedicure:<\/strong><\/span><\/h1>\n<p><\/br><\/p>\n<ul style=\"text-align:left;\"><\/br><\/p>\n<li><span style=\"font-size:10pt;font-family:arial, helvetica, sans-serif;\">d\u0142ugo\u015b\u0107 ca\u0142kowita 14 cm<\/span><\/li>\n<p><\/br><\/p>\n<li><span style=\"font-size:10pt;font-family:arial, helvetica, sans-serif;\">rynienka o szeroko\u015bci 2 mm<\/span><\/li>\n<p><\/br><\/p>\n<li><span style=\"font-size:10pt;font-family:arial, helvetica, sans-serif;\">antyalergiczne<\/span><\/li>\n<p><\/br><\/p>\n<li><span style=\"font-size:10pt;font-family:arial, helvetica, sans-serif;\">wyskoka jako\u015b\u0107 stal niemiecka chirurgiczne<\/span><\/li>\n<p><\/br><\/p>\n<li><span style=\"font-size:10pt;font-family:arial, helvetica, sans-serif;\">design in Germany<\/span><\/li>\n<p><\/br><\/p>\n<li><span style=\"font-size:10pt;font-family:arial, helvetica, sans-serif;\">specjalnie zaprojektowana linia dla Gold Line specjalist\u00f3w<\/span><\/li>\n<p><\/br><\/p>\n<li><span style=\"font-size:10pt;font-family:arial, helvetica, sans-serif;\">profilowana r\u0119koje\u015b\u0107<\/span><\/li>\n<p><\/br><\/p>\n<li><span style=\"font-size:10pt;font-family:arial, helvetica, sans-serif;\">jednolita konstrukcja<\/span><\/li>\n<p><\/br><\/p>\n<li><span style=\"font-size:10pt;font-family:arial, helvetica, sans-serif;\">r\u0119cznie szlifowany<\/span><\/li>\n<p><\/br><\/ul>\n<p><\/br><\/p>\n<h2 style=\"text-align:left;\"><span style=\"font-size:10pt;font-family:arial, helvetica, sans-serif;\"><strong>Zalety korzystania z d\u0142utka podologicznego Tendo\u00ae Solingen:<\/strong><\/span><\/h2>\n<p><\/br><\/p>\n<ul style=\"text-align:left;\"><\/br><\/p>\n<li><span style=\"font-size:10pt;font-family:arial, helvetica, sans-serif;\">forma r\u0119koje\u015bci umo\u017cliwia idealne wsparcie kciuka tak aby instrument odpowiednio prowadzi\u0107 podczas zabiegu<\/span><\/li>\n<p><\/br><\/p>\n<li><span style=\"font-size:10pt;font-family:arial, helvetica, sans-serif;\">ostro zako\u0144czona ko\u0144c\u00f3wka &#8211; mo\u017cna wyci\u0105\u0107 naro\u015bni\u0119t\u0105 powierzchni\u0119 lub usun\u0105\u0107 martwy nask\u00f3rek spod wrastaj\u0105cego paznokcia podobnie jak no\u017cykiem<\/span><\/li>\n<p><\/br><\/p>\n<li><span style=\"font-size:10pt;font-family:arial, helvetica, sans-serif;\">\u0142atwe w u\u017cyciu oraz utrzymaniu higieny<\/span><\/li>\n<p><\/br><\/p>\n<li><span style=\"font-size:10pt;font-family:arial, helvetica, sans-serif;\">wygodny i niezawodny w u\u017cyciu<\/span><\/li>\n<p><\/br><\/p>\n<li><span style=\"font-size:10pt;font-family:arial, helvetica, sans-serif;\">narz\u0119dzie do wielokrotnego u\u017cytku, przeznaczone do sterylizacji i dezynfekcji<\/span><\/li>\n<p><\/br><\/p>\n<li><span style=\"font-size:10pt;font-family:arial, helvetica, sans-serif;\">produkt posiadaj\u0105cy certyfikaty<\/span><\/li>\n<p><\/br><\/p>\n<li><span style=\"font-size:10pt;font-family:arial, helvetica, sans-serif;\">roczna gwarancja producenta<\/span><\/li>\n<p><\/br><\/ul>\n<p><\/br><\/p>\n<p style=\"text-align:left;\"><span style=\"font-size:10pt;font-family:arial, helvetica, sans-serif;\">Profesjonalne c\u0105\u017cki, kopytka, d\u0142utka, rade\u0142ka, no\u017cyczki do sk\u00f3rek <strong>Tendo\u00ae Solingen\u00a0<\/strong>oferowane przez nasz sklep to gwarancja najwy\u017cszej jako\u015bci. Ka\u017cde narz\u0119dzie jest fabrycznie nowe oraz produkowane z wysokiej jako\u015bci stali nierdzewnej, dok\u0142adnie sprawdzane i kontrolowane na wszystkich etapach produkcji, w celu zapewnienia ich zgodno\u015bci z mi\u0119dzynarodowymi standardami okre\u015blonymi ISO 9001:2008 oraz certyfikatem CE.<\/span><\/p>\n<p><\/br><\/p>\n<p style=\"text-align:left;\"><span style=\"font-family:arial, helvetica, sans-serif;font-size:10pt;\">\u00a0<\/span><\/p>\n","protected":false},"featured_media":687,"comment_status":"closed","ping_status":"closed","template":"","meta":[],"product_brand":[],"product_cat":[47],"product_tag":[],"class_list":{"0":"post-2317","1":"product","2":"type-product","3":"status-publish","4":"has-post-thumbnail","6":"product_cat-dluta-i-kopytka-ekskawatory","8":"first","9":"instock","10":"product-type-simple"},"_links":{"self":[{"href":"https:\/\/tendosolingen.de\/pl\/wp-json\/wp\/v2\/product\/2317","targetHints":{"allow":["GET"]}}],"collection":[{"href":"https:\/\/tendosolingen.de\/pl\/wp-json\/wp\/v2\/product"}],"about":[{"href":"https:\/\/tendosolingen.de\/pl\/wp-json\/wp\/v2\/types\/product"}],"replies":[{"embeddable":true,"href":"https:\/\/tendosolingen.de\/pl\/wp-json\/wp\/v2\/comments?post=2317"}],"wp:featuredmedia":[{"embeddable":true,"href":"https:\/\/tendosolingen.de\/pl\/wp-json\/wp\/v2\/media\/687"}],"wp:attachment":[{"href":"https:\/\/tendosolingen.de\/pl\/wp-json\/wp\/v2\/media?parent=2317"}],"wp:term":[{"taxonomy":"product_brand","embeddable":true,"href":"https:\/\/tendosolingen.de\/pl\/wp-json\/wp\/v2\/product_brand?post=2317"},{"taxonomy":"product_cat","embeddable":true,"href":"https:\/\/tendosolingen.de\/pl\/wp-json\/wp\/v2\/product_cat?post=2317"},{"taxonomy":"product_tag","embeddable":true,"href":"https:\/\/tendosolingen.de\/pl\/wp-json\/wp\/v2\/product_tag?post=2317"}],"curies":[{"name":"wp","href":"https:\/\/api.w.org\/{rel}","templated":true}]}}