{"id":2316,"date":"2024-04-09T22:38:06","date_gmt":"2024-04-09T20:38:06","guid":{"rendered":"https:\/\/tendosolingen.de\/product\/lyzeczka-unny-tendo-solingen-petelkowa-profesjonalna-gold-line\/"},"modified":"2025-11-06T15:40:20","modified_gmt":"2025-11-06T14:40:20","slug":"lyzeczka-unny-tendo-solingen-petelkowa-profesjonalna-gold-line","status":"publish","type":"product","link":"https:\/\/tendosolingen.de\/pl\/produkt\/lyzeczka-unny-tendo-solingen-petelkowa-profesjonalna-gold-line\/","title":{"rendered":"\u0141y\u017ceczka Unny Tendo Solingen p\u0119telkowa profesjonalna Gold Line"},"content":{"rendered":"<p style=\"text-align:left;\"><span style=\"font-family:arial, helvetica, sans-serif;font-size:10pt;\">Profesjonalna <em>\u0142y\u017ceczka Unny<\/em> p\u0119telkowa Tendo\u00ae Solingen z lini Gold Line to narz\u0119dzie do oczyszczania mechanicznego cery z zask\u00f3rnik\u00f3w oraz w\u0105gr\u00f3w zw\u0142aszcza z trudno dost\u0119pnych miejsc np. okolic nosa, uszy itp. \u0141y\u017ceczka Unny to dwustronne narz\u0119dzie sk\u0142adaj\u0105ce si\u0119 czterok\u0105tnego uchwytu oraz wi\u0119kszego oczka przeznaczonego do &#8222;bia\u0142ych&#8221; w\u0105gr\u00f3w\u00a0po jednej stronie, natomiast po drugiej stronie znajduje si\u0119 mniejsze do czarnych zask\u00f3rnik\u00f3w.\u00a0Szpatu\u0142ka do oczyszczania twarzy do wykorzystania zar\u00f3wno w gabinetach kosmetycznych, jak i do stosowania w warunkach domowych.<\/span><\/p>\n<p><\/br><\/p>\n<h2 style=\"text-align:left;\"><span style=\"font-family:arial, helvetica, sans-serif;font-size:10pt;\">Jak u\u017cywa\u0107 produktu do oczyszczania sk\u00f3ry?<\/span><\/h2>\n<p><\/br><\/p>\n<p style=\"text-align:left;\"><span style=\"font-family:arial, helvetica, sans-serif;font-size:10pt;\">Przyst\u0119puj\u0105c do wykorzystania \u0142y\u017ceczki nale\u017cy najpierw dok\u0142adnie wyczy\u015bci\u0107 narz\u0119dzie, nast\u0119pnie zmi\u0119kczy\u0107 sk\u00f3r\u0119, czyli zastosowa\u0107 klasyczn\u0105 par\u00f3wk\u0119. Mo\u017cna tak\u017ce po\u0142o\u017cy\u0107 na kilka minut na twarz wilgotn\u0105 i ciep\u0142\u0105 chusteczk\u0119, kt\u00f3ra otworzy wej\u015bcia por\u00f3w. Zask\u00f3rniki usuwamy przyk\u0142adaj\u0105c p\u0119telk\u0119 tak, by znalaz\u0142 si\u0119 w \u015brodku &#8211; delikatnie przyciskamy sk\u00f3r\u0119, co sprawi, \u017ce zask\u00f3rnik zostanie wyci\u015bni\u0119ty do g\u00f3ry, nast\u0119pnie delikatnym ruchem przeci\u0105gamy w d\u00f3\u0142. <\/span><\/p>\n<p><\/br><\/p>\n<p style=\"text-align:left;\"><span style=\"font-family:arial, helvetica, sans-serif;font-size:10pt;\">Na koniec nale\u017cy przemy\u0107 twarz \u015brodkiem \u0142agodz\u0105cym podra\u017cnienia. R\u0119czne usuwanie zask\u00f3rniak\u00f3w prowadzi do rozsiewania bakterii, mo\u017ce prowadzi\u0107 do zaka\u017ce\u0144 sk\u00f3ry. Niszczy tak\u017ce sk\u00f3r\u0119 i ma negatywny wp\u0142yw na jej wygl\u0105d. Po ka\u017cdym u\u017cyciu narz\u0119dzie nale\u017cy wyczy\u015bci\u0107 \u015bciereczk\u0105 b\u0105d\u017a chusteczka namoczon\u0105 w wodzie i alkoholu.<\/span><\/p>\n<p><\/br><\/p>\n<h2 style=\"text-align:left;\"><span style=\"font-family:arial, helvetica, sans-serif;font-size:10pt;\">Parametry \u0142y\u017ceczki Unny p\u0119telkowej<\/span><\/h2>\n<p><\/br><\/p>\n<ul style=\"text-align:left;\"><\/br><\/p>\n<li><span style=\"font-family:arial, helvetica, sans-serif;font-size:10pt;\">d\u0142ugo\u015b\u0107 narz\u0119dzia \u2013 13 cm<\/span><\/li>\n<p><\/br><\/p>\n<li><span style=\"font-family:arial, helvetica, sans-serif;font-size:10pt;\">dwustronne<\/span><\/li>\n<p><\/br><\/p>\n<li><span style=\"font-family:arial, helvetica, sans-serif;font-size:10pt;\">szeroko\u015b\u0107 p\u0119telek \u2013 5 mm oraz 3 mm<\/span><\/li>\n<p><\/br><\/p>\n<li><span style=\"font-family:arial, helvetica, sans-serif;font-size:10pt;\">design in Germany<\/span><\/li>\n<p><\/br><\/p>\n<li><span style=\"font-family:arial, helvetica, sans-serif;font-size:10pt;\">zaprojektowana linia Gold Line dla specjalist\u00f3w<\/span><\/li>\n<p><\/br><\/p>\n<li><span style=\"font-family:arial, helvetica, sans-serif;font-size:10pt;\">antyalergiczna<\/span><\/li>\n<p><\/br><\/p>\n<li><span style=\"font-family:arial, helvetica, sans-serif;font-size:10pt;\">matowa<\/span><\/li>\n<p><\/br><\/p>\n<li><span style=\"font-family:arial, helvetica, sans-serif;font-size:10pt;\">niemiecka nierdzewna stal chirurgiczna<\/span><\/li>\n<p><\/br><\/p>\n<li><span style=\"font-family:arial, helvetica, sans-serif;font-size:10pt;\">trzyletnia gwarancja producenta<\/span><\/li>\n<p><\/br><\/ul>\n<p><\/br><\/p>\n<h2 style=\"text-align:left;\"><span style=\"font-family:arial, helvetica, sans-serif;font-size:10pt;\">Zalety korzystania z \u0142y\u017ceczki Unny p\u0119telkowej<\/span><\/h2>\n<p><\/br><\/p>\n<ul style=\"text-align:left;\"><\/br><\/p>\n<li><span style=\"font-family:arial, helvetica, sans-serif;font-size:10pt;\">specjalna budowa narz\u0119dzia zapewnia dobr\u0105 chwytno\u015b\u0107 i komfortow\u0105 prac\u0119<\/span><\/li>\n<p><\/br><\/p>\n<li><span style=\"font-family:arial, helvetica, sans-serif;font-size:10pt;\">wysoka jako\u015b\u0107 wykonania<\/span><\/li>\n<p><\/br><\/p>\n<li><span style=\"font-family:arial, helvetica, sans-serif;font-size:10pt;\">ergonomiczna konstrukcja pozwala na szybsz\u0105 i efektywniejsz\u0105 prac\u0119<\/span><\/li>\n<p><\/br><\/p>\n<li><span style=\"font-family:arial, helvetica, sans-serif;font-size:10pt;\">narz\u0119dzie wielokrotnego u\u017cytku przeznaczony do sterylizacji i dezynfekcji<\/span><\/li>\n<p><\/br><\/p>\n<li><span style=\"font-family:arial, helvetica, sans-serif;font-size:10pt;\">certyfikowane i bezpieczne narz\u0119dzie ze sklepu medycznego\u00a0<\/span><\/li>\n<p><\/br><\/p>\n<li><span style=\"font-family:arial, helvetica, sans-serif;font-size:10pt;\">przeznaczona zar\u00f3wno w domu jak i w profesjonalnym gabinecie kosmetycznym<\/span><\/li>\n<p><\/br><\/ul>\n<p><\/br><\/p>\n<p style=\"text-align:left;\"><span style=\"font-family:arial, helvetica, sans-serif;font-size:10pt;\">Profesjonalne narz\u0119dzia kosmetyczne oferowane przez sklep to gwarancja najwy\u017cszej jako\u015bci. Ka\u017cde narz\u0119dzie jest fabrycznie nowe oraz produkowane z wysokiej jako\u015bci stali nierdzewnej, dok\u0142adnie sprawdzane i kontrolowane na wszystkich etapach produkcji.Produkt jest zgodny\u00a0z mi\u0119dzynarodowymi standardami ISO 9001:2008 oraz certyfikatem CE.<\/span><\/p>\n","protected":false},"excerpt":{"rendered":"<p style=\"text-align:left;\"><span style=\"font-family:arial, helvetica, sans-serif;font-size:10pt;\">Profesjonalna <em>\u0142y\u017ceczka Unny<\/em> p\u0119telkowa Tendo\u00ae Solingen z lini Gold Line to narz\u0119dzie do oczyszczania mechanicznego cery z zask\u00f3rnik\u00f3w oraz w\u0105gr\u00f3w zw\u0142aszcza z trudno dost\u0119pnych miejsc np. okolic nosa, uszy itp. \u0141y\u017ceczka Unny to dwustronne narz\u0119dzie sk\u0142adaj\u0105ce si\u0119 czterok\u0105tnego uchwytu oraz wi\u0119kszego oczka przeznaczonego do &#8222;bia\u0142ych&#8221; w\u0105gr\u00f3w\u00a0po jednej stronie, natomiast po drugiej stronie znajduje si\u0119 mniejsze do czarnych zask\u00f3rnik\u00f3w.\u00a0Szpatu\u0142ka do oczyszczania twarzy do wykorzystania zar\u00f3wno w gabinetach kosmetycznych, jak i do stosowania w warunkach domowych.<\/span><\/p>\n<p><\/br><\/p>\n<h2 style=\"text-align:left;\"><span style=\"font-family:arial, helvetica, sans-serif;font-size:10pt;\">Jak u\u017cywa\u0107 produktu do oczyszczania sk\u00f3ry?<\/span><\/h2>\n<p><\/br><\/p>\n<p style=\"text-align:left;\"><span style=\"font-family:arial, helvetica, sans-serif;font-size:10pt;\">Przyst\u0119puj\u0105c do wykorzystania \u0142y\u017ceczki nale\u017cy najpierw dok\u0142adnie wyczy\u015bci\u0107 narz\u0119dzie, nast\u0119pnie zmi\u0119kczy\u0107 sk\u00f3r\u0119, czyli zastosowa\u0107 klasyczn\u0105 par\u00f3wk\u0119. Mo\u017cna tak\u017ce po\u0142o\u017cy\u0107 na kilka minut na twarz wilgotn\u0105 i ciep\u0142\u0105 chusteczk\u0119, kt\u00f3ra otworzy wej\u015bcia por\u00f3w. Zask\u00f3rniki usuwamy przyk\u0142adaj\u0105c p\u0119telk\u0119 tak, by znalaz\u0142 si\u0119 w \u015brodku &#8211; delikatnie przyciskamy sk\u00f3r\u0119, co sprawi, \u017ce zask\u00f3rnik zostanie wyci\u015bni\u0119ty do g\u00f3ry, nast\u0119pnie delikatnym ruchem przeci\u0105gamy w d\u00f3\u0142. <\/span><\/p>\n<p><\/br><\/p>\n<p style=\"text-align:left;\"><span style=\"font-family:arial, helvetica, sans-serif;font-size:10pt;\">Na koniec nale\u017cy przemy\u0107 twarz \u015brodkiem \u0142agodz\u0105cym podra\u017cnienia. R\u0119czne usuwanie zask\u00f3rniak\u00f3w prowadzi do rozsiewania bakterii, mo\u017ce prowadzi\u0107 do zaka\u017ce\u0144 sk\u00f3ry. Niszczy tak\u017ce sk\u00f3r\u0119 i ma negatywny wp\u0142yw na jej wygl\u0105d. Po ka\u017cdym u\u017cyciu narz\u0119dzie nale\u017cy wyczy\u015bci\u0107 \u015bciereczk\u0105 b\u0105d\u017a chusteczka namoczon\u0105 w wodzie i alkoholu.<\/span><\/p>\n<p><\/br><\/p>\n<h2 style=\"text-align:left;\"><span style=\"font-family:arial, helvetica, sans-serif;font-size:10pt;\">Parametry \u0142y\u017ceczki Unny p\u0119telkowej<\/span><\/h2>\n<p><\/br><\/p>\n<ul style=\"text-align:left;\"><\/br><\/p>\n<li><span style=\"font-family:arial, helvetica, sans-serif;font-size:10pt;\">d\u0142ugo\u015b\u0107 narz\u0119dzia \u2013 13 cm<\/span><\/li>\n<p><\/br><\/p>\n<li><span style=\"font-family:arial, helvetica, sans-serif;font-size:10pt;\">dwustronne<\/span><\/li>\n<p><\/br><\/p>\n<li><span style=\"font-family:arial, helvetica, sans-serif;font-size:10pt;\">szeroko\u015b\u0107 p\u0119telek \u2013 5 mm oraz 3 mm<\/span><\/li>\n<p><\/br><\/p>\n<li><span style=\"font-family:arial, helvetica, sans-serif;font-size:10pt;\">design in Germany<\/span><\/li>\n<p><\/br><\/p>\n<li><span style=\"font-family:arial, helvetica, sans-serif;font-size:10pt;\">zaprojektowana linia Gold Line dla specjalist\u00f3w<\/span><\/li>\n<p><\/br><\/p>\n<li><span style=\"font-family:arial, helvetica, sans-serif;font-size:10pt;\">antyalergiczna<\/span><\/li>\n<p><\/br><\/p>\n<li><span style=\"font-family:arial, helvetica, sans-serif;font-size:10pt;\">matowa<\/span><\/li>\n<p><\/br><\/p>\n<li><span style=\"font-family:arial, helvetica, sans-serif;font-size:10pt;\">niemiecka nierdzewna stal chirurgiczna<\/span><\/li>\n<p><\/br><\/p>\n<li><span style=\"font-family:arial, helvetica, sans-serif;font-size:10pt;\">trzyletnia gwarancja producenta<\/span><\/li>\n<p><\/br><\/ul>\n<p><\/br><\/p>\n<h2 style=\"text-align:left;\"><span style=\"font-family:arial, helvetica, sans-serif;font-size:10pt;\">Zalety korzystania z \u0142y\u017ceczki Unny p\u0119telkowej<\/span><\/h2>\n<p><\/br><\/p>\n<ul style=\"text-align:left;\"><\/br><\/p>\n<li><span style=\"font-family:arial, helvetica, sans-serif;font-size:10pt;\">specjalna budowa narz\u0119dzia zapewnia dobr\u0105 chwytno\u015b\u0107 i komfortow\u0105 prac\u0119<\/span><\/li>\n<p><\/br><\/p>\n<li><span style=\"font-family:arial, helvetica, sans-serif;font-size:10pt;\">wysoka jako\u015b\u0107 wykonania<\/span><\/li>\n<p><\/br><\/p>\n<li><span style=\"font-family:arial, helvetica, sans-serif;font-size:10pt;\">ergonomiczna konstrukcja pozwala na szybsz\u0105 i efektywniejsz\u0105 prac\u0119<\/span><\/li>\n<p><\/br><\/p>\n<li><span style=\"font-family:arial, helvetica, sans-serif;font-size:10pt;\">narz\u0119dzie wielokrotnego u\u017cytku przeznaczony do sterylizacji i dezynfekcji<\/span><\/li>\n<p><\/br><\/p>\n<li><span style=\"font-family:arial, helvetica, sans-serif;font-size:10pt;\">certyfikowane i bezpieczne narz\u0119dzie ze sklepu medycznego\u00a0<\/span><\/li>\n<p><\/br><\/p>\n<li><span style=\"font-family:arial, helvetica, sans-serif;font-size:10pt;\">przeznaczona zar\u00f3wno w domu jak i w profesjonalnym gabinecie kosmetycznym<\/span><\/li>\n<p><\/br><\/ul>\n<p><\/br><\/p>\n<p style=\"text-align:left;\"><span style=\"font-family:arial, helvetica, sans-serif;font-size:10pt;\">Profesjonalne narz\u0119dzia kosmetyczne oferowane przez sklep to gwarancja najwy\u017cszej jako\u015bci. Ka\u017cde narz\u0119dzie jest fabrycznie nowe oraz produkowane z wysokiej jako\u015bci stali nierdzewnej, dok\u0142adnie sprawdzane i kontrolowane na wszystkich etapach produkcji.Produkt jest zgodny\u00a0z mi\u0119dzynarodowymi standardami ISO 9001:2008 oraz certyfikatem CE.<\/span><\/p>\n","protected":false},"featured_media":683,"comment_status":"closed","ping_status":"open","template":"","meta":[],"product_brand":[],"product_cat":[50],"product_tag":[],"class_list":{"0":"post-2316","1":"product","2":"type-product","3":"status-publish","4":"has-post-thumbnail","6":"product_cat-narzedzia-podologiczne-pl","8":"first","9":"instock","10":"product-type-simple"},"_links":{"self":[{"href":"https:\/\/tendosolingen.de\/pl\/wp-json\/wp\/v2\/product\/2316","targetHints":{"allow":["GET"]}}],"collection":[{"href":"https:\/\/tendosolingen.de\/pl\/wp-json\/wp\/v2\/product"}],"about":[{"href":"https:\/\/tendosolingen.de\/pl\/wp-json\/wp\/v2\/types\/product"}],"replies":[{"embeddable":true,"href":"https:\/\/tendosolingen.de\/pl\/wp-json\/wp\/v2\/comments?post=2316"}],"wp:featuredmedia":[{"embeddable":true,"href":"https:\/\/tendosolingen.de\/pl\/wp-json\/wp\/v2\/media\/683"}],"wp:attachment":[{"href":"https:\/\/tendosolingen.de\/pl\/wp-json\/wp\/v2\/media?parent=2316"}],"wp:term":[{"taxonomy":"product_brand","embeddable":true,"href":"https:\/\/tendosolingen.de\/pl\/wp-json\/wp\/v2\/product_brand?post=2316"},{"taxonomy":"product_cat","embeddable":true,"href":"https:\/\/tendosolingen.de\/pl\/wp-json\/wp\/v2\/product_cat?post=2316"},{"taxonomy":"product_tag","embeddable":true,"href":"https:\/\/tendosolingen.de\/pl\/wp-json\/wp\/v2\/product_tag?post=2316"}],"curies":[{"name":"wp","href":"https:\/\/api.w.org\/{rel}","templated":true}]}}