{"id":2315,"date":"2024-04-09T22:38:06","date_gmt":"2024-04-09T20:38:06","guid":{"rendered":"https:\/\/tendosolingen.de\/product\/kopytko-do-paznokci-profesjonalne-profilowane\/"},"modified":"2026-01-09T19:33:36","modified_gmt":"2026-01-09T18:33:36","slug":"kopytko-do-paznokci-profesjonalne-profilowane-140-mm-standard-sq","status":"publish","type":"product","link":"https:\/\/tendosolingen.de\/pl\/produkt\/kopytko-do-paznokci-profesjonalne-profilowane-140-mm-standard-sq\/","title":{"rendered":"Kopytko do paznokci profesjonalne profilowane 140 mm Standard SQ"},"content":{"rendered":"<p style=\"text-align: left;\"><span style=\"font-size: 10pt; font-family: arial, helvetica, sans-serif;\"><strong>Profesjonalne kopytko do paznokci<\/strong> wykorzystywane podczas zabieg\u00f3w pedicure oraz manicure. <em>Kopytko do usuwania i odsuwania sk\u00f3rek<\/em> wykonane jest z najwy\u017cszej jako\u015bci nierdzewnej stali chirurgicznej. Stal chirurgiczna o specjalnych w\u0142a\u015bciwo\u015bciach fizykochemicznych, odpornych na korozje ze strony r\u00f3\u017cnych czynnik\u00f3w. Przede wszystkim czynnik\u00f3w atmosferycznych (korozja gazowa), rozcie\u0144czonych kwas\u00f3w i roztwor\u00f3w alkalicznych (korozja w cieczach). Stosowane jest podczas zabieg\u00f3w kosmetycznych do odsuwania sk\u00f3rek ale mo\u017ce by\u0107 wykorzystywane tak\u017ce do usuwania lakier\u00f3w hybrydowych. Dwustronna szpatu\u0142ka do odsuwania sk\u00f3rek sk\u0142ada si\u0119 z ergonomicznej i wyprofilowanej r\u0119koje\u015bci oraz dw\u00f3ch \u0142y\u017ceczek o r\u00f3\u017cnych szeroko\u015bciach. Rokowana powierzchnia r\u0119koje\u015bci zapewnia bezpieczny chwyt w ka\u017cdych warunkach oraz r\u0119kawiczkach osoby wykonuj\u0105cej zabiegi pedicure oraz manicure.<\/span><\/p>\n<p>&nbsp;<\/p>\n<h2>Kopytko do paznokci, sk\u00f3rek i \u015bci\u0105gania hybrydy<\/h2>\n<ul>\n<li>d\u0142ugo\u015b\u0107 narz\u0119dzia \u2013 14 cm<\/li>\n<li>szeroko\u015b\u0107 \u0142y\u017ceczek \u2013 9 mm oraz 5 mm<\/li>\n<li>rokowana r\u0119koje\u015b\u0107<\/li>\n<li>jednoelementowa konstrukcja<\/li>\n<li>nierdzewna stal chirurgiczna<\/li>\n<li>roczna gwarancja producenta<\/li>\n<li>produkt posiadaj\u0105cy certyfikaty<\/li>\n<\/ul>\n<h2>D\u0142utko\u00a0do odsuwania sk\u00f3rek<\/h2>\n<ul>\n<li>ergonomiczna konstrukcja pozwala na szybsz\u0105 i efektywniejsz\u0105 prac\u0119<\/li>\n<li>narz\u0119dzie wielokrotnego u\u017cytku przeznaczony do sterylizacji i dezynfekcji w autoklawie<\/li>\n<li>specjalna budowa narz\u0119dzia zapewnia dobr\u0105 chwytno\u015b\u0107 i komfortow\u0105 prac\u0119<\/li>\n<li>d\u0142utko odpowiednie tak\u017ce do usuwania hybrydy<\/li>\n<\/ul>\n<p>&nbsp;<\/p>\n<p>&nbsp;<\/p>\n<p style=\"text-align: left;\"><span style=\"font-size: 10pt; font-family: arial, helvetica, sans-serif;\">Profesjonalne c\u0105\u017cki, kopytka, d\u0142utka, rade\u0142ka do sk\u00f3rek oferowane przez nasz sklep to gwarancja najwy\u017cszej jako\u015bci. Ka\u017cde narz\u0119dzie jest fabrycznie nowe oraz produkowane z wysokiej jako\u015bci stali nierdzewnej, dok\u0142adnie sprawdzane i kontrolowane na wszystkich etapach produkcji, w celu zapewnienia ich zgodno\u015bci z mi\u0119dzynarodowymi standardami okre\u015blonymi ISO 9001:2008 oraz certyfikatem CE.<\/span><\/p>\n","protected":false},"excerpt":{"rendered":"<p style=\"text-align: left;\">Profesjonalne, dwustronne kopytko do paznokci ze stali chirurgicznej, przeznaczone do manicure i pedicure, s\u0142u\u017c\u0105ce do odsuwania i usuwania sk\u00f3rek oraz lakier\u00f3w hybrydowych, zapewniaj\u0105ce pewny chwyt, odporno\u015b\u0107 na korozj\u0119 i komfort pracy.<\/p>\n","protected":false},"featured_media":3768,"comment_status":"closed","ping_status":"closed","template":"","meta":[],"product_brand":[],"product_cat":[47],"product_tag":[],"class_list":{"0":"post-2315","1":"product","2":"type-product","3":"status-publish","4":"has-post-thumbnail","6":"product_cat-dluta-i-kopytka-ekskawatory","7":"pa_klasa-produktu-standard-sq","9":"first","10":"instock","11":"purchasable","12":"product-type-simple"},"_links":{"self":[{"href":"https:\/\/tendosolingen.de\/pl\/wp-json\/wp\/v2\/product\/2315","targetHints":{"allow":["GET"]}}],"collection":[{"href":"https:\/\/tendosolingen.de\/pl\/wp-json\/wp\/v2\/product"}],"about":[{"href":"https:\/\/tendosolingen.de\/pl\/wp-json\/wp\/v2\/types\/product"}],"replies":[{"embeddable":true,"href":"https:\/\/tendosolingen.de\/pl\/wp-json\/wp\/v2\/comments?post=2315"}],"wp:featuredmedia":[{"embeddable":true,"href":"https:\/\/tendosolingen.de\/pl\/wp-json\/wp\/v2\/media\/3768"}],"wp:attachment":[{"href":"https:\/\/tendosolingen.de\/pl\/wp-json\/wp\/v2\/media?parent=2315"}],"wp:term":[{"taxonomy":"product_brand","embeddable":true,"href":"https:\/\/tendosolingen.de\/pl\/wp-json\/wp\/v2\/product_brand?post=2315"},{"taxonomy":"product_cat","embeddable":true,"href":"https:\/\/tendosolingen.de\/pl\/wp-json\/wp\/v2\/product_cat?post=2315"},{"taxonomy":"product_tag","embeddable":true,"href":"https:\/\/tendosolingen.de\/pl\/wp-json\/wp\/v2\/product_tag?post=2315"}],"curies":[{"name":"wp","href":"https:\/\/api.w.org\/{rel}","templated":true}]}}