{"id":2314,"date":"2024-04-09T22:38:06","date_gmt":"2024-04-09T20:38:06","guid":{"rendered":"https:\/\/tendosolingen.de\/product\/cazki-do-skorek-tendo-solingen-kosmetyczne-3-mm-gold-line\/"},"modified":"2026-01-09T22:48:18","modified_gmt":"2026-01-09T21:48:18","slug":"cazki-do-skorek-kosmetyczne-3-mm-gold-line","status":"publish","type":"product","link":"https:\/\/tendosolingen.de\/pl\/produkt\/cazki-do-skorek-kosmetyczne-3-mm-gold-line\/","title":{"rendered":"C\u0105\u017cki do sk\u00f3rek kosmetyczne 3 mm Gold Line"},"content":{"rendered":"<p><span style=\"color: #333333; font-family: arial, helvetica, sans-serif; font-size: 10pt;\">Profesjonalne <em>c\u0105\u017cki do sk\u00f3rek<\/em>\u00a03 mm marki Tendo\u00ae Solingen z lini Gold Line o d\u0142ugo\u015bci 10 cm ze stali chirurgicznej wykonane\u00a0wed\u0142ug niemieckich standard\u00f3w produkcji instrument\u00f3w medycznych tj. narz\u0119dzi chirurgicznych i stomatologicznych. Produkt wysokiej klasy do usuwania (wycinania lub obcinania) sk\u00f3rek w warunkach domowych, w salonach urody i spa.<\/span><\/p>\n<p><span style=\"color: #333333; font-family: arial, helvetica, sans-serif; font-size: 10pt;\">C\u0105\u017cki kosmetyczne s\u0105 szlifowane metod\u0105 r\u0119czn\u0105 z wysokim poziomem powtarzalno\u015bci i dok\u0142adno\u015bci. Proces produkcji c\u0105\u017cek jest identyczny jak w przypadku produkcji narz\u0119dzi medycznych. Produkt posiada certyfikat CE i trzyletnia gwarancja producenta.<\/span><\/p>\n<p><span style=\"color: #333333; font-family: arial, helvetica, sans-serif; font-size: 10pt;\"><span style=\"color: #333333;\">Wygodne narz\u0119dzie, dobrze dopasowuje si\u0119 do d\u0142oni. Posiadaj\u0105 tak\u017ce bardzo dobre elementy sp\u0119\u017cynuj\u0105ce i nituj\u0105ce, co gwarantuje trwa\u0142o\u015b\u0107, cich\u0105 prac\u0119 instrumentu oraz precyzj\u0119 w wykonywaniu zabieg\u00f3w usuwania sk\u00f3rek z paznokci. Spe\u0142niaj\u0105 wysokie normy gabinet\u00f3w i salon\u00f3w kosmetycznych.\u00a0<\/span><\/span><\/p>\n<h2><span style=\"color: #333333; font-family: arial, helvetica, sans-serif; font-size: 10pt;\">Parametry\u00a0c\u0105\u017cek\u00a0do sk\u00f3rek\u00a0Tendo\u00ae Solingen<\/span><\/h2>\n<p>&nbsp;<\/p>\n<ul>\n<li style=\"list-style-type: none;\">\n<ul>\n<li><span style=\"color: #333333; font-family: arial, helvetica, sans-serif; font-size: 10pt;\">c\u0105\u017cki &#8222;obc\u0105\u017cki&#8221; do sk\u00f3rek<\/span><\/li>\n<\/ul>\n<\/li>\n<\/ul>\n<ul>\n<li style=\"list-style-type: none;\">\n<ul>\n<li><span style=\"font-family: arial, helvetica, sans-serif; font-size: 10pt;\">design in Germany<\/span><\/li>\n<\/ul>\n<\/li>\n<\/ul>\n<ul>\n<li style=\"list-style-type: none;\">\n<ul>\n<li><span style=\"color: #333333; font-family: arial, helvetica, sans-serif; font-size: 10pt;\">z nimieckiej stali chirurgicznej<\/span><\/li>\n<\/ul>\n<\/li>\n<\/ul>\n<ul>\n<li style=\"list-style-type: none;\">\n<ul>\n<li><span style=\"color: #333333; font-family: arial, helvetica, sans-serif; font-size: 10pt;\">matowe<\/span><\/li>\n<\/ul>\n<\/li>\n<\/ul>\n<ul>\n<li style=\"list-style-type: none;\">\n<ul>\n<li><span style=\"color: #333333; font-family: arial, helvetica, sans-serif; font-size: 10pt;\">d\u0142ugo\u015b\u0107 10 cm<\/span><\/li>\n<\/ul>\n<\/li>\n<\/ul>\n<ul>\n<li style=\"list-style-type: none;\">\n<ul>\n<li><span style=\"font-family: arial, helvetica, sans-serif; font-size: 10pt;\">specjalnie zaprojektowana linia Gold Line dla specjalist\u00f3w<\/span><\/li>\n<\/ul>\n<\/li>\n<\/ul>\n<ul>\n<li style=\"list-style-type: none;\">\n<ul>\n<li><span style=\"color: #333333; font-family: arial, helvetica, sans-serif; font-size: 10pt;\">d\u0142ugo\u015b\u0107 ostrza 3 mm<\/span><\/li>\n<\/ul>\n<\/li>\n<\/ul>\n<ul>\n<li style=\"list-style-type: none;\">\n<ul>\n<li><span style=\"color: #333333; font-family: arial, helvetica, sans-serif; font-size: 10pt;\">si\u0142a \u015bcisku: 22N<\/span><\/li>\n<\/ul>\n<\/li>\n<\/ul>\n<ul>\n<li style=\"list-style-type: none;\">\n<ul>\n<li><span style=\"color: #333333; font-family: arial, helvetica, sans-serif; font-size: 10pt;\">antyalergiczne<\/span><\/li>\n<\/ul>\n<\/li>\n<\/ul>\n<ul>\n<li style=\"list-style-type: none;\">\n<ul>\n<li><span style=\"color: #333333; font-family: arial, helvetica, sans-serif; font-size: 10pt;\">3 lata\u00a0gwarancji<\/span><\/li>\n<\/ul>\n<\/li>\n<\/ul>\n<p>&nbsp;<\/p>\n<h2><span style=\"color: #333333; font-family: arial, helvetica, sans-serif; font-size: 10pt;\">Zalety korzystania z produktu<\/span><\/h2>\n<p>&nbsp;<\/p>\n<ul>\n<li style=\"list-style-type: none;\">\n<ul>\n<li><span style=\"color: #333333; font-family: arial, helvetica, sans-serif; font-size: 10pt;\">najlepsze materia\u0142y u\u017cywane do produkcji narz\u0119dzi medycznych<\/span><\/li>\n<\/ul>\n<\/li>\n<\/ul>\n<ul>\n<li style=\"list-style-type: none;\">\n<ul>\n<li><span style=\"color: #333333; font-family: arial, helvetica, sans-serif; font-size: 10pt;\">uniwersalne zastosowanie w gabinetach i domowych warunkach<\/span><\/li>\n<\/ul>\n<\/li>\n<\/ul>\n<ul>\n<li style=\"list-style-type: none;\">\n<ul>\n<li><span style=\"font-family: arial, helvetica, sans-serif; font-size: 10pt;\">certyfikowany i bezpieczny produkt ze sklepu medycznego\u00a0<\/span><\/li>\n<\/ul>\n<\/li>\n<\/ul>\n<ul>\n<li style=\"list-style-type: none;\">\n<ul>\n<li><span style=\"color: #333333; font-family: arial, helvetica, sans-serif; font-size: 10pt;\">trwa\u0142e i precyzyjne narz\u0119dzie do wycinania nask\u00f3rka<\/span><\/li>\n<\/ul>\n<\/li>\n<\/ul>\n<ul>\n<li style=\"list-style-type: none;\">\n<ul>\n<li><span style=\"color: #333333; font-family: arial, helvetica, sans-serif; font-size: 10pt;\">wysoka jako\u015b\u0107<\/span><\/li>\n<\/ul>\n<\/li>\n<\/ul>\n<ul>\n<li style=\"list-style-type: none;\">\n<ul>\n<li><span style=\"font-family: arial, helvetica, sans-serif; font-size: 10pt;\">narz\u0119dzie wielokrotnego u\u017cytku &#8211; mo\u017cna podda\u0107 procesowi sterylizacji i dezynfekcji<\/span><\/li>\n<\/ul>\n<\/li>\n<\/ul>\n<p>&nbsp;<\/p>\n<p><span style=\"color: #333333; font-family: arial, helvetica, sans-serif; font-size: 10pt;\">Produkt przeznaczony do u\u017cywania zgodnie z przeznaczeniem. Kupuj\u0105c\u00a0Obc\u0105\u017cki do sk\u00f3rek Tendo\u00ae Solingen z lini Gold Line na platformie instrumedic.pl to gwarancja najwy\u017cszej jako\u015bci wykonania, bezpiecze\u0144stwa zakupu, satysfakcji albo\u00a0zwrot pieni\u0119dzy. Masz pewno\u015b\u0107, \u017ce produkt b\u0119dzie bezpieczny w u\u017cytkowaniu i b\u0119dzie dzia\u0142a\u0142 z &#8222;chirurgiczn\u0105&#8221; precyzj\u0105.\u00a0Narz\u0119dzia s\u0105 fabrycznie nowe oraz dok\u0142adnie sprawdzane i kontrolowane na wszystkich etapach produkcji, w celu zapewnienia ich zgodno\u015bci z mi\u0119dzynarodowymi standardami okre\u015blonymi ISO 9001:2008 oraz certyfikatem CE.<\/span><\/p>\n","protected":false},"excerpt":{"rendered":"<p>Profesjonalne c\u0105\u017cki do sk\u00f3rek 3 mm marki Tendo Solingen z linii Gold Line, o d\u0142ugo\u015bci 10 cm, wykonane z wysokiej jako\u015bci stali chirurgicznej zgodnie z niemieckimi standardami produkcji instrument\u00f3w medycznych i stomatologicznych. To precyzyjne narz\u0119dzie klasy premium, przeznaczone do bezpiecznego usuwania sk\u00f3rek zar\u00f3wno w warunkach domowych, jak i w salonach urody oraz spa.<\/p>\n","protected":false},"featured_media":675,"comment_status":"closed","ping_status":"closed","template":"","meta":[],"product_brand":[],"product_cat":[183],"product_tag":[],"class_list":{"0":"post-2314","1":"product","2":"type-product","3":"status-publish","4":"has-post-thumbnail","6":"product_cat-cegi-cazki","7":"pa_klasa-produktu-premium-hq","9":"first","10":"instock","11":"purchasable","12":"product-type-simple"},"_links":{"self":[{"href":"https:\/\/tendosolingen.de\/pl\/wp-json\/wp\/v2\/product\/2314","targetHints":{"allow":["GET"]}}],"collection":[{"href":"https:\/\/tendosolingen.de\/pl\/wp-json\/wp\/v2\/product"}],"about":[{"href":"https:\/\/tendosolingen.de\/pl\/wp-json\/wp\/v2\/types\/product"}],"replies":[{"embeddable":true,"href":"https:\/\/tendosolingen.de\/pl\/wp-json\/wp\/v2\/comments?post=2314"}],"wp:featuredmedia":[{"embeddable":true,"href":"https:\/\/tendosolingen.de\/pl\/wp-json\/wp\/v2\/media\/675"}],"wp:attachment":[{"href":"https:\/\/tendosolingen.de\/pl\/wp-json\/wp\/v2\/media?parent=2314"}],"wp:term":[{"taxonomy":"product_brand","embeddable":true,"href":"https:\/\/tendosolingen.de\/pl\/wp-json\/wp\/v2\/product_brand?post=2314"},{"taxonomy":"product_cat","embeddable":true,"href":"https:\/\/tendosolingen.de\/pl\/wp-json\/wp\/v2\/product_cat?post=2314"},{"taxonomy":"product_tag","embeddable":true,"href":"https:\/\/tendosolingen.de\/pl\/wp-json\/wp\/v2\/product_tag?post=2314"}],"curies":[{"name":"wp","href":"https:\/\/api.w.org\/{rel}","templated":true}]}}