{"id":2312,"date":"2024-04-09T22:38:06","date_gmt":"2024-04-09T20:38:06","guid":{"rendered":"https:\/\/tendosolingen.de\/product\/cazki-do-skorek-solingen-profesjonalne-3-mm-ze-stali-chirurgicznej-rodzaj-produktu-standard-sq\/"},"modified":"2026-02-19T10:55:11","modified_gmt":"2026-02-19T09:55:11","slug":"cazki-do-skorek-profesjonalne-3-mm-ze-stali-chirurgicznej-rodzaj-produktu-standard-sq","status":"publish","type":"product","link":"https:\/\/tendosolingen.de\/pl\/produkt\/cazki-do-skorek-profesjonalne-3-mm-ze-stali-chirurgicznej-rodzaj-produktu-standard-sq\/","title":{"rendered":"C\u0105\u017cki do sk\u00f3rek profesjonalne 3 mm ze stali chirurgicznej Rodzaj produktu: Standard (SQ)"},"content":{"rendered":"<p><span style=\"color: #333333; font-family: arial, helvetica, sans-serif; font-size: 10pt;\">Wysokiej jako\u015bci profesjonalne <em>c\u0105\u017cki do sk\u00f3rek<\/em> marki\u00a0Tendo Solingen 3 mm ze stali chirurgicznej pochodzenia niemieckiego u\u017cywanej do produkcji wysokiej klasy narz\u0119dzi stomatologicznych i chirurgicznych. C\u0105\u017cki wykorzystywane\u00a0do wykonywania zabieg\u00f3w piel\u0119gnacyjnych nask\u00f3rka w salonach kosmetycznych, SPA i klinikach. Ka\u017cdy produkt jest r\u0119cznie szlifowany z du\u017c\u0105 dok\u0142adno\u015bci\u0105 i powtarzalno\u015bci\u0105. Produkowany zgodnie z najwy\u017cszymi standardami produkcji narz\u0119dzi medycznych. Posiada certyfikat CE. D\u0142ugo\u015b\u0107 10 cm. Rok gwarancji producenta.<\/span><\/p>\n<p>&nbsp;<\/p>\n<p><span style=\"color: #333333; font-family: arial, helvetica, sans-serif; font-size: 10pt;\">Narz\u0119dzie doskonale dopasowuje si\u0119 do d\u0142oni. <span style=\"text-decoration: underline;\">C\u0105\u017cki Solingen<\/span> zosta\u0142y wyposa\u017cone w klasowy element spr\u0119\u017cynuj\u0105cy co zapewnia mniejsze zu\u017cycie materia\u0142u oraz wi\u0119ksz\u0105\u00a0precyzj\u0119 wykonywania zabieg\u00f3w piel\u0119gnacyjnych. Element nituj\u0105cy zosta\u0142 zamocowany na odpowiedniej wysoko\u015bci uchwytu. Gwarantuje to wysok\u0105\u00a0spr\u0119\u017cysto\u015b\u0107 i trwa\u0142o\u015b\u0107 produktu. Produkt zosta\u0142 wyposa\u017cony w cichy mechanizm \u0142\u0105cz\u0105cy ko\u0144c\u00f3wki co sprawia, \u017ce narz\u0119dzie jest wygodne w u\u017cytkowaniu podczas pracy.<\/span><\/p>\n<p>&nbsp;<\/p>\n<p><span style=\"color: #333333; font-family: arial, helvetica, sans-serif; font-size: 10pt;\">Narz\u0119dzie przeznaczone do u\u017cytku zar\u00f3wno w gabinetach kosmetycznych, jak i klinikach medycyny estetycznej. Spe\u0142nia r\u00f3wnie\u017c wysokie wymagania salon\u00f3w SPA i odnowy biologicznej.<\/span><\/p>\n<p>&nbsp;<\/p>\n<h2><span style=\"color: #333333; font-family: arial, helvetica, sans-serif; font-size: 10pt;\">Specyfikacja c\u0105\u017cek\u00a0do sk\u00f3rek<\/span><\/h2>\n<p>&nbsp;<\/p>\n<ul>\n<li style=\"list-style-type: none;\">\n<ul>\n<li><span style=\"color: #333333; font-family: arial, helvetica, sans-serif; font-size: 10pt;\">materia\u0142: stal nierdzewna<\/span><\/li>\n<\/ul>\n<\/li>\n<\/ul>\n<ul>\n<li style=\"list-style-type: none;\">\n<ul>\n<li><span style=\"color: #333333; font-family: arial, helvetica, sans-serif; font-size: 10pt;\">d\u0142ugo\u015b\u0107 narz\u0119dzia: 10 cm<\/span><\/li>\n<\/ul>\n<\/li>\n<\/ul>\n<ul>\n<li style=\"list-style-type: none;\">\n<ul>\n<li><span style=\"color: #333333; font-family: arial, helvetica, sans-serif; font-size: 10pt;\">d\u0142ugo\u015b\u0107 ostrza: 3 mm<\/span><\/li>\n<\/ul>\n<\/li>\n<\/ul>\n<ul>\n<li style=\"list-style-type: none;\">\n<ul>\n<li><span style=\"color: #333333; font-family: arial, helvetica, sans-serif; font-size: 10pt;\">maksymalna si\u0142a \u015bcisku: 32N<\/span><\/li>\n<\/ul>\n<\/li>\n<\/ul>\n<ul>\n<li style=\"list-style-type: none;\">\n<ul>\n<li><span style=\"color: #333333; font-family: arial, helvetica, sans-serif; font-size: 10pt;\">1 rok gwarancji<\/span><\/li>\n<\/ul>\n<\/li>\n<\/ul>\n<ul>\n<li style=\"list-style-type: none;\">\n<ul>\n<li><span style=\"color: #333333; font-family: arial, helvetica, sans-serif; font-size: 10pt;\">produkt certyfikowany<\/span><\/li>\n<\/ul>\n<\/li>\n<\/ul>\n<p>&nbsp;<\/p>\n<p>&nbsp;<\/p>\n<h2><span style=\"color: #333333; font-family: arial, helvetica, sans-serif; font-size: 10pt;\">Zalety korzystania z produktu<\/span><\/h2>\n<p>&nbsp;<\/p>\n<ul>\n<li style=\"list-style-type: none;\">\n<ul>\n<li><span style=\"color: #333333; font-family: arial, helvetica, sans-serif; font-size: 10pt;\">wykonane z materia\u0142\u00f3w u\u017cywanych do produkcji narz\u0119dzi medycznych<\/span><\/li>\n<\/ul>\n<\/li>\n<\/ul>\n<ul>\n<li style=\"list-style-type: none;\">\n<ul>\n<li><span style=\"color: #333333; font-family: arial, helvetica, sans-serif; font-size: 10pt;\">do profesjonalnego zastosowania<\/span><\/li>\n<\/ul>\n<\/li>\n<\/ul>\n<ul>\n<li style=\"list-style-type: none;\">\n<ul>\n<li><span style=\"color: #333333; font-family: arial, helvetica, sans-serif; font-size: 10pt;\">wysoka odporno\u015b\u0107 na dezynfekcj\u0119<\/span><\/li>\n<\/ul>\n<\/li>\n<\/ul>\n<ul>\n<li style=\"list-style-type: none;\">\n<ul>\n<li><span style=\"color: #333333; font-family: arial, helvetica, sans-serif; font-size: 10pt;\">precyzyjne ci\u0119cie nask\u00f3rka<\/span><\/li>\n<\/ul>\n<\/li>\n<\/ul>\n<ul>\n<li style=\"list-style-type: none;\">\n<ul>\n<li><span style=\"color: #333333; font-family: arial, helvetica, sans-serif; font-size: 10pt;\">wyposa\u017cony w klasowy element spr\u0119\u017cynuj\u0105cy<\/span><\/li>\n<\/ul>\n<\/li>\n<\/ul>\n<p>&nbsp;<\/p>\n<p>&nbsp;<\/p>\n<p><span style=\"color: #333333; font-family: arial, helvetica, sans-serif; font-size: 10pt;\">Produkt wielokrotnego u\u017cytku, przeznaczony do sterylizacji w autoklawach kosmetycznych i dezynfekcji \u015brodkami chemicznymi. Narz\u0119dzie obj\u0119te roczn\u0105 gwarancj\u0105 producenta. Kupuj\u0105c narz\u0119dzia kosmetyczne w sklepie medycznym masz gwarancj\u0119 najwy\u017cszej jako\u015bci produktu. Produkt do u\u017cytku zgodnie z przeznaczeniem przez osoby posiadaj\u0105ce kwalifikacje.<\/span><\/p>\n","protected":false},"excerpt":{"rendered":"<p><span style=\"color: #333333; font-family: arial, helvetica, sans-serif; font-size: 10pt;\">Wysokiej jako\u015bci profesjonalne <em>c\u0105\u017cki do sk\u00f3rek<\/em> marki\u00a0Tendo Solingen 3 mm ze stali chirurgicznej pochodzenia niemieckiego u\u017cywanej do produkcji wysokiej klasy narz\u0119dzi stomatologicznych i chirurgicznych. C\u0105\u017cki wykorzystywane\u00a0do wykonywania zabieg\u00f3w piel\u0119gnacyjnych nask\u00f3rka w salonach kosmetycznych, SPA i klinikach. Ka\u017cdy produkt jest r\u0119cznie szlifowany z du\u017c\u0105 dok\u0142adno\u015bci\u0105 i powtarzalno\u015bci\u0105. Produkowany zgodnie z najwy\u017cszymi standardami produkcji narz\u0119dzi medycznych. Posiada certyfikat CE. D\u0142ugo\u015b\u0107 10 cm. Rok gwarancji producenta.<\/span><\/p>\n","protected":false},"featured_media":667,"comment_status":"closed","ping_status":"closed","template":"","meta":[],"product_brand":[],"product_cat":[183],"product_tag":[],"class_list":{"0":"post-2312","1":"product","2":"type-product","3":"status-publish","4":"has-post-thumbnail","6":"product_cat-cegi-cazki","8":"first","9":"instock","10":"product-type-simple"},"_links":{"self":[{"href":"https:\/\/tendosolingen.de\/pl\/wp-json\/wp\/v2\/product\/2312","targetHints":{"allow":["GET"]}}],"collection":[{"href":"https:\/\/tendosolingen.de\/pl\/wp-json\/wp\/v2\/product"}],"about":[{"href":"https:\/\/tendosolingen.de\/pl\/wp-json\/wp\/v2\/types\/product"}],"replies":[{"embeddable":true,"href":"https:\/\/tendosolingen.de\/pl\/wp-json\/wp\/v2\/comments?post=2312"}],"wp:featuredmedia":[{"embeddable":true,"href":"https:\/\/tendosolingen.de\/pl\/wp-json\/wp\/v2\/media\/667"}],"wp:attachment":[{"href":"https:\/\/tendosolingen.de\/pl\/wp-json\/wp\/v2\/media?parent=2312"}],"wp:term":[{"taxonomy":"product_brand","embeddable":true,"href":"https:\/\/tendosolingen.de\/pl\/wp-json\/wp\/v2\/product_brand?post=2312"},{"taxonomy":"product_cat","embeddable":true,"href":"https:\/\/tendosolingen.de\/pl\/wp-json\/wp\/v2\/product_cat?post=2312"},{"taxonomy":"product_tag","embeddable":true,"href":"https:\/\/tendosolingen.de\/pl\/wp-json\/wp\/v2\/product_tag?post=2312"}],"curies":[{"name":"wp","href":"https:\/\/api.w.org\/{rel}","templated":true}]}}