{"id":401,"date":"2024-02-24T12:33:58","date_gmt":"2024-02-24T11:33:58","guid":{"rendered":"https:\/\/tendosolingen.de\/strona-glowna\/"},"modified":"2026-02-19T10:26:02","modified_gmt":"2026-02-19T09:26:02","slug":"strona-glowna","status":"publish","type":"page","link":"https:\/\/tendosolingen.de\/pl\/","title":{"rendered":"HOME"},"content":{"rendered":"<h2>Tworzenie perfekcji w  <br \/>  Narz\u0119dzia kosmetyczne i podologiczne<\/h2>\n<p>Wkrocz do \u015bwiata, w kt\u00f3rym precyzja \u0142\u0105czy si\u0119 z elegancj\u0105 &#8211; poznaj nasz\u0105 szerok\u0105 gam\u0119 wysokiej jako\u015bci narz\u0119dzi dostosowanych do potrzeb profesjonalist\u00f3w z bran\u017cy kosmetycznej i podologicznej.<\/p>\n<p>            <a href=\"https:\/\/instrumedic.pl\/solingen-tendo\" target=\"_blank\" rel=\"noopener\"><br \/>\n                                                    KUP ONLINE<br \/>\n                                            <\/a><br \/>\n            <a><br \/>\n                                                    Dowiedz si\u0119 wi\u0119cej o nas<br \/>\n                                            <\/a><\/p>\n<h6>Precyzja w ka\u017cdym dotkni\u0119ciu<\/h6>\n<h3>Precyzja w ka\u017cdym dotkni\u0119ciu<\/h3>\n<p>Nasze narz\u0119dzia s\u0105 starannie wykonane, aby zapewni\u0107 niezr\u00f3wnan\u0105 dok\u0142adno\u015b\u0107 i \u0142atwo\u015b\u0107 obs\u0142ugi,<br \/>\nzapewniaj\u0105c nieskazitelne rezultaty przy ka\u017cdym u\u017cyciu.<\/p>\n<p>\t\t\t<a role=\"button\"><br \/>\n\t\t\t\t\t\tDowiedz si\u0119 wi\u0119cej<br \/>\n\t\t\t\t\t<\/a><br \/>\n\t\t\t\t\t\t\t\t\t\t\t\t\t<img loading=\"lazy\" decoding=\"async\" width=\"1024\" height=\"546\" src=\"https:\/\/tendosolingen.de\/wp-content\/uploads\/2024\/02\/Image-1024x546.png\" alt=\"\" srcset=\"https:\/\/tendosolingen.de\/wp-content\/uploads\/2024\/02\/Image-1024x546.png 1024w, https:\/\/tendosolingen.de\/wp-content\/uploads\/2024\/02\/Image-300x160.png 300w, https:\/\/tendosolingen.de\/wp-content\/uploads\/2024\/02\/Image-768x410.png 768w, https:\/\/tendosolingen.de\/wp-content\/uploads\/2024\/02\/Image.png 1312w\" sizes=\"auto, (max-width: 1024px) 100vw, 1024px\" \/>\t\t\t\t\t\t\t\t\t\t\t\t\t<\/p>\n<h6>Tw\u00f3j sukces, stworzony naszymi r\u0119kami<\/h6>\n<h3>Wspieranie doskona\u0142o\u015bci w kosmetyce i podologii<\/h3>\n<p>Dzi\u0119ki naszemu zaanga\u017cowaniu w najwy\u017cszej jako\u015bci rzemios\u0142o i innowacyjny design, dostarczamy narz\u0119dzia, kt\u00f3re nie s\u0105 tylko instrumentami, ale partnerami w Twojej profesjonalnej podr\u00f3\u017cy.  <\/p>\n<p>\t\t\t<a role=\"button\"><br \/>\n\t\t\t\t\t\tKontakt<br \/>\n\t\t\t\t\t<\/a><br \/>\n\t\t\t\t<svg aria-hidden=\"true\" viewBox=\"0 0 512 512\" xmlns=\"http:\/\/www.w3.org\/2000\/svg\"><path d=\"M304 48c0 26.51-21.49 48-48 48s-48-21.49-48-48 21.49-48 48-48 48 21.49 48 48zm-48 368c-26.51 0-48 21.49-48 48s21.49 48 48 48 48-21.49 48-48-21.49-48-48-48zm208-208c-26.51 0-48 21.49-48 48s21.49 48 48 48 48-21.49 48-48-21.49-48-48-48zM96 256c0-26.51-21.49-48-48-48S0 229.49 0 256s21.49 48 48 48 48-21.49 48-48zm12.922 99.078c-26.51 0-48 21.49-48 48s21.49 48 48 48 48-21.49 48-48c0-26.509-21.491-48-48-48zm294.156 0c-26.51 0-48 21.49-48 48s21.49 48 48 48 48-21.49 48-48c0-26.509-21.49-48-48-48zM108.922 60.922c-26.51 0-48 21.49-48 48s21.49 48 48 48 48-21.49 48-48-21.491-48-48-48z\"><\/path><\/svg>\t\t\t\t<\/p>\n<h3>\n\t\t\t\t\t\tInnowacyjny projekt produktu<br \/>\n\t\t\t\t<\/h3>\n<p>\n\t\t\t\t\t\tNasze najnowocze\u015bniejsze narz\u0119dzia zosta\u0142y zaprojektowane w celu zaspokojenia zmieniaj\u0105cych si\u0119 potrzeb profesjonalist\u00f3w z bran\u017cy kosmetycznej i podologicznej, oferuj\u0105c niezr\u00f3wnan\u0105 precyzj\u0119 i \u0142atwo\u015b\u0107 u\u017cytkowania.\t\t\t\t\t<\/p>\n<p>Dowiedz si\u0119 wi\u0119cej<\/p>\n<h3>\n\t\t\t\t\t\tZapewnienie jako\u015bci<br \/>\n\t\t\t\t<\/h3>\n<p>\n\t\t\t\t\t\tZapewniamy, \u017ce ka\u017cde narz\u0119dzie jest nie tylko estetyczne, ale tak\u017ce trwa\u0142e, zapewniaj\u0105c niezawodno\u015b\u0107 i spok\u00f3j ducha w codziennej praktyce.\n\t\t\t\t\t<\/p>\n<p>Dowiedz si\u0119 wi\u0119cej<\/p>\n<h3>\n\t\t\t\t\t\tWsparcie edukacyjne<br \/>\n\t\t\t\t<\/h3>\n<p>\n\t\t\t\t\t\tZapewniamy cenne spostrze\u017cenia i wskaz\u00f3wki dotycz\u0105ce najlepszych praktyk w zakresie u\u017cytkowania, konserwacji i piel\u0119gnacji narz\u0119dzi, pomagaj\u0105c zmaksymalizowa\u0107 ich wydajno\u015b\u0107 i \u017cywotno\u015b\u0107.\t\t\t\t\t<\/p>\n<p>Dowiedz si\u0119 wi\u0119cej<\/p>\n<p>\t\t\t\t<svg aria-hidden=\"true\" viewBox=\"0 0 640 512\" xmlns=\"http:\/\/www.w3.org\/2000\/svg\"><path d=\"M610.5 341.3c2.6-14.1 2.6-28.5 0-42.6l25.8-14.9c3-1.7 4.3-5.2 3.3-8.5-6.7-21.6-18.2-41.2-33.2-57.4-2.3-2.5-6-3.1-9-1.4l-25.8 14.9c-10.9-9.3-23.4-16.5-36.9-21.3v-29.8c0-3.4-2.4-6.4-5.7-7.1-22.3-5-45-4.8-66.2 0-3.3.7-5.7 3.7-5.7 7.1v29.8c-13.5 4.8-26 12-36.9 21.3l-25.8-14.9c-2.9-1.7-6.7-1.1-9 1.4-15 16.2-26.5 35.8-33.2 57.4-1 3.3.4 6.8 3.3 8.5l25.8 14.9c-2.6 14.1-2.6 28.5 0 42.6l-25.8 14.9c-3 1.7-4.3 5.2-3.3 8.5 6.7 21.6 18.2 41.1 33.2 57.4 2.3 2.5 6 3.1 9 1.4l25.8-14.9c10.9 9.3 23.4 16.5 36.9 21.3v29.8c0 3.4 2.4 6.4 5.7 7.1 22.3 5 45 4.8 66.2 0 3.3-.7 5.7-3.7 5.7-7.1v-29.8c13.5-4.8 26-12 36.9-21.3l25.8 14.9c2.9 1.7 6.7 1.1 9-1.4 15-16.2 26.5-35.8 33.2-57.4 1-3.3-.4-6.8-3.3-8.5l-25.8-14.9zM496 368.5c-26.8 0-48.5-21.8-48.5-48.5s21.8-48.5 48.5-48.5 48.5 21.8 48.5 48.5-21.7 48.5-48.5 48.5zM96 224c35.3 0 64-28.7 64-64s-28.7-64-64-64-64 28.7-64 64 28.7 64 64 64zm224 32c1.9 0 3.7-.5 5.6-.6 8.3-21.7 20.5-42.1 36.3-59.2 7.4-8 17.9-12.6 28.9-12.6 6.9 0 13.7 1.8 19.6 5.3l7.9 4.6c.8-.5 1.6-.9 2.4-1.4 7-14.6 11.2-30.8 11.2-48 0-61.9-50.1-112-112-112S208 82.1 208 144c0 61.9 50.1 112 112 112zm105.2 194.5c-2.3-1.2-4.6-2.6-6.8-3.9-8.2 4.8-15.3 9.8-27.5 9.8-10.9 0-21.4-4.6-28.9-12.6-18.3-19.8-32.3-43.9-40.2-69.6-10.7-34.5 24.9-49.7 25.8-50.3-.1-2.6-.1-5.2 0-7.8l-7.9-4.6c-3.8-2.2-7-5-9.8-8.1-3.3.2-6.5.6-9.8.6-24.6 0-47.6-6-68.5-16h-8.3C179.6 288 128 339.6 128 403.2V432c0 26.5 21.5 48 48 48h255.4c-3.7-6-6.2-12.8-6.2-20.3v-9.2zM173.1 274.6C161.5 263.1 145.6 256 128 256H64c-35.3 0-64 28.7-64 64v32c0 17.7 14.3 32 32 32h65.9c6.3-47.4 34.9-87.3 75.2-109.4z\"><\/path><\/svg>\t\t\t\t<\/p>\n<h3>\n\t\t\t\t\t\tResponsywna obs\u0142uga klienta<br \/>\n\t\t\t\t<\/h3>\n<p>\n\t\t\t\t\t\tNasz dedykowany zesp\u00f3\u0142 obs\u0142ugi klienta jest zawsze gotowy do pomocy w przypadku jakichkolwiek pyta\u0144 lub opinii, zapewniaj\u0105c, \u017ce korzystanie z naszych produkt\u00f3w jest p\u0142ynne i satysfakcjonuj\u0105ce.\t\t\t\t\t<\/p>\n<p>Dowiedz si\u0119 wi\u0119cej<\/p>\n<h3>Cz\u0119sto zadawane pytania<\/h3>\n<p>Przygotowali\u015bmy list\u0119 najcz\u0119\u015bciej zadawanych pyta\u0144, aby pom\u00f3c Ci lepiej zrozumie\u0107 nasze produkty i us\u0142ugi. Je\u015bli masz wi\u0119cej pyta\u0144, jeste\u015bmy do Twojej dyspozycji!<\/p>\n<p>\t\t\t<a role=\"button\"><br \/>\n\t\t\t\t\t\tSkontaktuj si\u0119 z nami<br \/>\n\t\t\t\t\t<\/a><br \/>\n\t\t\t\t\t\t\t\t\t\t\t\t<a tabindex=\"0\">Jakie materia\u0142y s\u0105 u\u017cywane do produkcji narz\u0119dzi?<\/a><\/p>\n<p>Nasze narz\u0119dzia s\u0105 wykonane z wysokiej jako\u015bci stali nierdzewnej, znanej ze swojej trwa\u0142o\u015bci, odporno\u015bci na korozj\u0119 i zdolno\u015bci do utrzymywania ostrej kraw\u0119dzi. Skrupulatnie dobieramy materia\u0142y, aby nasze narz\u0119dzia spe\u0142nia\u0142y najwy\u017csze standardy jako\u015bci i wydajno\u015bci, zapewniaj\u0105c zar\u00f3wno profesjonalistom, jak i entuzjastom niezawodne, trwa\u0142e instrumenty.<\/p>\n<p>\t\t\t\t\t\t\t\t\t\t\t\t<a tabindex=\"0\">Jak wybra\u0107 narz\u0119dzie odpowiednie do moich potrzeb?<\/a><\/p>\n<p>Wyb\u00f3r odpowiedniego narz\u0119dzia zale\u017cy od konkretnych zada\u0144, kt\u00f3re zamierzasz wykona\u0107. Zalecamy rozwa\u017cenie nast\u0119puj\u0105cych kwestii: wymagany rodzaj precyzji (np. p\u0119seta z drobnymi ko\u0144c\u00f3wkami do skomplikowanych prac), materia\u0142 odpowiedni dla sk\u00f3ry lub materia\u0142u, z kt\u00f3rym pracujesz, oraz ergonomiczna konstrukcja zapewniaj\u0105ca wygod\u0119 podczas u\u017cytkowania. Nasze opisy produkt\u00f3w i zesp\u00f3\u0142 obs\u0142ugi klienta mog\u0105 r\u00f3wnie\u017c udzieli\u0107 wskaz\u00f3wek dostosowanych do konkretnych wymaga\u0144.<\/p>\n<p>\t\t\t\t\t\t\t\t\t\t\t\t<a tabindex=\"0\">Jaka jest polityka dotycz\u0105ca konserwacji i trwa\u0142o\u015bci narz\u0119dzi?<\/a><\/p>\n<p>Dbamy o jako\u015b\u0107 naszych narz\u0119dzi, zapewniaj\u0105c ich d\u0142ug\u0105 \u017cywotno\u015b\u0107 i wydajno\u015b\u0107. Regularna konserwacja, w tym czyszczenie i, w stosownych przypadkach, ostrzenie, jest niezb\u0119dna do przed\u0142u\u017cenia \u017cywotno\u015bci narz\u0119dzia. Do ka\u017cdego zakupu do\u0142\u0105czamy szczeg\u00f3\u0142owe instrukcje dotycz\u0105ce piel\u0119gnacji. W przypadku wyst\u0105pienia jakichkolwiek problem\u00f3w wynikaj\u0105cych z wad produkcyjnych, oferujemy opcje naprawy lub wymiany zgodnie z nasz\u0105 polityk\u0105 gwarancyjn\u0105.<\/p>\n<p>\t\t\t\t\t\t\t\t\t\t\t\t<a tabindex=\"0\">Czy oferujecie jakie\u015b specjalne zni\u017cki dla zam\u00f3wie\u0144 hurtowych lub profesjonalist\u00f3w z bran\u017cy?<\/a><\/p>\n<p>Cenimy naszych profesjonalnych klient\u00f3w i oferujemy specjalne zni\u017cki dla zam\u00f3wie\u0144 hurtowych i profesjonalist\u00f3w z bran\u017cy. Je\u015bli kupujesz dla firmy lub jako profesjonalista w bran\u017cy kosmetycznej, medycznej lub pokrewnej, skontaktuj si\u0119 z nami, aby uzyska\u0107 wi\u0119cej informacji na temat naszych program\u00f3w rabatowych i sposobu sk\u0142adania wniosk\u00f3w.<\/p>\n<h3>Zosta\u0144 naszym dystrybutorem!<\/h3>\n<p>Rozwi\u0144 swoj\u0105 dzia\u0142alno\u015b\u0107 dzi\u0119ki naszym wysokiej jako\u015bci narz\u0119dziom kosmetycznym i podologicznym. Skorzystaj z mo\u017cliwo\u015bci wsp\u00f3\u0142pracy z mark\u0105 znan\u0105 z doskona\u0142o\u015bci i innowacyjno\u015bci. Korzystaj z przewagi konkurencyjnej i dedykowanego wsparcia. Osi\u0105gnijmy sukces razem!<\/p>\n<p>\t\t\t<!-- start Button Group --><\/p>\n<style type=\"text\/css\">\/* widget: Button Group *\/\n#uc_blox_btn_group_elementor_4dd77f45\n{\n  display:flex;\n  flex-wrap: wrap;\n}\n#uc_blox_btn_group_elementor_4dd77f45 a\n{\n  display:block;\n  text-decoration:none;\n  transition:0.3s;\n}\n#uc_blox_btn_group_elementor_4dd77f45 .blox_btn_group_inner\n{\n  display:inline-flex;\n  align-items:center;\n}\n#uc_blox_btn_group_elementor_4dd77f45 .blox_btn_group_inner .ue-btn-icon\n{\n  line-height:1em;\n}\n#uc_blox_btn_group_elementor_4dd77f45 .blox_btn_group_inner .ue-btn-icon svg\n{\n  height:1em;\n  width:1em;\n}\n<\/style>\n<p>  <a href=\"\" id=\"uc_blox_btn_group_elementor_4dd77f45_item1\" ><br \/>\n        Skontaktuj si\u0119 z nami<br \/>\n<\/a><br \/>\n<a href=\"\" id=\"uc_blox_btn_group_elementor_4dd77f45_item2\" ><br \/>\n        Dowiedz si\u0119 wi\u0119cej<br \/>\n<\/a><br \/>\n\t\t\t<!-- end Button Group --><br \/>\n\t\t\t\t\t\t\t\t\t\t\t\t\t<img loading=\"lazy\" decoding=\"async\" width=\"616\" height=\"400\" src=\"https:\/\/tendosolingen.de\/wp-content\/uploads\/2024\/02\/Image-1.png\" alt=\"\" srcset=\"https:\/\/tendosolingen.de\/wp-content\/uploads\/2024\/02\/Image-1.png 616w, https:\/\/tendosolingen.de\/wp-content\/uploads\/2024\/02\/Image-1-300x195.png 300w\" sizes=\"auto, (max-width: 616px) 100vw, 616px\" \/>\t\t\t\t\t\t\t\t\t\t\t\t\t<\/p>\n<h6>Blog<\/h6>\n<h3>Najnowsze wiadomo\u015bci od TendoSolingen<\/h3>\n<p>\t\t\t<!-- start Post Carousel Lite --><\/p>\n<style type=\"text\/css\">\/* widget: Post Carousel Lite *\/\n#uc_uc_card_post_carousel_elementor_bc7e7656 *{\n  box-sizing:border-box;\n}\n#uc_uc_card_post_carousel_elementor_bc7e7656{\n  position:relative;\n  min-height:1px;\n}\n#uc_uc_card_post_carousel_elementor_bc7e7656 .uc_image_carousel_content{\n\ttext-align:center;\n    display: flex;\n     flex-flow: column nowrap;\n}\n#uc_uc_card_post_carousel_elementor_bc7e7656 .ue_post_carousel_item\n{\n  overflow:hidden;\n}\n#uc_uc_card_post_carousel_elementor_bc7e7656 .uc_image_carousel_bg {\n  background-repeat: no-repeat;\n}\n#uc_uc_card_post_carousel_elementor_bc7e7656 .uc_image_carousel_placeholder a{\n  width:100%;\n}\n#uc_uc_card_post_carousel_elementor_bc7e7656 .uc_image_carousel_bg{\n  width:100%;\n}\n#uc_uc_card_post_carousel_elementor_bc7e7656 .uc_image_carousel_placeholder{\n  overflow:hidden;\n}\n#uc_uc_card_post_carousel_elementor_bc7e7656 .ue_post_btn_holder\n{\n  margin-top:auto;\n}\n#uc_uc_card_post_carousel_elementor_bc7e7656 .uc_more_btn{\n  display:inline-block;\n  text-align:center;\n  text-decoration:none;\n} \n.uc_overlay_image_carousel .uc_more_btn{\n  text-decoration:none;\n  display:inline-block;\n}\n.uc_overlay_image_carousel .uc_post_title{\n  font-size:21px;\n  text-decoration:none;\n}\n#uc_uc_card_post_carousel_elementor_bc7e7656 .owl-nav .owl-prev{\n    position:absolute;\n    display:inline-block;\n    text-align:center;\n}\n#uc_uc_card_post_carousel_elementor_bc7e7656 .owl-nav .owl-next{\n  position:absolute;\n  display:inline-block;\n  text-align:center;\n}\n#uc_uc_card_post_carousel_elementor_bc7e7656 .owl-dots {\noverflow:hidden;\ndisplay:true !important;\ntext-align:center;\n}\n#uc_uc_card_post_carousel_elementor_bc7e7656 .owl-dot {\nborder-radius:50%;\ndisplay:inline-block;\n}\n\t#uc_uc_card_post_carousel_elementor_bc7e7656 .owl-stage\n        {\n            transition-timing-function: linear!important;\n        }\n<\/style>\n<p>    <a href=\"https:\/\/tendosolingen.de\/why-tendosolingen-tools-are-the-foundation-of-precision-for-every-professional\/\"><\/a><br \/>\n        25 February 2024        <a href=\"https:\/\/tendosolingen.de\/why-tendosolingen-tools-are-the-foundation-of-precision-for-every-professional\/\" style=\"text-decoration:none;\">Why Tendosolingen Tools Are the Foundation of Precision for Every Professional<\/a>    Why Tendosolingen Tools Are the Foundation of Precision for Every Professional<br \/>\nWhy Tendosolingen&#8230;<br \/>\n    <a href='https:\/\/tendosolingen.de\/why-tendosolingen-tools-are-the-foundation-of-precision-for-every-professional\/' target=\"_self\" rel=\"noopener\">Czytaj wi\u0119cej<\/a><br \/>\n\t\t\t<!-- end Post Carousel Lite --><\/p>\n","protected":false},"excerpt":{"rendered":"<p>Tworzenie perfekcji w Narz\u0119dzia kosmetyczne i podologiczne Wkrocz do \u015bwiata, w kt\u00f3rym precyzja \u0142\u0105czy si\u0119 z elegancj\u0105 &#8211; poznaj nasz\u0105 szerok\u0105 gam\u0119 wysokiej jako\u015bci narz\u0119dzi dostosowanych<span class=\"excerpt-hellip\"> [\u2026]<\/span><\/p>\n","protected":false},"author":2,"featured_media":0,"parent":0,"menu_order":0,"comment_status":"closed","ping_status":"closed","template":"","meta":{"footnotes":""},"class_list":["post-401","page","type-page","status-publish","hentry"],"_links":{"self":[{"href":"https:\/\/tendosolingen.de\/pl\/wp-json\/wp\/v2\/pages\/401","targetHints":{"allow":["GET"]}}],"collection":[{"href":"https:\/\/tendosolingen.de\/pl\/wp-json\/wp\/v2\/pages"}],"about":[{"href":"https:\/\/tendosolingen.de\/pl\/wp-json\/wp\/v2\/types\/page"}],"author":[{"embeddable":true,"href":"https:\/\/tendosolingen.de\/pl\/wp-json\/wp\/v2\/users\/2"}],"replies":[{"embeddable":true,"href":"https:\/\/tendosolingen.de\/pl\/wp-json\/wp\/v2\/comments?post=401"}],"version-history":[{"count":6,"href":"https:\/\/tendosolingen.de\/pl\/wp-json\/wp\/v2\/pages\/401\/revisions"}],"predecessor-version":[{"id":3546,"href":"https:\/\/tendosolingen.de\/pl\/wp-json\/wp\/v2\/pages\/401\/revisions\/3546"}],"wp:attachment":[{"href":"https:\/\/tendosolingen.de\/pl\/wp-json\/wp\/v2\/media?parent=401"}],"curies":[{"name":"wp","href":"https:\/\/api.w.org\/{rel}","templated":true}]}}