{"id":399,"date":"2024-02-24T12:46:59","date_gmt":"2024-02-24T11:46:59","guid":{"rendered":"https:\/\/tendosolingen.de\/o-nas\/"},"modified":"2025-11-25T20:03:48","modified_gmt":"2025-11-25T19:03:48","slug":"o-nas","status":"publish","type":"page","link":"https:\/\/tendosolingen.de\/pl\/o-nas\/","title":{"rendered":"O NAS"},"content":{"rendered":"<style>\/*! elementor - v3.19.0 - 07-02-2024 *\/\n.elementor-heading-title{padding:0;margin:0;line-height:1}.elementor-widget-heading .elementor-heading-title[class*=elementor-size-]>a{color:inherit;font-size:inherit;line-height:inherit}.elementor-widget-heading .elementor-heading-title.elementor-size-small{font-size:15px}.elementor-widget-heading .elementor-heading-title.elementor-size-medium{font-size:19px}.elementor-widget-heading .elementor-heading-title.elementor-size-large{font-size:29px}.elementor-widget-heading .elementor-heading-title.elementor-size-xl{font-size:39px}.elementor-widget-heading .elementor-heading-title.elementor-size-xxl{font-size:59px}<\/style>\n<h2>O nas<\/h2>\n<p>Elegancja i precyzja w ka\u017cdym narz\u0119dziu &#8211; zaufany partner w dziedzinie urody  <br \/>i Doskona\u0142o\u015b\u0107 w podologii<\/p>\n<style>\/*! elementor - v3.19.0 - 07-02-2024 *\/\n.elementor-column .elementor-spacer-inner{height:var(--spacer-size)}.e-con{--container-widget-width:100%}.e-con-inner>.elementor-widget-spacer,.e-con>.elementor-widget-spacer{width:var(--container-widget-width,var(--spacer-size));--align-self:var(--container-widget-align-self,initial);--flex-shrink:0}.e-con-inner>.elementor-widget-spacer>.elementor-widget-container,.e-con>.elementor-widget-spacer>.elementor-widget-container{height:100%;width:100%}.e-con-inner>.elementor-widget-spacer>.elementor-widget-container>.elementor-spacer,.e-con>.elementor-widget-spacer>.elementor-widget-container>.elementor-spacer{height:100%}.e-con-inner>.elementor-widget-spacer>.elementor-widget-container>.elementor-spacer>.elementor-spacer-inner,.e-con>.elementor-widget-spacer>.elementor-widget-container>.elementor-spacer>.elementor-spacer-inner{height:var(--container-widget-height,var(--spacer-size))}.e-con-inner>.elementor-widget-spacer.elementor-widget-empty,.e-con>.elementor-widget-spacer.elementor-widget-empty{position:relative;min-height:22px;min-width:22px}.e-con-inner>.elementor-widget-spacer.elementor-widget-empty .elementor-widget-empty-icon,.e-con>.elementor-widget-spacer.elementor-widget-empty .elementor-widget-empty-icon{position:absolute;top:0;bottom:0;left:0;right:0;margin:auto;padding:0;width:22px;height:22px}<\/style>\n<p>DOSKONA\u0141O\u015a\u0106 RZEMIOS\u0141A<\/p>\n<h3>Informacje o Tendosolingen<\/h3>\n<p>Od samego pocz\u0105tku w Tendosolingen chodzi\u0142o o co\u015b wi\u0119cej ni\u017c tylko produkcj\u0119 narz\u0119dzi; chodzi\u0142o o stworzenie dziedzictwa doskona\u0142o\u015bci. Ka\u017cda para p\u0119set, pilniczk\u00f3w do paznokci i zestaw\u00f3w obcinaczek, kt\u00f3ra opuszcza nasz warsztat, jest \u015bwiadectwem naszego zaanga\u017cowania w jako\u015b\u0107. Wierzymy, \u017ce zar\u00f3wno profesjonali\u015bci, jak i entuzja\u015bci urody zas\u0142uguj\u0105 na najlepsze narz\u0119dzia do osi\u0105gni\u0119cia precyzji w swojej pracy.<\/p>\n<style>\/*! elementor - v3.19.0 - 07-02-2024 *\/\n.elementor-widget-image{text-align:center}.elementor-widget-image a{display:inline-block}.elementor-widget-image a img[src$=\".svg\"]{width:48px}.elementor-widget-image img{vertical-align:middle;display:inline-block}<\/style>\n<p>\t\t\t\t\t\t\t\t\t\t<img loading=\"lazy\" decoding=\"async\" width=\"616\" height=\"640\" src=\"https:\/\/tendosolingen.de\/wp-content\/uploads\/2024\/02\/Image-2.png\" alt=\"\" srcset=\"https:\/\/tendosolingen.de\/wp-content\/uploads\/2024\/02\/Image-2.png 616w, https:\/\/tendosolingen.de\/wp-content\/uploads\/2024\/02\/Image-2-289x300.png 289w\" sizes=\"auto, (max-width: 616px) 100vw, 616px\" \/><br \/>\n\t\t\t<!-- start Testimonial Box -->\n\t\t<link id='font-awesome-css' href='https:\/\/tendosolingen.de\/wp-content\/plugins\/unlimited-elements-for-elementor\/assets_libraries\/font-awesome5\/css\/fontawesome-all.min.css' type='text\/css' rel='stylesheet' >\n\t\t<link id='font-awesome-4-shim-css' href='https:\/\/tendosolingen.de\/wp-content\/plugins\/unlimited-elements-for-elementor\/assets_libraries\/font-awesome5\/css\/fontawesome-v4-shims.css' type='text\/css' rel='stylesheet' >\n<style type=\"text\/css\">\/* widget: Testimonial Box *\/\n#uc_box_testimonial_elementor_eda2d95 * {\n\tbox-sizing: border-box;\n}\n#uc_box_testimonial_elementor_eda2d95 \n{\n  display:flex;\n}\n#uc_box_testimonial_elementor_eda2d95 .ue-credentials\n{\n  display:inline-flex;\n  align-items:center;\n}\n#uc_box_testimonial_elementor_eda2d95 .ue-credentials-spacing\n{\n  flex-grow:0;\n  flex-shrink:0;\n}\n#uc_box_testimonial_elementor_eda2d95 .ue-image img\n{\n  width:100%;\n  object-fit: cover;\n}\n#uc_box_testimonial_elementor_eda2d95 .ue-image-spacing\n{\n  flex-grow:0;\n  flex-shrink:0;\n}\n#uc_box_testimonial_elementor_eda2d95 .ue-pointer-container\n{\n  display:flex;\n}\n#uc_box_testimonial_elementor_eda2d95 .ue-pointer\n{\n  flex-grow:0;\n  flex-shrink:0;\n  display:inline-flex;\n}\n<\/style>\n<p>    \tNiedawno kupi\u0142em zestaw obcinaczek do paznokci i no\u017cyczek do sk\u00f3rek od TENDOSOLINGEN i musz\u0119 przyzna\u0107, \u017ce jestem pod ogromnym wra\u017ceniem. Jako profesjonalna kosmetyczka przez lata korzysta\u0142am z wielu narz\u0119dzi, ale jako\u015b\u0107 i precyzja tych jest niezr\u00f3wnana. C\u0105\u017cki do paznokci s\u0105 ostre i zapewniaj\u0105 czyste ci\u0119cie za ka\u017cdym razem, a no\u017cyczki do sk\u00f3rek s\u0105 precyzyjne i wygodne w u\u017cyciu.<br \/>\n    \t<img decoding=\"async\" src=\"https:\/\/tendosolingen.de\/wp-content\/uploads\/ac_assets\/uc_colored_testimonial\/bg.jpg\"  src=\"https:\/\/tendosolingen.de\/wp-content\/uploads\/ac_assets\/uc_colored_testimonial\/bg.jpg\"><br \/>\n          James Willem<br \/>\n          Berlin<br \/>\n\t\t\t<!-- end Testimonial Box -->\n\t\t\t<link rel=\"stylesheet\" href=\"https:\/\/tendosolingen.de\/wp-content\/plugins\/elementor\/assets\/css\/widget-icon-box.min.css\">\n<h3>\n\t\t\t\t\t\tErgonomiczny<br \/>\n\t\t\t\t<\/h3>\n<p>\n\t\t\t\t\t\tNasze narz\u0119dzia s\u0105 projektowane z my\u015bl\u0105 o innowacyjno\u015bci, a ich ergonomiczna konstrukcja zapewnia komfort i wydajno\u015b\u0107 zar\u00f3wno profesjonalistom, jak i entuzjastom.\t\t\t\t\t<\/p>\n<h3>\n\t\t\t\t\t\tBuilt to Last<br \/>\n\t\t\t\t<\/h3>\n<p>\n\t\t\t\t\t\tTrwa\u0142o\u015b\u0107 to nie tylko cecha, ale i obietnica. Nasze narz\u0119dzia s\u0105 wykonane tak, aby wytrzyma\u0107 pr\u00f3b\u0119 czasu, oferuj\u0105c trwa\u0142\u0105 wydajno\u015b\u0107 i niezawodno\u015b\u0107.\t\t\t\t\t<\/p>\n<h3>\n\t\t\t\t\t\tMateria\u0142y premium<br \/>\n\t\t\t\t<\/h3>\n<p>\n\t\t\t\t\t\tU\u017cywamy tylko najlepszych materia\u0142\u00f3w, zapewniaj\u0105c, \u017ce ka\u017cde narz\u0119dzie nie tylko wygl\u0105da znakomicie, ale tak\u017ce dzia\u0142a na najwy\u017cszym poziomie.\t\t\t\t\t<\/p>\n<p>\t\t\t\t\t\t\t\t\t\t\t\t\t<img loading=\"lazy\" decoding=\"async\" width=\"616\" height=\"640\" src=\"https:\/\/tendosolingen.de\/wp-content\/uploads\/2024\/02\/Image-3.png\" alt=\"\" srcset=\"https:\/\/tendosolingen.de\/wp-content\/uploads\/2024\/02\/Image-3.png 616w, https:\/\/tendosolingen.de\/wp-content\/uploads\/2024\/02\/Image-3-289x300.png 289w\" sizes=\"auto, (max-width: 616px) 100vw, 616px\" \/>\t\t\t\t\t\t\t\t\t\t\t\t\t<\/p>\n<p>Harmonizowanie pi\u0119kna z dobrostanem Ziemi<\/p>\n<h3>Zr\u00f3wnowa\u017cony rozw\u00f3j i odpowiedzialno\u015b\u0107<\/h3>\n<p>Od samego pocz\u0105tku w Tendosolingen chodzi\u0142o o co\u015b wi\u0119cej ni\u017c tylko produkcj\u0119 narz\u0119dzi; chodzi\u0142o o stworzenie dziedzictwa doskona\u0142o\u015bci. Ka\u017cda para p\u0119set, pilniczk\u00f3w do paznokci i zestaw\u00f3w obcinaczek, kt\u00f3ra opuszcza nasz warsztat, jest \u015bwiadectwem naszego zaanga\u017cowania w jako\u015b\u0107. Wierzymy, \u017ce zar\u00f3wno profesjonali\u015bci, jak i entuzja\u015bci urody zas\u0142uguj\u0105 na najlepsze narz\u0119dzia do osi\u0105gni\u0119cia precyzji w swojej pracy.<\/p>\n<p>\t\t\t<a role=\"button\"><br \/>\n\t\t\t\t\t\tKontakt<br \/>\n\t\t\t\t\t<\/a><\/p>\n","protected":false},"excerpt":{"rendered":"<p>O nas Elegancja i precyzja w ka\u017cdym narz\u0119dziu &#8211; zaufany partner w dziedzinie urody i Doskona\u0142o\u015b\u0107 w podologii DOSKONA\u0141O\u015a\u0106 RZEMIOS\u0141A Informacje o Tendosolingen Od samego pocz\u0105tku<span class=\"excerpt-hellip\"> [\u2026]<\/span><\/p>\n","protected":false},"author":2,"featured_media":0,"parent":0,"menu_order":0,"comment_status":"closed","ping_status":"closed","template":"","meta":{"footnotes":""},"class_list":["post-399","page","type-page","status-publish","hentry"],"_links":{"self":[{"href":"https:\/\/tendosolingen.de\/pl\/wp-json\/wp\/v2\/pages\/399","targetHints":{"allow":["GET"]}}],"collection":[{"href":"https:\/\/tendosolingen.de\/pl\/wp-json\/wp\/v2\/pages"}],"about":[{"href":"https:\/\/tendosolingen.de\/pl\/wp-json\/wp\/v2\/types\/page"}],"author":[{"embeddable":true,"href":"https:\/\/tendosolingen.de\/pl\/wp-json\/wp\/v2\/users\/2"}],"replies":[{"embeddable":true,"href":"https:\/\/tendosolingen.de\/pl\/wp-json\/wp\/v2\/comments?post=399"}],"version-history":[{"count":2,"href":"https:\/\/tendosolingen.de\/pl\/wp-json\/wp\/v2\/pages\/399\/revisions"}],"predecessor-version":[{"id":554,"href":"https:\/\/tendosolingen.de\/pl\/wp-json\/wp\/v2\/pages\/399\/revisions\/554"}],"wp:attachment":[{"href":"https:\/\/tendosolingen.de\/pl\/wp-json\/wp\/v2\/media?parent=399"}],"curies":[{"name":"wp","href":"https:\/\/api.w.org\/{rel}","templated":true}]}}