{"id":3702,"date":"2024-04-09T22:38:40","date_gmt":"2024-04-09T20:38:40","guid":{"rendered":"https:\/\/tendosolingen.de\/product\/cegi-do-paznokci-podologiczne-czolowe-solingen-14-cm-gold-line\/"},"modified":"2026-01-09T23:43:49","modified_gmt":"2026-01-09T22:43:49","slug":"cegi-do-paznokci-podologiczne-czolowe-solingen-14-cm-gold-line","status":"publish","type":"product","link":"https:\/\/tendosolingen.de\/en\/product\/cegi-do-paznokci-podologiczne-czolowe-solingen-14-cm-gold-line\/","title":{"rendered":"C\u0119gi do paznokci podologiczne czo\u0142owe 140 mm Gold Line"},"content":{"rendered":"<p><strong>C\u0119gi czo\u0142owe do paznokci st\u00f3p<\/strong>\u00a0to wyspecjalizowany instrument medyczny wykorzystywany podczas zabieg\u00f3w podologicznych (tzw. pedicure lecznicy), zwi\u0105zanych z leczeniem schorze\u0144 wyst\u0119puj\u0105cych w obr\u0119bie p\u0142ytki paznokcia.\u00a0C\u0119gi solingen do skracania paznokci\u00a0idealnie nadadz\u0105 si\u0119 do precyzyjnego obcinania twardych i zrogowacia\u0142ych paznokci u st\u00f3p. W tym celu instrument posiada wkl\u0119s\u0142\u0105 ko\u0144c\u00f3wk\u0119, kt\u00f3ra nada paznokciom prawid\u0142owy kszta\u0142t. Masywne ostrza skierowane w poprzek ramion sprostaj\u0105 wi\u0119kszym wymaganiom. System spr\u0119\u017cynowy pozwoli na regulowanie i stabilizowanie si\u0142y nacisku. Z kolei, zamek do zapinania ramion umo\u017cliwi zabezpieczenie ostrzy. Ergonomiczna r\u0119koje\u015b\u0107 idealnie przylega do d\u0142oni, gwarantuj\u0105c komfort pracy. Trzony posiadaj\u0105 antypo\u015blizgowe rowkowania, co zmniejsza ryzyko wy\u015blizgni\u0119cia si\u0119 narz\u0119dzia z r\u0119ki. Wk\u0142adka z w\u0119glika spiekanego zapewnia najwy\u017csz\u0105 jako\u015b\u0107 i twardo\u015b\u0107 instrumentu. C\u0119gi podologiczne wykonano z jako\u015bci stali nierdzewnej, zapobiegaj\u0105c korozji. Posiadaj\u0105 satynowe wyko\u0144czenie. Mo\u017cliwo\u015b\u0107 wielokrotnej sterylizacji.<\/p>\n<h2>Parametry &#8211; c\u0105\u017cki solingen do skracania paznokci<\/h2>\n<ul>\n<li>typ: c\u0119gi, do paznokci, podologiczne, czo\u0142owe, Gold Line<\/li>\n<li>satynowe, antyrefleksyjne<\/li>\n<li>utwardzane<\/li>\n<li>design in Germany<\/li>\n<li>niemiecka stal chirurgiczna<\/li>\n<li>przeznaczenie: skracanie twardych, grubych, zakrzywionych i zrogowacia\u0142ych paznokci<\/li>\n<li>dost\u0119pna d\u0142ugo\u015b\u0107: 14 cm<\/li>\n<li>wykonane r\u0119cznie<\/li>\n<li>produkt wielokrotnego u\u017cytku<\/li>\n<li>produkt niesterylny<\/li>\n<li>gwarancja 36 m-cy<\/li>\n<\/ul>\n<h2>Zalety wykorzystania &#8211;\u00a0 c\u0119gi boczne do paznokci<\/h2>\n<ul>\n<li>system spr\u0119\u017cynowy umo\u017cliwia stosowanie r\u00f3\u017cnych si\u0142 nacisku<\/li>\n<li>ergonomiczny kszta\u0142t gwarantuje komfort pracy podczas u\u017cytkowania produktu<\/li>\n<li>mo\u017cliwo\u015b\u0107 sterylizacji w autoklawie<\/li>\n<li>wykonane ze stali nierdzewnej najwy\u017cszej jako\u015bci o ponadprzeci\u0119tnych w\u0142a\u015bciwo\u015bciach antykorozyjnych<\/li>\n<li>mo\u017cliwo\u015b\u0107 zakupu wersji standardowej<\/li>\n<\/ul>\n<p>Nabywaj\u0105c narz\u0119dzia kosmetyczne oraz podologiczne na naszej platformie instrumedic.pl masz gwarancj\u0119 wytrzyma\u0142o\u015bci, bezpiecze\u0144stwa w trakcie u\u017cytkowania oraz wygody i komfortu pracy. Gwarantujemy dost\u0119pno\u015b\u0107 produkt\u00f3w oraz terminowo\u015b\u0107\u00a0realizacji zam\u00f3wienia.\u00a0Produkty posiadaj\u0105 mi\u0119dzynarodowy certyfikat CE oraz ISO 9001\/ ISO 13485.<\/p>\n","protected":false},"excerpt":{"rendered":"<p style=\"text-align: justify;\">Profesjonalne c\u0119gi czo\u0142owe do paznokci st\u00f3p Tendo Solingen Gold Line, wykonane r\u0119cznie z niemieckiej stali chirurgicznej, przeznaczone do precyzyjnego skracania twardych i zrogowacia\u0142ych paznokci w zabiegach podologicznych, zapewniaj\u0105ce komfort pracy, wysok\u0105 trwa\u0142o\u015b\u0107 i mo\u017cliwo\u015b\u0107 wielokrotnej sterylizacji.<\/p>\n","protected":false},"featured_media":1400,"comment_status":"closed","ping_status":"closed","template":"","meta":[],"product_brand":[],"product_cat":[185],"product_tag":[],"class_list":{"0":"post-3702","1":"product","2":"type-product","3":"status-publish","4":"has-post-thumbnail","6":"product_cat-cuticle-nippers","7":"pa_klasa-produktu-gold-line","9":"first","10":"instock","11":"purchasable","12":"product-type-simple"},"_links":{"self":[{"href":"https:\/\/tendosolingen.de\/en\/wp-json\/wp\/v2\/product\/3702","targetHints":{"allow":["GET"]}}],"collection":[{"href":"https:\/\/tendosolingen.de\/en\/wp-json\/wp\/v2\/product"}],"about":[{"href":"https:\/\/tendosolingen.de\/en\/wp-json\/wp\/v2\/types\/product"}],"replies":[{"embeddable":true,"href":"https:\/\/tendosolingen.de\/en\/wp-json\/wp\/v2\/comments?post=3702"}],"wp:featuredmedia":[{"embeddable":true,"href":"https:\/\/tendosolingen.de\/en\/wp-json\/wp\/v2\/media\/1400"}],"wp:attachment":[{"href":"https:\/\/tendosolingen.de\/en\/wp-json\/wp\/v2\/media?parent=3702"}],"wp:term":[{"taxonomy":"product_brand","embeddable":true,"href":"https:\/\/tendosolingen.de\/en\/wp-json\/wp\/v2\/product_brand?post=3702"},{"taxonomy":"product_cat","embeddable":true,"href":"https:\/\/tendosolingen.de\/en\/wp-json\/wp\/v2\/product_cat?post=3702"},{"taxonomy":"product_tag","embeddable":true,"href":"https:\/\/tendosolingen.de\/en\/wp-json\/wp\/v2\/product_tag?post=3702"}],"curies":[{"name":"wp","href":"https:\/\/api.w.org\/{rel}","templated":true}]}}